{"id":61713,"date":"2021-12-21T10:35:01","date_gmt":"2021-12-21T10:35:01","guid":{"rendered":"https:\/\/www.deepki.com\/?page_id=61713"},"modified":"2022-01-26T11:18:28","modified_gmt":"2022-01-26T11:18:28","slug":"impressum","status":"publish","type":"page","link":"https:\/\/www.deepki.com\/de\/impressum\/","title":{"rendered":"Impressum"},"content":{"rendered":"\n<p>Deepki Deutschland GmbH<br>Pappelallee 78\/79<br>10437 Berlin<br>Telefon: +33 1 46 06 09 19<br>E-Mail: kontakt@deepki.com<\/p>\n\n\n\n<p>Gesch\u00e4ftsf\u00fchrer: Herr Vincent BRYANT<\/p>\n\n\n\n<p>Registergericht: Amtsgericht Charlottenburg<br>Registernummer: HRB 233423 B<\/p>\n\n\n\n<p>USt-IdNR gem\u00e4\u00df \u00a7 27a Umsatzsteuergesetz: DE347048739<\/p>\n\n\n\n<p>Inhaltlich Verantwortlicher gem\u00e4\u00df \u00a7\u200918 MStV: Caroline Tailleferd<\/p>\n\n\n\n<p>Die vorliegenden Informationen gelten auch f\u00fcr Auftritten der Deepki Deutschland GmbH in sozialen Medien.<\/p>\n\n\n\n<h2 class=\"wp-block-heading\">HAFTUNGSAUSSCHLUSS<\/h2>\n\n\n\n<p><strong>Haftung f\u00fcr Inhalte<\/strong><\/p>\n\n\n\n<p>Gem\u00e4\u00df \u00a7 7 Abs. 1 TMG sind wir als Dienstanbieter f\u00fcr eigene Informationen auf unseren Webseiten, die wir zur Nutzung bereithalten, nach den allgemeinen Gesetzen verantwortlich. Allerdings sind wir laut \u00a7\u00a7 8 bis 10 TMG nicht verpflichtet, \u00fcbermittelte oder gespeicherte fremde Informationen zu \u00fcberwachen oder nach Umst\u00e4nden zu forschen, die auf eine rechtswidrige T\u00e4tigkeit hinweisen.<\/p>\n\n\n\n<p>Eine Haftung ab dem Zeitpunkt der Kenntnis einer konkreten Rechtsverletzung bleibt unber\u00fchrt. Sobald uns ein Rechtsversto\u00df bekannt wird, werden wir diesen Inhalt entfernen.<\/p>\n\n\n\n<p><strong>Haftung f\u00fcr Links<\/strong><\/p>\n\n\n\n<p>Unsere Webseite enth\u00e4lt Links zu externen Webseiten Dritter, auf deren Inhalte wir keinen Einfluss haben. Aus diesem Grund k\u00f6nnen wir f\u00fcr diese Inhalt Dritter keine Verantwortung \u00fcbernehmen. Nach unserer \u00dcberpr\u00fcfung und zum Zeitpunkt der Verlinkung haben wir keine m\u00f6glichen Rechtsverst\u00f6\u00dfe erkennt. Sobald uns ein Rechtsversto\u00df bekannt wird, werden wir diesen Inhalt entfernen.<\/p>\n\n\n\n<p><strong>Urheberrecht<\/strong><\/p>\n\n\n\n<p>Die Inhalte auf dieser Seite unterliegen dem deutschen Urheberrecht. Deren Verwendung bedarf unserer Zustimmung bzw. der Zustimmung des Rechtsinhabers.<\/p>\n\n\n\n<p>Soweit die Inhalte auf dieser Seite von Dritten erstellt wurden, werden die Urheberrechte Dritter beachtet und deren Inhalte als solche gekennzeichnet. Wenn Sie trotz dieser Ma\u00dfnahmen auf eine Urheberrechtsverletzung aufmerksam werden, informieren Sie uns bitte. Sobald uns ein Rechtsversto\u00df bekannt wird, werden wir diesen Inhalt entfernen.<\/p>\n","protected":false},"excerpt":{"rendered":"<p>Deepki Deutschland GmbHPappelallee 78\/7910437 BerlinTelefon: +33 1 46 06 09 19E-Mail: kontakt@deepki.com Gesch\u00e4ftsf\u00fchrer: Herr Vincent BRYANT Registergericht: Amtsgericht CharlottenburgRegisternummer: HRB 233423 B USt-IdNR gem\u00e4\u00df \u00a7 27a Umsatzsteuergesetz: DE347048739 Inhaltlich Verantwortlicher gem\u00e4\u00df \u00a7\u200918 MStV: Caroline Tailleferd Die vorliegenden Informationen gelten auch f\u00fcr Auftritten der Deepki Deutschland GmbH in sozialen Medien. HAFTUNGSAUSSCHLUSS Haftung f\u00fcr Inhalte Gem\u00e4\u00df \u00a7 [&hellip;]<\/p>\n","protected":false},"author":77,"featured_media":61715,"parent":0,"menu_order":0,"comment_status":"closed","ping_status":"closed","template":"page-templates\/p-and-c-page.php","meta":{"inline_featured_image":false,"footnotes":""},"class_list":["post-61713","page","type-page","status-publish","has-post-thumbnail","hentry"],"yoast_head":"<!-- This site is optimized with the Yoast SEO plugin v27.3 - https:\/\/yoast.com\/product\/yoast-seo-wordpress\/ -->\n<title>Impressum - Deepki<\/title>\n<meta name=\"description\" content=\"Deepki Impressum: Allgemeine Gesch\u00e4ftsbedingungen, Dienstleistungen.\" \/>\n<meta name=\"robots\" content=\"index, follow, max-snippet:-1, max-image-preview:large, max-video-preview:-1\" \/>\n<link rel=\"canonical\" href=\"https:\/\/www.deepki.com\/de\/impressum\/\" \/>\n<meta property=\"og:locale\" content=\"de_DE\" \/>\n<meta property=\"og:type\" content=\"article\" \/>\n<meta property=\"og:title\" content=\"Impressum - Deepki\" \/>\n<meta property=\"og:description\" content=\"Deepki Impressum: Allgemeine Gesch\u00e4ftsbedingungen, Dienstleistungen.\" \/>\n<meta property=\"og:url\" content=\"https:\/\/www.deepki.com\/de\/impressum\/\" \/>\n<meta property=\"og:site_name\" content=\"Deepki\" \/>\n<meta property=\"article:publisher\" content=\"https:\/\/www.facebook.com\/DeepkiSAS\/\" \/>\n<meta property=\"article:modified_time\" content=\"2022-01-26T11:18:28+00:00\" \/>\n<meta property=\"og:image\" content=\"https:\/\/www.deepki.com\/web\/wp-content\/uploads\/2021\/08\/Home_FI.jpg\" \/>\n\t<meta property=\"og:image:width\" content=\"1200\" \/>\n\t<meta property=\"og:image:height\" content=\"628\" \/>\n\t<meta property=\"og:image:type\" content=\"image\/jpeg\" \/>\n<meta name=\"twitter:card\" content=\"summary_large_image\" \/>\n<meta name=\"twitter:title\" content=\"Impressum - Deepki\" \/>\n<meta name=\"twitter:description\" content=\"Deepki Impressum: Allgemeine Gesch\u00e4ftsbedingungen, Dienstleistungen.\" \/>\n<meta name=\"twitter:image\" content=\"https:\/\/www.deepki.com\/web\/wp-content\/uploads\/2021\/08\/Home_FI.jpg\" \/>\n<meta name=\"twitter:site\" content=\"@DeepkiSAS\" \/>\n<meta name=\"twitter:label1\" content=\"Gesch\u00e4tzte Lesezeit\" \/>\n\t<meta name=\"twitter:data1\" content=\"2\u00a0Minuten\" \/>\n<script type=\"application\/ld+json\" class=\"yoast-schema-graph\">{\"@context\":\"https:\\\/\\\/schema.org\",\"@graph\":[{\"@type\":\"WebPage\",\"@id\":\"https:\\\/\\\/www.deepki.com\\\/de\\\/impressum\\\/\",\"url\":\"https:\\\/\\\/www.deepki.com\\\/de\\\/impressum\\\/\",\"name\":\"Impressum - Deepki\",\"isPartOf\":{\"@id\":\"https:\\\/\\\/www.deepki.com\\\/de\\\/#website\"},\"primaryImageOfPage\":{\"@id\":\"https:\\\/\\\/www.deepki.com\\\/de\\\/impressum\\\/#primaryimage\"},\"image\":{\"@id\":\"https:\\\/\\\/www.deepki.com\\\/de\\\/impressum\\\/#primaryimage\"},\"thumbnailUrl\":\"https:\\\/\\\/www.deepki.com\\\/web\\\/wp-content\\\/uploads\\\/2021\\\/08\\\/Home_FI.jpg\",\"datePublished\":\"2021-12-21T10:35:01+00:00\",\"dateModified\":\"2022-01-26T11:18:28+00:00\",\"description\":\"Deepki Impressum: Allgemeine Gesch\u00e4ftsbedingungen, Dienstleistungen.\",\"breadcrumb\":{\"@id\":\"https:\\\/\\\/www.deepki.com\\\/de\\\/impressum\\\/#breadcrumb\"},\"inLanguage\":\"de\",\"potentialAction\":[{\"@type\":\"ReadAction\",\"target\":[\"https:\\\/\\\/www.deepki.com\\\/de\\\/impressum\\\/\"]}]},{\"@type\":\"ImageObject\",\"inLanguage\":\"de\",\"@id\":\"https:\\\/\\\/www.deepki.com\\\/de\\\/impressum\\\/#primaryimage\",\"url\":\"https:\\\/\\\/www.deepki.com\\\/web\\\/wp-content\\\/uploads\\\/2021\\\/08\\\/Home_FI.jpg\",\"contentUrl\":\"https:\\\/\\\/www.deepki.com\\\/web\\\/wp-content\\\/uploads\\\/2021\\\/08\\\/Home_FI.jpg\",\"width\":1200,\"height\":628},{\"@type\":\"BreadcrumbList\",\"@id\":\"https:\\\/\\\/www.deepki.com\\\/de\\\/impressum\\\/#breadcrumb\",\"itemListElement\":[{\"@type\":\"ListItem\",\"position\":1,\"name\":\"Home\",\"item\":\"https:\\\/\\\/www.deepki.com\\\/de\\\/\"},{\"@type\":\"ListItem\",\"position\":2,\"name\":\"Impressum\"}]},{\"@type\":\"WebSite\",\"@id\":\"https:\\\/\\\/www.deepki.com\\\/de\\\/#website\",\"url\":\"https:\\\/\\\/www.deepki.com\\\/de\\\/\",\"name\":\"Deepki\",\"description\":\"Together, let&#039;s make your real estate more sustainable thanks to data!\",\"publisher\":{\"@id\":\"https:\\\/\\\/www.deepki.com\\\/de\\\/#organization\"},\"potentialAction\":[{\"@type\":\"SearchAction\",\"target\":{\"@type\":\"EntryPoint\",\"urlTemplate\":\"https:\\\/\\\/www.deepki.com\\\/de\\\/?s={search_term_string}\"},\"query-input\":{\"@type\":\"PropertyValueSpecification\",\"valueRequired\":true,\"valueName\":\"search_term_string\"}}],\"inLanguage\":\"de\"},{\"@type\":\"Organization\",\"@id\":\"https:\\\/\\\/www.deepki.com\\\/de\\\/#organization\",\"name\":\"Deepki\",\"url\":\"https:\\\/\\\/www.deepki.com\\\/de\\\/\",\"logo\":{\"@type\":\"ImageObject\",\"inLanguage\":\"de\",\"@id\":\"https:\\\/\\\/www.deepki.com\\\/de\\\/#\\\/schema\\\/logo\\\/image\\\/\",\"url\":\"https:\\\/\\\/www.deepki.com\\\/web\\\/wp-content\\\/uploads\\\/2021\\\/08\\\/deepki-logo.jpg\",\"contentUrl\":\"https:\\\/\\\/www.deepki.com\\\/web\\\/wp-content\\\/uploads\\\/2021\\\/08\\\/deepki-logo.jpg\",\"width\":880,\"height\":360,\"caption\":\"Deepki\"},\"image\":{\"@id\":\"https:\\\/\\\/www.deepki.com\\\/de\\\/#\\\/schema\\\/logo\\\/image\\\/\"},\"sameAs\":[\"https:\\\/\\\/www.facebook.com\\\/DeepkiSAS\\\/\",\"https:\\\/\\\/x.com\\\/DeepkiSAS\",\"https:\\\/\\\/www.linkedin.com\\\/company\\\/deepki\"]}]}<\/script>\n<!-- \/ Yoast SEO plugin. -->","yoast_head_json":{"title":"Impressum - Deepki","description":"Deepki Impressum: Allgemeine Gesch\u00e4ftsbedingungen, Dienstleistungen.","robots":{"index":"index","follow":"follow","max-snippet":"max-snippet:-1","max-image-preview":"max-image-preview:large","max-video-preview":"max-video-preview:-1"},"canonical":"https:\/\/www.deepki.com\/de\/impressum\/","og_locale":"de_DE","og_type":"article","og_title":"Impressum - Deepki","og_description":"Deepki Impressum: Allgemeine Gesch\u00e4ftsbedingungen, Dienstleistungen.","og_url":"https:\/\/www.deepki.com\/de\/impressum\/","og_site_name":"Deepki","article_publisher":"https:\/\/www.facebook.com\/DeepkiSAS\/","article_modified_time":"2022-01-26T11:18:28+00:00","og_image":[{"width":1200,"height":628,"url":"https:\/\/www.deepki.com\/web\/wp-content\/uploads\/2021\/08\/Home_FI.jpg","type":"image\/jpeg"}],"twitter_card":"summary_large_image","twitter_title":"Impressum - Deepki","twitter_description":"Deepki Impressum: Allgemeine Gesch\u00e4ftsbedingungen, Dienstleistungen.","twitter_image":"https:\/\/www.deepki.com\/web\/wp-content\/uploads\/2021\/08\/Home_FI.jpg","twitter_site":"@DeepkiSAS","twitter_misc":{"Gesch\u00e4tzte Lesezeit":"2\u00a0Minuten"},"schema":{"@context":"https:\/\/schema.org","@graph":[{"@type":"WebPage","@id":"https:\/\/www.deepki.com\/de\/impressum\/","url":"https:\/\/www.deepki.com\/de\/impressum\/","name":"Impressum - Deepki","isPartOf":{"@id":"https:\/\/www.deepki.com\/de\/#website"},"primaryImageOfPage":{"@id":"https:\/\/www.deepki.com\/de\/impressum\/#primaryimage"},"image":{"@id":"https:\/\/www.deepki.com\/de\/impressum\/#primaryimage"},"thumbnailUrl":"https:\/\/www.deepki.com\/web\/wp-content\/uploads\/2021\/08\/Home_FI.jpg","datePublished":"2021-12-21T10:35:01+00:00","dateModified":"2022-01-26T11:18:28+00:00","description":"Deepki Impressum: Allgemeine Gesch\u00e4ftsbedingungen, Dienstleistungen.","breadcrumb":{"@id":"https:\/\/www.deepki.com\/de\/impressum\/#breadcrumb"},"inLanguage":"de","potentialAction":[{"@type":"ReadAction","target":["https:\/\/www.deepki.com\/de\/impressum\/"]}]},{"@type":"ImageObject","inLanguage":"de","@id":"https:\/\/www.deepki.com\/de\/impressum\/#primaryimage","url":"https:\/\/www.deepki.com\/web\/wp-content\/uploads\/2021\/08\/Home_FI.jpg","contentUrl":"https:\/\/www.deepki.com\/web\/wp-content\/uploads\/2021\/08\/Home_FI.jpg","width":1200,"height":628},{"@type":"BreadcrumbList","@id":"https:\/\/www.deepki.com\/de\/impressum\/#breadcrumb","itemListElement":[{"@type":"ListItem","position":1,"name":"Home","item":"https:\/\/www.deepki.com\/de\/"},{"@type":"ListItem","position":2,"name":"Impressum"}]},{"@type":"WebSite","@id":"https:\/\/www.deepki.com\/de\/#website","url":"https:\/\/www.deepki.com\/de\/","name":"Deepki","description":"Together, let&#039;s make your real estate more sustainable thanks to data!","publisher":{"@id":"https:\/\/www.deepki.com\/de\/#organization"},"potentialAction":[{"@type":"SearchAction","target":{"@type":"EntryPoint","urlTemplate":"https:\/\/www.deepki.com\/de\/?s={search_term_string}"},"query-input":{"@type":"PropertyValueSpecification","valueRequired":true,"valueName":"search_term_string"}}],"inLanguage":"de"},{"@type":"Organization","@id":"https:\/\/www.deepki.com\/de\/#organization","name":"Deepki","url":"https:\/\/www.deepki.com\/de\/","logo":{"@type":"ImageObject","inLanguage":"de","@id":"https:\/\/www.deepki.com\/de\/#\/schema\/logo\/image\/","url":"https:\/\/www.deepki.com\/web\/wp-content\/uploads\/2021\/08\/deepki-logo.jpg","contentUrl":"https:\/\/www.deepki.com\/web\/wp-content\/uploads\/2021\/08\/deepki-logo.jpg","width":880,"height":360,"caption":"Deepki"},"image":{"@id":"https:\/\/www.deepki.com\/de\/#\/schema\/logo\/image\/"},"sameAs":["https:\/\/www.facebook.com\/DeepkiSAS\/","https:\/\/x.com\/DeepkiSAS","https:\/\/www.linkedin.com\/company\/deepki"]}]}},"_links":{"self":[{"href":"https:\/\/www.deepki.com\/de\/wp-json\/wp\/v2\/pages\/61713","targetHints":{"allow":["GET"]}}],"collection":[{"href":"https:\/\/www.deepki.com\/de\/wp-json\/wp\/v2\/pages"}],"about":[{"href":"https:\/\/www.deepki.com\/de\/wp-json\/wp\/v2\/types\/page"}],"author":[{"embeddable":true,"href":"https:\/\/www.deepki.com\/de\/wp-json\/wp\/v2\/users\/77"}],"replies":[{"embeddable":true,"href":"https:\/\/www.deepki.com\/de\/wp-json\/wp\/v2\/comments?post=61713"}],"version-history":[{"count":4,"href":"https:\/\/www.deepki.com\/de\/wp-json\/wp\/v2\/pages\/61713\/revisions"}],"predecessor-version":[{"id":63290,"href":"https:\/\/www.deepki.com\/de\/wp-json\/wp\/v2\/pages\/61713\/revisions\/63290"}],"wp:featuredmedia":[{"embeddable":true,"href":"https:\/\/www.deepki.com\/de\/wp-json\/wp\/v2\/media\/61715"}],"wp:attachment":[{"href":"https:\/\/www.deepki.com\/de\/wp-json\/wp\/v2\/media?parent=61713"}],"curies":[{"name":"wp","href":"https:\/\/api.w.org\/{rel}","templated":true}]}}