{"id":61990,"date":"2021-12-21T10:41:49","date_gmt":"2021-12-21T10:41:49","guid":{"rendered":"https:\/\/www.deepki.com\/?page_id=61990"},"modified":"2026-04-07T17:20:39","modified_gmt":"2026-04-07T15:20:39","slug":"loesungen","status":"publish","type":"page","link":"https:\/\/www.deepki.com\/de\/loesungen\/","title":{"rendered":"L\u00f6sungen"},"content":{"rendered":"<div class=\"custom-block-top-header homepage-header-2025 homepage-header relative black-bg white\">\t\r\n\t<div class=\"homepage-header-row\">\r\n\t\t<div class=\"homepage-header-cell page-header\">\t\t\r\n\t\t\t<div class=\"homepage-title-wrapper width-wrapper center\"> \r\n\t\t\t<div class=\"gap32\"><\/div>\r\n\t\t\t\t\t\t\r\n\t\t\t\t\t<h1 class=\"homepage-h1\" style=\"margin-bottom:26px;\">L\u00f6sungs\u00fcbersicht<\/h1>\r\n\t\t\t\t\t\t\t\t\t\t\t\t\r\n\t\t\t\t<div class=\"homepage-intro-p\">\r\n\t\t\t\t\t\t\t\t\t<\/div>\r\n\t\t\t\t\r\n\t\t\t\t\t\r\n\t\t\t\t<div class=\"gap12\"><\/div>\t\t\t\t\r\n\t\t\t<\/div>\t\r\n\t\t\t<div class=\"homepage-header-svg-wrapper\" style=\"background-image:url('https:\/\/www.deepki.com\/web\/wp-content\/uploads\/2025\/06\/solutions_overview_header_image-1440x900.jpg')\"><\/div>\t\r\n\t\t<\/div>\t\r\n\t<\/div>\t\r\n<\/div>\t\t\t\r\n\n\n\n<div style=\"height:72px\" aria-hidden=\"true\" class=\"wp-block-spacer\"><\/div>\n\n\n\n<h2 class=\"wp-block-heading width-wrapper\">Flexible SaaS-L\u00f6sungen f\u00fcr Ihre Immobilienstrategie<\/h2>\n\n\n\n<div style=\"height:32px\" aria-hidden=\"true\" class=\"wp-block-spacer\"><\/div>\n\n\n\n<div class=\"wp-block-columns width-wrapper stretch margin-bot-mobile is-layout-flex wp-container-core-columns-is-layout-9d6595d7 wp-block-columns-is-layout-flex\">\n<div class=\"wp-block-column is-layout-flow wp-block-column-is-layout-flow\"><div class=\"solution-card-2025\">\r\n<h3>Deepki for Owners<\/h3><p>Maximieren Sie den Wert Ihres Portfolios weltweit.<\/p><a href=\"https:\/\/www.deepki.com\/de\/loesungen\/immobilieneigentuemer\/\">L\u00f6sungen entdecken<span> \u2192<\/span><\/a><\/div><\/div>\n\n\n\n<div class=\"wp-block-column is-layout-flow wp-block-column-is-layout-flow\"><div class=\"solution-card-2025\">\r\n<h3>Deepki for Occupiers<\/h3><p>Verbessern Sie die Umweltperformance Ihrer Geb\u00e4ude.<\/p><a href=\"https:\/\/www.deepki.com\/de\/loesungen\/immobiliennutzer\/\">L\u00f6sungen entdecken<span> \u2192<\/span><\/a><\/div><\/div>\n\n\n\n<div class=\"wp-block-column is-layout-flow wp-block-column-is-layout-flow\"><div class=\"solution-card-2025\">\r\n<h3>Deepki for Finance<\/h3><p>Steuern Sie die finanzierten Emissionen Ihrer Immobilienkunden.<\/p><a href=\"https:\/\/www.deepki.com\/de\/loesungen\/finanzen\/\">L\u00f6sungen entdecken<span> \u2192<\/span><\/a><\/div><\/div>\n<\/div>\n\n\n\n<div class=\"wp-block-columns width-wrapper stretch is-layout-flex wp-container-core-columns-is-layout-9d6595d7 wp-block-columns-is-layout-flex\">\n<div class=\"wp-block-column is-layout-flow wp-block-column-is-layout-flow\"><div class=\"solution-card-2025\">\r\n<h3>Nooco<\/h3><p>Optimieren Sie den CO\u2082-Fu\u00dfabdruck Ihrer Bau- und Sanierungsprojekte.<\/p><a href=\"https:\/\/www.deepki.com\/de\/nooco\/\">L\u00f6sungen entdecken<span> \u2192<\/span><\/a><\/div><\/div>\n\n\n\n<div class=\"wp-block-column is-layout-flow wp-block-column-is-layout-flow\"><div class=\"solution-card-2025\">\r\n<h3>Deepki Index<\/h3><p>Vergleichen Sie Ihre Energie- und CO\u2082-Performance mit der Ihrer Peers.<\/p><a href=\"https:\/\/www.deepki.com\/de\/loesungen\/deepki-index\/\">Einblicke entdecken<span> \u2192<\/span><\/a><\/div><\/div>\n\n\n\n<div class=\"wp-block-column is-layout-flow wp-block-column-is-layout-flow\"><div class=\"solution-card-2025\">\r\n<h3>CapEx Index<\/h3><p>Die Kosten der Dekarbonisierung quantifizieren<\/p><a href=\"https:\/\/www.deepki.com\/de\/loesungen\/capex-index\/\">Alle Insights ansehen<span> \u2192<\/span><\/a><\/div><\/div>\n<\/div>\n\n\n\n<div style=\"height:72px\" aria-hidden=\"true\" class=\"wp-block-spacer\"><\/div>\n\n\n<div class=\"has-no-img custom-citation white custom-text-left-img-right\"><div class=\"width-wrapper\">\r\n\t<div class=\"wp-block-columns\">\r\n\t\t<div class=\"wp-block-column\">\r\n\t\t\t<h2>\u201eDeepki liefert fundierte Einblicke, die es unseren Teams erm\u00f6glichen, fundierte Ma\u00dfnahmen auf Geb\u00e4udeebene zu ergreifen. Dadurch k\u00f6nnen wir vorbildliche Nachhaltigkeitspraktiken in den von uns verwalteten Immobilien auf der ganzen Welt einf\u00fchren und einen echten Mehrwert schaffen.\u201c<\/h2><p><b>Emma Buckland<\/b><\/p><p>Executive Group President, Enterprise and Chief Operating Officer, Building Operations &#038; Experience bei CBRE<\/p>\t\t<\/div>\r\n\t\t<div class=\"wp-block-column align-right\">\r\n\t\t\t\t\t<\/div>\r\n\t<\/div>\r\n<\/div>\r\n<\/div>\r\n\t\n\n<div class=\"deepki-logo-white-cta-bg custom-block-title-cta\"><div class=\"width-wrapper center\"><div class=\"home-section3cta2-title\">Bereit loszulegen?<\/div><div class=\"homepage-intro-p\">Erfahren Sie, wie Deepki Sie unterst\u00fctzt, Risiken zu minimieren und den Wert Ihrer Immobilien zu steigern.<\/div><a href=\"https:\/\/www.deepki.com\/de\/kontakt\/\" target=\"_blank\" class=\"btn\">Kontakt aufnehmen<\/a><\/div><\/div>","protected":false},"excerpt":{"rendered":"<p>Flexible SaaS-L\u00f6sungen f\u00fcr Ihre Immobilienstrategie<\/p>\n","protected":false},"author":74,"featured_media":61751,"parent":0,"menu_order":0,"comment_status":"closed","ping_status":"closed","template":"","meta":{"inline_featured_image":false,"footnotes":""},"class_list":["post-61990","page","type-page","status-publish","has-post-thumbnail","hentry"],"yoast_head":"<!-- This site is optimized with the Yoast SEO plugin v27.3 - https:\/\/yoast.com\/product\/yoast-seo-wordpress\/ -->\n<title>L\u00f6sungen - Deepki<\/title>\n<meta name=\"description\" content=\"W\u00e4hlen Sie die passende Deepki-L\u00f6sung f\u00fcr Nachhaltigkeit, um Ihre Performance zu optimieren und den Wert Ihres Immobilienportfolios zu steigern.\" \/>\n<meta name=\"robots\" content=\"index, follow, max-snippet:-1, max-image-preview:large, max-video-preview:-1\" \/>\n<link rel=\"canonical\" href=\"https:\/\/www.deepki.com\/de\/loesungen\/\" \/>\n<meta property=\"og:locale\" content=\"de_DE\" \/>\n<meta property=\"og:type\" content=\"article\" \/>\n<meta property=\"og:title\" content=\"L\u00f6sungen - Deepki\" \/>\n<meta property=\"og:description\" content=\"W\u00e4hlen Sie die richtige Deepki ESG-L\u00f6sung, um Ihre ESG-Performance zu verbessern und den Wert Ihres Immobilienportfolios zu steigern.\" \/>\n<meta property=\"og:url\" content=\"https:\/\/www.deepki.com\/de\/loesungen\/\" \/>\n<meta property=\"og:site_name\" content=\"Deepki\" \/>\n<meta property=\"article:publisher\" content=\"https:\/\/www.facebook.com\/DeepkiSAS\/\" \/>\n<meta property=\"article:modified_time\" content=\"2026-04-07T15:20:39+00:00\" \/>\n<meta property=\"og:image\" content=\"https:\/\/www.deepki.com\/web\/wp-content\/uploads\/2021\/08\/Solution_FI.jpg\" \/>\n\t<meta property=\"og:image:width\" content=\"1200\" \/>\n\t<meta property=\"og:image:height\" content=\"628\" \/>\n\t<meta property=\"og:image:type\" content=\"image\/jpeg\" \/>\n<meta name=\"twitter:card\" content=\"summary_large_image\" \/>\n<meta name=\"twitter:title\" content=\"L\u00f6sungen - Deepki\" \/>\n<meta name=\"twitter:description\" content=\"W\u00e4hlen Sie die richtige Deepki ESG-L\u00f6sung, um Ihre ESG-Performance zu verbessern und den Wert Ihres Immobilienportfolios zu steigern.\" \/>\n<meta name=\"twitter:image\" content=\"https:\/\/www.deepki.com\/web\/wp-content\/uploads\/2021\/08\/Solution_FI.jpg\" \/>\n<meta name=\"twitter:site\" content=\"@DeepkiSAS\" \/>\n<meta name=\"twitter:label1\" content=\"Gesch\u00e4tzte Lesezeit\" \/>\n\t<meta name=\"twitter:data1\" content=\"1\u00a0Minute\" \/>\n<script type=\"application\/ld+json\" class=\"yoast-schema-graph\">{\"@context\":\"https:\\\/\\\/schema.org\",\"@graph\":[{\"@type\":\"WebPage\",\"@id\":\"https:\\\/\\\/www.deepki.com\\\/de\\\/loesungen\\\/\",\"url\":\"https:\\\/\\\/www.deepki.com\\\/de\\\/loesungen\\\/\",\"name\":\"L\u00f6sungen - Deepki\",\"isPartOf\":{\"@id\":\"https:\\\/\\\/www.deepki.com\\\/de\\\/#website\"},\"primaryImageOfPage\":{\"@id\":\"https:\\\/\\\/www.deepki.com\\\/de\\\/loesungen\\\/#primaryimage\"},\"image\":{\"@id\":\"https:\\\/\\\/www.deepki.com\\\/de\\\/loesungen\\\/#primaryimage\"},\"thumbnailUrl\":\"https:\\\/\\\/www.deepki.com\\\/web\\\/wp-content\\\/uploads\\\/2021\\\/08\\\/Solution_FI.jpg\",\"datePublished\":\"2021-12-21T10:41:49+00:00\",\"dateModified\":\"2026-04-07T15:20:39+00:00\",\"description\":\"W\u00e4hlen Sie die passende Deepki-L\u00f6sung f\u00fcr Nachhaltigkeit, um Ihre Performance zu optimieren und den Wert Ihres Immobilienportfolios zu steigern.\",\"breadcrumb\":{\"@id\":\"https:\\\/\\\/www.deepki.com\\\/de\\\/loesungen\\\/#breadcrumb\"},\"inLanguage\":\"de\",\"potentialAction\":[{\"@type\":\"ReadAction\",\"target\":[\"https:\\\/\\\/www.deepki.com\\\/de\\\/loesungen\\\/\"]}]},{\"@type\":\"ImageObject\",\"inLanguage\":\"de\",\"@id\":\"https:\\\/\\\/www.deepki.com\\\/de\\\/loesungen\\\/#primaryimage\",\"url\":\"https:\\\/\\\/www.deepki.com\\\/web\\\/wp-content\\\/uploads\\\/2021\\\/08\\\/Solution_FI.jpg\",\"contentUrl\":\"https:\\\/\\\/www.deepki.com\\\/web\\\/wp-content\\\/uploads\\\/2021\\\/08\\\/Solution_FI.jpg\",\"width\":1200,\"height\":628},{\"@type\":\"BreadcrumbList\",\"@id\":\"https:\\\/\\\/www.deepki.com\\\/de\\\/loesungen\\\/#breadcrumb\",\"itemListElement\":[{\"@type\":\"ListItem\",\"position\":1,\"name\":\"Home\",\"item\":\"https:\\\/\\\/www.deepki.com\\\/de\\\/\"},{\"@type\":\"ListItem\",\"position\":2,\"name\":\"L\u00f6sungen\"}]},{\"@type\":\"WebSite\",\"@id\":\"https:\\\/\\\/www.deepki.com\\\/de\\\/#website\",\"url\":\"https:\\\/\\\/www.deepki.com\\\/de\\\/\",\"name\":\"Deepki\",\"description\":\"Together, let&#039;s make your real estate more sustainable thanks to data!\",\"publisher\":{\"@id\":\"https:\\\/\\\/www.deepki.com\\\/de\\\/#organization\"},\"potentialAction\":[{\"@type\":\"SearchAction\",\"target\":{\"@type\":\"EntryPoint\",\"urlTemplate\":\"https:\\\/\\\/www.deepki.com\\\/de\\\/?s={search_term_string}\"},\"query-input\":{\"@type\":\"PropertyValueSpecification\",\"valueRequired\":true,\"valueName\":\"search_term_string\"}}],\"inLanguage\":\"de\"},{\"@type\":\"Organization\",\"@id\":\"https:\\\/\\\/www.deepki.com\\\/de\\\/#organization\",\"name\":\"Deepki\",\"url\":\"https:\\\/\\\/www.deepki.com\\\/de\\\/\",\"logo\":{\"@type\":\"ImageObject\",\"inLanguage\":\"de\",\"@id\":\"https:\\\/\\\/www.deepki.com\\\/de\\\/#\\\/schema\\\/logo\\\/image\\\/\",\"url\":\"https:\\\/\\\/www.deepki.com\\\/web\\\/wp-content\\\/uploads\\\/2021\\\/08\\\/deepki-logo.jpg\",\"contentUrl\":\"https:\\\/\\\/www.deepki.com\\\/web\\\/wp-content\\\/uploads\\\/2021\\\/08\\\/deepki-logo.jpg\",\"width\":880,\"height\":360,\"caption\":\"Deepki\"},\"image\":{\"@id\":\"https:\\\/\\\/www.deepki.com\\\/de\\\/#\\\/schema\\\/logo\\\/image\\\/\"},\"sameAs\":[\"https:\\\/\\\/www.facebook.com\\\/DeepkiSAS\\\/\",\"https:\\\/\\\/x.com\\\/DeepkiSAS\",\"https:\\\/\\\/www.linkedin.com\\\/company\\\/deepki\"]}]}<\/script>\n<!-- \/ Yoast SEO plugin. -->","yoast_head_json":{"title":"L\u00f6sungen - Deepki","description":"W\u00e4hlen Sie die passende Deepki-L\u00f6sung f\u00fcr Nachhaltigkeit, um Ihre Performance zu optimieren und den Wert Ihres Immobilienportfolios zu steigern.","robots":{"index":"index","follow":"follow","max-snippet":"max-snippet:-1","max-image-preview":"max-image-preview:large","max-video-preview":"max-video-preview:-1"},"canonical":"https:\/\/www.deepki.com\/de\/loesungen\/","og_locale":"de_DE","og_type":"article","og_title":"L\u00f6sungen - Deepki","og_description":"W\u00e4hlen Sie die richtige Deepki ESG-L\u00f6sung, um Ihre ESG-Performance zu verbessern und den Wert Ihres Immobilienportfolios zu steigern.","og_url":"https:\/\/www.deepki.com\/de\/loesungen\/","og_site_name":"Deepki","article_publisher":"https:\/\/www.facebook.com\/DeepkiSAS\/","article_modified_time":"2026-04-07T15:20:39+00:00","og_image":[{"width":1200,"height":628,"url":"https:\/\/www.deepki.com\/web\/wp-content\/uploads\/2021\/08\/Solution_FI.jpg","type":"image\/jpeg"}],"twitter_card":"summary_large_image","twitter_title":"L\u00f6sungen - Deepki","twitter_description":"W\u00e4hlen Sie die richtige Deepki ESG-L\u00f6sung, um Ihre ESG-Performance zu verbessern und den Wert Ihres Immobilienportfolios zu steigern.","twitter_image":"https:\/\/www.deepki.com\/web\/wp-content\/uploads\/2021\/08\/Solution_FI.jpg","twitter_site":"@DeepkiSAS","twitter_misc":{"Gesch\u00e4tzte Lesezeit":"1\u00a0Minute"},"schema":{"@context":"https:\/\/schema.org","@graph":[{"@type":"WebPage","@id":"https:\/\/www.deepki.com\/de\/loesungen\/","url":"https:\/\/www.deepki.com\/de\/loesungen\/","name":"L\u00f6sungen - Deepki","isPartOf":{"@id":"https:\/\/www.deepki.com\/de\/#website"},"primaryImageOfPage":{"@id":"https:\/\/www.deepki.com\/de\/loesungen\/#primaryimage"},"image":{"@id":"https:\/\/www.deepki.com\/de\/loesungen\/#primaryimage"},"thumbnailUrl":"https:\/\/www.deepki.com\/web\/wp-content\/uploads\/2021\/08\/Solution_FI.jpg","datePublished":"2021-12-21T10:41:49+00:00","dateModified":"2026-04-07T15:20:39+00:00","description":"W\u00e4hlen Sie die passende Deepki-L\u00f6sung f\u00fcr Nachhaltigkeit, um Ihre Performance zu optimieren und den Wert Ihres Immobilienportfolios zu steigern.","breadcrumb":{"@id":"https:\/\/www.deepki.com\/de\/loesungen\/#breadcrumb"},"inLanguage":"de","potentialAction":[{"@type":"ReadAction","target":["https:\/\/www.deepki.com\/de\/loesungen\/"]}]},{"@type":"ImageObject","inLanguage":"de","@id":"https:\/\/www.deepki.com\/de\/loesungen\/#primaryimage","url":"https:\/\/www.deepki.com\/web\/wp-content\/uploads\/2021\/08\/Solution_FI.jpg","contentUrl":"https:\/\/www.deepki.com\/web\/wp-content\/uploads\/2021\/08\/Solution_FI.jpg","width":1200,"height":628},{"@type":"BreadcrumbList","@id":"https:\/\/www.deepki.com\/de\/loesungen\/#breadcrumb","itemListElement":[{"@type":"ListItem","position":1,"name":"Home","item":"https:\/\/www.deepki.com\/de\/"},{"@type":"ListItem","position":2,"name":"L\u00f6sungen"}]},{"@type":"WebSite","@id":"https:\/\/www.deepki.com\/de\/#website","url":"https:\/\/www.deepki.com\/de\/","name":"Deepki","description":"Together, let&#039;s make your real estate more sustainable thanks to data!","publisher":{"@id":"https:\/\/www.deepki.com\/de\/#organization"},"potentialAction":[{"@type":"SearchAction","target":{"@type":"EntryPoint","urlTemplate":"https:\/\/www.deepki.com\/de\/?s={search_term_string}"},"query-input":{"@type":"PropertyValueSpecification","valueRequired":true,"valueName":"search_term_string"}}],"inLanguage":"de"},{"@type":"Organization","@id":"https:\/\/www.deepki.com\/de\/#organization","name":"Deepki","url":"https:\/\/www.deepki.com\/de\/","logo":{"@type":"ImageObject","inLanguage":"de","@id":"https:\/\/www.deepki.com\/de\/#\/schema\/logo\/image\/","url":"https:\/\/www.deepki.com\/web\/wp-content\/uploads\/2021\/08\/deepki-logo.jpg","contentUrl":"https:\/\/www.deepki.com\/web\/wp-content\/uploads\/2021\/08\/deepki-logo.jpg","width":880,"height":360,"caption":"Deepki"},"image":{"@id":"https:\/\/www.deepki.com\/de\/#\/schema\/logo\/image\/"},"sameAs":["https:\/\/www.facebook.com\/DeepkiSAS\/","https:\/\/x.com\/DeepkiSAS","https:\/\/www.linkedin.com\/company\/deepki"]}]}},"_links":{"self":[{"href":"https:\/\/www.deepki.com\/de\/wp-json\/wp\/v2\/pages\/61990","targetHints":{"allow":["GET"]}}],"collection":[{"href":"https:\/\/www.deepki.com\/de\/wp-json\/wp\/v2\/pages"}],"about":[{"href":"https:\/\/www.deepki.com\/de\/wp-json\/wp\/v2\/types\/page"}],"author":[{"embeddable":true,"href":"https:\/\/www.deepki.com\/de\/wp-json\/wp\/v2\/users\/74"}],"replies":[{"embeddable":true,"href":"https:\/\/www.deepki.com\/de\/wp-json\/wp\/v2\/comments?post=61990"}],"version-history":[{"count":21,"href":"https:\/\/www.deepki.com\/de\/wp-json\/wp\/v2\/pages\/61990\/revisions"}],"predecessor-version":[{"id":102005,"href":"https:\/\/www.deepki.com\/de\/wp-json\/wp\/v2\/pages\/61990\/revisions\/102005"}],"wp:featuredmedia":[{"embeddable":true,"href":"https:\/\/www.deepki.com\/de\/wp-json\/wp\/v2\/media\/61751"}],"wp:attachment":[{"href":"https:\/\/www.deepki.com\/de\/wp-json\/wp\/v2\/media?parent=61990"}],"curies":[{"name":"wp","href":"https:\/\/api.w.org\/{rel}","templated":true}]}}