{"id":62004,"date":"2021-12-21T10:45:24","date_gmt":"2021-12-21T10:45:24","guid":{"rendered":"https:\/\/www.deepki.com\/?page_id=62004"},"modified":"2025-05-07T11:02:59","modified_gmt":"2025-05-07T09:02:59","slug":"ressourcen","status":"publish","type":"page","link":"https:\/\/www.deepki.com\/de\/ressourcen\/","title":{"rendered":"Ressourcen"},"content":{"rendered":"<div class=\"custom-block-top-header homepage-header relative black-bg white vertical-middle\">\t\r\n\t<div class=\"homepage-header-row\">\r\n\t\t<div class=\"homepage-header-cell page-header\">\r\n\t\t\t<div class=\"homepage-title-wrapper center\"> \r\n\t\t\t\t\t\t\t\t\t\t\t\t\t\t\t\t\t\t\t<h1 class=\"homepage-h1\">\r\n\t\t\t\t\t\t\t\t\t\tDas Neueste <span>zum Thema Nachhaltigkeit bei Immobilien<\/span><\/h1>\r\n\t\t\t\t\t\t\t\t\t\t\t\t\r\n\t\t\t\t<div class=\"homepage-intro-p\">\r\n\t\t\t\t\tBleiben Sie \u00fcber die neuesten Entwicklungen im Bereich ESG bei Immobilien auf dem Laufenden und vertiefen Sie Ihre Kenntnisse mit Deepkis umfassendem Knowledge-Center.\t\t\t\t<\/div>\r\n\t\t\t\t\t\r\n\t\t\t\t\t\t\t\t\r\n\t\t\t<\/div>\t\r\n\t\t\t<div class=\"homepage-header-svg-wrapper\" style=\"background-image:url('https:\/\/www.deepki.com\/web\/wp-content\/uploads\/2021\/08\/learn-bg-1440x900.jpg')\"><\/div>\t\r\n\t\t\t<div class=\"homepage-botarrow-wrapper\"><div class=\"homepage-botarrow\"><div class=\"homepage-botarrow-ico\"><\/div><\/div><\/div>\r\n\t\t<\/div>\t\r\n\t<\/div>\t\r\n<\/div>\t\t\t\r\n<div id=\"homepage-content\"><\/div>\t\r\n\n\n<div class=\"single-post-header page-header block-featured-object relative\" style=\"background-image:url('https:\/\/www.deepki.com\/web\/wp-content\/uploads\/2024\/03\/Deepki_Ready_Features_Release_Blog_article_Visual_02.001.jpeg');\">\r\n<div class=\"header-shade1\"><\/div>\r\n<div class=\"header-shade2\"><\/div>\r\n<div class=\"width-wrapper relative\">\r\n<div class=\"maxW-720 inline-bot-720\">\r\n\t<div class=\"single-blog-cat-list\"><a href=\"https:\/\/www.deepki.com\/de\/blog\/ein-vergleich-der-regulierungen-zertifizierungen-labels-und-esg-bewertungen-in-europa\/?filter=528#blog-grid-articles\">Produkt<\/a><\/div>\r\n\t<h2 class=\"feature-title\"><a href=\"https:\/\/www.deepki.com\/de\/blog\/neu-bei-deepki-performance-resilienz-compliance-skaliert\/\">Neu bei Deepki: Performance, Resilienz und Compliance effektiv skalieren<\/a><\/h2>\r\n\r\n\t<div class=\"single-blog-details\">\r\n\t\t<div class=\"date\"><img decoding=\"async\" src=\"https:\/\/www.deepki.com\/web\/wp-content\/themes\/deepki\/img\/blog\/calendar.svg\" width=\"19\" height=\"19\" alt=\"Date\" \/><span>September 04, 2025<\/span><\/div>\t\r\n\t\t\t\r\n\t\t<p>Entdecke die neuesten Updates von Deepki, die entwickelt wurden, um die Performance deiner Assets zu steigern, Resilienz aufzubauen und Compliance zu gew\u00e4hrleisten. Neues auf einen Blick: Neue KI-gest\u00fctzte Virtual Retrofits, die sofort ma\u00dfgeschneiderte Aktionspl\u00e4ne von Grund auf erstellen \u2013 perfekt auf deine Gesch\u00e4fts- und Performanceziele abgestimmt. Doch das ist noch nicht alles: In dieser Ausgabe [&hellip;]<\/p>\t\t\t\r\n\t<\/div>\r\n<\/div><div class=\"inline-bot-malus720 align-right\"><a href=\"https:\/\/www.deepki.com\/de\/blog\/neu-bei-deepki-performance-resilienz-compliance-skaliert\/\" class=\"btn\">Artikel lesen<\/a><\/div><\/div>\r\n<\/div>\t\t\r\n\t\n\n<div class=\"custom-full-width-img-btn text-middle\"><a href=\"https:\/\/www.deepki.com\/de\/ressourcen\/blog\/\" class=\"black center text-shadow\" target=\"_blank\" style=\"background-image:url('https:\/\/www.deepki.com\/web\/wp-content\/uploads\/2021\/09\/White-background-blog-section-5-1440x740.jpg');\"><span>Blog<\/span><\/a><\/div>\n\n<div class=\"custom-2x-img-btns\"><div class=\"custom-2x-img-btn custom-2x-img-btn1\" style=\"background-image:url('https:\/\/www.deepki.com\/web\/wp-content\/uploads\/2021\/09\/webinars-2-720x900.jpg');\"><a href=\"https:\/\/www.deepki.com\/de\/ressourcen\/webinare-events\/\" class=\"custom-2x-img-table text-shadow white center\"><div class=\"custom-2x-img-table-inner\"><div class=\"custom-2x-img-row\"><div class=\"custom-2x-img-cell\"><div class=\"custom-2x-img-txt\"><span>Webinare &#038; Events<\/span><\/div><\/div><\/div><\/div><\/a><\/div><div class=\"custom-2x-img-btn custom-2x-img-btn2\" style=\"background-image:url('https:\/\/www.deepki.com\/web\/wp-content\/uploads\/2021\/09\/whitepapers-2-720x900.jpg');\"><a href=\"https:\/\/www.deepki.com\/de\/ressourcen\/whitepaper-infografiken\/\" class=\"custom-2x-img-table text-shadow white center\"><div class=\"custom-2x-img-table-inner\"><div class=\"custom-2x-img-row\"><div class=\"custom-2x-img-cell\"><div class=\"custom-2x-img-txt\"><span>Whitepaper &#038; Infografiken<\/span><\/div><\/div><\/div><\/div><\/a><\/div><\/div>\n\n<div class=\"custom-full-width-img-btn text-top\"><\/div>\n\n<div class=\"custom-full-width-img-btn text-middle\"><a href=\"https:\/\/www.deepki.com\/de\/ressourcen\/glossar\/\" class=\"white center text-shadow\" style=\"background-image:url('https:\/\/www.deepki.com\/web\/wp-content\/uploads\/2021\/08\/glossaire-img-1-1440x740.jpg');\"><span>Glossar<\/span><\/a><\/div>\n\n<div class=\"custom-related-slider-wrapper white-bg\"><h2 class=\"center\">Aktuelle Blog Artikel<\/h2><div class=\"width-wrapper\"><div class=\"custom-related-slider\"><div class=\"custom-slider-item\"><a href=\"https:\/\/www.deepki.com\/de\/blog\/neu-bei-deepki-performance-resilienz-compliance-skaliert\/\"><div class=\"custom-slider-img\"><img decoding=\"async\" width=\"420\" height=\"240\" src=\"https:\/\/www.deepki.com\/web\/wp-content\/uploads\/2024\/03\/Deepki_Ready_Features_Release_Blog_article_Visual_02.001-420x240.jpeg\" class=\"attachment-case-study-grid size-case-study-grid\" alt=\"Laptop with Deepki logo on the screen\" srcset=\"https:\/\/www.deepki.com\/web\/wp-content\/uploads\/2024\/03\/Deepki_Ready_Features_Release_Blog_article_Visual_02.001-420x240.jpeg 420w, https:\/\/www.deepki.com\/web\/wp-content\/uploads\/2024\/03\/Deepki_Ready_Features_Release_Blog_article_Visual_02.001-350x200.jpeg 350w\" sizes=\"(max-width: 420px) 100vw, 420px\" \/><div class=\"white-logo-over over25\"><\/div><\/div><div class=\"gap custom-slider-title\">Neu bei Deepki: Performance, Resilienz und Compliance effektiv skalieren<\/div><div class=\"gap custom-slider-readmore\"><span>Mehr lesen<\/span><\/div><\/a><\/div><div class=\"custom-slider-item\"><a href=\"https:\/\/www.deepki.com\/de\/blog\/neu-bei-deepki-treffen-sie-schnellere-smartere-und-resilientere-entscheidungen\/\"><div class=\"custom-slider-img\"><img decoding=\"async\" width=\"420\" height=\"240\" src=\"https:\/\/www.deepki.com\/web\/wp-content\/uploads\/2024\/03\/Deepki_Ready_Features_Release_Blog_article_Visual_02.001-420x240.jpeg\" class=\"attachment-case-study-grid size-case-study-grid\" alt=\"Laptop with Deepki logo on the screen\" srcset=\"https:\/\/www.deepki.com\/web\/wp-content\/uploads\/2024\/03\/Deepki_Ready_Features_Release_Blog_article_Visual_02.001-420x240.jpeg 420w, https:\/\/www.deepki.com\/web\/wp-content\/uploads\/2024\/03\/Deepki_Ready_Features_Release_Blog_article_Visual_02.001-350x200.jpeg 350w\" sizes=\"(max-width: 420px) 100vw, 420px\" \/><div class=\"white-logo-over over25\"><\/div><\/div><div class=\"gap custom-slider-title\">Neu bei Deepki: Treffen Sie schnellere, smartere und resilientere Entscheidungen<\/div><div class=\"gap custom-slider-readmore\"><span>Mehr lesen<\/span><\/div><\/a><\/div><div class=\"custom-slider-item\"><a href=\"https:\/\/www.deepki.com\/de\/blog\/der-esg-index-ein-blick-hinter-die-kulissen\/\"><div class=\"custom-slider-img\"><img decoding=\"async\" width=\"420\" height=\"240\" src=\"https:\/\/www.deepki.com\/web\/wp-content\/uploads\/2023\/03\/wonderlane-Jo6CYYLe3fw-unsplash-420x240.jpg\" class=\"attachment-case-study-grid size-case-study-grid\" alt=\"\" srcset=\"https:\/\/www.deepki.com\/web\/wp-content\/uploads\/2023\/03\/wonderlane-Jo6CYYLe3fw-unsplash-420x240.jpg 420w, https:\/\/www.deepki.com\/web\/wp-content\/uploads\/2023\/03\/wonderlane-Jo6CYYLe3fw-unsplash-350x200.jpg 350w\" sizes=\"(max-width: 420px) 100vw, 420px\" \/><div class=\"white-logo-over over25\"><\/div><\/div><div class=\"gap custom-slider-title\">Der ESG Index: Ein Blick hinter die Kulissen\u00a0<\/div><div class=\"gap custom-slider-readmore\"><span>Mehr lesen<\/span><\/div><\/a><\/div><div class=\"custom-slider-item\"><a href=\"https:\/\/www.deepki.com\/de\/blog\/greenwashing-esg-berichterstattung\/\"><div class=\"custom-slider-img\"><img decoding=\"async\" width=\"420\" height=\"240\" src=\"https:\/\/www.deepki.com\/web\/wp-content\/uploads\/2024\/04\/thanos-pal-vkbxK8KMhrA-unsplash-420x240.jpg\" class=\"attachment-case-study-grid size-case-study-grid\" alt=\"\" srcset=\"https:\/\/www.deepki.com\/web\/wp-content\/uploads\/2024\/04\/thanos-pal-vkbxK8KMhrA-unsplash-420x240.jpg 420w, https:\/\/www.deepki.com\/web\/wp-content\/uploads\/2024\/04\/thanos-pal-vkbxK8KMhrA-unsplash-350x200.jpg 350w\" sizes=\"(max-width: 420px) 100vw, 420px\" \/><div class=\"white-logo-over over25\"><\/div><\/div><div class=\"gap custom-slider-title\">Greenwashing in der ESG-Berichterstattung: Risiken, Folgen und Strategien f\u00fcr mehr Transparenz<\/div><div class=\"gap custom-slider-readmore\"><span>Mehr lesen<\/span><\/div><\/a><\/div><div class=\"custom-slider-item\"><a href=\"https:\/\/www.deepki.com\/de\/blog\/was-ist-neu-auf-der-deepki-plattform-esg-compliance\/\"><div class=\"custom-slider-img\"><img decoding=\"async\" width=\"420\" height=\"240\" src=\"https:\/\/www.deepki.com\/web\/wp-content\/uploads\/2024\/03\/Deepki_Ready_Features_Release_Blog_article_Visual_02.001-420x240.jpeg\" class=\"attachment-case-study-grid size-case-study-grid\" alt=\"Laptop with Deepki logo on the screen\" srcset=\"https:\/\/www.deepki.com\/web\/wp-content\/uploads\/2024\/03\/Deepki_Ready_Features_Release_Blog_article_Visual_02.001-420x240.jpeg 420w, https:\/\/www.deepki.com\/web\/wp-content\/uploads\/2024\/03\/Deepki_Ready_Features_Release_Blog_article_Visual_02.001-350x200.jpeg 350w\" sizes=\"(max-width: 420px) 100vw, 420px\" \/><div class=\"white-logo-over over25\"><\/div><\/div><div class=\"gap custom-slider-title\">Was ist neu auf der Deepki Plattform: Wie Sie ESG-Compliance f\u00fcr mehr als 10 wichtige Offenlegungsstandards erreichen<\/div><div class=\"gap custom-slider-readmore\"><span>Mehr lesen<\/span><\/div><\/a><\/div><div class=\"custom-slider-item\"><a href=\"https:\/\/www.deepki.com\/de\/blog\/archetypen-immobilien\/\"><div class=\"custom-slider-img\"><img decoding=\"async\" width=\"420\" height=\"240\" src=\"https:\/\/www.deepki.com\/web\/wp-content\/uploads\/2023\/10\/frederick-marschall-9YuAgukwe2c-unsplash-420x240.jpg\" class=\"attachment-case-study-grid size-case-study-grid\" alt=\"\" srcset=\"https:\/\/www.deepki.com\/web\/wp-content\/uploads\/2023\/10\/frederick-marschall-9YuAgukwe2c-unsplash-420x240.jpg 420w, https:\/\/www.deepki.com\/web\/wp-content\/uploads\/2023\/10\/frederick-marschall-9YuAgukwe2c-unsplash-350x200.jpg 350w\" sizes=\"(max-width: 420px) 100vw, 420px\" \/><div class=\"white-logo-over over25\"><\/div><\/div><div class=\"gap custom-slider-title\">6 Gr\u00fcnde, warum Clustering von Archetypen Ihre ESG-Strategie f\u00fcr Immobilien verbessern kann<\/div><div class=\"gap custom-slider-readmore\"><span>Mehr lesen<\/span><\/div><\/a><\/div><div class=\"custom-slider-item\"><a href=\"https:\/\/www.deepki.com\/de\/blog\/aufbau-klimaresilienter-immobilien-durch-anpassung\/\"><div class=\"custom-slider-img\"><img decoding=\"async\" width=\"420\" height=\"240\" src=\"https:\/\/www.deepki.com\/web\/wp-content\/uploads\/2024\/06\/syed-ayan-malik-DI3MlpRdYeE-unsplash-420x240.jpg\" class=\"attachment-case-study-grid size-case-study-grid\" alt=\"\" srcset=\"https:\/\/www.deepki.com\/web\/wp-content\/uploads\/2024\/06\/syed-ayan-malik-DI3MlpRdYeE-unsplash-420x240.jpg 420w, https:\/\/www.deepki.com\/web\/wp-content\/uploads\/2024\/06\/syed-ayan-malik-DI3MlpRdYeE-unsplash-350x200.jpg 350w\" sizes=\"(max-width: 420px) 100vw, 420px\" \/><div class=\"white-logo-over over25\"><\/div><\/div><div class=\"gap custom-slider-title\">Aufbau klimaresilienter Immobilien durch Anpassung<\/div><div class=\"gap custom-slider-readmore\"><span>Mehr lesen<\/span><\/div><\/a><\/div><div class=\"custom-slider-item\"><a href=\"https:\/\/www.deepki.com\/de\/blog\/was-gibt-es-neues-auf-deepki-ready-ein-blick-auf-die-neuen-funktionen-des-fruehjahrsquartals-2024\/\"><div class=\"custom-slider-img\"><img decoding=\"async\" width=\"420\" height=\"240\" src=\"https:\/\/www.deepki.com\/web\/wp-content\/uploads\/2024\/03\/Deepki_Ready_Features_Release_Blog_article_Visual_02.001-420x240.jpeg\" class=\"attachment-case-study-grid size-case-study-grid\" alt=\"Laptop with Deepki logo on the screen\" srcset=\"https:\/\/www.deepki.com\/web\/wp-content\/uploads\/2024\/03\/Deepki_Ready_Features_Release_Blog_article_Visual_02.001-420x240.jpeg 420w, https:\/\/www.deepki.com\/web\/wp-content\/uploads\/2024\/03\/Deepki_Ready_Features_Release_Blog_article_Visual_02.001-350x200.jpeg 350w\" sizes=\"(max-width: 420px) 100vw, 420px\" \/><div class=\"white-logo-over over25\"><\/div><\/div><div class=\"gap custom-slider-title\">Was gibt es Neues auf Deepki Ready: Ein Blick auf die neuen Funktionen des Fr\u00fchjahrsquartals 2024<\/div><div class=\"gap custom-slider-readmore\"><span>Mehr lesen<\/span><\/div><\/a><\/div><div class=\"custom-slider-item\"><a href=\"https:\/\/www.deepki.com\/de\/blog\/sozialer-aspekte-in-esg-praktiken\/\"><div class=\"custom-slider-img\"><img decoding=\"async\" width=\"420\" height=\"240\" src=\"https:\/\/www.deepki.com\/web\/wp-content\/uploads\/2024\/01\/crew-KPBG8BaKJQ4-unsplash-420x240.jpg\" class=\"attachment-case-study-grid size-case-study-grid\" alt=\"life of occupants\" srcset=\"https:\/\/www.deepki.com\/web\/wp-content\/uploads\/2024\/01\/crew-KPBG8BaKJQ4-unsplash-420x240.jpg 420w, https:\/\/www.deepki.com\/web\/wp-content\/uploads\/2024\/01\/crew-KPBG8BaKJQ4-unsplash-350x200.jpg 350w\" sizes=\"(max-width: 420px) 100vw, 420px\" \/><div class=\"white-logo-over over25\"><\/div><\/div><div class=\"gap custom-slider-title\">Mehr als nur nachhaltiges Bauen: Die Ber\u00fccksichtigung sozialer Aspekte in ESG-Praktiken<\/div><div class=\"gap custom-slider-readmore\"><span>Mehr lesen<\/span><\/div><\/a><\/div><div class=\"custom-slider-item\"><a href=\"https:\/\/www.deepki.com\/de\/blog\/esg-wandel-immobilienunternehmen\/\"><div class=\"custom-slider-img\"><img decoding=\"async\" width=\"420\" height=\"240\" src=\"https:\/\/www.deepki.com\/web\/wp-content\/uploads\/2023\/12\/kyle-sudu-PVKn9G3XICQ-unsplash-420x240.jpg\" class=\"attachment-case-study-grid size-case-study-grid\" alt=\"\" srcset=\"https:\/\/www.deepki.com\/web\/wp-content\/uploads\/2023\/12\/kyle-sudu-PVKn9G3XICQ-unsplash-420x240.jpg 420w, https:\/\/www.deepki.com\/web\/wp-content\/uploads\/2023\/12\/kyle-sudu-PVKn9G3XICQ-unsplash-350x200.jpg 350w\" sizes=\"(max-width: 420px) 100vw, 420px\" \/><div class=\"white-logo-over over25\"><\/div><\/div><div class=\"gap custom-slider-title\">ESG: Ein Wandel in der Gesch\u00e4ftst\u00e4tigkeit von Immobilienunternehmen<\/div><div class=\"gap custom-slider-readmore\"><span>Mehr lesen<\/span><\/div><\/a><\/div><\/div><\/div><\/div>\n\n<div class=\"heritage-green-bg custom-block-title-cta\"><div class=\"width-wrapper center\"><div class=\"home-section3cta2-title\">Abonnieren Sie unseren Newsletter<\/div><a href=\"https:\/\/www.deepki.com\/de\/kontakt\/\" target=\"_blank\" class=\"btn\">Abonnieren<\/a><\/div><\/div>","protected":false},"excerpt":{"rendered":"","protected":false},"author":74,"featured_media":61715,"parent":0,"menu_order":0,"comment_status":"closed","ping_status":"closed","template":"","meta":{"inline_featured_image":false,"footnotes":""},"class_list":["post-62004","page","type-page","status-publish","has-post-thumbnail","hentry"],"yoast_head":"<!-- This site is optimized with the Yoast SEO plugin v27.3 - https:\/\/yoast.com\/product\/yoast-seo-wordpress\/ -->\n<title>Ressourcen - Deepki<\/title>\n<meta name=\"description\" content=\"Sehen Sie sich unseren Blog an, um sich \u00fcber ESG, Dekarbonisierung, SFDR, EU-Taxonomie, GRESB, CRREM und mehr zu informieren.\" \/>\n<meta name=\"robots\" content=\"index, follow, max-snippet:-1, max-image-preview:large, max-video-preview:-1\" \/>\n<link rel=\"canonical\" href=\"https:\/\/www.deepki.com\/de\/ressourcen\/\" \/>\n<meta property=\"og:locale\" content=\"de_DE\" \/>\n<meta property=\"og:type\" content=\"article\" \/>\n<meta property=\"og:title\" content=\"Ressourcen - Deepki\" \/>\n<meta property=\"og:description\" content=\"Sehen Sie sich unseren Blog an, um sich \u00fcber ESG, Dekarbonisierung, SFDR, EU-Taxonomie, GRESB, CRREM und mehr zu informieren.\" \/>\n<meta property=\"og:url\" content=\"https:\/\/www.deepki.com\/de\/ressourcen\/\" \/>\n<meta property=\"og:site_name\" content=\"Deepki\" \/>\n<meta property=\"article:publisher\" content=\"https:\/\/www.facebook.com\/DeepkiSAS\/\" \/>\n<meta property=\"article:modified_time\" content=\"2025-05-07T09:02:59+00:00\" \/>\n<meta property=\"og:image\" content=\"https:\/\/www.deepki.com\/web\/wp-content\/uploads\/2021\/08\/Home_FI.jpg\" \/>\n\t<meta property=\"og:image:width\" content=\"1200\" \/>\n\t<meta property=\"og:image:height\" content=\"628\" \/>\n\t<meta property=\"og:image:type\" content=\"image\/jpeg\" \/>\n<meta name=\"twitter:card\" content=\"summary_large_image\" \/>\n<meta name=\"twitter:title\" content=\"Ressourcen - Deepki\" \/>\n<meta name=\"twitter:description\" content=\"Sehen Sie sich unseren Blog an, um sich \u00fcber ESG, Dekarbonisierung, SFDR, EU-Taxonomie, GRESB, CRREM und mehr zu informieren.\" \/>\n<meta name=\"twitter:image\" content=\"https:\/\/www.deepki.com\/web\/wp-content\/uploads\/2021\/08\/Home_FI.jpg\" \/>\n<meta name=\"twitter:site\" content=\"@DeepkiSAS\" \/>\n<meta name=\"twitter:label1\" content=\"Gesch\u00e4tzte Lesezeit\" \/>\n\t<meta name=\"twitter:data1\" content=\"1\u00a0Minute\" \/>\n<script type=\"application\/ld+json\" class=\"yoast-schema-graph\">{\"@context\":\"https:\\\/\\\/schema.org\",\"@graph\":[{\"@type\":\"WebPage\",\"@id\":\"https:\\\/\\\/www.deepki.com\\\/de\\\/ressourcen\\\/\",\"url\":\"https:\\\/\\\/www.deepki.com\\\/de\\\/ressourcen\\\/\",\"name\":\"Ressourcen - Deepki\",\"isPartOf\":{\"@id\":\"https:\\\/\\\/www.deepki.com\\\/de\\\/#website\"},\"primaryImageOfPage\":{\"@id\":\"https:\\\/\\\/www.deepki.com\\\/de\\\/ressourcen\\\/#primaryimage\"},\"image\":{\"@id\":\"https:\\\/\\\/www.deepki.com\\\/de\\\/ressourcen\\\/#primaryimage\"},\"thumbnailUrl\":\"https:\\\/\\\/www.deepki.com\\\/web\\\/wp-content\\\/uploads\\\/2021\\\/08\\\/Home_FI.jpg\",\"datePublished\":\"2021-12-21T10:45:24+00:00\",\"dateModified\":\"2025-05-07T09:02:59+00:00\",\"description\":\"Sehen Sie sich unseren Blog an, um sich \u00fcber ESG, Dekarbonisierung, SFDR, EU-Taxonomie, GRESB, CRREM und mehr zu informieren.\",\"breadcrumb\":{\"@id\":\"https:\\\/\\\/www.deepki.com\\\/de\\\/ressourcen\\\/#breadcrumb\"},\"inLanguage\":\"de\",\"potentialAction\":[{\"@type\":\"ReadAction\",\"target\":[\"https:\\\/\\\/www.deepki.com\\\/de\\\/ressourcen\\\/\"]}]},{\"@type\":\"ImageObject\",\"inLanguage\":\"de\",\"@id\":\"https:\\\/\\\/www.deepki.com\\\/de\\\/ressourcen\\\/#primaryimage\",\"url\":\"https:\\\/\\\/www.deepki.com\\\/web\\\/wp-content\\\/uploads\\\/2021\\\/08\\\/Home_FI.jpg\",\"contentUrl\":\"https:\\\/\\\/www.deepki.com\\\/web\\\/wp-content\\\/uploads\\\/2021\\\/08\\\/Home_FI.jpg\",\"width\":1200,\"height\":628},{\"@type\":\"BreadcrumbList\",\"@id\":\"https:\\\/\\\/www.deepki.com\\\/de\\\/ressourcen\\\/#breadcrumb\",\"itemListElement\":[{\"@type\":\"ListItem\",\"position\":1,\"name\":\"Home\",\"item\":\"https:\\\/\\\/www.deepki.com\\\/de\\\/\"},{\"@type\":\"ListItem\",\"position\":2,\"name\":\"Ressourcen\"}]},{\"@type\":\"WebSite\",\"@id\":\"https:\\\/\\\/www.deepki.com\\\/de\\\/#website\",\"url\":\"https:\\\/\\\/www.deepki.com\\\/de\\\/\",\"name\":\"Deepki\",\"description\":\"Together, let&#039;s make your real estate more sustainable thanks to data!\",\"publisher\":{\"@id\":\"https:\\\/\\\/www.deepki.com\\\/de\\\/#organization\"},\"potentialAction\":[{\"@type\":\"SearchAction\",\"target\":{\"@type\":\"EntryPoint\",\"urlTemplate\":\"https:\\\/\\\/www.deepki.com\\\/de\\\/?s={search_term_string}\"},\"query-input\":{\"@type\":\"PropertyValueSpecification\",\"valueRequired\":true,\"valueName\":\"search_term_string\"}}],\"inLanguage\":\"de\"},{\"@type\":\"Organization\",\"@id\":\"https:\\\/\\\/www.deepki.com\\\/de\\\/#organization\",\"name\":\"Deepki\",\"url\":\"https:\\\/\\\/www.deepki.com\\\/de\\\/\",\"logo\":{\"@type\":\"ImageObject\",\"inLanguage\":\"de\",\"@id\":\"https:\\\/\\\/www.deepki.com\\\/de\\\/#\\\/schema\\\/logo\\\/image\\\/\",\"url\":\"https:\\\/\\\/www.deepki.com\\\/web\\\/wp-content\\\/uploads\\\/2021\\\/08\\\/deepki-logo.jpg\",\"contentUrl\":\"https:\\\/\\\/www.deepki.com\\\/web\\\/wp-content\\\/uploads\\\/2021\\\/08\\\/deepki-logo.jpg\",\"width\":880,\"height\":360,\"caption\":\"Deepki\"},\"image\":{\"@id\":\"https:\\\/\\\/www.deepki.com\\\/de\\\/#\\\/schema\\\/logo\\\/image\\\/\"},\"sameAs\":[\"https:\\\/\\\/www.facebook.com\\\/DeepkiSAS\\\/\",\"https:\\\/\\\/x.com\\\/DeepkiSAS\",\"https:\\\/\\\/www.linkedin.com\\\/company\\\/deepki\"]}]}<\/script>\n<!-- \/ Yoast SEO plugin. -->","yoast_head_json":{"title":"Ressourcen - Deepki","description":"Sehen Sie sich unseren Blog an, um sich \u00fcber ESG, Dekarbonisierung, SFDR, EU-Taxonomie, GRESB, CRREM und mehr zu informieren.","robots":{"index":"index","follow":"follow","max-snippet":"max-snippet:-1","max-image-preview":"max-image-preview:large","max-video-preview":"max-video-preview:-1"},"canonical":"https:\/\/www.deepki.com\/de\/ressourcen\/","og_locale":"de_DE","og_type":"article","og_title":"Ressourcen - Deepki","og_description":"Sehen Sie sich unseren Blog an, um sich \u00fcber ESG, Dekarbonisierung, SFDR, EU-Taxonomie, GRESB, CRREM und mehr zu informieren.","og_url":"https:\/\/www.deepki.com\/de\/ressourcen\/","og_site_name":"Deepki","article_publisher":"https:\/\/www.facebook.com\/DeepkiSAS\/","article_modified_time":"2025-05-07T09:02:59+00:00","og_image":[{"width":1200,"height":628,"url":"https:\/\/www.deepki.com\/web\/wp-content\/uploads\/2021\/08\/Home_FI.jpg","type":"image\/jpeg"}],"twitter_card":"summary_large_image","twitter_title":"Ressourcen - Deepki","twitter_description":"Sehen Sie sich unseren Blog an, um sich \u00fcber ESG, Dekarbonisierung, SFDR, EU-Taxonomie, GRESB, CRREM und mehr zu informieren.","twitter_image":"https:\/\/www.deepki.com\/web\/wp-content\/uploads\/2021\/08\/Home_FI.jpg","twitter_site":"@DeepkiSAS","twitter_misc":{"Gesch\u00e4tzte Lesezeit":"1\u00a0Minute"},"schema":{"@context":"https:\/\/schema.org","@graph":[{"@type":"WebPage","@id":"https:\/\/www.deepki.com\/de\/ressourcen\/","url":"https:\/\/www.deepki.com\/de\/ressourcen\/","name":"Ressourcen - Deepki","isPartOf":{"@id":"https:\/\/www.deepki.com\/de\/#website"},"primaryImageOfPage":{"@id":"https:\/\/www.deepki.com\/de\/ressourcen\/#primaryimage"},"image":{"@id":"https:\/\/www.deepki.com\/de\/ressourcen\/#primaryimage"},"thumbnailUrl":"https:\/\/www.deepki.com\/web\/wp-content\/uploads\/2021\/08\/Home_FI.jpg","datePublished":"2021-12-21T10:45:24+00:00","dateModified":"2025-05-07T09:02:59+00:00","description":"Sehen Sie sich unseren Blog an, um sich \u00fcber ESG, Dekarbonisierung, SFDR, EU-Taxonomie, GRESB, CRREM und mehr zu informieren.","breadcrumb":{"@id":"https:\/\/www.deepki.com\/de\/ressourcen\/#breadcrumb"},"inLanguage":"de","potentialAction":[{"@type":"ReadAction","target":["https:\/\/www.deepki.com\/de\/ressourcen\/"]}]},{"@type":"ImageObject","inLanguage":"de","@id":"https:\/\/www.deepki.com\/de\/ressourcen\/#primaryimage","url":"https:\/\/www.deepki.com\/web\/wp-content\/uploads\/2021\/08\/Home_FI.jpg","contentUrl":"https:\/\/www.deepki.com\/web\/wp-content\/uploads\/2021\/08\/Home_FI.jpg","width":1200,"height":628},{"@type":"BreadcrumbList","@id":"https:\/\/www.deepki.com\/de\/ressourcen\/#breadcrumb","itemListElement":[{"@type":"ListItem","position":1,"name":"Home","item":"https:\/\/www.deepki.com\/de\/"},{"@type":"ListItem","position":2,"name":"Ressourcen"}]},{"@type":"WebSite","@id":"https:\/\/www.deepki.com\/de\/#website","url":"https:\/\/www.deepki.com\/de\/","name":"Deepki","description":"Together, let&#039;s make your real estate more sustainable thanks to data!","publisher":{"@id":"https:\/\/www.deepki.com\/de\/#organization"},"potentialAction":[{"@type":"SearchAction","target":{"@type":"EntryPoint","urlTemplate":"https:\/\/www.deepki.com\/de\/?s={search_term_string}"},"query-input":{"@type":"PropertyValueSpecification","valueRequired":true,"valueName":"search_term_string"}}],"inLanguage":"de"},{"@type":"Organization","@id":"https:\/\/www.deepki.com\/de\/#organization","name":"Deepki","url":"https:\/\/www.deepki.com\/de\/","logo":{"@type":"ImageObject","inLanguage":"de","@id":"https:\/\/www.deepki.com\/de\/#\/schema\/logo\/image\/","url":"https:\/\/www.deepki.com\/web\/wp-content\/uploads\/2021\/08\/deepki-logo.jpg","contentUrl":"https:\/\/www.deepki.com\/web\/wp-content\/uploads\/2021\/08\/deepki-logo.jpg","width":880,"height":360,"caption":"Deepki"},"image":{"@id":"https:\/\/www.deepki.com\/de\/#\/schema\/logo\/image\/"},"sameAs":["https:\/\/www.facebook.com\/DeepkiSAS\/","https:\/\/x.com\/DeepkiSAS","https:\/\/www.linkedin.com\/company\/deepki"]}]}},"_links":{"self":[{"href":"https:\/\/www.deepki.com\/de\/wp-json\/wp\/v2\/pages\/62004","targetHints":{"allow":["GET"]}}],"collection":[{"href":"https:\/\/www.deepki.com\/de\/wp-json\/wp\/v2\/pages"}],"about":[{"href":"https:\/\/www.deepki.com\/de\/wp-json\/wp\/v2\/types\/page"}],"author":[{"embeddable":true,"href":"https:\/\/www.deepki.com\/de\/wp-json\/wp\/v2\/users\/74"}],"replies":[{"embeddable":true,"href":"https:\/\/www.deepki.com\/de\/wp-json\/wp\/v2\/comments?post=62004"}],"version-history":[{"count":18,"href":"https:\/\/www.deepki.com\/de\/wp-json\/wp\/v2\/pages\/62004\/revisions"}],"predecessor-version":[{"id":96177,"href":"https:\/\/www.deepki.com\/de\/wp-json\/wp\/v2\/pages\/62004\/revisions\/96177"}],"wp:featuredmedia":[{"embeddable":true,"href":"https:\/\/www.deepki.com\/de\/wp-json\/wp\/v2\/media\/61715"}],"wp:attachment":[{"href":"https:\/\/www.deepki.com\/de\/wp-json\/wp\/v2\/media?parent=62004"}],"curies":[{"name":"wp","href":"https:\/\/api.w.org\/{rel}","templated":true}]}}