{"id":62181,"date":"2021-12-21T11:06:19","date_gmt":"2021-12-21T11:06:19","guid":{"rendered":"https:\/\/www.deepki.com\/?page_id=62181"},"modified":"2026-01-05T14:55:42","modified_gmt":"2026-01-05T13:55:42","slug":"karriere","status":"publish","type":"page","link":"https:\/\/www.deepki.com\/de\/ueber-uns\/karriere\/","title":{"rendered":"Karriere"},"content":{"rendered":"<div class=\"custom-block-top-header homepage-header relative black-bg white vertical-middle\">\t\r\n\t<div class=\"homepage-header-row\">\r\n\t\t<div class=\"homepage-header-cell page-header\">\r\n\t\t\t<div class=\"homepage-title-wrapper center\"> \r\n\t\t\t\t\t\t\t\t\t\t\t\t\t\t\t\t\t\t\t<h1 class=\"homepage-h1\">\r\n\t\t\t\t\t\t\t\t\t\tDeepki Unternehmenskultur &#038; Karriere<\/h1>\r\n\t\t\t\t\t\t\t\t\t\t\t\t\r\n\t\t\t\t<div class=\"homepage-intro-p\">\r\n\t\t\t\t\tEin Team aus Immobilien-ESG- und Daten-Talenten, das es sich zum Ziel gesetzt hat, den Planeten durch nachhaltige Immobilien positiv zu beeinflussen.\t\t\t\t<\/div>\r\n\t\t\t\t\t\r\n\t\t\t\t\t\t\t\t\r\n\t\t\t\t<div class=\"homepage-intro-cta\">\r\n\t\t\t\t\t<a href=\"https:\/\/deepki.teamtailor.com\/\" target=\"_blank\" class=\"btn\">Arbeiten Sie bei uns<\/a>\r\n\t\t\t\t<\/div>\r\n\t\t\t\t\t\t\t\t\r\n\t\t\t<\/div>\t\r\n\t\t\t<div class=\"homepage-header-svg-wrapper\" style=\"background-image:url('https:\/\/www.deepki.com\/web\/wp-content\/uploads\/2026\/01\/header_test_3-1440x900.jpg')\"><\/div>\t\r\n\t\t\t<div class=\"homepage-botarrow-wrapper\"><div class=\"homepage-botarrow\"><div class=\"homepage-botarrow-ico\"><\/div><\/div><\/div>\r\n\t\t<\/div>\t\r\n\t<\/div>\t\r\n<\/div>\t\t\t\r\n<div id=\"homepage-content\"><\/div>\t\r\n\n\n<div class=\"white-bg custom-text-left-img-right\"><div class=\"width-wrapper\">\r\n\t<div class=\"wp-block-columns\">\r\n\t\t<div class=\"wp-block-column\">\r\n\t\t\t<h2>Bei Deepki arbeiten <\/h2><p>Wir richten uns stets nach unseren Werten. Voller Energie und von den Werten Hingabe, Gerechtigkeit und Wohlwollen getrieben, setzen wir uns f\u00fcr positiven Impact im gro\u00dfen Stil ein.<\/p>\t\t<\/div>\r\n\t\t\t\t<div class=\"wp-block-column align-right\">\r\n\t\t\t<img decoding=\"async\" width=\"640\" height=\"400\" src=\"https:\/\/www.deepki.com\/web\/wp-content\/uploads\/2026\/01\/deepki_boat_offsite.jpeg\" class=\"attachment-custom-block-right-img size-custom-block-right-img\" alt=\"\" srcset=\"https:\/\/www.deepki.com\/web\/wp-content\/uploads\/2026\/01\/deepki_boat_offsite.jpeg 640w, https:\/\/www.deepki.com\/web\/wp-content\/uploads\/2026\/01\/deepki_boat_offsite-300x188.jpeg 300w, https:\/\/www.deepki.com\/web\/wp-content\/uploads\/2026\/01\/deepki_boat_offsite-128x80.jpeg 128w, https:\/\/www.deepki.com\/web\/wp-content\/uploads\/2026\/01\/deepki_boat_offsite-80x50.jpeg 80w, https:\/\/www.deepki.com\/web\/wp-content\/uploads\/2026\/01\/deepki_boat_offsite-256x160.jpeg 256w\" sizes=\"(max-width: 640px) 100vw, 640px\" \/>\t\t<\/div>\r\n\t<\/div>\r\n<\/div>\r\n<\/div>\r\n\t\n\n<div class=\"custom-slider-grey-wrapper charcoal-grey-bg white\"><h2 class=\"center\">Gro\u00dfe Ambitionen, gro\u00dfartiges Arbeitsklima<\/h2><div class=\"custom-slider-grey\"><div class=\"custom-slide-grey\"><h4>Arbeit mit Sinn<\/h4><p>Unsere Arbeit hat einen Sinn. Wir bei Deepki werden von der Ambition getragen, die Welt zu einem besseren Ort zu machen. Mit voller Energie arbeiten wir darauf hin, die Immobilienbranche nachhaltiger zu gestalten.<\/p><\/div><div class=\"custom-slide-grey\"><h4>Weltweit arbeiten<\/h4><p>Wir haben B\u00fcros in 11 L\u00e4ndern und Mitarbeiter 28 verschiedener Nationalit\u00e4ten. Deepki ist eine multikulturelle Arbeitsumgebung und wei\u00df die kulturelle Vielfalt und Diversit\u00e4t seines Teams zu sch\u00e4tzen.<\/p><\/div><div class=\"custom-slide-grey\"><h4>Arbeit und Wohlbefinden<\/h4><p>Mitarbeiter von Deepki geben uns im Schnitt 4,5 von 5 Sternen. Unserem Team liegt sein Arbeitsplatz am Herzen und es wei\u00df Deepkis F\u00e4higkeit, seinen Mitarbeitern zur Seite zu stehen und ihr pers\u00f6nliches und professionelles Wohlbefinden zu f\u00f6rdern, zu sch\u00e4tzen.<\/p><\/div><div class=\"custom-slide-grey\"><h4>Als Mensch weiterentwickeln<\/h4><p>Kenntniserwerb, Verantwortung, flexible Arbeitszeiten, Wohlbefinden der Mitarbeiter usw. Entscheiden Sie sich f\u00fcr einen Arbeitsplatz, bei dem Menschlichkeit im Mittelpunkt steht!<\/p><\/div><\/div><\/div>\n\n<div class=\"heritage-green-bg custom-block-title-cta\"><div class=\"width-wrapper center\"><div class=\"home-section3cta2-title\">Werden auch Sie ein Deepkie<\/div><div class=\"homepage-intro-p\">Helfen Sie dabei, Immobilien nachhaltiger zu machen.<\/div><a href=\"https:\/\/deepki.teamtailor.com\/\" target=\"_blank\" class=\"btn\">Bei Deepki arbeiten<\/a><\/div><\/div>","protected":false},"excerpt":{"rendered":"","protected":false},"author":74,"featured_media":61715,"parent":61891,"menu_order":0,"comment_status":"closed","ping_status":"closed","template":"","meta":{"inline_featured_image":false,"footnotes":""},"class_list":["post-62181","page","type-page","status-publish","has-post-thumbnail","hentry"],"yoast_head":"<!-- This site is optimized with the Yoast SEO plugin v27.3 - https:\/\/yoast.com\/product\/yoast-seo-wordpress\/ -->\n<title>Karriere - Deepki<\/title>\n<meta name=\"description\" content=\"Ein Team aus Immobilien-ESG- und Daten-Talenten, das es sich zum Ziel gesetzt hat, den Planeten durch nachhaltige Immobilien positiv zu beeinflussen.\" \/>\n<meta name=\"robots\" content=\"index, follow, max-snippet:-1, max-image-preview:large, max-video-preview:-1\" \/>\n<link rel=\"canonical\" href=\"https:\/\/www.deepki.com\/de\/ueber-uns\/karriere\/\" \/>\n<meta property=\"og:locale\" content=\"de_DE\" \/>\n<meta property=\"og:type\" content=\"article\" \/>\n<meta property=\"og:title\" content=\"Karriere - Deepki\" \/>\n<meta property=\"og:description\" content=\"Ein Team aus Immobilien-ESG- und Daten-Talenten, das es sich zum Ziel gesetzt hat, den Planeten durch nachhaltige Immobilien positiv zu beeinflussen.\" \/>\n<meta property=\"og:url\" content=\"https:\/\/www.deepki.com\/de\/ueber-uns\/karriere\/\" \/>\n<meta property=\"og:site_name\" content=\"Deepki\" \/>\n<meta property=\"article:publisher\" content=\"https:\/\/www.facebook.com\/DeepkiSAS\/\" \/>\n<meta property=\"article:modified_time\" content=\"2026-01-05T13:55:42+00:00\" \/>\n<meta property=\"og:image\" content=\"https:\/\/www.deepki.com\/web\/wp-content\/uploads\/2021\/08\/Home_FI.jpg\" \/>\n\t<meta property=\"og:image:width\" content=\"1200\" \/>\n\t<meta property=\"og:image:height\" content=\"628\" \/>\n\t<meta property=\"og:image:type\" content=\"image\/jpeg\" \/>\n<meta name=\"twitter:card\" content=\"summary_large_image\" \/>\n<meta name=\"twitter:title\" content=\"Karriere - Deepki\" \/>\n<meta name=\"twitter:description\" content=\"Ein Team aus Immobilien-ESG- und Daten-Talenten, das es sich zum Ziel gesetzt hat, den Planeten durch nachhaltige Immobilien positiv zu beeinflussen.\" \/>\n<meta name=\"twitter:image\" content=\"https:\/\/www.deepki.com\/web\/wp-content\/uploads\/2021\/08\/Home_FI.jpg\" \/>\n<meta name=\"twitter:site\" content=\"@DeepkiSAS\" \/>\n<meta name=\"twitter:label1\" content=\"Gesch\u00e4tzte Lesezeit\" \/>\n\t<meta name=\"twitter:data1\" content=\"1\u00a0Minute\" \/>\n<script type=\"application\/ld+json\" class=\"yoast-schema-graph\">{\"@context\":\"https:\\\/\\\/schema.org\",\"@graph\":[{\"@type\":\"WebPage\",\"@id\":\"https:\\\/\\\/www.deepki.com\\\/de\\\/ueber-uns\\\/karriere\\\/\",\"url\":\"https:\\\/\\\/www.deepki.com\\\/de\\\/ueber-uns\\\/karriere\\\/\",\"name\":\"Karriere - Deepki\",\"isPartOf\":{\"@id\":\"https:\\\/\\\/www.deepki.com\\\/de\\\/#website\"},\"primaryImageOfPage\":{\"@id\":\"https:\\\/\\\/www.deepki.com\\\/de\\\/ueber-uns\\\/karriere\\\/#primaryimage\"},\"image\":{\"@id\":\"https:\\\/\\\/www.deepki.com\\\/de\\\/ueber-uns\\\/karriere\\\/#primaryimage\"},\"thumbnailUrl\":\"https:\\\/\\\/www.deepki.com\\\/web\\\/wp-content\\\/uploads\\\/2021\\\/08\\\/Home_FI.jpg\",\"datePublished\":\"2021-12-21T11:06:19+00:00\",\"dateModified\":\"2026-01-05T13:55:42+00:00\",\"description\":\"Ein Team aus Immobilien-ESG- und Daten-Talenten, das es sich zum Ziel gesetzt hat, den Planeten durch nachhaltige Immobilien positiv zu beeinflussen.\",\"breadcrumb\":{\"@id\":\"https:\\\/\\\/www.deepki.com\\\/de\\\/ueber-uns\\\/karriere\\\/#breadcrumb\"},\"inLanguage\":\"de\",\"potentialAction\":[{\"@type\":\"ReadAction\",\"target\":[\"https:\\\/\\\/www.deepki.com\\\/de\\\/ueber-uns\\\/karriere\\\/\"]}]},{\"@type\":\"ImageObject\",\"inLanguage\":\"de\",\"@id\":\"https:\\\/\\\/www.deepki.com\\\/de\\\/ueber-uns\\\/karriere\\\/#primaryimage\",\"url\":\"https:\\\/\\\/www.deepki.com\\\/web\\\/wp-content\\\/uploads\\\/2021\\\/08\\\/Home_FI.jpg\",\"contentUrl\":\"https:\\\/\\\/www.deepki.com\\\/web\\\/wp-content\\\/uploads\\\/2021\\\/08\\\/Home_FI.jpg\",\"width\":1200,\"height\":628},{\"@type\":\"BreadcrumbList\",\"@id\":\"https:\\\/\\\/www.deepki.com\\\/de\\\/ueber-uns\\\/karriere\\\/#breadcrumb\",\"itemListElement\":[{\"@type\":\"ListItem\",\"position\":1,\"name\":\"Home\",\"item\":\"https:\\\/\\\/www.deepki.com\\\/de\\\/\"},{\"@type\":\"ListItem\",\"position\":2,\"name\":\"\u00dcber uns\",\"item\":\"https:\\\/\\\/www.deepki.com\\\/de\\\/ueber-uns\\\/\"},{\"@type\":\"ListItem\",\"position\":3,\"name\":\"Karriere\"}]},{\"@type\":\"WebSite\",\"@id\":\"https:\\\/\\\/www.deepki.com\\\/de\\\/#website\",\"url\":\"https:\\\/\\\/www.deepki.com\\\/de\\\/\",\"name\":\"Deepki\",\"description\":\"Together, let&#039;s make your real estate more sustainable thanks to data!\",\"publisher\":{\"@id\":\"https:\\\/\\\/www.deepki.com\\\/de\\\/#organization\"},\"potentialAction\":[{\"@type\":\"SearchAction\",\"target\":{\"@type\":\"EntryPoint\",\"urlTemplate\":\"https:\\\/\\\/www.deepki.com\\\/de\\\/?s={search_term_string}\"},\"query-input\":{\"@type\":\"PropertyValueSpecification\",\"valueRequired\":true,\"valueName\":\"search_term_string\"}}],\"inLanguage\":\"de\"},{\"@type\":\"Organization\",\"@id\":\"https:\\\/\\\/www.deepki.com\\\/de\\\/#organization\",\"name\":\"Deepki\",\"url\":\"https:\\\/\\\/www.deepki.com\\\/de\\\/\",\"logo\":{\"@type\":\"ImageObject\",\"inLanguage\":\"de\",\"@id\":\"https:\\\/\\\/www.deepki.com\\\/de\\\/#\\\/schema\\\/logo\\\/image\\\/\",\"url\":\"https:\\\/\\\/www.deepki.com\\\/web\\\/wp-content\\\/uploads\\\/2021\\\/08\\\/deepki-logo.jpg\",\"contentUrl\":\"https:\\\/\\\/www.deepki.com\\\/web\\\/wp-content\\\/uploads\\\/2021\\\/08\\\/deepki-logo.jpg\",\"width\":880,\"height\":360,\"caption\":\"Deepki\"},\"image\":{\"@id\":\"https:\\\/\\\/www.deepki.com\\\/de\\\/#\\\/schema\\\/logo\\\/image\\\/\"},\"sameAs\":[\"https:\\\/\\\/www.facebook.com\\\/DeepkiSAS\\\/\",\"https:\\\/\\\/x.com\\\/DeepkiSAS\",\"https:\\\/\\\/www.linkedin.com\\\/company\\\/deepki\"]}]}<\/script>\n<!-- \/ Yoast SEO plugin. -->","yoast_head_json":{"title":"Karriere - Deepki","description":"Ein Team aus Immobilien-ESG- und Daten-Talenten, das es sich zum Ziel gesetzt hat, den Planeten durch nachhaltige Immobilien positiv zu beeinflussen.","robots":{"index":"index","follow":"follow","max-snippet":"max-snippet:-1","max-image-preview":"max-image-preview:large","max-video-preview":"max-video-preview:-1"},"canonical":"https:\/\/www.deepki.com\/de\/ueber-uns\/karriere\/","og_locale":"de_DE","og_type":"article","og_title":"Karriere - Deepki","og_description":"Ein Team aus Immobilien-ESG- und Daten-Talenten, das es sich zum Ziel gesetzt hat, den Planeten durch nachhaltige Immobilien positiv zu beeinflussen.","og_url":"https:\/\/www.deepki.com\/de\/ueber-uns\/karriere\/","og_site_name":"Deepki","article_publisher":"https:\/\/www.facebook.com\/DeepkiSAS\/","article_modified_time":"2026-01-05T13:55:42+00:00","og_image":[{"width":1200,"height":628,"url":"https:\/\/www.deepki.com\/web\/wp-content\/uploads\/2021\/08\/Home_FI.jpg","type":"image\/jpeg"}],"twitter_card":"summary_large_image","twitter_title":"Karriere - Deepki","twitter_description":"Ein Team aus Immobilien-ESG- und Daten-Talenten, das es sich zum Ziel gesetzt hat, den Planeten durch nachhaltige Immobilien positiv zu beeinflussen.","twitter_image":"https:\/\/www.deepki.com\/web\/wp-content\/uploads\/2021\/08\/Home_FI.jpg","twitter_site":"@DeepkiSAS","twitter_misc":{"Gesch\u00e4tzte Lesezeit":"1\u00a0Minute"},"schema":{"@context":"https:\/\/schema.org","@graph":[{"@type":"WebPage","@id":"https:\/\/www.deepki.com\/de\/ueber-uns\/karriere\/","url":"https:\/\/www.deepki.com\/de\/ueber-uns\/karriere\/","name":"Karriere - Deepki","isPartOf":{"@id":"https:\/\/www.deepki.com\/de\/#website"},"primaryImageOfPage":{"@id":"https:\/\/www.deepki.com\/de\/ueber-uns\/karriere\/#primaryimage"},"image":{"@id":"https:\/\/www.deepki.com\/de\/ueber-uns\/karriere\/#primaryimage"},"thumbnailUrl":"https:\/\/www.deepki.com\/web\/wp-content\/uploads\/2021\/08\/Home_FI.jpg","datePublished":"2021-12-21T11:06:19+00:00","dateModified":"2026-01-05T13:55:42+00:00","description":"Ein Team aus Immobilien-ESG- und Daten-Talenten, das es sich zum Ziel gesetzt hat, den Planeten durch nachhaltige Immobilien positiv zu beeinflussen.","breadcrumb":{"@id":"https:\/\/www.deepki.com\/de\/ueber-uns\/karriere\/#breadcrumb"},"inLanguage":"de","potentialAction":[{"@type":"ReadAction","target":["https:\/\/www.deepki.com\/de\/ueber-uns\/karriere\/"]}]},{"@type":"ImageObject","inLanguage":"de","@id":"https:\/\/www.deepki.com\/de\/ueber-uns\/karriere\/#primaryimage","url":"https:\/\/www.deepki.com\/web\/wp-content\/uploads\/2021\/08\/Home_FI.jpg","contentUrl":"https:\/\/www.deepki.com\/web\/wp-content\/uploads\/2021\/08\/Home_FI.jpg","width":1200,"height":628},{"@type":"BreadcrumbList","@id":"https:\/\/www.deepki.com\/de\/ueber-uns\/karriere\/#breadcrumb","itemListElement":[{"@type":"ListItem","position":1,"name":"Home","item":"https:\/\/www.deepki.com\/de\/"},{"@type":"ListItem","position":2,"name":"\u00dcber uns","item":"https:\/\/www.deepki.com\/de\/ueber-uns\/"},{"@type":"ListItem","position":3,"name":"Karriere"}]},{"@type":"WebSite","@id":"https:\/\/www.deepki.com\/de\/#website","url":"https:\/\/www.deepki.com\/de\/","name":"Deepki","description":"Together, let&#039;s make your real estate more sustainable thanks to data!","publisher":{"@id":"https:\/\/www.deepki.com\/de\/#organization"},"potentialAction":[{"@type":"SearchAction","target":{"@type":"EntryPoint","urlTemplate":"https:\/\/www.deepki.com\/de\/?s={search_term_string}"},"query-input":{"@type":"PropertyValueSpecification","valueRequired":true,"valueName":"search_term_string"}}],"inLanguage":"de"},{"@type":"Organization","@id":"https:\/\/www.deepki.com\/de\/#organization","name":"Deepki","url":"https:\/\/www.deepki.com\/de\/","logo":{"@type":"ImageObject","inLanguage":"de","@id":"https:\/\/www.deepki.com\/de\/#\/schema\/logo\/image\/","url":"https:\/\/www.deepki.com\/web\/wp-content\/uploads\/2021\/08\/deepki-logo.jpg","contentUrl":"https:\/\/www.deepki.com\/web\/wp-content\/uploads\/2021\/08\/deepki-logo.jpg","width":880,"height":360,"caption":"Deepki"},"image":{"@id":"https:\/\/www.deepki.com\/de\/#\/schema\/logo\/image\/"},"sameAs":["https:\/\/www.facebook.com\/DeepkiSAS\/","https:\/\/x.com\/DeepkiSAS","https:\/\/www.linkedin.com\/company\/deepki"]}]}},"_links":{"self":[{"href":"https:\/\/www.deepki.com\/de\/wp-json\/wp\/v2\/pages\/62181","targetHints":{"allow":["GET"]}}],"collection":[{"href":"https:\/\/www.deepki.com\/de\/wp-json\/wp\/v2\/pages"}],"about":[{"href":"https:\/\/www.deepki.com\/de\/wp-json\/wp\/v2\/types\/page"}],"author":[{"embeddable":true,"href":"https:\/\/www.deepki.com\/de\/wp-json\/wp\/v2\/users\/74"}],"replies":[{"embeddable":true,"href":"https:\/\/www.deepki.com\/de\/wp-json\/wp\/v2\/comments?post=62181"}],"version-history":[{"count":13,"href":"https:\/\/www.deepki.com\/de\/wp-json\/wp\/v2\/pages\/62181\/revisions"}],"predecessor-version":[{"id":101057,"href":"https:\/\/www.deepki.com\/de\/wp-json\/wp\/v2\/pages\/62181\/revisions\/101057"}],"up":[{"embeddable":true,"href":"https:\/\/www.deepki.com\/de\/wp-json\/wp\/v2\/pages\/61891"}],"wp:featuredmedia":[{"embeddable":true,"href":"https:\/\/www.deepki.com\/de\/wp-json\/wp\/v2\/media\/61715"}],"wp:attachment":[{"href":"https:\/\/www.deepki.com\/de\/wp-json\/wp\/v2\/media?parent=62181"}],"curies":[{"name":"wp","href":"https:\/\/api.w.org\/{rel}","templated":true}]}}