{"id":62628,"date":"2025-12-03T12:17:50","date_gmt":"2025-12-03T11:17:50","guid":{"rendered":"https:\/\/www.deepki.com\/?page_id=62628"},"modified":"2025-12-03T12:17:51","modified_gmt":"2025-12-03T11:17:51","slug":"cookie-richtlinie","status":"publish","type":"page","link":"https:\/\/www.deepki.com\/de\/cookie-richtlinie\/","title":{"rendered":"Richtlinie zur Verwendung von Cookies"},"content":{"rendered":"\n<h2 class=\"wp-block-heading\"><strong>Was ist der Zweck unserer Cookie-Nutzungsrichtlinie?<\/strong><\/h2>\n\n\n\n<p>Deepki, das die Websites von Deepki SAS (die Website Deepki.com) verwaltet, legt gro\u00dfen Wert auf die <strong>Vertraulichkeit Ihrer personenbezogenen Daten<\/strong>. Dies ist f\u00fcr uns ein Zeichen von Seriosit\u00e4t und Vertrauen, auch in Bezug auf Cookies oder &#8222;Tracker&#8220;. Daher spiegelt unsere Cookie-Nutzungsrichtlinie genau unser Engagement wider, innerhalb von Deepki und seinen Tochtergesellschaften die geltenden Regeln zum Schutz personenbezogener Daten und insbesondere die Regeln bez\u00fcglich der Cookies, die bei Ihrer Navigation auf den Websites von Deepki SAS verwendet werden, einzuhalten.<\/p>\n\n\n\n<p>Diese Anmerkung zu Cookies erkl\u00e4rt, wie sie funktionieren und wie der Benutzer sie konfigurieren kann.<\/p>\n\n\n\n<p>Wenn Sie Informationen \u00fcber andere Verarbeitungen personenbezogener Daten w\u00fcnschen, die wir durchf\u00fchren, laden wir Sie ein, unsere Richtlinie zur Vertraulichkeit personenbezogener Daten zu konsultieren, die jederzeit am Ende der Seite der Website zug\u00e4nglich ist.<\/p>\n\n\n\n<h2 class=\"wp-block-heading\"><strong>Was ist ein <\/strong><strong><em>Cookie<\/em><\/strong><strong> und erm\u00f6glicht es, Sie direkt zu identifizieren?<\/strong><\/h2>\n\n\n\n<p>Ein <em>Cookie<\/em> ist eine kleine &#8222;Text&#8220;-Datei, die von einem Server auf Ihrem Endger\u00e4t (z. B. Smartphone, Tablet oder Computer) platziert und gehostet wird, wenn Sie eine Website konsultieren. Cookies werden vom Browser heruntergeladen (z. B. Chrome, Explorer oder Firefox), um anschlie\u00dfend an den Deepki-Server zur\u00fcckgesendet zu werden. Cookies k\u00f6nnen keine Informationen auf dem Computer oder Smartphone des Benutzers l\u00f6schen oder lesen.<\/p>\n\n\n\n<p>Dennoch k\u00f6nnen das Herunterladen und Speichern von Cookies indirekt eine Identifizierung des Benutzers erm\u00f6glichen , da die von einem Benutzer auf einer Website besuchten Seiten erkannt und sein Benutzerprofil aufgezeichnet werden k\u00f6nnen. Cookies sind jedoch weder Spyware noch Viren.<\/p>\n\n\n\n<h2 class=\"wp-block-heading\"><strong>Was ist ein technisches <\/strong><strong><em>Cookie<\/em><\/strong><strong> und warum verwenden wir sie?<\/strong><\/h2>\n\n\n\n<p>Das ordnungsgem\u00e4\u00dfe Funktionieren unserer Website Deepki.com erfordert notwendigerweise die Verwendung von <strong>technischen Cookies<\/strong> , die wir ohne Ihre vorherige Zustimmung verwenden d\u00fcrfen, basierend auf unserem berechtigten Interesse, Ihnen eine funktionale Website bereitzustellen.<\/p>\n\n\n\n<p>Beispielsweise erm\u00f6glicht ein technisches Cookie, die Sprache Ihrer Website sowie das Format der Website zu speichern, um zuk\u00fcnftige Verbindungen und die Navigation zu erleichtern. Sie erm\u00f6glichen auch den Zugriff auf eingeschr\u00e4nkte Teile der Website oder unserer Dienste, wie das pers\u00f6nliche Benutzerkonto, indem sie die Speicherung des Benutzernamens erm\u00f6glichen.<\/p>\n\n\n\n<p>Deepki verwendet die folgenden funktionalen und technischen Cookies:<\/p>\n\n\n\n<figure class=\"wp-block-table\"><table class=\"has-fixed-layout\"><tbody><tr><td><strong>Name des Cookies<\/strong><\/td><td><strong>Externer Partner<\/strong><\/td><td><strong>Speicherdauer<\/strong><\/td><td><strong>Ziel des Cookies<\/strong><\/td><\/tr><tr><td>pll_language<\/td><td>Matomo, Youtube<\/td><td>1 Jahr<\/td><td>Erkennung der Sprachauswahl&nbsp;<\/td><\/tr><tr><td>ID de session<\/td><td>Matomo<\/td><td>2 Wochen<\/td><td>Sitzungsverwaltung&nbsp;<\/td><\/tr><tr><td>wp (cookies consent plugin)<\/td><td>Matomo, Youtube<\/td><td>1 Jahr<\/td><td>Inhaltsverwaltung (Verwaltung des angezeigten Inhalts)&nbsp;<\/td><\/tr><tr><td>xxplan<\/td><td>Matomo, Youtube<\/td><td>1 Jahr<\/td><td>Hostingsystem&nbsp;<\/td><\/tr><\/tbody><\/table><\/figure>\n\n\n\n<p>Sie k\u00f6nnen der Speicherung dieser Cookies auf Ihrem Endger\u00e4t jederzeit \u00fcber die Einstellungen Ihres Browsers widersprechen, indem Sie den Anweisungen f\u00fcr Chrome, Microsoft Edge, Safari, Firefox und Opera folgen. Es ist jedoch m\u00f6glich, dass in diesem Fall Ihre Erfahrung als Besucher beeintr\u00e4chtigt wird. Um eine gute Navigationsqualit\u00e4t wiederherzustellen, m\u00fcssen in diesem Fall die technischen Cookies wiederhergestellt werden.<\/p>\n\n\n\n<h2 class=\"wp-block-heading\"><strong>Was ist ein statistisches <\/strong><strong><em>Cookie<\/em><\/strong><strong> und warum verwenden wir sie?<\/strong><\/h2>\n\n\n\n<p>Ein <strong>statistisches Cookie<\/strong> erm\u00f6glicht es, Ihre Nutzung einer Website zu analysieren, um Ihre Erfahrung zu verbessern und Ihnen einen auf Ihre Bed\u00fcrfnisse zugeschnittenen Dienst bereitzustellen. Diese Cookies liefern Statistiken wie die durchschnittliche Verweildauer auf einer Seite, die Anzahl der konsultierten Seiten, die H\u00e4ufigkeit, mit der eine Seite von einem Benutzer konsultiert wurde, die am h\u00e4ufigsten konsultierten Dienste.<\/p>\n\n\n\n<p>Deepki verwendet die folgenden Analyse-Cookies:<\/p>\n\n\n\n<figure class=\"wp-block-table\"><table class=\"has-fixed-layout\"><tbody><tr><td><strong>Name des Cookies<\/strong><\/td><td><strong>Externer Partner<\/strong><\/td><td><strong>Speicherdauer<\/strong><\/td><td><strong>Ziel des Cookies<\/strong><\/td><\/tr><tr><td>_ga<\/td><td>Google<\/td><td>2 Jahre<\/td><td>Besucheranalyse&nbsp;<\/td><\/tr><tr><td>_gat<\/td><td>Google<\/td><td>Sitzung<\/td><td>Besucheranalyse&nbsp;<\/td><\/tr><tr><td>_gid<\/td><td>Google<\/td><td>2 Tage<\/td><td>Besucheranalyse&nbsp;<\/td><\/tr><\/tbody><\/table><\/figure>\n\n\n\n<p>Wir verwenden statistische Cookies, die von den Aufsichtsbeh\u00f6rden als <strong>ausreichend sch\u00fctzend f\u00fcr Ihre Privatsph\u00e4re angesehen werden, um von der Zustimmung befreit zu sein<\/strong>. Daher k\u00f6nnen Sie diesen nicht \u00fcber das Cookie-Banner widersprechen. Im Gegensatz dazu verwenden wir auch statistische Cookies, die <strong>nicht von der Zustimmung befreit sind<\/strong> und die nur mit Ihrer vorherigen Zustimmung, die Sie \u00fcber unser Cookie-Banner erteilt haben, auf Ihrem Endger\u00e4t gespeichert werden k\u00f6nnen.<\/p>\n\n\n\n<h2 class=\"wp-block-heading\"><strong>Was ist ein Werbe-<\/strong><strong><em>Cookie<\/em><\/strong><strong>?<\/strong><\/h2>\n\n\n\n<p><strong>Werbe-Cookies<\/strong> erm\u00f6glichen es, das Verhalten der Benutzer und ihre Navigation auf der Website zu analysieren, um die Pr\u00e4ferenzen der Benutzer besser zu verstehen und ihnen gezielte und auf ihre Bed\u00fcrfnisse zugeschnittene Werbung anzubieten. Werbe-Cookies k\u00f6nnen entweder dazu dienen, Werbung auf einer Website bereitzustellen oder die Herkunftsquelle des Besuchers auf der Website zu identifizieren (z. B. Google, Bing usw.).<\/p>\n\n\n\n<p><strong>WIR GARANTIEREN IHNEN, DASS WIR KEINE WERBE-COOKIES F\u00dcR DEN BETRIEB UNSERER WEBSITE VERWENDEN<\/strong>.<\/p>\n\n\n\n<h2 class=\"wp-block-heading\"><strong>Welche personenbezogenen Daten verarbeiten wir mit unseren Cookies und f\u00fcr wie lange?<\/strong><\/h2>\n\n\n\n<p>Die von den von uns verwendeten Cookies verarbeiteten personenbezogenen Daten sind:<\/p>\n\n\n\n<ul class=\"wp-block-list\">\n<li>Ihre <strong>IP-Adresse<\/strong> und eine <strong>Benutzer-ID<\/strong>, die wir bei Ihrer ersten Verbindung erstellen, um Sie f\u00fcr eine maximale Dauer von <strong>13 Monaten<\/strong> wiederzuerkennen.<\/li>\n\n\n\n<li>Wenn Sie der Speicherung statistischer Cookies zustimmen, Ihre personenbezogenen Daten im Zusammenhang mit Ihrer Navigation auf unserer Website (z. B. besuchte Seiten, Navigationsdauer usw.) f\u00fcr eine maximale Dauer von <strong>13 Monaten, die vor jeder neuen Verbindung vor dem 14. Monat nicht verl\u00e4ngerbar ist<\/strong>.<\/li>\n\n\n\n<li>Im Rahmen der Verwendung von von der Zustimmung befreiten statistischen Cookies, nur Ihre <strong>IP-Adresse<\/strong>, die anschlie\u00dfend anonymisiert und somit unbrauchbar ist.<\/li>\n<\/ul>\n\n\n\n<p>Nach Ablauf der unten angegebenen Aufbewahrungsfristen speichern wir keine Daten \u00fcber Sie. Wir k\u00f6nnen Ihre Daten h\u00f6chstens zu Statistikzwecken anonymisieren.<\/p>\n\n\n\n<h2 class=\"wp-block-heading\"><strong>Auf welche Rechtsgrundlagen st\u00fctzen wir uns f\u00fcr die Verwendung Ihrer Cookies?<\/strong><\/h2>\n\n\n\n<p>Die Rechtsgrundlage f\u00fcr die Verarbeitung personenbezogener Daten im Zusammenhang mit funktionalen\/technischen Cookies und deren Verwendung erfolgt auf der Grundlage unserer <strong>berechtigten Interessen<\/strong> gem\u00e4\u00df Artikel 6 Absatz 1 Unterabsatz 1 Buchstabe f der DSGVO.<\/p>\n\n\n\n<p>Die Verarbeitung personenbezogener Daten, die mithilfe nicht-funktionaler\/technischer Cookies gesammelt werden, erfolgt auf der Grundlage unserer <strong>berechtigten Interessen<\/strong> oder, falls erforderlich, auf der Grundlage Ihrer <strong>Zustimmung<\/strong> gem\u00e4\u00df Artikel 6 Absatz S.1 Buchstabe a der DSGVO.<\/p>\n\n\n\n<h2 class=\"wp-block-heading\"><strong>Wie kontrollieren Sie die Verwendung von Cookies?<\/strong><\/h2>\n\n\n\n<p>Das Recht, Cookies abzulehnen, wird jederzeit \u00fcber unser <strong>Cookie-Banner<\/strong> ausge\u00fcbt.<\/p>\n\n\n\n<p>Falls das Cookie-Banner nicht mehr angezeigt wird, k\u00f6nnen Sie die Cookies auch \u00fcber den Reiter &#8222;<strong>Cookies verwalten<\/strong>&#8220; auf unserer Website oder direkt in Ihrem Browser konfigurieren, indem Sie den Anweisungen f\u00fcr Chrome, Microsoft Edge, Safari, Firefox und Opera folgen.<\/p>\n\n\n\n<h2 class=\"wp-block-heading\"><strong>Welche Rechte haben Sie zur Kontrolle der Verwendung Ihrer \u00fcber Cookies genutzten personenbezogenen Daten?<\/strong><\/h2>\n\n\n\n<p>Die geltenden Datenschutzbestimmungen gew\u00e4hren Ihnen <strong>spezifische Rechte<\/strong> , die Sie jederzeit und kostenlos aus\u00fcben k\u00f6nnen, um die Verwendung Ihrer Daten durch uns zu kontrollieren:<\/p>\n\n\n\n<ul class=\"wp-block-list\">\n<li><strong>Recht auf Zugang und Kopie<\/strong> Ihrer personenbezogenen Daten, sofern dieser Antrag nicht im Widerspruch zu Gesch\u00e4ftsgeheimnissen, Vertraulichkeit oder dem Briefgeheimnis steht.<\/li>\n\n\n\n<li><strong>Recht auf Berichtigung<\/strong> personenbezogener Daten, die fehlerhaft, veraltet oder unvollst\u00e4ndig w\u00e4ren.<\/li>\n\n\n\n<li><strong>Recht, die L\u00f6schung<\/strong> (&#8222;Recht auf Vergessenwerden&#8220;) Ihrer personenbezogenen Daten zu verlangen, die f\u00fcr das ordnungsgem\u00e4\u00dfe Funktionieren unserer Dienste nicht wesentlich sind.<\/li>\n\n\n\n<li><strong>Recht auf Einschr\u00e4nkung<\/strong> Ihrer personenbezogenen Daten, das es erm\u00f6glicht, die Nutzung Ihrer Daten im Falle eines Streits \u00fcber die Rechtm\u00e4\u00dfigkeit einer Verarbeitung zu &#8222;fotografieren&#8220;.<\/li>\n\n\n\n<li><strong>Recht auf Daten\u00fcbertragbarkeit<\/strong> , das Ihnen erm\u00f6glicht, einen Teil Ihrer personenbezogenen Daten wiederherzustellen, um sie einfach von einem Informationssystem auf ein anderes zu speichern oder zu \u00fcbertragen.<\/li>\n\n\n\n<li><strong>Recht, Anweisungen<\/strong> \u00fcber das Schicksal Ihrer Daten im Todesfall zu geben, entweder durch Sie selbst oder durch einen Dritten Ihres Vertrauens oder einen Rechtsnachfolger.<\/li>\n<\/ul>\n\n\n\n<p>Damit ein Antrag ber\u00fccksichtigt wird, muss er <strong>unbedingt direkt von Ihnen<\/strong> an die Adresse <strong>privacy@deepki.com<\/strong> gestellt werden. Jeder Antrag, der nicht auf diese Weise gestellt wird, kann nicht bearbeitet werden. Die Antr\u00e4ge d\u00fcrfen nicht von einer anderen Person als Ihnen selbst stammen. Wir k\u00f6nnen Sie daher um die Vorlage eines Identit\u00e4tsnachweises bitten, falls Zweifel an der Identit\u00e4t des Antragstellers bestehen. Die mitgeteilten Elemente dienen uns lediglich zur \u00dcberpr\u00fcfung Ihrer Identit\u00e4t und werden nicht gespeichert.<\/p>\n\n\n\n<p>Wir werden Ihren Antrag so schnell wie m\u00f6glich beantworten, mit einer H\u00f6chstfrist von <strong>drei Monaten<\/strong> ab dem Eingang, falls der Antrag technisch komplex ist oder wir viele Antr\u00e4ge gleichzeitig erhalten. Bitte beachten Sie, dass wir jederzeit ablehnen k\u00f6nnen, auf \u00fcberm\u00e4\u00dfige oder unbegr\u00fcndete Antr\u00e4ge zu antworten, insbesondere in Bezug auf deren Wiederholungscharakter.<\/p>\n\n\n\n<h2 class=\"wp-block-heading\"><strong>K\u00f6nnen Ihre \u00fcber unsere Cookies verwendeten personenbezogenen Daten au\u00dferhalb der Europ\u00e4ischen Union \u00fcbertragen werden?<\/strong><\/h2>\n\n\n\n<p>Die statistischen Cookies, die wir verwenden, k\u00f6nnen Ihre IP-Adresse und Ihre Benutzer-ID <strong>au\u00dferhalb der Europ\u00e4ischen Union<\/strong> senden, um zu funktionieren. In diesem Fall garantieren wir, dass diese Tools die geltenden Regeln f\u00fcr \u00dcbertragungen strikt einhalten, um eine angemessene Vertraulichkeit und Schutz Ihrer personenbezogenen Daten zu gew\u00e4hrleisten.<\/p>\n\n\n\n<p>Die befreiten statistischen Cookies, die wir verwenden, sind anonymisiert. Daher findet keine Daten\u00fcbertragung au\u00dferhalb der Europ\u00e4ischen Union statt.<\/p>\n\n\n\n<h2 class=\"wp-block-heading\"><strong>Wen k\u00f6nnen Sie kontaktieren, um weitere Informationen \u00fcber die Verwendung Ihrer personenbezogenen Daten zu erhalten?<\/strong><\/h2>\n\n\n\n<p>Um den Schutz und die Integrit\u00e4t Ihrer Daten bestm\u00f6glich zu gew\u00e4hrleisten, haben wir offiziell einen <strong>unabh\u00e4ngigen Datenschutzbeauftragten (&#8222;DPO&#8220;)<\/strong> bei unserer Aufsichtsbeh\u00f6rde ernannt.<\/p>\n\n\n\n<p>Sie k\u00f6nnen unseren DPO jederzeit und kostenlos unter der Adresse <strong>privacy@deepki.com<\/strong> kontaktieren, um weitere Informationen oder Details zur Verarbeitung Ihrer Daten durch uns zu erhalten.<\/p>\n\n\n\n<h2 class=\"wp-block-heading\"><strong>Wie k\u00f6nnen Sie die CNIL kontaktieren?<\/strong><\/h2>\n\n\n\n<p>Sie k\u00f6nnen die &#8222;<strong>Commission nationale de l&#8217;informatique et des libert\u00e9s<\/strong>&#8220; oder &#8222;<strong>CNIL<\/strong>&#8220; jederzeit unter folgenden Kontaktdaten kontaktieren: Service des plaintes de la CNIL, 3 place de Fontenoy &#8211; TSA 80751, 75334 Paris Cedex 07 oder telefonisch unter 01.53.73.22.22.<\/p>\n\n\n\n<h2 class=\"wp-block-heading\"><strong>Kann die Cookie-Nutzungsrichtlinie ge\u00e4ndert werden?<\/strong><\/h2>\n\n\n\n<p>Wir k\u00f6nnen unsere Cookie-Nutzungsrichtlinie jederzeit \u00e4ndern, um sie an neue gesetzliche Anforderungen sowie an neue Verarbeitungen anzupassen, die wir in Zukunft einf\u00fchren k\u00f6nnten.<\/p>\n","protected":false},"excerpt":{"rendered":"<p>Was ist der Zweck unserer Cookie-Nutzungsrichtlinie? Deepki, das die Websites von Deepki SAS (die Website Deepki.com) verwaltet, legt gro\u00dfen Wert auf die Vertraulichkeit Ihrer personenbezogenen Daten. Dies ist f\u00fcr uns ein Zeichen von Seriosit\u00e4t und Vertrauen, auch in Bezug auf Cookies oder &#8222;Tracker&#8220;. Daher spiegelt unsere Cookie-Nutzungsrichtlinie genau unser Engagement wider, innerhalb von Deepki und [&hellip;]<\/p>\n","protected":false},"author":77,"featured_media":61715,"parent":0,"menu_order":0,"comment_status":"closed","ping_status":"closed","template":"page-templates\/p-and-c-page.php","meta":{"inline_featured_image":false,"footnotes":""},"class_list":["post-62628","page","type-page","status-publish","has-post-thumbnail","hentry"],"yoast_head":"<!-- This site is optimized with the Yoast SEO plugin v27.3 - https:\/\/yoast.com\/product\/yoast-seo-wordpress\/ -->\n<title>Richtlinie zur Verwendung von Cookies - Deepki<\/title>\n<meta name=\"description\" content=\"Deepki Cookie-Richtlinie: \u00dcber Cookies, Erhebung und Nutzung.\" \/>\n<meta name=\"robots\" content=\"index, follow, max-snippet:-1, max-image-preview:large, max-video-preview:-1\" \/>\n<link rel=\"canonical\" href=\"https:\/\/www.deepki.com\/de\/cookie-richtlinie\/\" \/>\n<meta property=\"og:locale\" content=\"de_DE\" \/>\n<meta property=\"og:type\" content=\"article\" \/>\n<meta property=\"og:title\" content=\"Richtlinie zur Verwendung von Cookies - Deepki\" \/>\n<meta property=\"og:description\" content=\"Deepki Cookie-Richtlinie: \u00dcber Cookies, Erhebung und Nutzung.\" \/>\n<meta property=\"og:url\" content=\"https:\/\/www.deepki.com\/de\/cookie-richtlinie\/\" \/>\n<meta property=\"og:site_name\" content=\"Deepki\" \/>\n<meta property=\"article:publisher\" content=\"https:\/\/www.facebook.com\/DeepkiSAS\/\" \/>\n<meta property=\"article:modified_time\" content=\"2025-12-03T11:17:51+00:00\" \/>\n<meta property=\"og:image\" content=\"https:\/\/www.deepki.com\/web\/wp-content\/uploads\/2021\/08\/Home_FI.jpg\" \/>\n\t<meta property=\"og:image:width\" content=\"1200\" \/>\n\t<meta property=\"og:image:height\" content=\"628\" \/>\n\t<meta property=\"og:image:type\" content=\"image\/jpeg\" \/>\n<meta name=\"twitter:card\" content=\"summary_large_image\" \/>\n<meta name=\"twitter:site\" content=\"@DeepkiSAS\" \/>\n<meta name=\"twitter:label1\" content=\"Gesch\u00e4tzte Lesezeit\" \/>\n\t<meta name=\"twitter:data1\" content=\"7\u00a0Minuten\" \/>\n<script type=\"application\/ld+json\" class=\"yoast-schema-graph\">{\"@context\":\"https:\\\/\\\/schema.org\",\"@graph\":[{\"@type\":\"WebPage\",\"@id\":\"https:\\\/\\\/www.deepki.com\\\/de\\\/cookie-richtlinie\\\/\",\"url\":\"https:\\\/\\\/www.deepki.com\\\/de\\\/cookie-richtlinie\\\/\",\"name\":\"Richtlinie zur Verwendung von Cookies - Deepki\",\"isPartOf\":{\"@id\":\"https:\\\/\\\/www.deepki.com\\\/de\\\/#website\"},\"primaryImageOfPage\":{\"@id\":\"https:\\\/\\\/www.deepki.com\\\/de\\\/cookie-richtlinie\\\/#primaryimage\"},\"image\":{\"@id\":\"https:\\\/\\\/www.deepki.com\\\/de\\\/cookie-richtlinie\\\/#primaryimage\"},\"thumbnailUrl\":\"https:\\\/\\\/www.deepki.com\\\/web\\\/wp-content\\\/uploads\\\/2021\\\/08\\\/Home_FI.jpg\",\"datePublished\":\"2025-12-03T11:17:50+00:00\",\"dateModified\":\"2025-12-03T11:17:51+00:00\",\"description\":\"Deepki Cookie-Richtlinie: \u00dcber Cookies, Erhebung und Nutzung.\",\"breadcrumb\":{\"@id\":\"https:\\\/\\\/www.deepki.com\\\/de\\\/cookie-richtlinie\\\/#breadcrumb\"},\"inLanguage\":\"de\",\"potentialAction\":[{\"@type\":\"ReadAction\",\"target\":[\"https:\\\/\\\/www.deepki.com\\\/de\\\/cookie-richtlinie\\\/\"]}]},{\"@type\":\"ImageObject\",\"inLanguage\":\"de\",\"@id\":\"https:\\\/\\\/www.deepki.com\\\/de\\\/cookie-richtlinie\\\/#primaryimage\",\"url\":\"https:\\\/\\\/www.deepki.com\\\/web\\\/wp-content\\\/uploads\\\/2021\\\/08\\\/Home_FI.jpg\",\"contentUrl\":\"https:\\\/\\\/www.deepki.com\\\/web\\\/wp-content\\\/uploads\\\/2021\\\/08\\\/Home_FI.jpg\",\"width\":1200,\"height\":628},{\"@type\":\"BreadcrumbList\",\"@id\":\"https:\\\/\\\/www.deepki.com\\\/de\\\/cookie-richtlinie\\\/#breadcrumb\",\"itemListElement\":[{\"@type\":\"ListItem\",\"position\":1,\"name\":\"Home\",\"item\":\"https:\\\/\\\/www.deepki.com\\\/de\\\/\"},{\"@type\":\"ListItem\",\"position\":2,\"name\":\"Richtlinie zur Verwendung von Cookies\"}]},{\"@type\":\"WebSite\",\"@id\":\"https:\\\/\\\/www.deepki.com\\\/de\\\/#website\",\"url\":\"https:\\\/\\\/www.deepki.com\\\/de\\\/\",\"name\":\"Deepki\",\"description\":\"Together, let&#039;s make your real estate more sustainable thanks to data!\",\"publisher\":{\"@id\":\"https:\\\/\\\/www.deepki.com\\\/de\\\/#organization\"},\"potentialAction\":[{\"@type\":\"SearchAction\",\"target\":{\"@type\":\"EntryPoint\",\"urlTemplate\":\"https:\\\/\\\/www.deepki.com\\\/de\\\/?s={search_term_string}\"},\"query-input\":{\"@type\":\"PropertyValueSpecification\",\"valueRequired\":true,\"valueName\":\"search_term_string\"}}],\"inLanguage\":\"de\"},{\"@type\":\"Organization\",\"@id\":\"https:\\\/\\\/www.deepki.com\\\/de\\\/#organization\",\"name\":\"Deepki\",\"url\":\"https:\\\/\\\/www.deepki.com\\\/de\\\/\",\"logo\":{\"@type\":\"ImageObject\",\"inLanguage\":\"de\",\"@id\":\"https:\\\/\\\/www.deepki.com\\\/de\\\/#\\\/schema\\\/logo\\\/image\\\/\",\"url\":\"https:\\\/\\\/www.deepki.com\\\/web\\\/wp-content\\\/uploads\\\/2021\\\/08\\\/deepki-logo.jpg\",\"contentUrl\":\"https:\\\/\\\/www.deepki.com\\\/web\\\/wp-content\\\/uploads\\\/2021\\\/08\\\/deepki-logo.jpg\",\"width\":880,\"height\":360,\"caption\":\"Deepki\"},\"image\":{\"@id\":\"https:\\\/\\\/www.deepki.com\\\/de\\\/#\\\/schema\\\/logo\\\/image\\\/\"},\"sameAs\":[\"https:\\\/\\\/www.facebook.com\\\/DeepkiSAS\\\/\",\"https:\\\/\\\/x.com\\\/DeepkiSAS\",\"https:\\\/\\\/www.linkedin.com\\\/company\\\/deepki\"]}]}<\/script>\n<!-- \/ Yoast SEO plugin. -->","yoast_head_json":{"title":"Richtlinie zur Verwendung von Cookies - Deepki","description":"Deepki Cookie-Richtlinie: \u00dcber Cookies, Erhebung und Nutzung.","robots":{"index":"index","follow":"follow","max-snippet":"max-snippet:-1","max-image-preview":"max-image-preview:large","max-video-preview":"max-video-preview:-1"},"canonical":"https:\/\/www.deepki.com\/de\/cookie-richtlinie\/","og_locale":"de_DE","og_type":"article","og_title":"Richtlinie zur Verwendung von Cookies - Deepki","og_description":"Deepki Cookie-Richtlinie: \u00dcber Cookies, Erhebung und Nutzung.","og_url":"https:\/\/www.deepki.com\/de\/cookie-richtlinie\/","og_site_name":"Deepki","article_publisher":"https:\/\/www.facebook.com\/DeepkiSAS\/","article_modified_time":"2025-12-03T11:17:51+00:00","og_image":[{"width":1200,"height":628,"url":"https:\/\/www.deepki.com\/web\/wp-content\/uploads\/2021\/08\/Home_FI.jpg","type":"image\/jpeg"}],"twitter_card":"summary_large_image","twitter_site":"@DeepkiSAS","twitter_misc":{"Gesch\u00e4tzte Lesezeit":"7\u00a0Minuten"},"schema":{"@context":"https:\/\/schema.org","@graph":[{"@type":"WebPage","@id":"https:\/\/www.deepki.com\/de\/cookie-richtlinie\/","url":"https:\/\/www.deepki.com\/de\/cookie-richtlinie\/","name":"Richtlinie zur Verwendung von Cookies - Deepki","isPartOf":{"@id":"https:\/\/www.deepki.com\/de\/#website"},"primaryImageOfPage":{"@id":"https:\/\/www.deepki.com\/de\/cookie-richtlinie\/#primaryimage"},"image":{"@id":"https:\/\/www.deepki.com\/de\/cookie-richtlinie\/#primaryimage"},"thumbnailUrl":"https:\/\/www.deepki.com\/web\/wp-content\/uploads\/2021\/08\/Home_FI.jpg","datePublished":"2025-12-03T11:17:50+00:00","dateModified":"2025-12-03T11:17:51+00:00","description":"Deepki Cookie-Richtlinie: \u00dcber Cookies, Erhebung und Nutzung.","breadcrumb":{"@id":"https:\/\/www.deepki.com\/de\/cookie-richtlinie\/#breadcrumb"},"inLanguage":"de","potentialAction":[{"@type":"ReadAction","target":["https:\/\/www.deepki.com\/de\/cookie-richtlinie\/"]}]},{"@type":"ImageObject","inLanguage":"de","@id":"https:\/\/www.deepki.com\/de\/cookie-richtlinie\/#primaryimage","url":"https:\/\/www.deepki.com\/web\/wp-content\/uploads\/2021\/08\/Home_FI.jpg","contentUrl":"https:\/\/www.deepki.com\/web\/wp-content\/uploads\/2021\/08\/Home_FI.jpg","width":1200,"height":628},{"@type":"BreadcrumbList","@id":"https:\/\/www.deepki.com\/de\/cookie-richtlinie\/#breadcrumb","itemListElement":[{"@type":"ListItem","position":1,"name":"Home","item":"https:\/\/www.deepki.com\/de\/"},{"@type":"ListItem","position":2,"name":"Richtlinie zur Verwendung von Cookies"}]},{"@type":"WebSite","@id":"https:\/\/www.deepki.com\/de\/#website","url":"https:\/\/www.deepki.com\/de\/","name":"Deepki","description":"Together, let&#039;s make your real estate more sustainable thanks to data!","publisher":{"@id":"https:\/\/www.deepki.com\/de\/#organization"},"potentialAction":[{"@type":"SearchAction","target":{"@type":"EntryPoint","urlTemplate":"https:\/\/www.deepki.com\/de\/?s={search_term_string}"},"query-input":{"@type":"PropertyValueSpecification","valueRequired":true,"valueName":"search_term_string"}}],"inLanguage":"de"},{"@type":"Organization","@id":"https:\/\/www.deepki.com\/de\/#organization","name":"Deepki","url":"https:\/\/www.deepki.com\/de\/","logo":{"@type":"ImageObject","inLanguage":"de","@id":"https:\/\/www.deepki.com\/de\/#\/schema\/logo\/image\/","url":"https:\/\/www.deepki.com\/web\/wp-content\/uploads\/2021\/08\/deepki-logo.jpg","contentUrl":"https:\/\/www.deepki.com\/web\/wp-content\/uploads\/2021\/08\/deepki-logo.jpg","width":880,"height":360,"caption":"Deepki"},"image":{"@id":"https:\/\/www.deepki.com\/de\/#\/schema\/logo\/image\/"},"sameAs":["https:\/\/www.facebook.com\/DeepkiSAS\/","https:\/\/x.com\/DeepkiSAS","https:\/\/www.linkedin.com\/company\/deepki"]}]}},"_links":{"self":[{"href":"https:\/\/www.deepki.com\/de\/wp-json\/wp\/v2\/pages\/62628","targetHints":{"allow":["GET"]}}],"collection":[{"href":"https:\/\/www.deepki.com\/de\/wp-json\/wp\/v2\/pages"}],"about":[{"href":"https:\/\/www.deepki.com\/de\/wp-json\/wp\/v2\/types\/page"}],"author":[{"embeddable":true,"href":"https:\/\/www.deepki.com\/de\/wp-json\/wp\/v2\/users\/77"}],"replies":[{"embeddable":true,"href":"https:\/\/www.deepki.com\/de\/wp-json\/wp\/v2\/comments?post=62628"}],"version-history":[{"count":4,"href":"https:\/\/www.deepki.com\/de\/wp-json\/wp\/v2\/pages\/62628\/revisions"}],"predecessor-version":[{"id":100182,"href":"https:\/\/www.deepki.com\/de\/wp-json\/wp\/v2\/pages\/62628\/revisions\/100182"}],"wp:featuredmedia":[{"embeddable":true,"href":"https:\/\/www.deepki.com\/de\/wp-json\/wp\/v2\/media\/61715"}],"wp:attachment":[{"href":"https:\/\/www.deepki.com\/de\/wp-json\/wp\/v2\/media?parent=62628"}],"curies":[{"name":"wp","href":"https:\/\/api.w.org\/{rel}","templated":true}]}}