{"id":63453,"date":"2022-02-02T15:47:58","date_gmt":"2022-02-02T15:47:58","guid":{"rendered":"https:\/\/www.deepki.com\/?page_id=63453"},"modified":"2025-09-23T12:17:03","modified_gmt":"2025-09-23T10:17:03","slug":"iso-27001","status":"publish","type":"page","link":"https:\/\/www.deepki.com\/de\/ueber-uns\/iso-27001\/","title":{"rendered":"ISO 27001"},"content":{"rendered":"<div class=\"center page-header-small white charcoal-grey-bg relative \">\t\r\n\t<div class=\"homepage-header-row\" style=\"background-image:url('https:\/\/www.deepki.com\/web\/wp-content\/uploads\/2021\/12\/laptop-g2e17c1247_1920-1-1440x550.jpg')\">\r\n\t\t<div class=\"homepage-header-cell page-header contact-page-header page-header\">\r\n\t\t\t<div class=\"center\"> \r\n\t\t\t\t\t\t\t\t\t<h1 class=\"homepage-h1\">Die Deepki Plattform ist zertifiziert nach <span>DIN EN ISO\/IEC 27001:2022<\/span><\/h1>\r\n\t\t\t\t\t\t\t\t\t\r\n\t\t\t\r\n\t\t\t<\/div>\t\r\n\t\t<\/div>\t\r\n\t<\/div>\t\r\n<\/div>\t\t\t\t\r\n\n\n\n<div class=\"wp-block-group padding6-5-7 padding-on-mobile has-t-white-background-color has-background\"><div class=\"wp-block-group__inner-container is-layout-flow wp-block-group-is-layout-flow\">\n<h1 class=\"wp-block-heading has-impact-green-color has-text-color\"><strong>Bei Deepki steht der Schutz Ihrer Daten an erster Stelle.<\/strong><\/h1>\n\n\n\n<div class=\"wp-block-columns is-layout-flex wp-container-core-columns-is-layout-9d6595d7 wp-block-columns-is-layout-flex\">\n<div class=\"wp-block-column is-layout-flow wp-block-column-is-layout-flow\">\n<p><\/p>\n\n\n\n<p>Diese Zertifizierung garantiert ein H\u00f6chstma\u00df an <strong>Sicherheit<\/strong> f\u00fcr Kunden und Partner.<\/p>\n\n\n\n<p>Seit 2014 begleitet Deepki Immobilien-Stakeholder bei der Umsetzung ihrer Net-Zero-Strategien. Deepki ist das einzige Unternehmen, das umfassende Nachhaltigkeitsl\u00f6sungen anbietet, die auf zwei Kernelementen basieren: einer umfassend aufgestellten, kollaborativen Nachhaltigkeits-Datenintelligenz-SaaS-Plattform und fachkundiger Beratungsleistung im Immobilienbereich. Die End-to-End-L\u00f6sung nutzt Kundendaten, um die Nachhaltigkeitsperformance zu optimieren und den Wert von Immobilien zu maximieren.&nbsp;<\/p>\n\n\n\n<p>Deepki setzt alles daran, die Sicherheit der Unternehmens- sowie Kundendaten zu gew\u00e4hrleisten. Zu diesem Zweck wurde <strong>die Deepki <strong>Plattform<\/strong> nach ISO 27001 zertifiziert <\/strong>&#8211; ein wesentlicher Bestandteil, der Stakeholdern <strong>Vertrauen, Verantwortung und Sicherheit garantiert<\/strong>.&nbsp;&nbsp;&nbsp;<\/p>\n<\/div>\n\n\n\n<div class=\"wp-block-column is-layout-flow wp-block-column-is-layout-flow\">\n<figure class=\"wp-block-image size-full\"><img decoding=\"async\" width=\"630\" height=\"630\" src=\"https:\/\/www.deepki.com\/web\/wp-content\/uploads\/2022\/01\/Deepki_Logo_Connector_Blue.png\" alt=\"\" class=\"wp-image-63406\" srcset=\"https:\/\/www.deepki.com\/web\/wp-content\/uploads\/2022\/01\/Deepki_Logo_Connector_Blue.png 630w, https:\/\/www.deepki.com\/web\/wp-content\/uploads\/2022\/01\/Deepki_Logo_Connector_Blue-300x300.png 300w, https:\/\/www.deepki.com\/web\/wp-content\/uploads\/2022\/01\/Deepki_Logo_Connector_Blue-150x150.png 150w, https:\/\/www.deepki.com\/web\/wp-content\/uploads\/2022\/01\/Deepki_Logo_Connector_Blue-80x80.png 80w, https:\/\/www.deepki.com\/web\/wp-content\/uploads\/2022\/01\/Deepki_Logo_Connector_Blue-160x160.png 160w, https:\/\/www.deepki.com\/web\/wp-content\/uploads\/2022\/01\/Deepki_Logo_Connector_Blue-310x310.png 310w, https:\/\/www.deepki.com\/web\/wp-content\/uploads\/2022\/01\/Deepki_Logo_Connector_Blue-420x420.png 420w\" sizes=\"(max-width: 630px) 100vw, 630px\" \/><\/figure>\n<\/div>\n<\/div>\n\n\n<div class=\"custom-2x-img-btns\"><\/div><\/div><\/div>\n\n\n\n<div class=\"wp-block-group\"><div class=\"wp-block-group__inner-container is-layout-flow wp-block-group-is-layout-flow\">\n<div class=\"wp-block-columns has-t-black-color has-gauze-grey-background-color has-text-color has-background is-layout-flex wp-container-core-columns-is-layout-9d6595d7 wp-block-columns-is-layout-flex\">\n<div class=\"wp-block-column is-layout-flow wp-block-column-is-layout-flow\"><div class=\"wp-block-image\">\n<figure class=\"aligncenter size-full is-resized\"><img decoding=\"async\" src=\"https:\/\/www.deepki.com\/web\/wp-content\/uploads\/2022\/01\/Handshake.svg\" alt=\"\" class=\"wp-image-63055\" style=\"width:120px;height:120px\"\/><\/figure>\n<\/div>\n\n\n<h2 class=\"wp-block-heading has-text-align-center\">Unversehrtheit<\/h2>\n<\/div>\n\n\n\n<div class=\"wp-block-column is-layout-flow wp-block-column-is-layout-flow\"><div class=\"wp-block-image\">\n<figure class=\"aligncenter size-medium is-resized\"><img decoding=\"async\" src=\"https:\/\/www.deepki.com\/web\/wp-content\/uploads\/2022\/01\/Fingerprint_Icon.svg\" alt=\"\" class=\"wp-image-63062\" style=\"width:120px;height:120px\"\/><\/figure>\n<\/div>\n\n\n<h2 class=\"wp-block-heading has-text-align-center\">Vertraulichkeit<\/h2>\n<\/div>\n\n\n\n<div class=\"wp-block-column is-layout-flow wp-block-column-is-layout-flow\"><div class=\"wp-block-image\">\n<figure class=\"aligncenter size-medium is-resized\"><img decoding=\"async\" src=\"https:\/\/www.deepki.com\/web\/wp-content\/uploads\/2022\/01\/Cadenas.svg\" alt=\"\" class=\"wp-image-63067\" style=\"width:120px;height:120px\"\/><\/figure>\n<\/div>\n\n\n<h2 class=\"wp-block-heading has-text-align-center\">Sicherheit<\/h2>\n<\/div>\n<\/div>\n<\/div><\/div>\n\n\n\n<div class=\"wp-block-group alignfull has-t-white-background-color has-background\"><div class=\"wp-block-group__inner-container is-layout-flow wp-block-group-is-layout-flow\">\n<div style=\"height:100px\" aria-hidden=\"true\" class=\"wp-block-spacer\"><\/div>\n\n\n\n<div class=\"wp-block-columns is-layout-flex wp-container-core-columns-is-layout-9d6595d7 wp-block-columns-is-layout-flex\">\n<div class=\"wp-block-column is-layout-flow wp-block-column-is-layout-flow\">\n<figure class=\"wp-block-image size-large\"><img decoding=\"async\" width=\"1024\" height=\"663\" src=\"https:\/\/www.deepki.com\/web\/wp-content\/uploads\/2021\/12\/job-image-1024x663.jpg\" alt=\"\" class=\"wp-image-62936\" srcset=\"https:\/\/www.deepki.com\/web\/wp-content\/uploads\/2021\/12\/job-image-1024x663.jpg 1024w, https:\/\/www.deepki.com\/web\/wp-content\/uploads\/2021\/12\/job-image-300x194.jpg 300w, https:\/\/www.deepki.com\/web\/wp-content\/uploads\/2021\/12\/job-image-768x497.jpg 768w, https:\/\/www.deepki.com\/web\/wp-content\/uploads\/2021\/12\/job-image-1536x995.jpg 1536w, https:\/\/www.deepki.com\/web\/wp-content\/uploads\/2021\/12\/job-image-80x52.jpg 80w, https:\/\/www.deepki.com\/web\/wp-content\/uploads\/2021\/12\/job-image-247x160.jpg 247w, https:\/\/www.deepki.com\/web\/wp-content\/uploads\/2021\/12\/job-image.jpg 1728w\" sizes=\"(max-width: 1024px) 100vw, 1024px\" \/><\/figure>\n\n\n\n<h2 class=\"wp-block-heading\"><strong>Warum hat Deepki die Norm ISO 27001 gew\u00e4hlt?&nbsp;<\/strong><\/h2>\n\n\n\n<p>Die ISO 27001-Zertifizierung ist ein internationaler Standard im Bereich der <strong>Cybersicherheit<\/strong>, die von der Internationalen Organisation f\u00fcr Normung (ISO) entwickelt wurde. Die Norm verpflichtet die zertifizierten Unternehmen, bew\u00e4hrte Verfahren einzuf\u00fchren, um eine <strong>360-Grad-Sicherheit<\/strong> zu erreichen. F\u00fcr Deepki bedeutete das die Implementierung eines Sicherheitssystems f\u00fcr die Deepki Plattform.<\/p>\n<\/div>\n\n\n\n<div class=\"wp-block-column is-layout-flow wp-block-column-is-layout-flow\">\n<figure class=\"wp-block-image size-large\"><img decoding=\"async\" width=\"1024\" height=\"663\" src=\"https:\/\/www.deepki.com\/web\/wp-content\/uploads\/2021\/12\/danial-igdery-image-1024x663.jpg\" alt=\"\" class=\"wp-image-62941\" srcset=\"https:\/\/www.deepki.com\/web\/wp-content\/uploads\/2021\/12\/danial-igdery-image-1024x663.jpg 1024w, https:\/\/www.deepki.com\/web\/wp-content\/uploads\/2021\/12\/danial-igdery-image-300x194.jpg 300w, https:\/\/www.deepki.com\/web\/wp-content\/uploads\/2021\/12\/danial-igdery-image-768x497.jpg 768w, https:\/\/www.deepki.com\/web\/wp-content\/uploads\/2021\/12\/danial-igdery-image-1536x995.jpg 1536w, https:\/\/www.deepki.com\/web\/wp-content\/uploads\/2021\/12\/danial-igdery-image-80x52.jpg 80w, https:\/\/www.deepki.com\/web\/wp-content\/uploads\/2021\/12\/danial-igdery-image-247x160.jpg 247w, https:\/\/www.deepki.com\/web\/wp-content\/uploads\/2021\/12\/danial-igdery-image.jpg 1728w\" sizes=\"(max-width: 1024px) 100vw, 1024px\" \/><\/figure>\n\n\n\n<h2 class=\"wp-block-heading\">Was sind die Vorteile eines ISMS?<\/h2>\n\n\n\n<p>Das Information Security Management System (ISMS) von Deepki entspricht der ISO 27001 und gew\u00e4hrleistet <strong>die Vertraulichkeit, Unversehrtheit und Verf\u00fcgbarkeit der Kundendaten<\/strong>. Das ISMS von Deepki definiert die n\u00f6tigen technischen und organisatorischen Ma\u00dfnahmen und erm\u00f6glicht die Umsetzung einer Datensicherheitspolitik, die auf die Bed\u00fcrfnisse von Deepki und seinen Kunden zugeschnitten ist. Das System wird kontinuierlich weiterentwickelt, um einen reibungslosen Betriebsablauf zu gew\u00e4hrleisten, der stets auf dem neusten Stand ist.<\/p>\n<\/div>\n<\/div>\n\n\n\n<div style=\"height:100px\" aria-hidden=\"true\" class=\"wp-block-spacer\"><\/div>\n\n\n<div class=\"gauze-grey-bg custom-text-left-img-right\"><div class=\"width-wrapper\">\r\n\t<div class=\"wp-block-columns\">\r\n\t\t<div class=\"wp-block-column\">\r\n\t\t\t<h2>Die Zertifizierung beweist unseren Kunden und Stakeholdern, dass wir uns der Probleme im Zusammenhang mit dem Thema Informationssicherheit bewusst sind. Der Erhalt dieser Zertifizierung ist das Ergebnis des t\u00e4glichen Engagements jedes einzelnen Mitglieds unseres Teams.<\/h2><p><b>Jean-Philippe Caruana<\/b><\/p><p>CTO chez Deepki<\/p>\t\t<\/div>\r\n\t\t<div class=\"wp-block-column align-right\">\r\n\t\t\t<img decoding=\"async\" width=\"420\" height=\"400\" src=\"https:\/\/www.deepki.com\/web\/wp-content\/uploads\/2021\/12\/Jean-Philippe_CARUANA-1-5-420x400.jpg\" class=\"attachment-custom-block-right-img size-custom-block-right-img\" alt=\"\" \/>\t\t<\/div>\r\n\t<\/div>\r\n<\/div>\r\n<\/div>\r\n\t\n\n\n<p><\/p>\n<\/div><\/div>\n\n\n\n<div class=\"wp-block-group alignfull has-heritage-green-background-color has-background\"><div class=\"wp-block-group__inner-container is-layout-flow wp-block-group-is-layout-flow\"><\/div><\/div>\n\n\n\n<div class=\"wp-block-group alignfull has-heritage-green-background-color has-background\"><div class=\"wp-block-group__inner-container is-layout-flow wp-block-group-is-layout-flow\">\n<h2 class=\"wp-block-heading has-text-align-center has-t-white-color has-text-color\">Wir engagieren uns<\/h2>\n\n\n\n<div class=\"wp-block-columns is-layout-flex wp-container-core-columns-is-layout-9d6595d7 wp-block-columns-is-layout-flex\">\n<div class=\"wp-block-column has-t-white-color has-text-color is-layout-flow wp-block-column-is-layout-flow\">\n<div class=\"wp-block-columns is-layout-flex wp-container-core-columns-is-layout-9d6595d7 wp-block-columns-is-layout-flex\">\n<div class=\"wp-block-column is-layout-flow wp-block-column-is-layout-flow\">\n<p class=\"has-t-white-color has-text-color\"><strong>die Deepki Plattform vor externen Bedrohungen wie Malware zu sch\u00fctzen<\/strong><\/p>\n<\/div>\n\n\n\n<div class=\"wp-block-column is-layout-flow wp-block-column-is-layout-flow\">\n<p><strong>die interne Nutzung von Kundendaten zu \u00fcberwachen<\/strong><\/p>\n<\/div>\n<\/div>\n<\/div>\n\n\n\n<div class=\"wp-block-column has-t-white-color has-text-color is-layout-flow wp-block-column-is-layout-flow\">\n<div class=\"wp-block-columns is-layout-flex wp-container-core-columns-is-layout-9d6595d7 wp-block-columns-is-layout-flex\">\n<div class=\"wp-block-column is-layout-flow wp-block-column-is-layout-flow\">\n<p><strong>die Sicherheit der gehosteten Daten zu gew\u00e4hrleisten<\/strong><\/p>\n<\/div>\n\n\n\n<div class=\"wp-block-column is-layout-flow wp-block-column-is-layout-flow\">\n<p><strong>das ISMS kontinuierlich an die Weiterentwicklungen der ISO 27001 Norm anzupassen<\/strong><\/p>\n<\/div>\n<\/div>\n<\/div>\n<\/div>\n<\/div><\/div>\n\n\n\n<div class=\"wp-block-group alignfull has-heritage-green-background-color has-background\"><div class=\"wp-block-group__inner-container is-layout-flow wp-block-group-is-layout-flow\"><\/div><\/div>\n\n\n\n<div class=\"wp-block-group alignfull padding6-5-7 padding-on-mobile has-t-white-background-color has-background\"><div class=\"wp-block-group__inner-container is-layout-flow wp-block-group-is-layout-flow\">\n<h2 class=\"wp-block-heading\"><\/h2>\n\n\n\n<div class=\"wp-block-columns is-layout-flex wp-container-core-columns-is-layout-9d6595d7 wp-block-columns-is-layout-flex\">\n<div class=\"wp-block-column is-layout-flow wp-block-column-is-layout-flow\" style=\"flex-basis:33.33%\">\n<figure class=\"wp-block-image size-large\"><img decoding=\"async\" width=\"1024\" height=\"683\" src=\"https:\/\/www.deepki.com\/web\/wp-content\/uploads\/2022\/01\/computer_john-schnobrich-1024x683.jpg\" alt=\"\" class=\"wp-image-63418\" srcset=\"https:\/\/www.deepki.com\/web\/wp-content\/uploads\/2022\/01\/computer_john-schnobrich-1024x683.jpg 1024w, https:\/\/www.deepki.com\/web\/wp-content\/uploads\/2022\/01\/computer_john-schnobrich-300x200.jpg 300w, https:\/\/www.deepki.com\/web\/wp-content\/uploads\/2022\/01\/computer_john-schnobrich-768x512.jpg 768w, https:\/\/www.deepki.com\/web\/wp-content\/uploads\/2022\/01\/computer_john-schnobrich-1536x1024.jpg 1536w, https:\/\/www.deepki.com\/web\/wp-content\/uploads\/2022\/01\/computer_john-schnobrich-2048x1365.jpg 2048w, https:\/\/www.deepki.com\/web\/wp-content\/uploads\/2022\/01\/computer_john-schnobrich-80x53.jpg 80w, https:\/\/www.deepki.com\/web\/wp-content\/uploads\/2022\/01\/computer_john-schnobrich-240x160.jpg 240w\" sizes=\"(max-width: 1024px) 100vw, 1024px\" \/><\/figure>\n<\/div>\n\n\n\n<div class=\"wp-block-column is-layout-flow wp-block-column-is-layout-flow\" style=\"flex-basis:66.66%\">\n<p>\u200bMit der Weiterentwicklung der Produkte und Dienstleistungen von Deepki entwickelt sich auch das Information Security Management System weiter. So stellt Deepki sicher, dass die Leistung seines Sicherheitssystems regelm\u00e4\u00dfig \u00fcberwacht und bei Bedarf entsprechend den Anforderungen der ISO 27001 und den damit verbundenen Verpflichtungen des Unternehmens aktualisiert wird.<\/p>\n\n\n\n<p><strong>Um mehr \u00fcber die Zertifizierungskriterien zu erfahren, besuchen Sie die <a href=\"https:\/\/www.iso.org\/home.html\">offizielle Website<\/a> der ISO. In Deutschland f\u00fchrt zum Beispiel der <a href=\"https:\/\/www.tuvsud.com\/de-de\/dienstleistungen\/auditierung-und-zertifizierung\/cyber-security-zertifizierung\/iso-27001\">T\u00dcV<\/a> diese Zertifizierungen durch.<\/strong><\/p>\n<\/div>\n<\/div>\n<\/div><\/div>\n","protected":false},"excerpt":{"rendered":"<p>Bei Deepki steht der Schutz Ihrer Daten an erster Stelle. Diese Zertifizierung garantiert ein H\u00f6chstma\u00df an Sicherheit f\u00fcr Kunden und Partner. Seit 2014 begleitet Deepki Immobilien-Stakeholder bei der Umsetzung ihrer Net-Zero-Strategien. Deepki ist das einzige Unternehmen, das umfassende Nachhaltigkeitsl\u00f6sungen anbietet, die auf zwei Kernelementen basieren: einer umfassend aufgestellten, kollaborativen Nachhaltigkeits-Datenintelligenz-SaaS-Plattform und fachkundiger Beratungsleistung im Immobilienbereich. [&hellip;]<\/p>\n","protected":false},"author":75,"featured_media":0,"parent":61891,"menu_order":0,"comment_status":"closed","ping_status":"closed","template":"","meta":{"inline_featured_image":false,"footnotes":""},"class_list":["post-63453","page","type-page","status-publish","hentry"],"yoast_head":"<!-- This site is optimized with the Yoast SEO plugin v27.1.1 - https:\/\/yoast.com\/product\/yoast-seo-wordpress\/ -->\n<title>ISO 27001 - Deepki<\/title>\n<meta name=\"robots\" content=\"index, follow, max-snippet:-1, max-image-preview:large, max-video-preview:-1\" \/>\n<link rel=\"canonical\" href=\"https:\/\/www.deepki.com\/de\/ueber-uns\/iso-27001\/\" \/>\n<meta property=\"og:locale\" content=\"de_DE\" \/>\n<meta property=\"og:type\" content=\"article\" \/>\n<meta property=\"og:title\" content=\"ISO 27001 - Deepki\" \/>\n<meta property=\"og:description\" content=\"Bei Deepki steht der Schutz Ihrer Daten an erster Stelle. Diese Zertifizierung garantiert ein H\u00f6chstma\u00df an Sicherheit f\u00fcr Kunden und Partner. Seit 2014 begleitet Deepki Immobilien-Stakeholder bei der Umsetzung ihrer Net-Zero-Strategien. Deepki ist das einzige Unternehmen, das umfassende Nachhaltigkeitsl\u00f6sungen anbietet, die auf zwei Kernelementen basieren: einer umfassend aufgestellten, kollaborativen Nachhaltigkeits-Datenintelligenz-SaaS-Plattform und fachkundiger Beratungsleistung im Immobilienbereich. [&hellip;]\" \/>\n<meta property=\"og:url\" content=\"https:\/\/www.deepki.com\/de\/ueber-uns\/iso-27001\/\" \/>\n<meta property=\"og:site_name\" content=\"Deepki\" \/>\n<meta property=\"article:publisher\" content=\"https:\/\/www.facebook.com\/DeepkiSAS\/\" \/>\n<meta property=\"article:modified_time\" content=\"2025-09-23T10:17:03+00:00\" \/>\n<meta property=\"og:image\" content=\"https:\/\/www.deepki.com\/web\/wp-content\/uploads\/2022\/01\/Deepki_Logo_Connector_Blue.png\" \/>\n\t<meta property=\"og:image:width\" content=\"630\" \/>\n\t<meta property=\"og:image:height\" content=\"630\" \/>\n\t<meta property=\"og:image:type\" content=\"image\/png\" \/>\n<meta name=\"twitter:card\" content=\"summary_large_image\" \/>\n<meta name=\"twitter:site\" content=\"@DeepkiSAS\" \/>\n<script type=\"application\/ld+json\" class=\"yoast-schema-graph\">{\"@context\":\"https:\/\/schema.org\",\"@graph\":[{\"@type\":\"WebPage\",\"@id\":\"https:\/\/www.deepki.com\/de\/ueber-uns\/iso-27001\/\",\"url\":\"https:\/\/www.deepki.com\/de\/ueber-uns\/iso-27001\/\",\"name\":\"ISO 27001 - Deepki\",\"isPartOf\":{\"@id\":\"https:\/\/www.deepki.com\/de\/#website\"},\"primaryImageOfPage\":{\"@id\":\"https:\/\/www.deepki.com\/de\/ueber-uns\/iso-27001\/#primaryimage\"},\"image\":{\"@id\":\"https:\/\/www.deepki.com\/de\/ueber-uns\/iso-27001\/#primaryimage\"},\"thumbnailUrl\":\"https:\/\/www.deepki.com\/web\/wp-content\/uploads\/2022\/01\/Deepki_Logo_Connector_Blue.png\",\"datePublished\":\"2022-02-02T15:47:58+00:00\",\"dateModified\":\"2025-09-23T10:17:03+00:00\",\"breadcrumb\":{\"@id\":\"https:\/\/www.deepki.com\/de\/ueber-uns\/iso-27001\/#breadcrumb\"},\"inLanguage\":\"de\",\"potentialAction\":[{\"@type\":\"ReadAction\",\"target\":[\"https:\/\/www.deepki.com\/de\/ueber-uns\/iso-27001\/\"]}]},{\"@type\":\"ImageObject\",\"inLanguage\":\"de\",\"@id\":\"https:\/\/www.deepki.com\/de\/ueber-uns\/iso-27001\/#primaryimage\",\"url\":\"https:\/\/www.deepki.com\/web\/wp-content\/uploads\/2022\/01\/Deepki_Logo_Connector_Blue.png\",\"contentUrl\":\"https:\/\/www.deepki.com\/web\/wp-content\/uploads\/2022\/01\/Deepki_Logo_Connector_Blue.png\"},{\"@type\":\"BreadcrumbList\",\"@id\":\"https:\/\/www.deepki.com\/de\/ueber-uns\/iso-27001\/#breadcrumb\",\"itemListElement\":[{\"@type\":\"ListItem\",\"position\":1,\"name\":\"Home\",\"item\":\"https:\/\/www.deepki.com\/de\/\"},{\"@type\":\"ListItem\",\"position\":2,\"name\":\"\u00dcber uns\",\"item\":\"https:\/\/www.deepki.com\/de\/ueber-uns\/\"},{\"@type\":\"ListItem\",\"position\":3,\"name\":\"ISO 27001\"}]},{\"@type\":\"WebSite\",\"@id\":\"https:\/\/www.deepki.com\/de\/#website\",\"url\":\"https:\/\/www.deepki.com\/de\/\",\"name\":\"Deepki\",\"description\":\"Together, let&#039;s make your real estate more sustainable thanks to data!\",\"publisher\":{\"@id\":\"https:\/\/www.deepki.com\/de\/#organization\"},\"potentialAction\":[{\"@type\":\"SearchAction\",\"target\":{\"@type\":\"EntryPoint\",\"urlTemplate\":\"https:\/\/www.deepki.com\/de\/?s={search_term_string}\"},\"query-input\":{\"@type\":\"PropertyValueSpecification\",\"valueRequired\":true,\"valueName\":\"search_term_string\"}}],\"inLanguage\":\"de\"},{\"@type\":\"Organization\",\"@id\":\"https:\/\/www.deepki.com\/de\/#organization\",\"name\":\"Deepki\",\"url\":\"https:\/\/www.deepki.com\/de\/\",\"logo\":{\"@type\":\"ImageObject\",\"inLanguage\":\"de\",\"@id\":\"https:\/\/www.deepki.com\/de\/#\/schema\/logo\/image\/\",\"url\":\"https:\/\/www.deepki.com\/web\/wp-content\/uploads\/2021\/08\/deepki-logo.jpg\",\"contentUrl\":\"https:\/\/www.deepki.com\/web\/wp-content\/uploads\/2021\/08\/deepki-logo.jpg\",\"width\":880,\"height\":360,\"caption\":\"Deepki\"},\"image\":{\"@id\":\"https:\/\/www.deepki.com\/de\/#\/schema\/logo\/image\/\"},\"sameAs\":[\"https:\/\/www.facebook.com\/DeepkiSAS\/\",\"https:\/\/x.com\/DeepkiSAS\",\"https:\/\/www.linkedin.com\/company\/deepki\"]}]}<\/script>\n<!-- \/ Yoast SEO plugin. -->","yoast_head_json":{"title":"ISO 27001 - Deepki","robots":{"index":"index","follow":"follow","max-snippet":"max-snippet:-1","max-image-preview":"max-image-preview:large","max-video-preview":"max-video-preview:-1"},"canonical":"https:\/\/www.deepki.com\/de\/ueber-uns\/iso-27001\/","og_locale":"de_DE","og_type":"article","og_title":"ISO 27001 - Deepki","og_description":"Bei Deepki steht der Schutz Ihrer Daten an erster Stelle. Diese Zertifizierung garantiert ein H\u00f6chstma\u00df an Sicherheit f\u00fcr Kunden und Partner. Seit 2014 begleitet Deepki Immobilien-Stakeholder bei der Umsetzung ihrer Net-Zero-Strategien. Deepki ist das einzige Unternehmen, das umfassende Nachhaltigkeitsl\u00f6sungen anbietet, die auf zwei Kernelementen basieren: einer umfassend aufgestellten, kollaborativen Nachhaltigkeits-Datenintelligenz-SaaS-Plattform und fachkundiger Beratungsleistung im Immobilienbereich. [&hellip;]","og_url":"https:\/\/www.deepki.com\/de\/ueber-uns\/iso-27001\/","og_site_name":"Deepki","article_publisher":"https:\/\/www.facebook.com\/DeepkiSAS\/","article_modified_time":"2025-09-23T10:17:03+00:00","og_image":[{"width":630,"height":630,"url":"https:\/\/www.deepki.com\/web\/wp-content\/uploads\/2022\/01\/Deepki_Logo_Connector_Blue.png","type":"image\/png"}],"twitter_card":"summary_large_image","twitter_site":"@DeepkiSAS","schema":{"@context":"https:\/\/schema.org","@graph":[{"@type":"WebPage","@id":"https:\/\/www.deepki.com\/de\/ueber-uns\/iso-27001\/","url":"https:\/\/www.deepki.com\/de\/ueber-uns\/iso-27001\/","name":"ISO 27001 - Deepki","isPartOf":{"@id":"https:\/\/www.deepki.com\/de\/#website"},"primaryImageOfPage":{"@id":"https:\/\/www.deepki.com\/de\/ueber-uns\/iso-27001\/#primaryimage"},"image":{"@id":"https:\/\/www.deepki.com\/de\/ueber-uns\/iso-27001\/#primaryimage"},"thumbnailUrl":"https:\/\/www.deepki.com\/web\/wp-content\/uploads\/2022\/01\/Deepki_Logo_Connector_Blue.png","datePublished":"2022-02-02T15:47:58+00:00","dateModified":"2025-09-23T10:17:03+00:00","breadcrumb":{"@id":"https:\/\/www.deepki.com\/de\/ueber-uns\/iso-27001\/#breadcrumb"},"inLanguage":"de","potentialAction":[{"@type":"ReadAction","target":["https:\/\/www.deepki.com\/de\/ueber-uns\/iso-27001\/"]}]},{"@type":"ImageObject","inLanguage":"de","@id":"https:\/\/www.deepki.com\/de\/ueber-uns\/iso-27001\/#primaryimage","url":"https:\/\/www.deepki.com\/web\/wp-content\/uploads\/2022\/01\/Deepki_Logo_Connector_Blue.png","contentUrl":"https:\/\/www.deepki.com\/web\/wp-content\/uploads\/2022\/01\/Deepki_Logo_Connector_Blue.png"},{"@type":"BreadcrumbList","@id":"https:\/\/www.deepki.com\/de\/ueber-uns\/iso-27001\/#breadcrumb","itemListElement":[{"@type":"ListItem","position":1,"name":"Home","item":"https:\/\/www.deepki.com\/de\/"},{"@type":"ListItem","position":2,"name":"\u00dcber uns","item":"https:\/\/www.deepki.com\/de\/ueber-uns\/"},{"@type":"ListItem","position":3,"name":"ISO 27001"}]},{"@type":"WebSite","@id":"https:\/\/www.deepki.com\/de\/#website","url":"https:\/\/www.deepki.com\/de\/","name":"Deepki","description":"Together, let&#039;s make your real estate more sustainable thanks to data!","publisher":{"@id":"https:\/\/www.deepki.com\/de\/#organization"},"potentialAction":[{"@type":"SearchAction","target":{"@type":"EntryPoint","urlTemplate":"https:\/\/www.deepki.com\/de\/?s={search_term_string}"},"query-input":{"@type":"PropertyValueSpecification","valueRequired":true,"valueName":"search_term_string"}}],"inLanguage":"de"},{"@type":"Organization","@id":"https:\/\/www.deepki.com\/de\/#organization","name":"Deepki","url":"https:\/\/www.deepki.com\/de\/","logo":{"@type":"ImageObject","inLanguage":"de","@id":"https:\/\/www.deepki.com\/de\/#\/schema\/logo\/image\/","url":"https:\/\/www.deepki.com\/web\/wp-content\/uploads\/2021\/08\/deepki-logo.jpg","contentUrl":"https:\/\/www.deepki.com\/web\/wp-content\/uploads\/2021\/08\/deepki-logo.jpg","width":880,"height":360,"caption":"Deepki"},"image":{"@id":"https:\/\/www.deepki.com\/de\/#\/schema\/logo\/image\/"},"sameAs":["https:\/\/www.facebook.com\/DeepkiSAS\/","https:\/\/x.com\/DeepkiSAS","https:\/\/www.linkedin.com\/company\/deepki"]}]}},"_links":{"self":[{"href":"https:\/\/www.deepki.com\/de\/wp-json\/wp\/v2\/pages\/63453","targetHints":{"allow":["GET"]}}],"collection":[{"href":"https:\/\/www.deepki.com\/de\/wp-json\/wp\/v2\/pages"}],"about":[{"href":"https:\/\/www.deepki.com\/de\/wp-json\/wp\/v2\/types\/page"}],"author":[{"embeddable":true,"href":"https:\/\/www.deepki.com\/de\/wp-json\/wp\/v2\/users\/75"}],"replies":[{"embeddable":true,"href":"https:\/\/www.deepki.com\/de\/wp-json\/wp\/v2\/comments?post=63453"}],"version-history":[{"count":17,"href":"https:\/\/www.deepki.com\/de\/wp-json\/wp\/v2\/pages\/63453\/revisions"}],"predecessor-version":[{"id":98976,"href":"https:\/\/www.deepki.com\/de\/wp-json\/wp\/v2\/pages\/63453\/revisions\/98976"}],"up":[{"embeddable":true,"href":"https:\/\/www.deepki.com\/de\/wp-json\/wp\/v2\/pages\/61891"}],"wp:attachment":[{"href":"https:\/\/www.deepki.com\/de\/wp-json\/wp\/v2\/media?parent=63453"}],"curies":[{"name":"wp","href":"https:\/\/api.w.org\/{rel}","templated":true}]}}