{"id":74136,"date":"2023-05-29T16:24:18","date_gmt":"2023-05-29T14:24:18","guid":{"rendered":"https:\/\/www.deepki.com\/?page_id=74136"},"modified":"2025-12-22T18:31:38","modified_gmt":"2025-12-22T17:31:38","slug":"partner","status":"publish","type":"page","link":"https:\/\/www.deepki.com\/de\/partner\/","title":{"rendered":"Partner"},"content":{"rendered":"<div class=\"custom-block-top-header homepage-header relative black-bg white vertical-middle\">\t\r\n\t<div class=\"homepage-header-row\">\r\n\t\t<div class=\"homepage-header-cell page-header\">\r\n\t\t\t<div class=\"homepage-title-wrapper center\"> \r\n\t\t\t\t\t\t\t\t\t\t\t\t\t\t\t\t\t\t\t<h1 class=\"homepage-h1\">\r\n\t\t\t\t\t\t\t\t\t\tPartnerschaft f\u00fcr<span>&nbsp;den Erfolg<\/span><\/h1>\r\n\t\t\t\t\t\t\t\t\t\t\t\t\r\n\t\t\t\t<div class=\"homepage-intro-p\">\r\n\t\t\t\t\tWerden Sie Teil unseres Partner-\u00d6kosystems und setzen Sie den globalen Standard f\u00fcr Nachhaltigkeit in der Immobilienbranche.\t\t\t\t<\/div>\r\n\t\t\t\t\t\r\n\t\t\t\t\t\t\t\t\r\n\t\t\t\t<div class=\"homepage-intro-cta\">\r\n\t\t\t\t\t<a href=\"https:\/\/content.deepki.com\/de\/werden-sie-partner\" target=\"_blank\" class=\"btn\">Bewerben Sie sich jetzt<\/a>\r\n\t\t\t\t<\/div>\r\n\t\t\t\t\t\t\t\t\r\n\t\t\t<\/div>\t\r\n\t\t\t<div class=\"homepage-header-svg-wrapper\" style=\"background-image:url('https:\/\/www.deepki.com\/web\/wp-content\/uploads\/2024\/01\/GettyImages-587704375_1600x900px-1440x900.png')\"><\/div>\t\r\n\t\t\t<div class=\"homepage-botarrow-wrapper\"><div class=\"homepage-botarrow\"><div class=\"homepage-botarrow-ico\"><\/div><\/div><\/div>\r\n\t\t<\/div>\t\r\n\t<\/div>\t\r\n<\/div>\t\t\t\r\n<div id=\"homepage-content\"><\/div>\t\r\n\n\n\n<div class=\"wp-block-group has-heritage-green-background-color has-background\"><div class=\"wp-block-group__inner-container is-layout-constrained wp-block-group-is-layout-constrained\">\n<div style=\"height:100px\" aria-hidden=\"true\" class=\"wp-block-spacer\"><\/div>\n\n\n\n<h1 class=\"wp-block-heading has-text-align-center has-t-white-color has-text-color has-link-color wp-elements-1ad029fe3527847697889b5b32a58e90\" style=\"font-size:50px\">Warum eine Partnerschaft mit Deepki?<\/h1>\n\n\n\n<div style=\"height:25px\" aria-hidden=\"true\" class=\"wp-block-spacer\"><\/div>\n\n\n\n<div class=\"wp-block-columns is-layout-flex wp-container-core-columns-is-layout-9d6595d7 wp-block-columns-is-layout-flex\">\n<div class=\"wp-block-column is-layout-flow wp-block-column-is-layout-flow\" style=\"flex-basis:28%\"><\/div>\n\n\n\n<div class=\"wp-block-column is-layout-flow wp-block-column-is-layout-flow\" style=\"flex-basis:44%\">\n<p class=\"has-text-align-center has-t-white-color has-text-color has-link-color wp-elements-f0f9dd6abc5db964d85162420a4c50c9\">Unsere Mission ist es, unsere Kunden beim \u00dcbergang zur Nachhaltigkeit zu unterst\u00fctzen \u2013 und wir suchen Partner, um dies zu verwirklichen.<\/p>\n\n\n\n<p class=\"has-text-align-center has-t-white-color has-text-color has-link-color wp-elements-9bd59aff4a6f31e241ef4514068d5c1c\">Werden Sie Partner von Deepki, um Ihre Expertise in die weltweit f\u00fchrenden Portfolios einzubringen und Ihr eigenes Unternehmenswachstum zu beschleunigen.<\/p>\n<\/div>\n\n\n\n<div class=\"wp-block-column is-layout-flow wp-block-column-is-layout-flow\" style=\"flex-basis:28%\"><\/div>\n<\/div>\n\n\n\n<div style=\"height:100px\" aria-hidden=\"true\" class=\"wp-block-spacer\"><\/div>\n<\/div><\/div>\n\n\n\n<div class=\"wp-block-cover is-light\"><span aria-hidden=\"true\" class=\"wp-block-cover__background has-background-dim-100 has-background-dim\" style=\"background-color:#dbf5f1\"><\/span><div class=\"wp-block-cover__inner-container is-layout-constrained wp-block-cover-is-layout-constrained\">\n<div style=\"height:50px\" aria-hidden=\"true\" class=\"wp-block-spacer\"><\/div>\n\n\n\n<h2 class=\"wp-block-heading alignwide has-text-align-center width-wrapper no-padding-text img-not-upscaled-on-mobile has-t-black-color has-text-color has-background\" style=\"background-color:#dbf5f1\">Wege der Partnerschaft<\/h2>\n\n\n\n<div style=\"height:50px\" aria-hidden=\"true\" class=\"wp-block-spacer\"><\/div>\n\n\n\n<div class=\"wp-block-columns has-background is-layout-flex wp-container-core-columns-is-layout-9d6595d7 wp-block-columns-is-layout-flex\" style=\"background-color:#dbf5f1\">\n<div class=\"wp-block-column width-wrapper no-padding-text img-not-upscaled-on-mobile is-layout-flow wp-block-column-is-layout-flow\" style=\"flex-basis:1100px\">\n<h4 class=\"wp-block-heading has-text-align-left has-text-color\" style=\"color:#00a19a\">Plattform-Partner (One Platform Partner)<\/h4>\n\n\n\n<p class=\"has-text-align-left\">Erweitern Sie Ihre Reichweite durch unser Netzwerk. Als Plattform-Partner integrieren wir Ihre Technologie oder Dienstleistung in unseren Katalog und verkaufen Ihre L\u00f6sung direkt an unseren globalen Kundenstamm, was Ihnen hilft, neue M\u00e4rkte zu erschlie\u00dfen.<\/p>\n<\/div>\n\n\n\n<div class=\"wp-block-column width-wrapper no-padding-text img-not-upscaled-on-mobile is-layout-flow wp-block-column-is-layout-flow\" style=\"flex-basis:1100px\">\n<h4 class=\"wp-block-heading has-text-align-left has-text-color\" style=\"color:#00a19a\">Value-added reseller<\/h4>\n\n\n\n<p class=\"has-text-align-left\">Steigern Sie Ihren Umsatz durch den Wiederverkauf der vertrauensw\u00fcrdigsten Nachhaltigkeitsplattform f\u00fcr Immobilien. Wir arbeiten mit Ihnen zusammen, um unsere erstklassige Technologie zu paketieren, anzupassen und Ihre Mehrwertdienste damit zu st\u00e4rken.<\/p>\n<\/div>\n\n\n\n<div class=\"wp-block-column width-wrapper no-padding-text img-not-upscaled-on-mobile is-layout-flow wp-block-column-is-layout-flow\" style=\"flex-basis:1100px\">\n<h4 class=\"wp-block-heading has-text-align-left has-text-color\" style=\"color:#00a19a\">Servicepartner<\/h4>\n\n\n\n<p class=\"has-text-align-left\">Differenzieren Sie Ihre Beratungs- und Managed Services mit Deepki. Wir schulen Sie in der Nutzung unserer Plattform, damit Sie datengest\u00fctzte Nachhaltigkeitsstrategien liefern und den Wert f\u00fcr Ihre Kunden maximieren k\u00f6nnen.<\/p>\n<\/div>\n\n\n\n<div class=\"wp-block-column width-wrapper no-padding-text img-not-upscaled-on-mobile is-layout-flow wp-block-column-is-layout-flow\" style=\"flex-basis:1100px\">\n<h4 class=\"wp-block-heading has-text-align-left has-text-color\" style=\"color:#00a19a\">Technologiepartner<\/h4>\n\n\n\n<p class=\"has-text-align-left\">Verbinden Sie Ihre L\u00f6sung mit dem Deepki-\u00d6kosystem. Wir stellen die Ressourcen und API-Integrationen bereit, die erforderlich sind, um Ihre Technologie in unsere einzubetten, und erm\u00f6glichen so einen nahtlosen Datenaustausch und eine einheitliche Erfahrung f\u00fcr gemeinsame Kunden.<\/p>\n<\/div>\n\n\n\n<div class=\"wp-block-column width-wrapper no-padding-text img-not-upscaled-on-mobile is-layout-flow wp-block-column-is-layout-flow\" style=\"flex-basis:1100px\">\n<h4 class=\"wp-block-heading has-text-align-left has-text-color\" style=\"color:#00a19a\"><strong>Institutioneller Partner<\/strong><\/h4>\n\n\n\n<p class=\"has-text-align-left\">Wir arbeiten mit zahlreichen Organisationen und Verb\u00e4nden zusammen, um den globalen Standard f\u00fcr nachhaltige Immobilien zu schaffen.<\/p>\n<\/div>\n<\/div>\n\n\n\n<div style=\"height:50px\" aria-hidden=\"true\" class=\"wp-block-spacer\"><\/div>\n<\/div><\/div>\n\n\n<div class=\"leadership-custom-block white\" style=\"background:#FFFFFF;\">\r\n\t<div class=\"width-wrapper\">\r\n\t\t<div class=\"inline50-leadership building-bg1\" style=\"background-image:url('https:\/\/www.deepki.com\/web\/wp-content\/uploads\/2025\/10\/partner_page_product_visual_V.1.svg');\">\r\n\t\t<\/div><div class=\"inline50-leadership\">\r\n\t\t\t<div class=\"inline50-leadership-txt\"  style=\"color:#000000;\">\r\n\t\t\t\t<h2>Eine Plattform, vernetzt mit unserem Partner-\u00d6kosystem<\/h2>\t\t\t\r\n\t\t\t\t<p>Kombinieren Sie Ihre Expertise mit unserer bew\u00e4hrten Infrastruktur. Wir bieten die Plattform, die Menschen und die Prozesse, um differenzierten Mehrwert zu liefern und Ihre Pr\u00e4senz im Bereich nachhaltige Immobilien zu erweitern.<\/p>\t\t\t<\/div>\r\n\t\t<\/div><div class=\"inline50-leadership building-bg2\" style=\"background-image:url('https:\/\/www.deepki.com\/web\/wp-content\/uploads\/2025\/10\/partner_page_product_visual_V.1.svg');\">\r\n\t\t<\/div><\/div>\r\n<\/div>\r\n\t\r\n\t\n\n<div class=\"has-no-img custom-citation white custom-text-left-img-right\"><div class=\"width-wrapper\">\r\n\t<div class=\"wp-block-columns\">\r\n\t\t<div class=\"wp-block-column\">\r\n\t\t\t<h2>&#8222;Deepki liefert fundierte Einblicke, die es unseren Teams erm\u00f6glichen, fundierte Ma\u00dfnahmen auf Geb\u00e4udeebene zu ergreifen. Dadurch k\u00f6nnen wir vorbildliche Nachhaltigkeitspraktiken in den von uns verwalteten Immobilien auf der ganzen Welt einf\u00fchren und einen echten Mehrwert schaffen.&#8220;<\/h2><p><b>Emma Buckland<\/b><\/p><p>Executive Group President, Enterprise and Chief Operating Officer, Building Operations &#038; Experience bei CBRE<\/p>\t\t<\/div>\r\n\t\t<div class=\"wp-block-column align-right\">\r\n\t\t\t\t\t<\/div>\r\n\t<\/div>\r\n<\/div>\r\n<\/div>\r\n\t\n\n<div class=\"white-bg custom-block-title-cta\"><div class=\"width-wrapper center\"><div class=\"home-section3cta2-title\">Risiken reduzieren und Werte in der Immobilienbranche gemeinsam steigern<\/div><a href=\"https:\/\/content.deepki.com\/de\/werden-sie-partner\" target=\"_blank\" class=\"btn\">Werden Sie Partner<\/a><\/div><\/div>","protected":false},"excerpt":{"rendered":"<p>Warum eine Partnerschaft mit Deepki? Unsere Mission ist es, unsere Kunden beim \u00dcbergang zur Nachhaltigkeit zu unterst\u00fctzen \u2013 und wir suchen Partner, um dies zu verwirklichen. Werden Sie Partner von Deepki, um Ihre Expertise in die weltweit f\u00fchrenden Portfolios einzubringen und Ihr eigenes Unternehmenswachstum zu beschleunigen.<\/p>\n","protected":false},"author":71,"featured_media":85062,"parent":0,"menu_order":0,"comment_status":"closed","ping_status":"closed","template":"","meta":{"inline_featured_image":false,"footnotes":""},"class_list":["post-74136","page","type-page","status-publish","has-post-thumbnail","hentry"],"yoast_head":"<!-- This site is optimized with the Yoast SEO plugin v27.3 - https:\/\/yoast.com\/product\/yoast-seo-wordpress\/ -->\n<title>Partner - Deepki<\/title>\n<meta name=\"description\" content=\"Bei Deepki bieten wir unseren Partnern Werkzeuge, Ressourcen und Vorteile, um erfolgreich zu wachsen. Unser Partner-Programm stellt die Erfahrung der Teilnehmer in den Mittelpunkt.\" \/>\n<meta name=\"robots\" content=\"index, follow, max-snippet:-1, max-image-preview:large, max-video-preview:-1\" \/>\n<link rel=\"canonical\" href=\"https:\/\/www.deepki.com\/de\/partner\/\" \/>\n<meta property=\"og:locale\" content=\"de_DE\" \/>\n<meta property=\"og:type\" content=\"article\" \/>\n<meta property=\"og:title\" content=\"Deepki partners\" \/>\n<meta property=\"og:description\" content=\"Bei Deepki bieten wir unseren Partnern Werkzeuge, Ressourcen und Vorteile, um erfolgreich zu wachsen. Unser Partner-Programm stellt die Erfahrung der Teilnehmer in den Mittelpunkt.\" \/>\n<meta property=\"og:url\" content=\"https:\/\/www.deepki.com\/de\/partner\/\" \/>\n<meta property=\"og:site_name\" content=\"Deepki\" \/>\n<meta property=\"article:publisher\" content=\"https:\/\/www.facebook.com\/DeepkiSAS\/\" \/>\n<meta property=\"article:modified_time\" content=\"2025-12-22T17:31:38+00:00\" \/>\n<meta property=\"og:image\" content=\"https:\/\/www.deepki.com\/web\/wp-content\/uploads\/2023\/03\/GettyImages-451822279_72ppi-7.jpg\" \/>\n\t<meta property=\"og:image:width\" content=\"1248\" \/>\n\t<meta property=\"og:image:height\" content=\"832\" \/>\n\t<meta property=\"og:image:type\" content=\"image\/jpeg\" \/>\n<meta name=\"twitter:card\" content=\"summary_large_image\" \/>\n<meta name=\"twitter:title\" content=\"Deepki partners\" \/>\n<meta name=\"twitter:description\" content=\"Bei Deepki bieten wir unseren Partnern Werkzeuge, Ressourcen und Vorteile, um erfolgreich zu wachsen. Unser Partner-Programm stellt die Erfahrung der Teilnehmer in den Mittelpunkt.\" \/>\n<meta name=\"twitter:image\" content=\"https:\/\/www.deepki.com\/web\/wp-content\/uploads\/2023\/03\/GettyImages-451822279_72ppi-6.jpg\" \/>\n<meta name=\"twitter:site\" content=\"@DeepkiSAS\" \/>\n<meta name=\"twitter:label1\" content=\"Gesch\u00e4tzte Lesezeit\" \/>\n\t<meta name=\"twitter:data1\" content=\"2\u00a0Minuten\" \/>\n<script type=\"application\/ld+json\" class=\"yoast-schema-graph\">{\"@context\":\"https:\\\/\\\/schema.org\",\"@graph\":[{\"@type\":\"WebPage\",\"@id\":\"https:\\\/\\\/www.deepki.com\\\/de\\\/partner\\\/\",\"url\":\"https:\\\/\\\/www.deepki.com\\\/de\\\/partner\\\/\",\"name\":\"Partner - Deepki\",\"isPartOf\":{\"@id\":\"https:\\\/\\\/www.deepki.com\\\/de\\\/#website\"},\"primaryImageOfPage\":{\"@id\":\"https:\\\/\\\/www.deepki.com\\\/de\\\/partner\\\/#primaryimage\"},\"image\":{\"@id\":\"https:\\\/\\\/www.deepki.com\\\/de\\\/partner\\\/#primaryimage\"},\"thumbnailUrl\":\"https:\\\/\\\/www.deepki.com\\\/web\\\/wp-content\\\/uploads\\\/2024\\\/01\\\/GettyImages-587704375_1600x900px.png\",\"datePublished\":\"2023-05-29T14:24:18+00:00\",\"dateModified\":\"2025-12-22T17:31:38+00:00\",\"description\":\"Bei Deepki bieten wir unseren Partnern Werkzeuge, Ressourcen und Vorteile, um erfolgreich zu wachsen. Unser Partner-Programm stellt die Erfahrung der Teilnehmer in den Mittelpunkt.\",\"breadcrumb\":{\"@id\":\"https:\\\/\\\/www.deepki.com\\\/de\\\/partner\\\/#breadcrumb\"},\"inLanguage\":\"de\",\"potentialAction\":[{\"@type\":\"ReadAction\",\"target\":[\"https:\\\/\\\/www.deepki.com\\\/de\\\/partner\\\/\"]}]},{\"@type\":\"ImageObject\",\"inLanguage\":\"de\",\"@id\":\"https:\\\/\\\/www.deepki.com\\\/de\\\/partner\\\/#primaryimage\",\"url\":\"https:\\\/\\\/www.deepki.com\\\/web\\\/wp-content\\\/uploads\\\/2024\\\/01\\\/GettyImages-587704375_1600x900px.png\",\"contentUrl\":\"https:\\\/\\\/www.deepki.com\\\/web\\\/wp-content\\\/uploads\\\/2024\\\/01\\\/GettyImages-587704375_1600x900px.png\",\"width\":1600,\"height\":900},{\"@type\":\"BreadcrumbList\",\"@id\":\"https:\\\/\\\/www.deepki.com\\\/de\\\/partner\\\/#breadcrumb\",\"itemListElement\":[{\"@type\":\"ListItem\",\"position\":1,\"name\":\"Home\",\"item\":\"https:\\\/\\\/www.deepki.com\\\/de\\\/\"},{\"@type\":\"ListItem\",\"position\":2,\"name\":\"Partner\"}]},{\"@type\":\"WebSite\",\"@id\":\"https:\\\/\\\/www.deepki.com\\\/de\\\/#website\",\"url\":\"https:\\\/\\\/www.deepki.com\\\/de\\\/\",\"name\":\"Deepki\",\"description\":\"Together, let&#039;s make your real estate more sustainable thanks to data!\",\"publisher\":{\"@id\":\"https:\\\/\\\/www.deepki.com\\\/de\\\/#organization\"},\"potentialAction\":[{\"@type\":\"SearchAction\",\"target\":{\"@type\":\"EntryPoint\",\"urlTemplate\":\"https:\\\/\\\/www.deepki.com\\\/de\\\/?s={search_term_string}\"},\"query-input\":{\"@type\":\"PropertyValueSpecification\",\"valueRequired\":true,\"valueName\":\"search_term_string\"}}],\"inLanguage\":\"de\"},{\"@type\":\"Organization\",\"@id\":\"https:\\\/\\\/www.deepki.com\\\/de\\\/#organization\",\"name\":\"Deepki\",\"url\":\"https:\\\/\\\/www.deepki.com\\\/de\\\/\",\"logo\":{\"@type\":\"ImageObject\",\"inLanguage\":\"de\",\"@id\":\"https:\\\/\\\/www.deepki.com\\\/de\\\/#\\\/schema\\\/logo\\\/image\\\/\",\"url\":\"https:\\\/\\\/www.deepki.com\\\/web\\\/wp-content\\\/uploads\\\/2021\\\/08\\\/deepki-logo.jpg\",\"contentUrl\":\"https:\\\/\\\/www.deepki.com\\\/web\\\/wp-content\\\/uploads\\\/2021\\\/08\\\/deepki-logo.jpg\",\"width\":880,\"height\":360,\"caption\":\"Deepki\"},\"image\":{\"@id\":\"https:\\\/\\\/www.deepki.com\\\/de\\\/#\\\/schema\\\/logo\\\/image\\\/\"},\"sameAs\":[\"https:\\\/\\\/www.facebook.com\\\/DeepkiSAS\\\/\",\"https:\\\/\\\/x.com\\\/DeepkiSAS\",\"https:\\\/\\\/www.linkedin.com\\\/company\\\/deepki\"]}]}<\/script>\n<!-- \/ Yoast SEO plugin. -->","yoast_head_json":{"title":"Partner - Deepki","description":"Bei Deepki bieten wir unseren Partnern Werkzeuge, Ressourcen und Vorteile, um erfolgreich zu wachsen. Unser Partner-Programm stellt die Erfahrung der Teilnehmer in den Mittelpunkt.","robots":{"index":"index","follow":"follow","max-snippet":"max-snippet:-1","max-image-preview":"max-image-preview:large","max-video-preview":"max-video-preview:-1"},"canonical":"https:\/\/www.deepki.com\/de\/partner\/","og_locale":"de_DE","og_type":"article","og_title":"Deepki partners","og_description":"Bei Deepki bieten wir unseren Partnern Werkzeuge, Ressourcen und Vorteile, um erfolgreich zu wachsen. Unser Partner-Programm stellt die Erfahrung der Teilnehmer in den Mittelpunkt.","og_url":"https:\/\/www.deepki.com\/de\/partner\/","og_site_name":"Deepki","article_publisher":"https:\/\/www.facebook.com\/DeepkiSAS\/","article_modified_time":"2025-12-22T17:31:38+00:00","og_image":[{"width":1248,"height":832,"url":"https:\/\/www.deepki.com\/web\/wp-content\/uploads\/2023\/03\/GettyImages-451822279_72ppi-7.jpg","type":"image\/jpeg"}],"twitter_card":"summary_large_image","twitter_title":"Deepki partners","twitter_description":"Bei Deepki bieten wir unseren Partnern Werkzeuge, Ressourcen und Vorteile, um erfolgreich zu wachsen. Unser Partner-Programm stellt die Erfahrung der Teilnehmer in den Mittelpunkt.","twitter_image":"https:\/\/www.deepki.com\/web\/wp-content\/uploads\/2023\/03\/GettyImages-451822279_72ppi-6.jpg","twitter_site":"@DeepkiSAS","twitter_misc":{"Gesch\u00e4tzte Lesezeit":"2\u00a0Minuten"},"schema":{"@context":"https:\/\/schema.org","@graph":[{"@type":"WebPage","@id":"https:\/\/www.deepki.com\/de\/partner\/","url":"https:\/\/www.deepki.com\/de\/partner\/","name":"Partner - Deepki","isPartOf":{"@id":"https:\/\/www.deepki.com\/de\/#website"},"primaryImageOfPage":{"@id":"https:\/\/www.deepki.com\/de\/partner\/#primaryimage"},"image":{"@id":"https:\/\/www.deepki.com\/de\/partner\/#primaryimage"},"thumbnailUrl":"https:\/\/www.deepki.com\/web\/wp-content\/uploads\/2024\/01\/GettyImages-587704375_1600x900px.png","datePublished":"2023-05-29T14:24:18+00:00","dateModified":"2025-12-22T17:31:38+00:00","description":"Bei Deepki bieten wir unseren Partnern Werkzeuge, Ressourcen und Vorteile, um erfolgreich zu wachsen. Unser Partner-Programm stellt die Erfahrung der Teilnehmer in den Mittelpunkt.","breadcrumb":{"@id":"https:\/\/www.deepki.com\/de\/partner\/#breadcrumb"},"inLanguage":"de","potentialAction":[{"@type":"ReadAction","target":["https:\/\/www.deepki.com\/de\/partner\/"]}]},{"@type":"ImageObject","inLanguage":"de","@id":"https:\/\/www.deepki.com\/de\/partner\/#primaryimage","url":"https:\/\/www.deepki.com\/web\/wp-content\/uploads\/2024\/01\/GettyImages-587704375_1600x900px.png","contentUrl":"https:\/\/www.deepki.com\/web\/wp-content\/uploads\/2024\/01\/GettyImages-587704375_1600x900px.png","width":1600,"height":900},{"@type":"BreadcrumbList","@id":"https:\/\/www.deepki.com\/de\/partner\/#breadcrumb","itemListElement":[{"@type":"ListItem","position":1,"name":"Home","item":"https:\/\/www.deepki.com\/de\/"},{"@type":"ListItem","position":2,"name":"Partner"}]},{"@type":"WebSite","@id":"https:\/\/www.deepki.com\/de\/#website","url":"https:\/\/www.deepki.com\/de\/","name":"Deepki","description":"Together, let&#039;s make your real estate more sustainable thanks to data!","publisher":{"@id":"https:\/\/www.deepki.com\/de\/#organization"},"potentialAction":[{"@type":"SearchAction","target":{"@type":"EntryPoint","urlTemplate":"https:\/\/www.deepki.com\/de\/?s={search_term_string}"},"query-input":{"@type":"PropertyValueSpecification","valueRequired":true,"valueName":"search_term_string"}}],"inLanguage":"de"},{"@type":"Organization","@id":"https:\/\/www.deepki.com\/de\/#organization","name":"Deepki","url":"https:\/\/www.deepki.com\/de\/","logo":{"@type":"ImageObject","inLanguage":"de","@id":"https:\/\/www.deepki.com\/de\/#\/schema\/logo\/image\/","url":"https:\/\/www.deepki.com\/web\/wp-content\/uploads\/2021\/08\/deepki-logo.jpg","contentUrl":"https:\/\/www.deepki.com\/web\/wp-content\/uploads\/2021\/08\/deepki-logo.jpg","width":880,"height":360,"caption":"Deepki"},"image":{"@id":"https:\/\/www.deepki.com\/de\/#\/schema\/logo\/image\/"},"sameAs":["https:\/\/www.facebook.com\/DeepkiSAS\/","https:\/\/x.com\/DeepkiSAS","https:\/\/www.linkedin.com\/company\/deepki"]}]}},"_links":{"self":[{"href":"https:\/\/www.deepki.com\/de\/wp-json\/wp\/v2\/pages\/74136","targetHints":{"allow":["GET"]}}],"collection":[{"href":"https:\/\/www.deepki.com\/de\/wp-json\/wp\/v2\/pages"}],"about":[{"href":"https:\/\/www.deepki.com\/de\/wp-json\/wp\/v2\/types\/page"}],"author":[{"embeddable":true,"href":"https:\/\/www.deepki.com\/de\/wp-json\/wp\/v2\/users\/71"}],"replies":[{"embeddable":true,"href":"https:\/\/www.deepki.com\/de\/wp-json\/wp\/v2\/comments?post=74136"}],"version-history":[{"count":28,"href":"https:\/\/www.deepki.com\/de\/wp-json\/wp\/v2\/pages\/74136\/revisions"}],"predecessor-version":[{"id":100913,"href":"https:\/\/www.deepki.com\/de\/wp-json\/wp\/v2\/pages\/74136\/revisions\/100913"}],"wp:featuredmedia":[{"embeddable":true,"href":"https:\/\/www.deepki.com\/de\/wp-json\/wp\/v2\/media\/85062"}],"wp:attachment":[{"href":"https:\/\/www.deepki.com\/de\/wp-json\/wp\/v2\/media?parent=74136"}],"curies":[{"name":"wp","href":"https:\/\/api.w.org\/{rel}","templated":true}]}}