{"id":59368,"date":"2021-09-22T14:30:22","date_gmt":"2021-09-22T14:30:22","guid":{"rendered":"https:\/\/www.deepki.com\/web\/?page_id=59368"},"modified":"2025-09-04T11:26:00","modified_gmt":"2025-09-04T09:26:00","slug":"conozca","status":"publish","type":"page","link":"https:\/\/www.deepki.com\/es\/conozca\/","title":{"rendered":"Conozca"},"content":{"rendered":"<div class=\"custom-block-top-header homepage-header relative black-bg white vertical-middle\">\t\r\n\t<div class=\"homepage-header-row\">\r\n\t\t<div class=\"homepage-header-cell page-header\">\r\n\t\t\t<div class=\"homepage-title-wrapper center\"> \r\n\t\t\t\t\t\t\t\t\t\t\t\t\t\t\t\t\t\t\t<h1 class=\"homepage-h1\">\r\n\t\t\t\t\t\t\t\t\t\tToda la actualidad <span>sobre la sostenibilidad en el Real Estate<\/span><\/h1>\r\n\t\t\t\t\t\t\t\t\t\t\t\t\r\n\t\t\t\t<div class=\"homepage-intro-p\">\r\n\t\t\t\t\tMant\u00e9ngase al d\u00eda de las \u00faltimas noticias sobre sostenibilidad en el Real Estate y profundice su conocimiento con el amplio centro de recursos que le ofrece Deepki.\t\t\t\t<\/div>\r\n\t\t\t\t\t\r\n\t\t\t\t\t\t\t\t\r\n\t\t\t<\/div>\t\r\n\t\t\t<div class=\"homepage-header-svg-wrapper\" style=\"background-image:url('https:\/\/www.deepki.com\/web\/wp-content\/uploads\/2021\/08\/learn.jpg')\"><\/div>\t\r\n\t\t\t<div class=\"homepage-botarrow-wrapper\"><div class=\"homepage-botarrow\"><div class=\"homepage-botarrow-ico\"><\/div><\/div><\/div>\r\n\t\t<\/div>\t\r\n\t<\/div>\t\r\n<\/div>\t\t\t\r\n<div id=\"homepage-content\"><\/div>\t\r\n\n\n<div class=\"single-post-header page-header block-featured-object relative\" style=\"background-image:url('https:\/\/www.deepki.com\/web\/wp-content\/uploads\/2025\/04\/en_cost_inaction_blog-1440x550.jpg');\">\r\n<div class=\"header-shade1\"><\/div>\r\n<div class=\"header-shade2\"><\/div>\r\n<div class=\"width-wrapper relative\">\r\n<div class=\"maxW-720 inline-bot-720\">\r\n\t<div class=\"single-blog-cat-list\"><\/div>\r\n\t<h2 class=\"feature-title\"><a href=\"https:\/\/www.deepki.com\/es\/blog\/inaccion-climatica-seguros\/\">Ignore el riesgo, pague el precio: cu\u00e1nto le cuesta realmente al sector inmobiliario la inacci\u00f3n clim\u00e1tica<\/a><\/h2>\r\n\r\n\t<div class=\"single-blog-details\">\r\n\t\t<div class=\"date\"><img decoding=\"async\" src=\"https:\/\/www.deepki.com\/web\/wp-content\/themes\/deepki\/img\/blog\/calendar.svg\" width=\"19\" height=\"19\" alt=\"Date\" \/><span>diciembre 04, 2025<\/span><\/div>\t\r\n\t\t\t\r\n\t\t<p>El cambio clim\u00e1tico ya no es un problema de futuro: est\u00e1 afectando la inversi\u00f3n, financiaci\u00f3n y gesti\u00f3n de activos inmobiliarios. En 2025, Europa ha registrado olas de calor, incendios e inundaciones que elevan los costes de los seguros y obligan a revisar los riesgos (La Vanguardia, 2025). Propiedades antes seguras se vuelven inasegurables, dif\u00edciles de [&hellip;]<\/p>\t\t\t\r\n\t<\/div>\r\n<\/div><div class=\"inline-bot-malus720 align-right\"><a href=\"https:\/\/www.deepki.com\/es\/blog\/inaccion-climatica-seguros\/\" class=\"btn\">Leer m\u00e1s<\/a><\/div><\/div>\r\n<\/div>\t\t\r\n\t\n\n<div class=\"custom-full-width-img-btn text-middle\"><a href=\"https:\/\/www.deepki.com\/es\/blog\" class=\"black center text-shadow\" style=\"background-image:url('https:\/\/www.deepki.com\/web\/wp-content\/uploads\/2021\/09\/White-background-blog-section-1440x740.png');\"><span>Blog<\/span><\/a><\/div>\n\n<div class=\"custom-2x-img-btns\"><div class=\"custom-2x-img-btn custom-2x-img-btn1\" style=\"background-image:url('https:\/\/www.deepki.com\/web\/wp-content\/uploads\/2021\/09\/Events-720x900.png');\"><a href=\"https:\/\/www.deepki.com\/es\/conozca\/webinars-y-eventos\/\" class=\"custom-2x-img-table text-shadow white center\" target=\"_blank\"><div class=\"custom-2x-img-table-inner\"><div class=\"custom-2x-img-row\"><div class=\"custom-2x-img-cell\"><div class=\"custom-2x-img-txt\"><span>Webinars y eventos<\/span><\/div><\/div><\/div><\/div><\/a><\/div><div class=\"custom-2x-img-btn custom-2x-img-btn2\" style=\"background-image:url('https:\/\/www.deepki.com\/web\/wp-content\/uploads\/2021\/09\/whitepapers-720x900.png');\"><a href=\"https:\/\/www.deepki.com\/es\/conozca\/white-papers-e-infografias\/\" class=\"custom-2x-img-table text-shadow white center\" target=\"_blank\"><div class=\"custom-2x-img-table-inner\"><div class=\"custom-2x-img-row\"><div class=\"custom-2x-img-cell\"><div class=\"custom-2x-img-txt\"><span>White Papers e infograf\u00edas<\/span><\/div><\/div><\/div><\/div><\/a><\/div><\/div>\n\n<div class=\"custom-full-width-img-btn text-middle\"><a href=\"https:\/\/www.deepki.com\/es\/conozca\/glosario\/\" class=\"white center text-shadow\" style=\"background-image:url('https:\/\/www.deepki.com\/web\/wp-content\/uploads\/2021\/08\/glossaire-img-1-1440x740.jpg');\"><span>Glosario<\/span><\/a><\/div>\n\n<div class=\"custom-related-slider-wrapper white-bg\"><h2 class=\"center\">Art\u00edculos m\u00e1s visitados de nuestro blog<\/h2><div class=\"width-wrapper\"><div class=\"custom-related-slider\"><div class=\"custom-slider-item\"><a href=\"https:\/\/www.deepki.com\/es\/blog\/inaccion-climatica-seguros\/\"><div class=\"custom-slider-img\"><img decoding=\"async\" width=\"420\" height=\"240\" src=\"https:\/\/www.deepki.com\/web\/wp-content\/uploads\/2025\/04\/en_cost_inaction_blog-420x240.jpg\" class=\"attachment-case-study-grid size-case-study-grid\" alt=\"\" srcset=\"https:\/\/www.deepki.com\/web\/wp-content\/uploads\/2025\/04\/en_cost_inaction_blog-420x240.jpg 420w, https:\/\/www.deepki.com\/web\/wp-content\/uploads\/2025\/04\/en_cost_inaction_blog-350x200.jpg 350w\" sizes=\"(max-width: 420px) 100vw, 420px\" \/><div class=\"white-logo-over over25\"><\/div><\/div><div class=\"gap custom-slider-title\">Ignore el riesgo, pague el precio: cu\u00e1nto le cuesta realmente al sector inmobiliario la inacci\u00f3n clim\u00e1tica<\/div><div class=\"gap custom-slider-readmore\"><span>Leer m\u00e1s<\/span><\/div><\/a><\/div><div class=\"custom-slider-item\"><a href=\"https:\/\/www.deepki.com\/es\/blog\/novedades-deepki-impulse-el-rendimiento-la-resiliencia-y-el-cumplimiento-a-gran-escala\/\"><div class=\"custom-slider-img\"><img decoding=\"async\" width=\"420\" height=\"240\" src=\"https:\/\/www.deepki.com\/web\/wp-content\/uploads\/2024\/03\/Deepki_Ready_Features_Release_Blog_article_Visual_02.001-420x240.jpeg\" class=\"attachment-case-study-grid size-case-study-grid\" alt=\"Laptop with Deepki logo on the screen\" srcset=\"https:\/\/www.deepki.com\/web\/wp-content\/uploads\/2024\/03\/Deepki_Ready_Features_Release_Blog_article_Visual_02.001-420x240.jpeg 420w, https:\/\/www.deepki.com\/web\/wp-content\/uploads\/2024\/03\/Deepki_Ready_Features_Release_Blog_article_Visual_02.001-350x200.jpeg 350w\" sizes=\"(max-width: 420px) 100vw, 420px\" \/><div class=\"white-logo-over over25\"><\/div><\/div><div class=\"gap custom-slider-title\">Novedades Deepki: impulse el rendimiento, la resiliencia y el cumplimiento a gran escala<\/div><div class=\"gap custom-slider-readmore\"><span>Leer m\u00e1s<\/span><\/div><\/a><\/div><div class=\"custom-slider-item\"><a href=\"https:\/\/www.deepki.com\/es\/blog\/tercera-edicion-del-indice-esg-tendencias-clave\/\"><div class=\"custom-slider-img\"><img decoding=\"async\" width=\"420\" height=\"240\" src=\"https:\/\/www.deepki.com\/web\/wp-content\/uploads\/2025\/02\/adrien-olichon-_UuN_2ixJvA-unsplash-420x240.jpg\" class=\"attachment-case-study-grid size-case-study-grid\" alt=\"\" srcset=\"https:\/\/www.deepki.com\/web\/wp-content\/uploads\/2025\/02\/adrien-olichon-_UuN_2ixJvA-unsplash-420x240.jpg 420w, https:\/\/www.deepki.com\/web\/wp-content\/uploads\/2025\/02\/adrien-olichon-_UuN_2ixJvA-unsplash-350x200.jpg 350w\" sizes=\"(max-width: 420px) 100vw, 420px\" \/><div class=\"white-logo-over over25\"><\/div><\/div><div class=\"gap custom-slider-title\">Tercera edici\u00f3n del \u00cdndice ESG: Tendencias clave que gu\u00edan la transformaci\u00f3n del sector inmobiliario hacia cero emisiones netas en Europa<\/div><div class=\"gap custom-slider-readmore\"><span>Leer m\u00e1s<\/span><\/div><\/a><\/div><div class=\"custom-slider-item\"><a href=\"https:\/\/www.deepki.com\/es\/blog\/novedades-deepki-maximizar-impacto-inversiones\/\"><div class=\"custom-slider-img\"><img decoding=\"async\" width=\"420\" height=\"240\" src=\"https:\/\/www.deepki.com\/web\/wp-content\/uploads\/2024\/03\/Deepki_Ready_Features_Release_Blog_article_Visual_02.001-420x240.jpeg\" class=\"attachment-case-study-grid size-case-study-grid\" alt=\"Laptop with Deepki logo on the screen\" srcset=\"https:\/\/www.deepki.com\/web\/wp-content\/uploads\/2024\/03\/Deepki_Ready_Features_Release_Blog_article_Visual_02.001-420x240.jpeg 420w, https:\/\/www.deepki.com\/web\/wp-content\/uploads\/2024\/03\/Deepki_Ready_Features_Release_Blog_article_Visual_02.001-350x200.jpeg 350w\" sizes=\"(max-width: 420px) 100vw, 420px\" \/><div class=\"white-logo-over over25\"><\/div><\/div><div class=\"gap custom-slider-title\">Novedades en Deepki: KPIs financieros, adaptaci\u00f3n clim\u00e1tica y autenticaci\u00f3n multifactor<\/div><div class=\"gap custom-slider-readmore\"><span>Leer m\u00e1s<\/span><\/div><\/a><\/div><div class=\"custom-slider-item\"><a href=\"https:\/\/www.deepki.com\/es\/blog\/reglamento-dora-la-estrategia-europea-para-un-sector-financiero-mas-resiliente\/\"><div class=\"custom-slider-img\"><img decoding=\"async\" width=\"420\" height=\"240\" src=\"https:\/\/www.deepki.com\/web\/wp-content\/uploads\/2025\/03\/edwin-splisser-GC7FLmgU5Z4-unsplash-420x240.jpg\" class=\"attachment-case-study-grid size-case-study-grid\" alt=\"\" srcset=\"https:\/\/www.deepki.com\/web\/wp-content\/uploads\/2025\/03\/edwin-splisser-GC7FLmgU5Z4-unsplash-420x240.jpg 420w, https:\/\/www.deepki.com\/web\/wp-content\/uploads\/2025\/03\/edwin-splisser-GC7FLmgU5Z4-unsplash-350x200.jpg 350w\" sizes=\"(max-width: 420px) 100vw, 420px\" \/><div class=\"white-logo-over over25\"><\/div><\/div><div class=\"gap custom-slider-title\">Reglamento DORA: La estrategia europea para un sector financiero m\u00e1s resiliente en el \u00e1mbito digital<\/div><div class=\"gap custom-slider-readmore\"><span>Leer m\u00e1s<\/span><\/div><\/a><\/div><div class=\"custom-slider-item\"><a href=\"https:\/\/www.deepki.com\/es\/blog\/novedades-en-deepki-alcanzar-un-impacto-real\/\"><div class=\"custom-slider-img\"><img decoding=\"async\" width=\"420\" height=\"240\" src=\"https:\/\/www.deepki.com\/web\/wp-content\/uploads\/2024\/03\/Deepki_Ready_Features_Release_Blog_article_Visual_02.001-420x240.jpeg\" class=\"attachment-case-study-grid size-case-study-grid\" alt=\"Laptop with Deepki logo on the screen\" srcset=\"https:\/\/www.deepki.com\/web\/wp-content\/uploads\/2024\/03\/Deepki_Ready_Features_Release_Blog_article_Visual_02.001-420x240.jpeg 420w, https:\/\/www.deepki.com\/web\/wp-content\/uploads\/2024\/03\/Deepki_Ready_Features_Release_Blog_article_Visual_02.001-350x200.jpeg 350w\" sizes=\"(max-width: 420px) 100vw, 420px\" \/><div class=\"white-logo-over over25\"><\/div><\/div><div class=\"gap custom-slider-title\">Novedades en Deepki: simplifique la gesti\u00f3n de su portafolio y alcance un impacto real<\/div><div class=\"gap custom-slider-readmore\"><span>Leer m\u00e1s<\/span><\/div><\/a><\/div><div class=\"custom-slider-item\"><a href=\"https:\/\/www.deepki.com\/es\/blog\/acelerar-la-descarbonizacion-con-retrofit-basado-en-datos\/\"><div class=\"custom-slider-img\"><img decoding=\"async\" width=\"420\" height=\"240\" src=\"https:\/\/www.deepki.com\/web\/wp-content\/uploads\/2024\/11\/EN-Expo-blog-featured-image-420x240.jpg\" class=\"attachment-case-study-grid size-case-study-grid\" alt=\"Modern office buildings under a clear blue sky\" srcset=\"https:\/\/www.deepki.com\/web\/wp-content\/uploads\/2024\/11\/EN-Expo-blog-featured-image-420x240.jpg 420w, https:\/\/www.deepki.com\/web\/wp-content\/uploads\/2024\/11\/EN-Expo-blog-featured-image-80x47.jpg 80w, https:\/\/www.deepki.com\/web\/wp-content\/uploads\/2024\/11\/EN-Expo-blog-featured-image-350x200.jpg 350w\" sizes=\"(max-width: 420px) 100vw, 420px\" \/><div class=\"white-logo-over over25\"><\/div><\/div><div class=\"gap custom-slider-title\">Retrofit basado en datos para acelerar la descarbonizaci\u00f3n<\/div><div class=\"gap custom-slider-readmore\"><span>Leer m\u00e1s<\/span><\/div><\/a><\/div><div class=\"custom-slider-item\"><a href=\"https:\/\/www.deepki.com\/es\/blog\/enfoque-eeuu-sobre-esg\/\"><div class=\"custom-slider-img\"><img decoding=\"async\" width=\"420\" height=\"240\" src=\"https:\/\/www.deepki.com\/web\/wp-content\/uploads\/2024\/11\/nik-shuliahin-L4JWn8HHJ30-unsplash-420x240.jpg\" class=\"attachment-case-study-grid size-case-study-grid\" alt=\"American flag hanging between tall office buildings in a city\" srcset=\"https:\/\/www.deepki.com\/web\/wp-content\/uploads\/2024\/11\/nik-shuliahin-L4JWn8HHJ30-unsplash-420x240.jpg 420w, https:\/\/www.deepki.com\/web\/wp-content\/uploads\/2024\/11\/nik-shuliahin-L4JWn8HHJ30-unsplash-350x200.jpg 350w\" sizes=\"(max-width: 420px) 100vw, 420px\" \/><div class=\"white-logo-over over25\"><\/div><\/div><div class=\"gap custom-slider-title\">El enfoque de EE.UU. sobre la sostenibilidad en el sector inmobiliario<\/div><div class=\"gap custom-slider-readmore\"><span>Leer m\u00e1s<\/span><\/div><\/a><\/div><div class=\"custom-slider-item\"><a href=\"https:\/\/www.deepki.com\/es\/blog\/calidad-de-datos\/\"><div class=\"custom-slider-img\"><img decoding=\"async\" width=\"420\" height=\"240\" src=\"https:\/\/www.deepki.com\/web\/wp-content\/uploads\/2024\/09\/charlesdeluvio-Lks7vei-eAg-unsplash-420x240.jpg\" class=\"attachment-case-study-grid size-case-study-grid\" alt=\"Two people working together on laptops in a meeting room\" srcset=\"https:\/\/www.deepki.com\/web\/wp-content\/uploads\/2024\/09\/charlesdeluvio-Lks7vei-eAg-unsplash-420x240.jpg 420w, https:\/\/www.deepki.com\/web\/wp-content\/uploads\/2024\/09\/charlesdeluvio-Lks7vei-eAg-unsplash-350x200.jpg 350w\" sizes=\"(max-width: 420px) 100vw, 420px\" \/><div class=\"white-logo-over over25\"><\/div><\/div><div class=\"gap custom-slider-title\">El papel de los stakeholders para garantizar la calidad de los datos en el sector inmobiliario<\/div><div class=\"gap custom-slider-readmore\"><span>Leer m\u00e1s<\/span><\/div><\/a><\/div><div class=\"custom-slider-item\"><a href=\"https:\/\/www.deepki.com\/es\/blog\/novedades-sobre-la-plataforma-deepki-cumplimiento-informes-esg\/\"><div class=\"custom-slider-img\"><img decoding=\"async\" width=\"420\" height=\"240\" src=\"https:\/\/www.deepki.com\/web\/wp-content\/uploads\/2024\/03\/Deepki_Ready_Features_Release_Blog_article_Visual_02.001-420x240.jpeg\" class=\"attachment-case-study-grid size-case-study-grid\" alt=\"Laptop with Deepki logo on the screen\" srcset=\"https:\/\/www.deepki.com\/web\/wp-content\/uploads\/2024\/03\/Deepki_Ready_Features_Release_Blog_article_Visual_02.001-420x240.jpeg 420w, https:\/\/www.deepki.com\/web\/wp-content\/uploads\/2024\/03\/Deepki_Ready_Features_Release_Blog_article_Visual_02.001-350x200.jpeg 350w\" sizes=\"(max-width: 420px) 100vw, 420px\" \/><div class=\"white-logo-over over25\"><\/div><\/div><div class=\"gap custom-slider-title\">Novedades en la plataforma Deepki: cumplimiento ESG para m\u00e1s de 10 normas de divulgaci\u00f3n importantes<\/div><div class=\"gap custom-slider-readmore\"><span>Leer m\u00e1s<\/span><\/div><\/a><\/div><\/div><\/div><div class=\"gap44 center\"><a href=\"https:\/\/www.deepki.com\/es\/blog\/\" class=\"btn\">Explore nuestro blog <\/a><\/div><\/div>\n\n<div class=\"heritage-green-bg custom-block-title-cta\"><div class=\"width-wrapper center\"><div class=\"home-section3cta2-title\">Suscr\u00edbase a la newsletter<\/div><a href=\"http:\/\/deepki-19531822.hs-sites.com\/es\/-temporary-slug-26bfd06b-5bd7-4553-aea5-f640e8254a05?hs_preview=kepkuGLo-51804090143&#038;\" class=\"btn\">Suscr\u00edbase<\/a><\/div><\/div>","protected":false},"excerpt":{"rendered":"","protected":false},"author":69,"featured_media":56619,"parent":0,"menu_order":0,"comment_status":"closed","ping_status":"closed","template":"","meta":{"inline_featured_image":false,"footnotes":""},"class_list":["post-59368","page","type-page","status-publish","has-post-thumbnail","hentry"],"yoast_head":"<!-- This site is optimized with the Yoast SEO plugin v27.3 - https:\/\/yoast.com\/product\/yoast-seo-wordpress\/ -->\n<title>Conozca - Deepki<\/title>\n<meta name=\"description\" content=\"Navegue por nuestro blog: libros blancos, infograf\u00edas, seminarios web, historias de \u00e9xito y un glosario que le permitir\u00e1 aprender todo sobre el ESG.\" \/>\n<meta name=\"robots\" content=\"index, follow, max-snippet:-1, max-image-preview:large, max-video-preview:-1\" \/>\n<link rel=\"canonical\" href=\"https:\/\/www.deepki.com\/es\/conozca\/\" \/>\n<meta property=\"og:locale\" content=\"es_ES\" \/>\n<meta property=\"og:type\" content=\"article\" \/>\n<meta property=\"og:title\" content=\"Conozca - Deepki\" \/>\n<meta property=\"og:description\" content=\"Navegue por nuestro blog: libros blancos, infograf\u00edas, seminarios web, historias de \u00e9xito y un glosario que te permitir\u00e1 aprender todo sobre el ESG.\" \/>\n<meta property=\"og:url\" content=\"https:\/\/www.deepki.com\/es\/conozca\/\" \/>\n<meta property=\"og:site_name\" content=\"Deepki\" \/>\n<meta property=\"article:publisher\" content=\"https:\/\/www.facebook.com\/DeepkiSAS\/\" \/>\n<meta property=\"article:modified_time\" content=\"2025-09-04T09:26:00+00:00\" \/>\n<meta property=\"og:image\" content=\"https:\/\/www.deepki.com\/web\/wp-content\/uploads\/2021\/08\/Home_FI.jpg\" \/>\n\t<meta property=\"og:image:width\" content=\"1200\" \/>\n\t<meta property=\"og:image:height\" content=\"628\" \/>\n\t<meta property=\"og:image:type\" content=\"image\/jpeg\" \/>\n<meta name=\"twitter:card\" content=\"summary_large_image\" \/>\n<meta name=\"twitter:title\" content=\"Conozca - Deepki\" \/>\n<meta name=\"twitter:description\" content=\"Navegue por nuestro blog: libros blancos, infograf\u00edas, seminarios web, historias de \u00e9xito y un glosario que te permitir\u00e1 aprender todo sobre el ESG.\" \/>\n<meta name=\"twitter:image\" content=\"https:\/\/www.deepki.com\/web\/wp-content\/uploads\/2021\/08\/Home_FI.jpg\" \/>\n<meta name=\"twitter:site\" content=\"@DeepkiSAS\" \/>\n<meta name=\"twitter:label1\" content=\"Tiempo de lectura\" \/>\n\t<meta name=\"twitter:data1\" content=\"1 minuto\" \/>\n<script type=\"application\/ld+json\" class=\"yoast-schema-graph\">{\"@context\":\"https:\\\/\\\/schema.org\",\"@graph\":[{\"@type\":\"WebPage\",\"@id\":\"https:\\\/\\\/www.deepki.com\\\/es\\\/conozca\\\/\",\"url\":\"https:\\\/\\\/www.deepki.com\\\/es\\\/conozca\\\/\",\"name\":\"Conozca - Deepki\",\"isPartOf\":{\"@id\":\"https:\\\/\\\/www.deepki.com\\\/es\\\/#website\"},\"primaryImageOfPage\":{\"@id\":\"https:\\\/\\\/www.deepki.com\\\/es\\\/conozca\\\/#primaryimage\"},\"image\":{\"@id\":\"https:\\\/\\\/www.deepki.com\\\/es\\\/conozca\\\/#primaryimage\"},\"thumbnailUrl\":\"https:\\\/\\\/www.deepki.com\\\/web\\\/wp-content\\\/uploads\\\/2021\\\/08\\\/Home_FI.jpg\",\"datePublished\":\"2021-09-22T14:30:22+00:00\",\"dateModified\":\"2025-09-04T09:26:00+00:00\",\"description\":\"Navegue por nuestro blog: libros blancos, infograf\u00edas, seminarios web, historias de \u00e9xito y un glosario que le permitir\u00e1 aprender todo sobre el ESG.\",\"breadcrumb\":{\"@id\":\"https:\\\/\\\/www.deepki.com\\\/es\\\/conozca\\\/#breadcrumb\"},\"inLanguage\":\"es\",\"potentialAction\":[{\"@type\":\"ReadAction\",\"target\":[\"https:\\\/\\\/www.deepki.com\\\/es\\\/conozca\\\/\"]}]},{\"@type\":\"ImageObject\",\"inLanguage\":\"es\",\"@id\":\"https:\\\/\\\/www.deepki.com\\\/es\\\/conozca\\\/#primaryimage\",\"url\":\"https:\\\/\\\/www.deepki.com\\\/web\\\/wp-content\\\/uploads\\\/2021\\\/08\\\/Home_FI.jpg\",\"contentUrl\":\"https:\\\/\\\/www.deepki.com\\\/web\\\/wp-content\\\/uploads\\\/2021\\\/08\\\/Home_FI.jpg\",\"width\":1200,\"height\":628},{\"@type\":\"BreadcrumbList\",\"@id\":\"https:\\\/\\\/www.deepki.com\\\/es\\\/conozca\\\/#breadcrumb\",\"itemListElement\":[{\"@type\":\"ListItem\",\"position\":1,\"name\":\"Home\",\"item\":\"https:\\\/\\\/www.deepki.com\\\/es\\\/\"},{\"@type\":\"ListItem\",\"position\":2,\"name\":\"Conozca\"}]},{\"@type\":\"WebSite\",\"@id\":\"https:\\\/\\\/www.deepki.com\\\/es\\\/#website\",\"url\":\"https:\\\/\\\/www.deepki.com\\\/es\\\/\",\"name\":\"Deepki\",\"description\":\"Together, let&#039;s make your real estate more sustainable thanks to data!\",\"publisher\":{\"@id\":\"https:\\\/\\\/www.deepki.com\\\/es\\\/#organization\"},\"potentialAction\":[{\"@type\":\"SearchAction\",\"target\":{\"@type\":\"EntryPoint\",\"urlTemplate\":\"https:\\\/\\\/www.deepki.com\\\/es\\\/?s={search_term_string}\"},\"query-input\":{\"@type\":\"PropertyValueSpecification\",\"valueRequired\":true,\"valueName\":\"search_term_string\"}}],\"inLanguage\":\"es\"},{\"@type\":\"Organization\",\"@id\":\"https:\\\/\\\/www.deepki.com\\\/es\\\/#organization\",\"name\":\"Deepki\",\"url\":\"https:\\\/\\\/www.deepki.com\\\/es\\\/\",\"logo\":{\"@type\":\"ImageObject\",\"inLanguage\":\"es\",\"@id\":\"https:\\\/\\\/www.deepki.com\\\/es\\\/#\\\/schema\\\/logo\\\/image\\\/\",\"url\":\"https:\\\/\\\/www.deepki.com\\\/web\\\/wp-content\\\/uploads\\\/2021\\\/08\\\/deepki-logo.jpg\",\"contentUrl\":\"https:\\\/\\\/www.deepki.com\\\/web\\\/wp-content\\\/uploads\\\/2021\\\/08\\\/deepki-logo.jpg\",\"width\":880,\"height\":360,\"caption\":\"Deepki\"},\"image\":{\"@id\":\"https:\\\/\\\/www.deepki.com\\\/es\\\/#\\\/schema\\\/logo\\\/image\\\/\"},\"sameAs\":[\"https:\\\/\\\/www.facebook.com\\\/DeepkiSAS\\\/\",\"https:\\\/\\\/x.com\\\/DeepkiSAS\",\"https:\\\/\\\/www.linkedin.com\\\/company\\\/deepki\"]}]}<\/script>\n<!-- \/ Yoast SEO plugin. -->","yoast_head_json":{"title":"Conozca - Deepki","description":"Navegue por nuestro blog: libros blancos, infograf\u00edas, seminarios web, historias de \u00e9xito y un glosario que le permitir\u00e1 aprender todo sobre el ESG.","robots":{"index":"index","follow":"follow","max-snippet":"max-snippet:-1","max-image-preview":"max-image-preview:large","max-video-preview":"max-video-preview:-1"},"canonical":"https:\/\/www.deepki.com\/es\/conozca\/","og_locale":"es_ES","og_type":"article","og_title":"Conozca - Deepki","og_description":"Navegue por nuestro blog: libros blancos, infograf\u00edas, seminarios web, historias de \u00e9xito y un glosario que te permitir\u00e1 aprender todo sobre el ESG.","og_url":"https:\/\/www.deepki.com\/es\/conozca\/","og_site_name":"Deepki","article_publisher":"https:\/\/www.facebook.com\/DeepkiSAS\/","article_modified_time":"2025-09-04T09:26:00+00:00","og_image":[{"width":1200,"height":628,"url":"https:\/\/www.deepki.com\/web\/wp-content\/uploads\/2021\/08\/Home_FI.jpg","type":"image\/jpeg"}],"twitter_card":"summary_large_image","twitter_title":"Conozca - Deepki","twitter_description":"Navegue por nuestro blog: libros blancos, infograf\u00edas, seminarios web, historias de \u00e9xito y un glosario que te permitir\u00e1 aprender todo sobre el ESG.","twitter_image":"https:\/\/www.deepki.com\/web\/wp-content\/uploads\/2021\/08\/Home_FI.jpg","twitter_site":"@DeepkiSAS","twitter_misc":{"Tiempo de lectura":"1 minuto"},"schema":{"@context":"https:\/\/schema.org","@graph":[{"@type":"WebPage","@id":"https:\/\/www.deepki.com\/es\/conozca\/","url":"https:\/\/www.deepki.com\/es\/conozca\/","name":"Conozca - Deepki","isPartOf":{"@id":"https:\/\/www.deepki.com\/es\/#website"},"primaryImageOfPage":{"@id":"https:\/\/www.deepki.com\/es\/conozca\/#primaryimage"},"image":{"@id":"https:\/\/www.deepki.com\/es\/conozca\/#primaryimage"},"thumbnailUrl":"https:\/\/www.deepki.com\/web\/wp-content\/uploads\/2021\/08\/Home_FI.jpg","datePublished":"2021-09-22T14:30:22+00:00","dateModified":"2025-09-04T09:26:00+00:00","description":"Navegue por nuestro blog: libros blancos, infograf\u00edas, seminarios web, historias de \u00e9xito y un glosario que le permitir\u00e1 aprender todo sobre el ESG.","breadcrumb":{"@id":"https:\/\/www.deepki.com\/es\/conozca\/#breadcrumb"},"inLanguage":"es","potentialAction":[{"@type":"ReadAction","target":["https:\/\/www.deepki.com\/es\/conozca\/"]}]},{"@type":"ImageObject","inLanguage":"es","@id":"https:\/\/www.deepki.com\/es\/conozca\/#primaryimage","url":"https:\/\/www.deepki.com\/web\/wp-content\/uploads\/2021\/08\/Home_FI.jpg","contentUrl":"https:\/\/www.deepki.com\/web\/wp-content\/uploads\/2021\/08\/Home_FI.jpg","width":1200,"height":628},{"@type":"BreadcrumbList","@id":"https:\/\/www.deepki.com\/es\/conozca\/#breadcrumb","itemListElement":[{"@type":"ListItem","position":1,"name":"Home","item":"https:\/\/www.deepki.com\/es\/"},{"@type":"ListItem","position":2,"name":"Conozca"}]},{"@type":"WebSite","@id":"https:\/\/www.deepki.com\/es\/#website","url":"https:\/\/www.deepki.com\/es\/","name":"Deepki","description":"Together, let&#039;s make your real estate more sustainable thanks to data!","publisher":{"@id":"https:\/\/www.deepki.com\/es\/#organization"},"potentialAction":[{"@type":"SearchAction","target":{"@type":"EntryPoint","urlTemplate":"https:\/\/www.deepki.com\/es\/?s={search_term_string}"},"query-input":{"@type":"PropertyValueSpecification","valueRequired":true,"valueName":"search_term_string"}}],"inLanguage":"es"},{"@type":"Organization","@id":"https:\/\/www.deepki.com\/es\/#organization","name":"Deepki","url":"https:\/\/www.deepki.com\/es\/","logo":{"@type":"ImageObject","inLanguage":"es","@id":"https:\/\/www.deepki.com\/es\/#\/schema\/logo\/image\/","url":"https:\/\/www.deepki.com\/web\/wp-content\/uploads\/2021\/08\/deepki-logo.jpg","contentUrl":"https:\/\/www.deepki.com\/web\/wp-content\/uploads\/2021\/08\/deepki-logo.jpg","width":880,"height":360,"caption":"Deepki"},"image":{"@id":"https:\/\/www.deepki.com\/es\/#\/schema\/logo\/image\/"},"sameAs":["https:\/\/www.facebook.com\/DeepkiSAS\/","https:\/\/x.com\/DeepkiSAS","https:\/\/www.linkedin.com\/company\/deepki"]}]}},"_links":{"self":[{"href":"https:\/\/www.deepki.com\/es\/wp-json\/wp\/v2\/pages\/59368","targetHints":{"allow":["GET"]}}],"collection":[{"href":"https:\/\/www.deepki.com\/es\/wp-json\/wp\/v2\/pages"}],"about":[{"href":"https:\/\/www.deepki.com\/es\/wp-json\/wp\/v2\/types\/page"}],"author":[{"embeddable":true,"href":"https:\/\/www.deepki.com\/es\/wp-json\/wp\/v2\/users\/69"}],"replies":[{"embeddable":true,"href":"https:\/\/www.deepki.com\/es\/wp-json\/wp\/v2\/comments?post=59368"}],"version-history":[{"count":13,"href":"https:\/\/www.deepki.com\/es\/wp-json\/wp\/v2\/pages\/59368\/revisions"}],"predecessor-version":[{"id":98762,"href":"https:\/\/www.deepki.com\/es\/wp-json\/wp\/v2\/pages\/59368\/revisions\/98762"}],"wp:featuredmedia":[{"embeddable":true,"href":"https:\/\/www.deepki.com\/es\/wp-json\/wp\/v2\/media\/56619"}],"wp:attachment":[{"href":"https:\/\/www.deepki.com\/es\/wp-json\/wp\/v2\/media?parent=59368"}],"curies":[{"name":"wp","href":"https:\/\/api.w.org\/{rel}","templated":true}]}}