{"id":59383,"date":"2021-09-22T11:01:48","date_gmt":"2021-09-22T11:01:48","guid":{"rendered":"https:\/\/www.deepki.com\/web\/?page_id=59383"},"modified":"2026-01-20T11:34:45","modified_gmt":"2026-01-20T10:34:45","slug":"contacto","status":"publish","type":"page","link":"https:\/\/www.deepki.com\/es\/contacto\/","title":{"rendered":"Contacto"},"content":{"rendered":"\n<div class=\"wp-block-group has-heritage-green-background-color has-background\"><div class=\"wp-block-group__inner-container is-layout-constrained wp-block-group-is-layout-constrained\">\n<div style=\"height:50px;width:0px\" aria-hidden=\"true\" class=\"wp-block-spacer\"><\/div>\n\n\n\n<div class=\"wp-block-group\"><div class=\"wp-block-group__inner-container is-layout-constrained wp-block-group-is-layout-constrained\">\n<div class=\"wp-block-columns are-vertically-aligned-top center is-layout-flex wp-container-core-columns-is-layout-9d6595d7 wp-block-columns-is-layout-flex\">\n<div class=\"wp-block-column is-vertically-aligned-top is-layout-flow wp-block-column-is-layout-flow\">\n<h4 class=\"wp-block-heading has-t-white-color has-text-color has-link-color wp-elements-db5bde8885d75748c18e93d9baa92dba\">Berlin<\/h4>\n\n\n\n<p class=\"has-t-white-color has-text-color has-link-color wp-elements-be161c5e38c8ee8d2bc70442162dfb07\">Deepki Deutschland GmbH<br>c\/o Mindspace<br>Zimmerstra\u00dfe 78<br>10117 Berlin<br>GERMANY<\/p>\n<\/div>\n\n\n\n<div class=\"wp-block-column is-vertically-aligned-top is-layout-flow wp-block-column-is-layout-flow\">\n<h4 class=\"wp-block-heading has-t-white-color has-text-color has-link-color wp-elements-758857b937b614de177bee6d00cf60f2\">London<\/h4>\n\n\n\n<p class=\"has-t-white-color has-text-color has-link-color wp-elements-a10a35eac15f5d1a6792ef380dcd648d\">Deepki UK LTD<br>151 Shaftesbury Avenue<br>London, WC2H 8AL<br>UNITED KINGDOM<\/p>\n<\/div>\n\n\n\n<div class=\"wp-block-column is-vertically-aligned-top is-layout-flow wp-block-column-is-layout-flow\">\n<h4 class=\"wp-block-heading has-t-white-color has-text-color has-link-color wp-elements-3e54ec63ddd5f5c050db6ceead2b4287\">Madrid<\/h4>\n\n\n\n<p class=\"has-t-white-color has-text-color has-link-color wp-elements-c6e62edd31b0c8fcf7dcf6d8f6acc2dd\">Deepki Espa\u00f1a<br>P.\u00ba de la Castellana, 163<br>28046 &#8211; Madrid<br>ESPA\u00d1A<\/p>\n<\/div>\n\n\n\n<div class=\"wp-block-column is-vertically-aligned-top is-layout-flow wp-block-column-is-layout-flow\">\n<h4 class=\"wp-block-heading has-t-white-color has-text-color has-link-color wp-elements-e8233f40ca7798febbe506245af28f02\">Milan<\/h4>\n\n\n\n<p class=\"has-t-white-color has-text-color has-link-color wp-elements-6ce8ebe6f9635dc58e1ca1b0a76fd8d9\">Deepki Italia<br>Via Dante 16<br>20121 Milano<br>ITALIA<\/p>\n<\/div>\n<\/div>\n\n\n\n<div style=\"height:60px\" aria-hidden=\"true\" class=\"wp-block-spacer\"><\/div>\n\n\n\n<div class=\"wp-block-columns are-vertically-aligned-top center is-layout-flex wp-container-core-columns-is-layout-9d6595d7 wp-block-columns-is-layout-flex\">\n<div class=\"wp-block-column is-vertically-aligned-top is-layout-flow wp-block-column-is-layout-flow\">\n<h4 class=\"wp-block-heading has-t-white-color has-text-color has-link-color wp-elements-ced5fae85231a4f3acdb3a8462f9ee8e\">New York<\/h4>\n\n\n\n<p class=\"has-t-white-color has-text-color has-link-color wp-elements-c93bf7581663c0b7270969c4ddadde6f\">DEEPKI INC.<br>250 Broadway<br>New York, NY 10007 <br>U.S.<\/p>\n<\/div>\n\n\n\n<div class=\"wp-block-column is-vertically-aligned-top is-layout-flow wp-block-column-is-layout-flow\">\n<h4 class=\"wp-block-heading has-t-white-color has-text-color has-link-color wp-elements-ad7379048f6799c6bd41f84da4ddd991\">Paris<\/h4>\n\n\n\n<p class=\"has-t-white-color has-text-color has-link-color wp-elements-4d211c28ddd546ddb31ef87cb7ef9396\">Deepki France<br>7, villa du Clos Malevart<br>75011 \u2013 Paris<br>FRANCE<\/p>\n<\/div>\n\n\n\n<div class=\"wp-block-column is-vertically-aligned-top is-layout-flow wp-block-column-is-layout-flow\">\n<h4 class=\"wp-block-heading has-t-white-color has-text-color has-link-color wp-elements-b3e553fe798423270c2f23283702a797\">Singapore<\/h4>\n\n\n\n<p class=\"has-t-white-color has-text-color has-link-color wp-elements-c63288cb182fe247722c23283214d75a\">Deepki Singapore<br>541 Orchard Road<br>Liat Towers<br>SINGAPORE (238881)<\/p>\n<\/div>\n<\/div>\n\n\n\n<div style=\"height:60px\" aria-hidden=\"true\" class=\"wp-block-spacer\"><\/div>\n\n\n\n<div class=\"wp-block-columns are-vertically-aligned-top center is-layout-flex wp-container-core-columns-is-layout-9d6595d7 wp-block-columns-is-layout-flex\">\n<div class=\"wp-block-column is-vertically-aligned-top is-layout-flow wp-block-column-is-layout-flow\">\n<h4 class=\"wp-block-heading has-t-white-color has-text-color has-link-color wp-elements-c619c3b57e2e24a108cf1209ceab3baf\">Ubicaciones adicionales<\/h4>\n\n\n\n<p class=\"has-t-white-color has-text-color has-link-color wp-elements-7c1c26885e31ff698057de5475722cf1\">\u00c1msterdam, Copenhague, Seattle, S\u00eddney, Z\u00farich<\/p>\n<\/div>\n<\/div>\n<\/div><\/div>\n\n\n\n<div style=\"height:70px;width:0px\" aria-hidden=\"true\" class=\"wp-block-spacer\"><\/div>\n<\/div><\/div>\n","protected":false},"excerpt":{"rendered":"<p>Berlin Deepki Deutschland GmbHc\/o MindspaceZimmerstra\u00dfe 7810117 BerlinGERMANY London Deepki UK LTD151 Shaftesbury AvenueLondon, WC2H 8ALUNITED KINGDOM Madrid Deepki Espa\u00f1aP.\u00ba de la Castellana, 16328046 &#8211; MadridESPA\u00d1A Milan Deepki ItaliaVia Dante 1620121 MilanoITALIA New York DEEPKI INC.250 BroadwayNew York, NY 10007 U.S. Paris Deepki France7, villa du Clos Malevart75011 \u2013 ParisFRANCE Singapore Deepki Singapore541 Orchard RoadLiat TowersSINGAPORE [&hellip;]<\/p>\n","protected":false},"author":69,"featured_media":56619,"parent":0,"menu_order":0,"comment_status":"closed","ping_status":"closed","template":"page-templates\/contact-page.php","meta":{"inline_featured_image":false,"footnotes":""},"class_list":["post-59383","page","type-page","status-publish","has-post-thumbnail","hentry"],"yoast_head":"<!-- This site is optimized with the Yoast SEO plugin v27.3 - https:\/\/yoast.com\/product\/yoast-seo-wordpress\/ -->\n<title>Contacto - Deepki<\/title>\n<meta name=\"description\" content=\"\u00bfQuiere asociarse con nosotros o simplemente hacer una consulta? \u00a1Contacte con un experto de Deepki! Nos pondremos en contacto con usted a la mayor brevedad posible.\" \/>\n<meta name=\"robots\" content=\"index, follow, max-snippet:-1, max-image-preview:large, max-video-preview:-1\" \/>\n<link rel=\"canonical\" href=\"https:\/\/www.deepki.com\/es\/contacto\/\" \/>\n<meta property=\"og:locale\" content=\"es_ES\" \/>\n<meta property=\"og:type\" content=\"article\" \/>\n<meta property=\"og:title\" content=\"Contacto - Deepki\" \/>\n<meta property=\"og:description\" content=\"\u00bfQuiere asociarse con nosotros o simplemente hacer una consulta? \u00a1Contacte con un experto de Deepki! Nos pondremos en contacto con usted a la mayor brevedad posible.\" \/>\n<meta property=\"og:url\" content=\"https:\/\/www.deepki.com\/es\/contacto\/\" \/>\n<meta property=\"og:site_name\" content=\"Deepki\" \/>\n<meta property=\"article:publisher\" content=\"https:\/\/www.facebook.com\/DeepkiSAS\/\" \/>\n<meta property=\"article:modified_time\" content=\"2026-01-20T10:34:45+00:00\" \/>\n<meta property=\"og:image\" content=\"https:\/\/www.deepki.com\/web\/wp-content\/uploads\/2021\/08\/Home_FI.jpg\" \/>\n\t<meta property=\"og:image:width\" content=\"1200\" \/>\n\t<meta property=\"og:image:height\" content=\"628\" \/>\n\t<meta property=\"og:image:type\" content=\"image\/jpeg\" \/>\n<meta name=\"twitter:card\" content=\"summary_large_image\" \/>\n<meta name=\"twitter:title\" content=\"Contacto - Deepki\" \/>\n<meta name=\"twitter:description\" content=\"\u00bfQuiere asociarse con nosotros o simplemente hacer una consulta? \u00a1Contacte con un experto de Deepki! Nos pondremos en contacto con usted a la mayor brevedad posible.\" \/>\n<meta name=\"twitter:image\" content=\"https:\/\/www.deepki.com\/web\/wp-content\/uploads\/2021\/08\/Home_FI.jpg\" \/>\n<meta name=\"twitter:site\" content=\"@DeepkiSAS\" \/>\n<meta name=\"twitter:label1\" content=\"Tiempo de lectura\" \/>\n\t<meta name=\"twitter:data1\" content=\"1 minuto\" \/>\n<script type=\"application\/ld+json\" class=\"yoast-schema-graph\">{\"@context\":\"https:\\\/\\\/schema.org\",\"@graph\":[{\"@type\":\"WebPage\",\"@id\":\"https:\\\/\\\/www.deepki.com\\\/es\\\/contacto\\\/\",\"url\":\"https:\\\/\\\/www.deepki.com\\\/es\\\/contacto\\\/\",\"name\":\"Contacto - Deepki\",\"isPartOf\":{\"@id\":\"https:\\\/\\\/www.deepki.com\\\/es\\\/#website\"},\"primaryImageOfPage\":{\"@id\":\"https:\\\/\\\/www.deepki.com\\\/es\\\/contacto\\\/#primaryimage\"},\"image\":{\"@id\":\"https:\\\/\\\/www.deepki.com\\\/es\\\/contacto\\\/#primaryimage\"},\"thumbnailUrl\":\"https:\\\/\\\/www.deepki.com\\\/web\\\/wp-content\\\/uploads\\\/2021\\\/08\\\/Home_FI.jpg\",\"datePublished\":\"2021-09-22T11:01:48+00:00\",\"dateModified\":\"2026-01-20T10:34:45+00:00\",\"description\":\"\u00bfQuiere asociarse con nosotros o simplemente hacer una consulta? \u00a1Contacte con un experto de Deepki! Nos pondremos en contacto con usted a la mayor brevedad posible.\",\"breadcrumb\":{\"@id\":\"https:\\\/\\\/www.deepki.com\\\/es\\\/contacto\\\/#breadcrumb\"},\"inLanguage\":\"es\",\"potentialAction\":[{\"@type\":\"ReadAction\",\"target\":[\"https:\\\/\\\/www.deepki.com\\\/es\\\/contacto\\\/\"]}]},{\"@type\":\"ImageObject\",\"inLanguage\":\"es\",\"@id\":\"https:\\\/\\\/www.deepki.com\\\/es\\\/contacto\\\/#primaryimage\",\"url\":\"https:\\\/\\\/www.deepki.com\\\/web\\\/wp-content\\\/uploads\\\/2021\\\/08\\\/Home_FI.jpg\",\"contentUrl\":\"https:\\\/\\\/www.deepki.com\\\/web\\\/wp-content\\\/uploads\\\/2021\\\/08\\\/Home_FI.jpg\",\"width\":1200,\"height\":628},{\"@type\":\"BreadcrumbList\",\"@id\":\"https:\\\/\\\/www.deepki.com\\\/es\\\/contacto\\\/#breadcrumb\",\"itemListElement\":[{\"@type\":\"ListItem\",\"position\":1,\"name\":\"Home\",\"item\":\"https:\\\/\\\/www.deepki.com\\\/es\\\/\"},{\"@type\":\"ListItem\",\"position\":2,\"name\":\"Contacto\"}]},{\"@type\":\"WebSite\",\"@id\":\"https:\\\/\\\/www.deepki.com\\\/es\\\/#website\",\"url\":\"https:\\\/\\\/www.deepki.com\\\/es\\\/\",\"name\":\"Deepki\",\"description\":\"Together, let&#039;s make your real estate more sustainable thanks to data!\",\"publisher\":{\"@id\":\"https:\\\/\\\/www.deepki.com\\\/es\\\/#organization\"},\"potentialAction\":[{\"@type\":\"SearchAction\",\"target\":{\"@type\":\"EntryPoint\",\"urlTemplate\":\"https:\\\/\\\/www.deepki.com\\\/es\\\/?s={search_term_string}\"},\"query-input\":{\"@type\":\"PropertyValueSpecification\",\"valueRequired\":true,\"valueName\":\"search_term_string\"}}],\"inLanguage\":\"es\"},{\"@type\":\"Organization\",\"@id\":\"https:\\\/\\\/www.deepki.com\\\/es\\\/#organization\",\"name\":\"Deepki\",\"url\":\"https:\\\/\\\/www.deepki.com\\\/es\\\/\",\"logo\":{\"@type\":\"ImageObject\",\"inLanguage\":\"es\",\"@id\":\"https:\\\/\\\/www.deepki.com\\\/es\\\/#\\\/schema\\\/logo\\\/image\\\/\",\"url\":\"https:\\\/\\\/www.deepki.com\\\/web\\\/wp-content\\\/uploads\\\/2021\\\/08\\\/deepki-logo.jpg\",\"contentUrl\":\"https:\\\/\\\/www.deepki.com\\\/web\\\/wp-content\\\/uploads\\\/2021\\\/08\\\/deepki-logo.jpg\",\"width\":880,\"height\":360,\"caption\":\"Deepki\"},\"image\":{\"@id\":\"https:\\\/\\\/www.deepki.com\\\/es\\\/#\\\/schema\\\/logo\\\/image\\\/\"},\"sameAs\":[\"https:\\\/\\\/www.facebook.com\\\/DeepkiSAS\\\/\",\"https:\\\/\\\/x.com\\\/DeepkiSAS\",\"https:\\\/\\\/www.linkedin.com\\\/company\\\/deepki\"]}]}<\/script>\n<!-- \/ Yoast SEO plugin. -->","yoast_head_json":{"title":"Contacto - Deepki","description":"\u00bfQuiere asociarse con nosotros o simplemente hacer una consulta? \u00a1Contacte con un experto de Deepki! Nos pondremos en contacto con usted a la mayor brevedad posible.","robots":{"index":"index","follow":"follow","max-snippet":"max-snippet:-1","max-image-preview":"max-image-preview:large","max-video-preview":"max-video-preview:-1"},"canonical":"https:\/\/www.deepki.com\/es\/contacto\/","og_locale":"es_ES","og_type":"article","og_title":"Contacto - Deepki","og_description":"\u00bfQuiere asociarse con nosotros o simplemente hacer una consulta? \u00a1Contacte con un experto de Deepki! Nos pondremos en contacto con usted a la mayor brevedad posible.","og_url":"https:\/\/www.deepki.com\/es\/contacto\/","og_site_name":"Deepki","article_publisher":"https:\/\/www.facebook.com\/DeepkiSAS\/","article_modified_time":"2026-01-20T10:34:45+00:00","og_image":[{"width":1200,"height":628,"url":"https:\/\/www.deepki.com\/web\/wp-content\/uploads\/2021\/08\/Home_FI.jpg","type":"image\/jpeg"}],"twitter_card":"summary_large_image","twitter_title":"Contacto - Deepki","twitter_description":"\u00bfQuiere asociarse con nosotros o simplemente hacer una consulta? \u00a1Contacte con un experto de Deepki! Nos pondremos en contacto con usted a la mayor brevedad posible.","twitter_image":"https:\/\/www.deepki.com\/web\/wp-content\/uploads\/2021\/08\/Home_FI.jpg","twitter_site":"@DeepkiSAS","twitter_misc":{"Tiempo de lectura":"1 minuto"},"schema":{"@context":"https:\/\/schema.org","@graph":[{"@type":"WebPage","@id":"https:\/\/www.deepki.com\/es\/contacto\/","url":"https:\/\/www.deepki.com\/es\/contacto\/","name":"Contacto - Deepki","isPartOf":{"@id":"https:\/\/www.deepki.com\/es\/#website"},"primaryImageOfPage":{"@id":"https:\/\/www.deepki.com\/es\/contacto\/#primaryimage"},"image":{"@id":"https:\/\/www.deepki.com\/es\/contacto\/#primaryimage"},"thumbnailUrl":"https:\/\/www.deepki.com\/web\/wp-content\/uploads\/2021\/08\/Home_FI.jpg","datePublished":"2021-09-22T11:01:48+00:00","dateModified":"2026-01-20T10:34:45+00:00","description":"\u00bfQuiere asociarse con nosotros o simplemente hacer una consulta? \u00a1Contacte con un experto de Deepki! Nos pondremos en contacto con usted a la mayor brevedad posible.","breadcrumb":{"@id":"https:\/\/www.deepki.com\/es\/contacto\/#breadcrumb"},"inLanguage":"es","potentialAction":[{"@type":"ReadAction","target":["https:\/\/www.deepki.com\/es\/contacto\/"]}]},{"@type":"ImageObject","inLanguage":"es","@id":"https:\/\/www.deepki.com\/es\/contacto\/#primaryimage","url":"https:\/\/www.deepki.com\/web\/wp-content\/uploads\/2021\/08\/Home_FI.jpg","contentUrl":"https:\/\/www.deepki.com\/web\/wp-content\/uploads\/2021\/08\/Home_FI.jpg","width":1200,"height":628},{"@type":"BreadcrumbList","@id":"https:\/\/www.deepki.com\/es\/contacto\/#breadcrumb","itemListElement":[{"@type":"ListItem","position":1,"name":"Home","item":"https:\/\/www.deepki.com\/es\/"},{"@type":"ListItem","position":2,"name":"Contacto"}]},{"@type":"WebSite","@id":"https:\/\/www.deepki.com\/es\/#website","url":"https:\/\/www.deepki.com\/es\/","name":"Deepki","description":"Together, let&#039;s make your real estate more sustainable thanks to data!","publisher":{"@id":"https:\/\/www.deepki.com\/es\/#organization"},"potentialAction":[{"@type":"SearchAction","target":{"@type":"EntryPoint","urlTemplate":"https:\/\/www.deepki.com\/es\/?s={search_term_string}"},"query-input":{"@type":"PropertyValueSpecification","valueRequired":true,"valueName":"search_term_string"}}],"inLanguage":"es"},{"@type":"Organization","@id":"https:\/\/www.deepki.com\/es\/#organization","name":"Deepki","url":"https:\/\/www.deepki.com\/es\/","logo":{"@type":"ImageObject","inLanguage":"es","@id":"https:\/\/www.deepki.com\/es\/#\/schema\/logo\/image\/","url":"https:\/\/www.deepki.com\/web\/wp-content\/uploads\/2021\/08\/deepki-logo.jpg","contentUrl":"https:\/\/www.deepki.com\/web\/wp-content\/uploads\/2021\/08\/deepki-logo.jpg","width":880,"height":360,"caption":"Deepki"},"image":{"@id":"https:\/\/www.deepki.com\/es\/#\/schema\/logo\/image\/"},"sameAs":["https:\/\/www.facebook.com\/DeepkiSAS\/","https:\/\/x.com\/DeepkiSAS","https:\/\/www.linkedin.com\/company\/deepki"]}]}},"_links":{"self":[{"href":"https:\/\/www.deepki.com\/es\/wp-json\/wp\/v2\/pages\/59383","targetHints":{"allow":["GET"]}}],"collection":[{"href":"https:\/\/www.deepki.com\/es\/wp-json\/wp\/v2\/pages"}],"about":[{"href":"https:\/\/www.deepki.com\/es\/wp-json\/wp\/v2\/types\/page"}],"author":[{"embeddable":true,"href":"https:\/\/www.deepki.com\/es\/wp-json\/wp\/v2\/users\/69"}],"replies":[{"embeddable":true,"href":"https:\/\/www.deepki.com\/es\/wp-json\/wp\/v2\/comments?post=59383"}],"version-history":[{"count":6,"href":"https:\/\/www.deepki.com\/es\/wp-json\/wp\/v2\/pages\/59383\/revisions"}],"predecessor-version":[{"id":101304,"href":"https:\/\/www.deepki.com\/es\/wp-json\/wp\/v2\/pages\/59383\/revisions\/101304"}],"wp:featuredmedia":[{"embeddable":true,"href":"https:\/\/www.deepki.com\/es\/wp-json\/wp\/v2\/media\/56619"}],"wp:attachment":[{"href":"https:\/\/www.deepki.com\/es\/wp-json\/wp\/v2\/media?parent=59383"}],"curies":[{"name":"wp","href":"https:\/\/api.w.org\/{rel}","templated":true}]}}