{"id":59392,"date":"2021-09-22T11:30:28","date_gmt":"2021-09-22T11:30:28","guid":{"rendered":"https:\/\/www.deepki.com\/web\/?page_id=59392"},"modified":"2026-01-05T14:56:06","modified_gmt":"2026-01-05T13:56:06","slug":"carreras","status":"publish","type":"page","link":"https:\/\/www.deepki.com\/es\/sobre-deepki\/carreras\/","title":{"rendered":"Carreras"},"content":{"rendered":"<div class=\"custom-block-top-header homepage-header relative black-bg white vertical-middle\">\t\r\n\t<div class=\"homepage-header-row\">\r\n\t\t<div class=\"homepage-header-cell page-header\">\r\n\t\t\t<div class=\"homepage-title-wrapper center\"> \r\n\t\t\t\t\t\t\t\t\t\t\t\t\t\t\t\t\t\t\t<h1 class=\"homepage-h1\">\r\n\t\t\t\t\t\t\t\t\t\tCultura y Carreras<\/h1>\r\n\t\t\t\t\t\t\t\t\t\t\t\t\r\n\t\t\t\t<div class=\"homepage-intro-p\">\r\n\t\t\t\t\tUna comunidad de expertos en datos y ESG decididos a actuar a favor del planeta y hacer que el Real Estate sea m\u00e1s sostenible.\t\t\t\t<\/div>\r\n\t\t\t\t\t\r\n\t\t\t\t\t\t\t\t\r\n\t\t\t\t<div class=\"homepage-intro-cta\">\r\n\t\t\t\t\t<a href=\"https:\/\/deepki.teamtailor.com\/\" target=\"_blank\" class=\"btn\">\u00danase a nosotros<\/a>\r\n\t\t\t\t<\/div>\r\n\t\t\t\t\t\t\t\t\r\n\t\t\t<\/div>\t\r\n\t\t\t<div class=\"homepage-header-svg-wrapper\" style=\"background-image:url('https:\/\/www.deepki.com\/web\/wp-content\/uploads\/2026\/01\/header_test_3-1440x900.jpg')\"><\/div>\t\r\n\t\t\t<div class=\"homepage-botarrow-wrapper\"><div class=\"homepage-botarrow\"><div class=\"homepage-botarrow-ico\"><\/div><\/div><\/div>\r\n\t\t<\/div>\t\r\n\t<\/div>\t\r\n<\/div>\t\t\t\r\n<div id=\"homepage-content\"><\/div>\t\r\n\n\n<div class=\"white-bg custom-text-left-img-right\"><div class=\"width-wrapper\">\r\n\t<div class=\"wp-block-columns\">\r\n\t\t<div class=\"wp-block-column\">\r\n\t\t\t<h2>Trabajar en Deepki<\/h2><p>Nuestros valores son los principios que nos gu\u00edan. A trav\u00e9s de nuestra visi\u00f3n, compromisos y ambiciones, nos esforzamos por mejorar el rendimiento medioambiental global. <\/p>\t\t<\/div>\r\n\t\t\t\t<div class=\"wp-block-column align-right\">\r\n\t\t\t<img decoding=\"async\" width=\"640\" height=\"400\" src=\"https:\/\/www.deepki.com\/web\/wp-content\/uploads\/2026\/01\/deepki_boat_offsite.jpeg\" class=\"attachment-custom-block-right-img size-custom-block-right-img\" alt=\"\" srcset=\"https:\/\/www.deepki.com\/web\/wp-content\/uploads\/2026\/01\/deepki_boat_offsite.jpeg 640w, https:\/\/www.deepki.com\/web\/wp-content\/uploads\/2026\/01\/deepki_boat_offsite-300x188.jpeg 300w, https:\/\/www.deepki.com\/web\/wp-content\/uploads\/2026\/01\/deepki_boat_offsite-128x80.jpeg 128w, https:\/\/www.deepki.com\/web\/wp-content\/uploads\/2026\/01\/deepki_boat_offsite-80x50.jpeg 80w, https:\/\/www.deepki.com\/web\/wp-content\/uploads\/2026\/01\/deepki_boat_offsite-256x160.jpeg 256w\" sizes=\"(max-width: 640px) 100vw, 640px\" \/>\t\t<\/div>\r\n\t<\/div>\r\n<\/div>\r\n<\/div>\r\n\t\n\n<div class=\"custom-slider-grey-wrapper charcoal-grey-bg white\"><h2 class=\"center\">Una gran ambici\u00f3n conlleva un gran lugar de trabajo<\/h2><div class=\"custom-slider-grey\"><div class=\"custom-slide-grey\"><h4>Trabaja con sentido<\/h4><p>Nuestro trabajo tiene sentido. Tener un impacto positivo en nuestro mundo es un fuerte motor para todos nosotros aqu\u00ed en Deepki. Ponemos toda nuestra energ\u00eda en hacer que el sector inmobiliario sea m\u00e1s sostenible.<\/p><\/div><div class=\"custom-slide-grey\"><h4>Trabaja en todo el mundo<\/h4><p>Presente en 11 pa\u00edses y 28 nacionalidades diferentes, Deepki es un entorno de trabajo verdaderamente multicultural que aprovecha la riqueza y diversidad de su equipo.<\/p><\/div><div class=\"custom-slide-grey\"><h4>Trabajo y bienestar<\/h4><p>Con una calificaci\u00f3n media de 4,5\/5 los empleados de Deepki valoran su lugar de trabajo y reconocen la capacidad de Deepki para cuidar a su gente y garantizar su bienestar personal.<\/p><\/div><div class=\"custom-slide-grey\"><h4>Vivir una experiencia humana<\/h4><p>Aumento de las competencias, responsabilidades reales, horarios de trabajo flexibles, bienestar de los empleados, etc. \u00a1Emb\u00e1rcate en una verdadera experiencia humana!<\/p><\/div><\/div><\/div>\n\n<div class=\"heritage-green-bg custom-block-title-cta\"><div class=\"width-wrapper center\"><div class=\"home-section3cta2-title\">\u00danase a los Deepkies<\/div><div class=\"homepage-intro-p\">Contribuya a la sostenibilidad del Real Estate<\/div><a href=\"https:\/\/deepki.teamtailor.com\/\" target=\"_blank\" class=\"btn\">\u00danase a nosotros<\/a><\/div><\/div>","protected":false},"excerpt":{"rendered":"","protected":false},"author":74,"featured_media":56622,"parent":59350,"menu_order":0,"comment_status":"closed","ping_status":"closed","template":"","meta":{"inline_featured_image":false,"footnotes":""},"class_list":["post-59392","page","type-page","status-publish","has-post-thumbnail","hentry"],"yoast_head":"<!-- This site is optimized with the Yoast SEO plugin v27.3 - https:\/\/yoast.com\/product\/yoast-seo-wordpress\/ -->\n<title>Carreras - Deepki<\/title>\n<meta name=\"description\" content=\"Una comunidad de expertos en datos y ESG decididos a actuar a favor del planeta y hacer que el Real Estate sea m\u00e1s sostenible.\" \/>\n<meta name=\"robots\" content=\"index, follow, max-snippet:-1, max-image-preview:large, max-video-preview:-1\" \/>\n<link rel=\"canonical\" href=\"https:\/\/www.deepki.com\/es\/sobre-deepki\/carreras\/\" \/>\n<meta property=\"og:locale\" content=\"es_ES\" \/>\n<meta property=\"og:type\" content=\"article\" \/>\n<meta property=\"og:title\" content=\"Carreras - Deepki\" \/>\n<meta property=\"og:description\" content=\"Una comunidad de expertos en datos y ESG decididos a actuar a favor del planeta y hacer que el Real Estate sea m\u00e1s sostenible.\" \/>\n<meta property=\"og:url\" content=\"https:\/\/www.deepki.com\/es\/sobre-deepki\/carreras\/\" \/>\n<meta property=\"og:site_name\" content=\"Deepki\" \/>\n<meta property=\"article:publisher\" content=\"https:\/\/www.facebook.com\/DeepkiSAS\/\" \/>\n<meta property=\"article:modified_time\" content=\"2026-01-05T13:56:06+00:00\" \/>\n<meta property=\"og:image\" content=\"https:\/\/www.deepki.com\/web\/wp-content\/uploads\/2021\/08\/Home_FI.jpg\" \/>\n\t<meta property=\"og:image:width\" content=\"1200\" \/>\n\t<meta property=\"og:image:height\" content=\"628\" \/>\n\t<meta property=\"og:image:type\" content=\"image\/jpeg\" \/>\n<meta name=\"twitter:card\" content=\"summary_large_image\" \/>\n<meta name=\"twitter:title\" content=\"Carreras - Deepki\" \/>\n<meta name=\"twitter:description\" content=\"Una comunidad de expertos en datos y ESG decididos a actuar a favor del planeta y hacer que el Real Estate sea m\u00e1s sostenible.\" \/>\n<meta name=\"twitter:image\" content=\"https:\/\/www.deepki.com\/web\/wp-content\/uploads\/2021\/08\/Home_FI.jpg\" \/>\n<meta name=\"twitter:site\" content=\"@DeepkiSAS\" \/>\n<meta name=\"twitter:label1\" content=\"Tiempo de lectura\" \/>\n\t<meta name=\"twitter:data1\" content=\"1 minuto\" \/>\n<script type=\"application\/ld+json\" class=\"yoast-schema-graph\">{\"@context\":\"https:\\\/\\\/schema.org\",\"@graph\":[{\"@type\":\"WebPage\",\"@id\":\"https:\\\/\\\/www.deepki.com\\\/es\\\/sobre-deepki\\\/carreras\\\/\",\"url\":\"https:\\\/\\\/www.deepki.com\\\/es\\\/sobre-deepki\\\/carreras\\\/\",\"name\":\"Carreras - Deepki\",\"isPartOf\":{\"@id\":\"https:\\\/\\\/www.deepki.com\\\/es\\\/#website\"},\"primaryImageOfPage\":{\"@id\":\"https:\\\/\\\/www.deepki.com\\\/es\\\/sobre-deepki\\\/carreras\\\/#primaryimage\"},\"image\":{\"@id\":\"https:\\\/\\\/www.deepki.com\\\/es\\\/sobre-deepki\\\/carreras\\\/#primaryimage\"},\"thumbnailUrl\":\"https:\\\/\\\/www.deepki.com\\\/web\\\/wp-content\\\/uploads\\\/2021\\\/08\\\/Home_FI.jpg\",\"datePublished\":\"2021-09-22T11:30:28+00:00\",\"dateModified\":\"2026-01-05T13:56:06+00:00\",\"description\":\"Una comunidad de expertos en datos y ESG decididos a actuar a favor del planeta y hacer que el Real Estate sea m\u00e1s sostenible.\",\"breadcrumb\":{\"@id\":\"https:\\\/\\\/www.deepki.com\\\/es\\\/sobre-deepki\\\/carreras\\\/#breadcrumb\"},\"inLanguage\":\"es\",\"potentialAction\":[{\"@type\":\"ReadAction\",\"target\":[\"https:\\\/\\\/www.deepki.com\\\/es\\\/sobre-deepki\\\/carreras\\\/\"]}]},{\"@type\":\"ImageObject\",\"inLanguage\":\"es\",\"@id\":\"https:\\\/\\\/www.deepki.com\\\/es\\\/sobre-deepki\\\/carreras\\\/#primaryimage\",\"url\":\"https:\\\/\\\/www.deepki.com\\\/web\\\/wp-content\\\/uploads\\\/2021\\\/08\\\/Home_FI.jpg\",\"contentUrl\":\"https:\\\/\\\/www.deepki.com\\\/web\\\/wp-content\\\/uploads\\\/2021\\\/08\\\/Home_FI.jpg\",\"width\":1200,\"height\":628},{\"@type\":\"BreadcrumbList\",\"@id\":\"https:\\\/\\\/www.deepki.com\\\/es\\\/sobre-deepki\\\/carreras\\\/#breadcrumb\",\"itemListElement\":[{\"@type\":\"ListItem\",\"position\":1,\"name\":\"Home\",\"item\":\"https:\\\/\\\/www.deepki.com\\\/es\\\/\"},{\"@type\":\"ListItem\",\"position\":2,\"name\":\"Sobre Deepki\",\"item\":\"https:\\\/\\\/www.deepki.com\\\/es\\\/sobre-deepki\\\/\"},{\"@type\":\"ListItem\",\"position\":3,\"name\":\"Carreras\"}]},{\"@type\":\"WebSite\",\"@id\":\"https:\\\/\\\/www.deepki.com\\\/es\\\/#website\",\"url\":\"https:\\\/\\\/www.deepki.com\\\/es\\\/\",\"name\":\"Deepki\",\"description\":\"Together, let&#039;s make your real estate more sustainable thanks to data!\",\"publisher\":{\"@id\":\"https:\\\/\\\/www.deepki.com\\\/es\\\/#organization\"},\"potentialAction\":[{\"@type\":\"SearchAction\",\"target\":{\"@type\":\"EntryPoint\",\"urlTemplate\":\"https:\\\/\\\/www.deepki.com\\\/es\\\/?s={search_term_string}\"},\"query-input\":{\"@type\":\"PropertyValueSpecification\",\"valueRequired\":true,\"valueName\":\"search_term_string\"}}],\"inLanguage\":\"es\"},{\"@type\":\"Organization\",\"@id\":\"https:\\\/\\\/www.deepki.com\\\/es\\\/#organization\",\"name\":\"Deepki\",\"url\":\"https:\\\/\\\/www.deepki.com\\\/es\\\/\",\"logo\":{\"@type\":\"ImageObject\",\"inLanguage\":\"es\",\"@id\":\"https:\\\/\\\/www.deepki.com\\\/es\\\/#\\\/schema\\\/logo\\\/image\\\/\",\"url\":\"https:\\\/\\\/www.deepki.com\\\/web\\\/wp-content\\\/uploads\\\/2021\\\/08\\\/deepki-logo.jpg\",\"contentUrl\":\"https:\\\/\\\/www.deepki.com\\\/web\\\/wp-content\\\/uploads\\\/2021\\\/08\\\/deepki-logo.jpg\",\"width\":880,\"height\":360,\"caption\":\"Deepki\"},\"image\":{\"@id\":\"https:\\\/\\\/www.deepki.com\\\/es\\\/#\\\/schema\\\/logo\\\/image\\\/\"},\"sameAs\":[\"https:\\\/\\\/www.facebook.com\\\/DeepkiSAS\\\/\",\"https:\\\/\\\/x.com\\\/DeepkiSAS\",\"https:\\\/\\\/www.linkedin.com\\\/company\\\/deepki\"]}]}<\/script>\n<!-- \/ Yoast SEO plugin. -->","yoast_head_json":{"title":"Carreras - Deepki","description":"Una comunidad de expertos en datos y ESG decididos a actuar a favor del planeta y hacer que el Real Estate sea m\u00e1s sostenible.","robots":{"index":"index","follow":"follow","max-snippet":"max-snippet:-1","max-image-preview":"max-image-preview:large","max-video-preview":"max-video-preview:-1"},"canonical":"https:\/\/www.deepki.com\/es\/sobre-deepki\/carreras\/","og_locale":"es_ES","og_type":"article","og_title":"Carreras - Deepki","og_description":"Una comunidad de expertos en datos y ESG decididos a actuar a favor del planeta y hacer que el Real Estate sea m\u00e1s sostenible.","og_url":"https:\/\/www.deepki.com\/es\/sobre-deepki\/carreras\/","og_site_name":"Deepki","article_publisher":"https:\/\/www.facebook.com\/DeepkiSAS\/","article_modified_time":"2026-01-05T13:56:06+00:00","og_image":[{"width":1200,"height":628,"url":"https:\/\/www.deepki.com\/web\/wp-content\/uploads\/2021\/08\/Home_FI.jpg","type":"image\/jpeg"}],"twitter_card":"summary_large_image","twitter_title":"Carreras - Deepki","twitter_description":"Una comunidad de expertos en datos y ESG decididos a actuar a favor del planeta y hacer que el Real Estate sea m\u00e1s sostenible.","twitter_image":"https:\/\/www.deepki.com\/web\/wp-content\/uploads\/2021\/08\/Home_FI.jpg","twitter_site":"@DeepkiSAS","twitter_misc":{"Tiempo de lectura":"1 minuto"},"schema":{"@context":"https:\/\/schema.org","@graph":[{"@type":"WebPage","@id":"https:\/\/www.deepki.com\/es\/sobre-deepki\/carreras\/","url":"https:\/\/www.deepki.com\/es\/sobre-deepki\/carreras\/","name":"Carreras - Deepki","isPartOf":{"@id":"https:\/\/www.deepki.com\/es\/#website"},"primaryImageOfPage":{"@id":"https:\/\/www.deepki.com\/es\/sobre-deepki\/carreras\/#primaryimage"},"image":{"@id":"https:\/\/www.deepki.com\/es\/sobre-deepki\/carreras\/#primaryimage"},"thumbnailUrl":"https:\/\/www.deepki.com\/web\/wp-content\/uploads\/2021\/08\/Home_FI.jpg","datePublished":"2021-09-22T11:30:28+00:00","dateModified":"2026-01-05T13:56:06+00:00","description":"Una comunidad de expertos en datos y ESG decididos a actuar a favor del planeta y hacer que el Real Estate sea m\u00e1s sostenible.","breadcrumb":{"@id":"https:\/\/www.deepki.com\/es\/sobre-deepki\/carreras\/#breadcrumb"},"inLanguage":"es","potentialAction":[{"@type":"ReadAction","target":["https:\/\/www.deepki.com\/es\/sobre-deepki\/carreras\/"]}]},{"@type":"ImageObject","inLanguage":"es","@id":"https:\/\/www.deepki.com\/es\/sobre-deepki\/carreras\/#primaryimage","url":"https:\/\/www.deepki.com\/web\/wp-content\/uploads\/2021\/08\/Home_FI.jpg","contentUrl":"https:\/\/www.deepki.com\/web\/wp-content\/uploads\/2021\/08\/Home_FI.jpg","width":1200,"height":628},{"@type":"BreadcrumbList","@id":"https:\/\/www.deepki.com\/es\/sobre-deepki\/carreras\/#breadcrumb","itemListElement":[{"@type":"ListItem","position":1,"name":"Home","item":"https:\/\/www.deepki.com\/es\/"},{"@type":"ListItem","position":2,"name":"Sobre Deepki","item":"https:\/\/www.deepki.com\/es\/sobre-deepki\/"},{"@type":"ListItem","position":3,"name":"Carreras"}]},{"@type":"WebSite","@id":"https:\/\/www.deepki.com\/es\/#website","url":"https:\/\/www.deepki.com\/es\/","name":"Deepki","description":"Together, let&#039;s make your real estate more sustainable thanks to data!","publisher":{"@id":"https:\/\/www.deepki.com\/es\/#organization"},"potentialAction":[{"@type":"SearchAction","target":{"@type":"EntryPoint","urlTemplate":"https:\/\/www.deepki.com\/es\/?s={search_term_string}"},"query-input":{"@type":"PropertyValueSpecification","valueRequired":true,"valueName":"search_term_string"}}],"inLanguage":"es"},{"@type":"Organization","@id":"https:\/\/www.deepki.com\/es\/#organization","name":"Deepki","url":"https:\/\/www.deepki.com\/es\/","logo":{"@type":"ImageObject","inLanguage":"es","@id":"https:\/\/www.deepki.com\/es\/#\/schema\/logo\/image\/","url":"https:\/\/www.deepki.com\/web\/wp-content\/uploads\/2021\/08\/deepki-logo.jpg","contentUrl":"https:\/\/www.deepki.com\/web\/wp-content\/uploads\/2021\/08\/deepki-logo.jpg","width":880,"height":360,"caption":"Deepki"},"image":{"@id":"https:\/\/www.deepki.com\/es\/#\/schema\/logo\/image\/"},"sameAs":["https:\/\/www.facebook.com\/DeepkiSAS\/","https:\/\/x.com\/DeepkiSAS","https:\/\/www.linkedin.com\/company\/deepki"]}]}},"_links":{"self":[{"href":"https:\/\/www.deepki.com\/es\/wp-json\/wp\/v2\/pages\/59392","targetHints":{"allow":["GET"]}}],"collection":[{"href":"https:\/\/www.deepki.com\/es\/wp-json\/wp\/v2\/pages"}],"about":[{"href":"https:\/\/www.deepki.com\/es\/wp-json\/wp\/v2\/types\/page"}],"author":[{"embeddable":true,"href":"https:\/\/www.deepki.com\/es\/wp-json\/wp\/v2\/users\/74"}],"replies":[{"embeddable":true,"href":"https:\/\/www.deepki.com\/es\/wp-json\/wp\/v2\/comments?post=59392"}],"version-history":[{"count":18,"href":"https:\/\/www.deepki.com\/es\/wp-json\/wp\/v2\/pages\/59392\/revisions"}],"predecessor-version":[{"id":101058,"href":"https:\/\/www.deepki.com\/es\/wp-json\/wp\/v2\/pages\/59392\/revisions\/101058"}],"up":[{"embeddable":true,"href":"https:\/\/www.deepki.com\/es\/wp-json\/wp\/v2\/pages\/59350"}],"wp:featuredmedia":[{"embeddable":true,"href":"https:\/\/www.deepki.com\/es\/wp-json\/wp\/v2\/media\/56622"}],"wp:attachment":[{"href":"https:\/\/www.deepki.com\/es\/wp-json\/wp\/v2\/media?parent=59392"}],"curies":[{"name":"wp","href":"https:\/\/api.w.org\/{rel}","templated":true}]}}