{"id":59943,"date":"2021-09-22T11:50:59","date_gmt":"2021-09-22T11:50:59","guid":{"rendered":"https:\/\/www.deepki.com\/?page_id=59943"},"modified":"2026-04-09T10:39:16","modified_gmt":"2026-04-09T08:39:16","slug":"soluciones","status":"publish","type":"page","link":"https:\/\/www.deepki.com\/es\/soluciones\/","title":{"rendered":"Soluciones"},"content":{"rendered":"<div class=\"custom-block-top-header homepage-header-2025 homepage-header relative black-bg white\">\t\r\n\t<div class=\"homepage-header-row\">\r\n\t\t<div class=\"homepage-header-cell page-header\">\t\t\r\n\t\t\t<div class=\"homepage-title-wrapper width-wrapper center\"> \r\n\t\t\t<div class=\"gap32\"><\/div>\r\n\t\t\t\t\t\t\r\n\t\t\t\t\t<h1 class=\"homepage-h1\" style=\"margin-bottom:26px;\">Visi\u00f3n general de las Soluciones<\/h1>\r\n\t\t\t\t\t\t\t\t\t\t\t\t\r\n\t\t\t\t<div class=\"homepage-intro-p\">\r\n\t\t\t\t\t\t\t\t\t<\/div>\r\n\t\t\t\t\r\n\t\t\t\t\t\r\n\t\t\t\t<div class=\"gap12\"><\/div>\t\t\t\t\r\n\t\t\t<\/div>\t\r\n\t\t\t<div class=\"homepage-header-svg-wrapper\" style=\"background-image:url('https:\/\/www.deepki.com\/web\/wp-content\/uploads\/2025\/06\/solutions_overview_header_image-1440x900.jpg')\"><\/div>\t\r\n\t\t<\/div>\t\r\n\t<\/div>\t\r\n<\/div>\t\t\t\r\n\n\n\n<div style=\"height:72px\" aria-hidden=\"true\" class=\"wp-block-spacer\"><\/div>\n\n\n\n<h2 class=\"wp-block-heading width-wrapper\">Soluciones SaaS flexibles para sus necesidades inmobiliarias<\/h2>\n\n\n\n<div style=\"height:32px\" aria-hidden=\"true\" class=\"wp-block-spacer\"><\/div>\n\n\n\n<div class=\"wp-block-columns width-wrapper stretch margin-bot-mobile is-layout-flex wp-container-core-columns-is-layout-9d6595d7 wp-block-columns-is-layout-flex\">\n<div class=\"wp-block-column is-layout-flow wp-block-column-is-layout-flow\"><div class=\"solution-card-2025\">\r\n<h3>Deepki for Owners<\/h3><p>Maximice el valor de su cartera global.<\/p><a href=\"https:\/\/www.deepki.com\/es\/soluciones\/propietarios\/\">Explore la soluci\u00f3n<span> \u2192<\/span><\/a><\/div><\/div>\n\n\n\n<div class=\"wp-block-column is-layout-flow wp-block-column-is-layout-flow\"><div class=\"solution-card-2025\">\r\n<h3>Deepki for Occupiers<\/h3><p>Impulse la eficiencia medioambiental de sus edificios.<\/p><a href=\"https:\/\/www.deepki.com\/es\/soluciones\/inquilinos\/\">Explore la soluci\u00f3n<span> \u2192<\/span><\/a><\/div><\/div>\n\n\n\n<div class=\"wp-block-column is-layout-flow wp-block-column-is-layout-flow\"><div class=\"solution-card-2025\">\r\n<h3>Deepki for Finance<\/h3><p>Gestione las emisiones financiadas de sus clientes inmobiliarios.<\/p><a href=\"https:\/\/www.deepki.com\/es\/soluciones\/finanzas\/\">Explore la soluci\u00f3n<span> \u2192<\/span><\/a><\/div><\/div>\n<\/div>\n\n\n\n<div class=\"wp-block-columns width-wrapper stretch is-layout-flex wp-container-core-columns-is-layout-9d6595d7 wp-block-columns-is-layout-flex\">\n<div class=\"wp-block-column is-layout-flow wp-block-column-is-layout-flow\"><div class=\"solution-card-2025\">\r\n<h3>Nooco<\/h3><p>Optimice el impacto de carbono de su construcci\u00f3n y renovaci\u00f3n.<\/p><a href=\"https:\/\/www.deepki.com\/es\/nooco\/\">Explore la soluci\u00f3n<span> \u2192<\/span><\/a><\/div><\/div>\n\n\n\n<div class=\"wp-block-column is-layout-flow wp-block-column-is-layout-flow\"><div class=\"solution-card-2025\">\r\n<h3>\u00cdndice Deepki<\/h3><p>Compare tu rendimiento energ\u00e9tico y de carbono con el de tus pares.<\/p><a href=\"https:\/\/www.deepki.com\/es\/soluciones\/indice-deepki\/\">Explore insights<span> \u2192<\/span><\/a><\/div><\/div>\n\n\n\n<div class=\"wp-block-column is-layout-flow wp-block-column-is-layout-flow\"><div class=\"solution-card-2025\">\r\n<h3>CapEx Index<\/h3><p>Cuantifique el coste de la descarbonizaci\u00f3n<\/p><a href=\"https:\/\/www.deepki.com\/es\/soluciones\/capex-index\/\">Acceder a todos los insights<span> \u2192<\/span><\/a><\/div><\/div>\n<\/div>\n\n\n\n<div style=\"height:72px\" aria-hidden=\"true\" class=\"wp-block-spacer\"><\/div>\n\n\n<div class=\"has-no-img custom-citation white custom-text-left-img-right\"><div class=\"width-wrapper\">\r\n\t<div class=\"wp-block-columns\">\r\n\t\t<div class=\"wp-block-column\">\r\n\t\t\t<h2>\u00abDeepki proporciona conocimientos profundos que permitir\u00e1n a nuestros equipos tomar las mejores decisiones a nivel de edificio. Esto nos ayudar\u00e1 a incorporar las mejores pr\u00e1cticas de sostenibilidad (y agregar valor real) en las propiedades que administramos en todo el mundo\u00bb.<\/h2><p><b>Emma Buckland<\/b><\/p><p>Executive Group President, Enterprise and Chief Operating Officer, Building Operations &#038; Experience en CBRE<\/p>\t\t<\/div>\r\n\t\t<div class=\"wp-block-column align-right\">\r\n\t\t\t\t\t<\/div>\r\n\t<\/div>\r\n<\/div>\r\n<\/div>\r\n\t\n\n<div class=\"deepki-logo-white-cta-bg custom-block-title-cta\"><div class=\"width-wrapper center\"><div class=\"home-section3cta2-title\">\u00bfListo para empezar?<\/div><div class=\"homepage-intro-p\">Descubre c\u00f3mo Deepki puede ayudarle a minimizar riesgos y maximizar el valor de sus activos inmobiliarios.<\/div><a href=\"https:\/\/www.deepki.com\/es\/contact\/\" class=\"btn\">P\u00f3ngase en contacto<\/a><\/div><\/div>","protected":false},"excerpt":{"rendered":"<p>Soluciones SaaS flexibles para sus necesidades inmobiliarias<\/p>\n","protected":false},"author":74,"featured_media":56626,"parent":0,"menu_order":0,"comment_status":"closed","ping_status":"closed","template":"","meta":{"inline_featured_image":false,"footnotes":""},"class_list":["post-59943","page","type-page","status-publish","has-post-thumbnail","hentry"],"yoast_head":"<!-- This site is optimized with the Yoast SEO plugin v27.3 - https:\/\/yoast.com\/product\/yoast-seo-wordpress\/ -->\n<title>Soluciones - Deepki<\/title>\n<meta name=\"description\" content=\"Elija la soluci\u00f3n Deepki adecuada para mejorar su rendimiento en sostenibilidad y aumentar el valor de sus activos inmobiliarios.\" \/>\n<meta name=\"robots\" content=\"index, follow, max-snippet:-1, max-image-preview:large, max-video-preview:-1\" \/>\n<link rel=\"canonical\" href=\"https:\/\/www.deepki.com\/es\/soluciones\/\" \/>\n<meta property=\"og:locale\" content=\"es_ES\" \/>\n<meta property=\"og:type\" content=\"article\" \/>\n<meta property=\"og:title\" content=\"Soluciones - Deepki\" \/>\n<meta property=\"og:description\" content=\"Elija la soluci\u00f3n Deepki adecuada para mejorar su rendimiento en sostenibilidad y aumentar el valor de sus activos inmobiliarios.\" \/>\n<meta property=\"og:url\" content=\"https:\/\/www.deepki.com\/es\/soluciones\/\" \/>\n<meta property=\"og:site_name\" content=\"Deepki\" \/>\n<meta property=\"article:publisher\" content=\"https:\/\/www.facebook.com\/DeepkiSAS\/\" \/>\n<meta property=\"article:modified_time\" content=\"2026-04-09T08:39:16+00:00\" \/>\n<meta property=\"og:image\" content=\"https:\/\/www.deepki.com\/web\/wp-content\/uploads\/2021\/08\/Solution_FI.jpg\" \/>\n\t<meta property=\"og:image:width\" content=\"1200\" \/>\n\t<meta property=\"og:image:height\" content=\"628\" \/>\n\t<meta property=\"og:image:type\" content=\"image\/jpeg\" \/>\n<meta name=\"twitter:card\" content=\"summary_large_image\" \/>\n<meta name=\"twitter:title\" content=\"Soluciones - Deepki\" \/>\n<meta name=\"twitter:description\" content=\"Elija la soluci\u00f3n Deepki ESG adecuada para mejorar su rendimiento ESG y aumentar el valor de sus activos inmobiliarios.\" \/>\n<meta name=\"twitter:image\" content=\"https:\/\/www.deepki.com\/web\/wp-content\/uploads\/2021\/08\/Solution_FI.jpg\" \/>\n<meta name=\"twitter:site\" content=\"@DeepkiSAS\" \/>\n<meta name=\"twitter:label1\" content=\"Tiempo de lectura\" \/>\n\t<meta name=\"twitter:data1\" content=\"1 minuto\" \/>\n<script type=\"application\/ld+json\" class=\"yoast-schema-graph\">{\"@context\":\"https:\\\/\\\/schema.org\",\"@graph\":[{\"@type\":\"WebPage\",\"@id\":\"https:\\\/\\\/www.deepki.com\\\/es\\\/soluciones\\\/\",\"url\":\"https:\\\/\\\/www.deepki.com\\\/es\\\/soluciones\\\/\",\"name\":\"Soluciones - Deepki\",\"isPartOf\":{\"@id\":\"https:\\\/\\\/www.deepki.com\\\/es\\\/#website\"},\"primaryImageOfPage\":{\"@id\":\"https:\\\/\\\/www.deepki.com\\\/es\\\/soluciones\\\/#primaryimage\"},\"image\":{\"@id\":\"https:\\\/\\\/www.deepki.com\\\/es\\\/soluciones\\\/#primaryimage\"},\"thumbnailUrl\":\"https:\\\/\\\/www.deepki.com\\\/web\\\/wp-content\\\/uploads\\\/2021\\\/08\\\/Solution_FI.jpg\",\"datePublished\":\"2021-09-22T11:50:59+00:00\",\"dateModified\":\"2026-04-09T08:39:16+00:00\",\"description\":\"Elija la soluci\u00f3n Deepki adecuada para mejorar su rendimiento en sostenibilidad y aumentar el valor de sus activos inmobiliarios.\",\"breadcrumb\":{\"@id\":\"https:\\\/\\\/www.deepki.com\\\/es\\\/soluciones\\\/#breadcrumb\"},\"inLanguage\":\"es\",\"potentialAction\":[{\"@type\":\"ReadAction\",\"target\":[\"https:\\\/\\\/www.deepki.com\\\/es\\\/soluciones\\\/\"]}]},{\"@type\":\"ImageObject\",\"inLanguage\":\"es\",\"@id\":\"https:\\\/\\\/www.deepki.com\\\/es\\\/soluciones\\\/#primaryimage\",\"url\":\"https:\\\/\\\/www.deepki.com\\\/web\\\/wp-content\\\/uploads\\\/2021\\\/08\\\/Solution_FI.jpg\",\"contentUrl\":\"https:\\\/\\\/www.deepki.com\\\/web\\\/wp-content\\\/uploads\\\/2021\\\/08\\\/Solution_FI.jpg\",\"width\":1200,\"height\":628},{\"@type\":\"BreadcrumbList\",\"@id\":\"https:\\\/\\\/www.deepki.com\\\/es\\\/soluciones\\\/#breadcrumb\",\"itemListElement\":[{\"@type\":\"ListItem\",\"position\":1,\"name\":\"Home\",\"item\":\"https:\\\/\\\/www.deepki.com\\\/es\\\/\"},{\"@type\":\"ListItem\",\"position\":2,\"name\":\"Soluciones\"}]},{\"@type\":\"WebSite\",\"@id\":\"https:\\\/\\\/www.deepki.com\\\/es\\\/#website\",\"url\":\"https:\\\/\\\/www.deepki.com\\\/es\\\/\",\"name\":\"Deepki\",\"description\":\"Together, let&#039;s make your real estate more sustainable thanks to data!\",\"publisher\":{\"@id\":\"https:\\\/\\\/www.deepki.com\\\/es\\\/#organization\"},\"potentialAction\":[{\"@type\":\"SearchAction\",\"target\":{\"@type\":\"EntryPoint\",\"urlTemplate\":\"https:\\\/\\\/www.deepki.com\\\/es\\\/?s={search_term_string}\"},\"query-input\":{\"@type\":\"PropertyValueSpecification\",\"valueRequired\":true,\"valueName\":\"search_term_string\"}}],\"inLanguage\":\"es\"},{\"@type\":\"Organization\",\"@id\":\"https:\\\/\\\/www.deepki.com\\\/es\\\/#organization\",\"name\":\"Deepki\",\"url\":\"https:\\\/\\\/www.deepki.com\\\/es\\\/\",\"logo\":{\"@type\":\"ImageObject\",\"inLanguage\":\"es\",\"@id\":\"https:\\\/\\\/www.deepki.com\\\/es\\\/#\\\/schema\\\/logo\\\/image\\\/\",\"url\":\"https:\\\/\\\/www.deepki.com\\\/web\\\/wp-content\\\/uploads\\\/2021\\\/08\\\/deepki-logo.jpg\",\"contentUrl\":\"https:\\\/\\\/www.deepki.com\\\/web\\\/wp-content\\\/uploads\\\/2021\\\/08\\\/deepki-logo.jpg\",\"width\":880,\"height\":360,\"caption\":\"Deepki\"},\"image\":{\"@id\":\"https:\\\/\\\/www.deepki.com\\\/es\\\/#\\\/schema\\\/logo\\\/image\\\/\"},\"sameAs\":[\"https:\\\/\\\/www.facebook.com\\\/DeepkiSAS\\\/\",\"https:\\\/\\\/x.com\\\/DeepkiSAS\",\"https:\\\/\\\/www.linkedin.com\\\/company\\\/deepki\"]}]}<\/script>\n<!-- \/ Yoast SEO plugin. -->","yoast_head_json":{"title":"Soluciones - Deepki","description":"Elija la soluci\u00f3n Deepki adecuada para mejorar su rendimiento en sostenibilidad y aumentar el valor de sus activos inmobiliarios.","robots":{"index":"index","follow":"follow","max-snippet":"max-snippet:-1","max-image-preview":"max-image-preview:large","max-video-preview":"max-video-preview:-1"},"canonical":"https:\/\/www.deepki.com\/es\/soluciones\/","og_locale":"es_ES","og_type":"article","og_title":"Soluciones - Deepki","og_description":"Elija la soluci\u00f3n Deepki adecuada para mejorar su rendimiento en sostenibilidad y aumentar el valor de sus activos inmobiliarios.","og_url":"https:\/\/www.deepki.com\/es\/soluciones\/","og_site_name":"Deepki","article_publisher":"https:\/\/www.facebook.com\/DeepkiSAS\/","article_modified_time":"2026-04-09T08:39:16+00:00","og_image":[{"width":1200,"height":628,"url":"https:\/\/www.deepki.com\/web\/wp-content\/uploads\/2021\/08\/Solution_FI.jpg","type":"image\/jpeg"}],"twitter_card":"summary_large_image","twitter_title":"Soluciones - Deepki","twitter_description":"Elija la soluci\u00f3n Deepki ESG adecuada para mejorar su rendimiento ESG y aumentar el valor de sus activos inmobiliarios.","twitter_image":"https:\/\/www.deepki.com\/web\/wp-content\/uploads\/2021\/08\/Solution_FI.jpg","twitter_site":"@DeepkiSAS","twitter_misc":{"Tiempo de lectura":"1 minuto"},"schema":{"@context":"https:\/\/schema.org","@graph":[{"@type":"WebPage","@id":"https:\/\/www.deepki.com\/es\/soluciones\/","url":"https:\/\/www.deepki.com\/es\/soluciones\/","name":"Soluciones - Deepki","isPartOf":{"@id":"https:\/\/www.deepki.com\/es\/#website"},"primaryImageOfPage":{"@id":"https:\/\/www.deepki.com\/es\/soluciones\/#primaryimage"},"image":{"@id":"https:\/\/www.deepki.com\/es\/soluciones\/#primaryimage"},"thumbnailUrl":"https:\/\/www.deepki.com\/web\/wp-content\/uploads\/2021\/08\/Solution_FI.jpg","datePublished":"2021-09-22T11:50:59+00:00","dateModified":"2026-04-09T08:39:16+00:00","description":"Elija la soluci\u00f3n Deepki adecuada para mejorar su rendimiento en sostenibilidad y aumentar el valor de sus activos inmobiliarios.","breadcrumb":{"@id":"https:\/\/www.deepki.com\/es\/soluciones\/#breadcrumb"},"inLanguage":"es","potentialAction":[{"@type":"ReadAction","target":["https:\/\/www.deepki.com\/es\/soluciones\/"]}]},{"@type":"ImageObject","inLanguage":"es","@id":"https:\/\/www.deepki.com\/es\/soluciones\/#primaryimage","url":"https:\/\/www.deepki.com\/web\/wp-content\/uploads\/2021\/08\/Solution_FI.jpg","contentUrl":"https:\/\/www.deepki.com\/web\/wp-content\/uploads\/2021\/08\/Solution_FI.jpg","width":1200,"height":628},{"@type":"BreadcrumbList","@id":"https:\/\/www.deepki.com\/es\/soluciones\/#breadcrumb","itemListElement":[{"@type":"ListItem","position":1,"name":"Home","item":"https:\/\/www.deepki.com\/es\/"},{"@type":"ListItem","position":2,"name":"Soluciones"}]},{"@type":"WebSite","@id":"https:\/\/www.deepki.com\/es\/#website","url":"https:\/\/www.deepki.com\/es\/","name":"Deepki","description":"Together, let&#039;s make your real estate more sustainable thanks to data!","publisher":{"@id":"https:\/\/www.deepki.com\/es\/#organization"},"potentialAction":[{"@type":"SearchAction","target":{"@type":"EntryPoint","urlTemplate":"https:\/\/www.deepki.com\/es\/?s={search_term_string}"},"query-input":{"@type":"PropertyValueSpecification","valueRequired":true,"valueName":"search_term_string"}}],"inLanguage":"es"},{"@type":"Organization","@id":"https:\/\/www.deepki.com\/es\/#organization","name":"Deepki","url":"https:\/\/www.deepki.com\/es\/","logo":{"@type":"ImageObject","inLanguage":"es","@id":"https:\/\/www.deepki.com\/es\/#\/schema\/logo\/image\/","url":"https:\/\/www.deepki.com\/web\/wp-content\/uploads\/2021\/08\/deepki-logo.jpg","contentUrl":"https:\/\/www.deepki.com\/web\/wp-content\/uploads\/2021\/08\/deepki-logo.jpg","width":880,"height":360,"caption":"Deepki"},"image":{"@id":"https:\/\/www.deepki.com\/es\/#\/schema\/logo\/image\/"},"sameAs":["https:\/\/www.facebook.com\/DeepkiSAS\/","https:\/\/x.com\/DeepkiSAS","https:\/\/www.linkedin.com\/company\/deepki"]}]}},"_links":{"self":[{"href":"https:\/\/www.deepki.com\/es\/wp-json\/wp\/v2\/pages\/59943","targetHints":{"allow":["GET"]}}],"collection":[{"href":"https:\/\/www.deepki.com\/es\/wp-json\/wp\/v2\/pages"}],"about":[{"href":"https:\/\/www.deepki.com\/es\/wp-json\/wp\/v2\/types\/page"}],"author":[{"embeddable":true,"href":"https:\/\/www.deepki.com\/es\/wp-json\/wp\/v2\/users\/74"}],"replies":[{"embeddable":true,"href":"https:\/\/www.deepki.com\/es\/wp-json\/wp\/v2\/comments?post=59943"}],"version-history":[{"count":20,"href":"https:\/\/www.deepki.com\/es\/wp-json\/wp\/v2\/pages\/59943\/revisions"}],"predecessor-version":[{"id":102034,"href":"https:\/\/www.deepki.com\/es\/wp-json\/wp\/v2\/pages\/59943\/revisions\/102034"}],"wp:featuredmedia":[{"embeddable":true,"href":"https:\/\/www.deepki.com\/es\/wp-json\/wp\/v2\/media\/56626"}],"wp:attachment":[{"href":"https:\/\/www.deepki.com\/es\/wp-json\/wp\/v2\/media?parent=59943"}],"curies":[{"name":"wp","href":"https:\/\/api.w.org\/{rel}","templated":true}]}}