{"id":60127,"date":"2021-09-22T14:29:16","date_gmt":"2021-09-22T14:29:16","guid":{"rendered":"https:\/\/www.deepki.com\/?page_id=60127"},"modified":"2023-04-11T12:15:07","modified_gmt":"2023-04-11T10:15:07","slug":"white-papers-e-infografias","status":"publish","type":"page","link":"https:\/\/www.deepki.com\/es\/conozca\/white-papers-e-infografias\/","title":{"rendered":"White papers e infograf\u00edas"},"content":{"rendered":"","protected":false},"excerpt":{"rendered":"","protected":false},"author":77,"featured_media":56622,"parent":59368,"menu_order":0,"comment_status":"closed","ping_status":"closed","template":"page-templates\/whitepapers-page.php","meta":{"inline_featured_image":false,"footnotes":""},"class_list":["post-60127","page","type-page","status-publish","has-post-thumbnail","hentry"],"yoast_head":"<!-- This site is optimized with the Yoast SEO plugin v27.3 - https:\/\/yoast.com\/product\/yoast-seo-wordpress\/ -->\n<title>White papers e infograf\u00edas - Deepki<\/title>\n<meta name=\"description\" content=\"Lea nuestros white papers e infograf\u00edas para aprender sobre ESG, descarbonizaci\u00f3n, SFDR, taxonom\u00eda de la UE, GRESB, CRREM y mucho m\u00e1s.\" \/>\n<meta name=\"robots\" content=\"index, follow, max-snippet:-1, max-image-preview:large, max-video-preview:-1\" \/>\n<link rel=\"canonical\" href=\"https:\/\/www.deepki.com\/es\/conozca\/white-papers-e-infografias\/\" \/>\n<meta property=\"og:locale\" content=\"es_ES\" \/>\n<meta property=\"og:type\" content=\"article\" \/>\n<meta property=\"og:title\" content=\"White papers e infograf\u00edas - Deepki\" \/>\n<meta property=\"og:description\" content=\"Lea nuestros libros blancos e infograf\u00edas para aprender sobre ESG, descarbonizaci\u00f3n, SFDR, taxonom\u00eda de la UE, GRESB, CRREM y mucho m\u00e1s.\" \/>\n<meta property=\"og:url\" content=\"https:\/\/www.deepki.com\/es\/conozca\/white-papers-e-infografias\/\" \/>\n<meta property=\"og:site_name\" content=\"Deepki\" \/>\n<meta property=\"article:publisher\" content=\"https:\/\/www.facebook.com\/DeepkiSAS\/\" \/>\n<meta property=\"article:modified_time\" content=\"2023-04-11T10:15:07+00:00\" \/>\n<meta property=\"og:image\" content=\"https:\/\/www.deepki.com\/web\/wp-content\/uploads\/2021\/08\/Home_FI.jpg\" \/>\n\t<meta property=\"og:image:width\" content=\"1200\" \/>\n\t<meta property=\"og:image:height\" content=\"628\" \/>\n\t<meta property=\"og:image:type\" content=\"image\/jpeg\" \/>\n<meta name=\"twitter:card\" content=\"summary_large_image\" \/>\n<meta name=\"twitter:description\" content=\"Lea nuestros libros blancos e infograf\u00edas para aprender sobre ESG, descarbonizaci\u00f3n, SFDR, taxonom\u00eda de la UE, GRESB, CRREM y mucho m\u00e1s.\" \/>\n<meta name=\"twitter:image\" content=\"https:\/\/www.deepki.com\/web\/wp-content\/uploads\/2021\/08\/Home_FI.jpg\" \/>\n<meta name=\"twitter:site\" content=\"@DeepkiSAS\" \/>\n<script type=\"application\/ld+json\" class=\"yoast-schema-graph\">{\"@context\":\"https:\\\/\\\/schema.org\",\"@graph\":[{\"@type\":\"WebPage\",\"@id\":\"https:\\\/\\\/www.deepki.com\\\/es\\\/conozca\\\/white-papers-e-infografias\\\/\",\"url\":\"https:\\\/\\\/www.deepki.com\\\/es\\\/conozca\\\/white-papers-e-infografias\\\/\",\"name\":\"White papers e infograf\u00edas - Deepki\",\"isPartOf\":{\"@id\":\"https:\\\/\\\/www.deepki.com\\\/es\\\/#website\"},\"primaryImageOfPage\":{\"@id\":\"https:\\\/\\\/www.deepki.com\\\/es\\\/conozca\\\/white-papers-e-infografias\\\/#primaryimage\"},\"image\":{\"@id\":\"https:\\\/\\\/www.deepki.com\\\/es\\\/conozca\\\/white-papers-e-infografias\\\/#primaryimage\"},\"thumbnailUrl\":\"https:\\\/\\\/www.deepki.com\\\/web\\\/wp-content\\\/uploads\\\/2021\\\/08\\\/Home_FI.jpg\",\"datePublished\":\"2021-09-22T14:29:16+00:00\",\"dateModified\":\"2023-04-11T10:15:07+00:00\",\"description\":\"Lea nuestros white papers e infograf\u00edas para aprender sobre ESG, descarbonizaci\u00f3n, SFDR, taxonom\u00eda de la UE, GRESB, CRREM y mucho m\u00e1s.\",\"breadcrumb\":{\"@id\":\"https:\\\/\\\/www.deepki.com\\\/es\\\/conozca\\\/white-papers-e-infografias\\\/#breadcrumb\"},\"inLanguage\":\"es\",\"potentialAction\":[{\"@type\":\"ReadAction\",\"target\":[\"https:\\\/\\\/www.deepki.com\\\/es\\\/conozca\\\/white-papers-e-infografias\\\/\"]}]},{\"@type\":\"ImageObject\",\"inLanguage\":\"es\",\"@id\":\"https:\\\/\\\/www.deepki.com\\\/es\\\/conozca\\\/white-papers-e-infografias\\\/#primaryimage\",\"url\":\"https:\\\/\\\/www.deepki.com\\\/web\\\/wp-content\\\/uploads\\\/2021\\\/08\\\/Home_FI.jpg\",\"contentUrl\":\"https:\\\/\\\/www.deepki.com\\\/web\\\/wp-content\\\/uploads\\\/2021\\\/08\\\/Home_FI.jpg\",\"width\":1200,\"height\":628},{\"@type\":\"BreadcrumbList\",\"@id\":\"https:\\\/\\\/www.deepki.com\\\/es\\\/conozca\\\/white-papers-e-infografias\\\/#breadcrumb\",\"itemListElement\":[{\"@type\":\"ListItem\",\"position\":1,\"name\":\"Home\",\"item\":\"https:\\\/\\\/www.deepki.com\\\/es\\\/\"},{\"@type\":\"ListItem\",\"position\":2,\"name\":\"Conozca\",\"item\":\"https:\\\/\\\/www.deepki.com\\\/es\\\/conozca\\\/\"},{\"@type\":\"ListItem\",\"position\":3,\"name\":\"White papers e infograf\u00edas\"}]},{\"@type\":\"WebSite\",\"@id\":\"https:\\\/\\\/www.deepki.com\\\/es\\\/#website\",\"url\":\"https:\\\/\\\/www.deepki.com\\\/es\\\/\",\"name\":\"Deepki\",\"description\":\"Together, let&#039;s make your real estate more sustainable thanks to data!\",\"publisher\":{\"@id\":\"https:\\\/\\\/www.deepki.com\\\/es\\\/#organization\"},\"potentialAction\":[{\"@type\":\"SearchAction\",\"target\":{\"@type\":\"EntryPoint\",\"urlTemplate\":\"https:\\\/\\\/www.deepki.com\\\/es\\\/?s={search_term_string}\"},\"query-input\":{\"@type\":\"PropertyValueSpecification\",\"valueRequired\":true,\"valueName\":\"search_term_string\"}}],\"inLanguage\":\"es\"},{\"@type\":\"Organization\",\"@id\":\"https:\\\/\\\/www.deepki.com\\\/es\\\/#organization\",\"name\":\"Deepki\",\"url\":\"https:\\\/\\\/www.deepki.com\\\/es\\\/\",\"logo\":{\"@type\":\"ImageObject\",\"inLanguage\":\"es\",\"@id\":\"https:\\\/\\\/www.deepki.com\\\/es\\\/#\\\/schema\\\/logo\\\/image\\\/\",\"url\":\"https:\\\/\\\/www.deepki.com\\\/web\\\/wp-content\\\/uploads\\\/2021\\\/08\\\/deepki-logo.jpg\",\"contentUrl\":\"https:\\\/\\\/www.deepki.com\\\/web\\\/wp-content\\\/uploads\\\/2021\\\/08\\\/deepki-logo.jpg\",\"width\":880,\"height\":360,\"caption\":\"Deepki\"},\"image\":{\"@id\":\"https:\\\/\\\/www.deepki.com\\\/es\\\/#\\\/schema\\\/logo\\\/image\\\/\"},\"sameAs\":[\"https:\\\/\\\/www.facebook.com\\\/DeepkiSAS\\\/\",\"https:\\\/\\\/x.com\\\/DeepkiSAS\",\"https:\\\/\\\/www.linkedin.com\\\/company\\\/deepki\"]}]}<\/script>\n<!-- \/ Yoast SEO plugin. -->","yoast_head_json":{"title":"White papers e infograf\u00edas - Deepki","description":"Lea nuestros white papers e infograf\u00edas para aprender sobre ESG, descarbonizaci\u00f3n, SFDR, taxonom\u00eda de la UE, GRESB, CRREM y mucho m\u00e1s.","robots":{"index":"index","follow":"follow","max-snippet":"max-snippet:-1","max-image-preview":"max-image-preview:large","max-video-preview":"max-video-preview:-1"},"canonical":"https:\/\/www.deepki.com\/es\/conozca\/white-papers-e-infografias\/","og_locale":"es_ES","og_type":"article","og_title":"White papers e infograf\u00edas - Deepki","og_description":"Lea nuestros libros blancos e infograf\u00edas para aprender sobre ESG, descarbonizaci\u00f3n, SFDR, taxonom\u00eda de la UE, GRESB, CRREM y mucho m\u00e1s.","og_url":"https:\/\/www.deepki.com\/es\/conozca\/white-papers-e-infografias\/","og_site_name":"Deepki","article_publisher":"https:\/\/www.facebook.com\/DeepkiSAS\/","article_modified_time":"2023-04-11T10:15:07+00:00","og_image":[{"width":1200,"height":628,"url":"https:\/\/www.deepki.com\/web\/wp-content\/uploads\/2021\/08\/Home_FI.jpg","type":"image\/jpeg"}],"twitter_card":"summary_large_image","twitter_description":"Lea nuestros libros blancos e infograf\u00edas para aprender sobre ESG, descarbonizaci\u00f3n, SFDR, taxonom\u00eda de la UE, GRESB, CRREM y mucho m\u00e1s.","twitter_image":"https:\/\/www.deepki.com\/web\/wp-content\/uploads\/2021\/08\/Home_FI.jpg","twitter_site":"@DeepkiSAS","schema":{"@context":"https:\/\/schema.org","@graph":[{"@type":"WebPage","@id":"https:\/\/www.deepki.com\/es\/conozca\/white-papers-e-infografias\/","url":"https:\/\/www.deepki.com\/es\/conozca\/white-papers-e-infografias\/","name":"White papers e infograf\u00edas - Deepki","isPartOf":{"@id":"https:\/\/www.deepki.com\/es\/#website"},"primaryImageOfPage":{"@id":"https:\/\/www.deepki.com\/es\/conozca\/white-papers-e-infografias\/#primaryimage"},"image":{"@id":"https:\/\/www.deepki.com\/es\/conozca\/white-papers-e-infografias\/#primaryimage"},"thumbnailUrl":"https:\/\/www.deepki.com\/web\/wp-content\/uploads\/2021\/08\/Home_FI.jpg","datePublished":"2021-09-22T14:29:16+00:00","dateModified":"2023-04-11T10:15:07+00:00","description":"Lea nuestros white papers e infograf\u00edas para aprender sobre ESG, descarbonizaci\u00f3n, SFDR, taxonom\u00eda de la UE, GRESB, CRREM y mucho m\u00e1s.","breadcrumb":{"@id":"https:\/\/www.deepki.com\/es\/conozca\/white-papers-e-infografias\/#breadcrumb"},"inLanguage":"es","potentialAction":[{"@type":"ReadAction","target":["https:\/\/www.deepki.com\/es\/conozca\/white-papers-e-infografias\/"]}]},{"@type":"ImageObject","inLanguage":"es","@id":"https:\/\/www.deepki.com\/es\/conozca\/white-papers-e-infografias\/#primaryimage","url":"https:\/\/www.deepki.com\/web\/wp-content\/uploads\/2021\/08\/Home_FI.jpg","contentUrl":"https:\/\/www.deepki.com\/web\/wp-content\/uploads\/2021\/08\/Home_FI.jpg","width":1200,"height":628},{"@type":"BreadcrumbList","@id":"https:\/\/www.deepki.com\/es\/conozca\/white-papers-e-infografias\/#breadcrumb","itemListElement":[{"@type":"ListItem","position":1,"name":"Home","item":"https:\/\/www.deepki.com\/es\/"},{"@type":"ListItem","position":2,"name":"Conozca","item":"https:\/\/www.deepki.com\/es\/conozca\/"},{"@type":"ListItem","position":3,"name":"White papers e infograf\u00edas"}]},{"@type":"WebSite","@id":"https:\/\/www.deepki.com\/es\/#website","url":"https:\/\/www.deepki.com\/es\/","name":"Deepki","description":"Together, let&#039;s make your real estate more sustainable thanks to data!","publisher":{"@id":"https:\/\/www.deepki.com\/es\/#organization"},"potentialAction":[{"@type":"SearchAction","target":{"@type":"EntryPoint","urlTemplate":"https:\/\/www.deepki.com\/es\/?s={search_term_string}"},"query-input":{"@type":"PropertyValueSpecification","valueRequired":true,"valueName":"search_term_string"}}],"inLanguage":"es"},{"@type":"Organization","@id":"https:\/\/www.deepki.com\/es\/#organization","name":"Deepki","url":"https:\/\/www.deepki.com\/es\/","logo":{"@type":"ImageObject","inLanguage":"es","@id":"https:\/\/www.deepki.com\/es\/#\/schema\/logo\/image\/","url":"https:\/\/www.deepki.com\/web\/wp-content\/uploads\/2021\/08\/deepki-logo.jpg","contentUrl":"https:\/\/www.deepki.com\/web\/wp-content\/uploads\/2021\/08\/deepki-logo.jpg","width":880,"height":360,"caption":"Deepki"},"image":{"@id":"https:\/\/www.deepki.com\/es\/#\/schema\/logo\/image\/"},"sameAs":["https:\/\/www.facebook.com\/DeepkiSAS\/","https:\/\/x.com\/DeepkiSAS","https:\/\/www.linkedin.com\/company\/deepki"]}]}},"_links":{"self":[{"href":"https:\/\/www.deepki.com\/es\/wp-json\/wp\/v2\/pages\/60127","targetHints":{"allow":["GET"]}}],"collection":[{"href":"https:\/\/www.deepki.com\/es\/wp-json\/wp\/v2\/pages"}],"about":[{"href":"https:\/\/www.deepki.com\/es\/wp-json\/wp\/v2\/types\/page"}],"author":[{"embeddable":true,"href":"https:\/\/www.deepki.com\/es\/wp-json\/wp\/v2\/users\/77"}],"replies":[{"embeddable":true,"href":"https:\/\/www.deepki.com\/es\/wp-json\/wp\/v2\/comments?post=60127"}],"version-history":[{"count":2,"href":"https:\/\/www.deepki.com\/es\/wp-json\/wp\/v2\/pages\/60127\/revisions"}],"predecessor-version":[{"id":73864,"href":"https:\/\/www.deepki.com\/es\/wp-json\/wp\/v2\/pages\/60127\/revisions\/73864"}],"up":[{"embeddable":true,"href":"https:\/\/www.deepki.com\/es\/wp-json\/wp\/v2\/pages\/59368"}],"wp:featuredmedia":[{"embeddable":true,"href":"https:\/\/www.deepki.com\/es\/wp-json\/wp\/v2\/media\/56622"}],"wp:attachment":[{"href":"https:\/\/www.deepki.com\/es\/wp-json\/wp\/v2\/media?parent=60127"}],"curies":[{"name":"wp","href":"https:\/\/api.w.org\/{rel}","templated":true}]}}