{"id":61114,"date":"2021-11-02T16:51:55","date_gmt":"2021-11-02T16:51:55","guid":{"rendered":"https:\/\/www.deepki.com\/?page_id=61114"},"modified":"2025-12-03T12:10:43","modified_gmt":"2025-12-03T11:10:43","slug":"politica-de-cookies","status":"publish","type":"page","link":"https:\/\/www.deepki.com\/es\/politica-de-cookies\/","title":{"rendered":"Politica de Uso de Cookies"},"content":{"rendered":"\n<h2 class=\"wp-block-heading\"><strong>\u00bfCu\u00e1l es la utilidad de nuestra Pol\u00edtica de Uso de Cookies?<\/strong><\/h2>\n\n\n\n<p>Deepki, que gestiona los sitios web de Deepki SAS (el sitio Deepki.com), otorga gran importancia a la <strong>confidencialidad de sus datos personales<\/strong>. Esto representa para nosotros una se\u00f1al de seriedad y confianza, incluso en lo que respecta a las cookies o \u00abrastreadores\u00bb. Como tal, nuestra Pol\u00edtica de Uso de Cookies refleja precisamente nuestra voluntad de hacer cumplir, dentro de Deepki y sus filiales, las normas aplicables en materia de protecci\u00f3n de datos personales y, m\u00e1s particularmente, las relativas a las cookies utilizadas cuando usted navega por los sitios web de Deepki SAS.<\/p>\n\n\n\n<p>Esta nota sobre cookies explica c\u00f3mo funcionan y c\u00f3mo el usuario puede configurarlas.<\/p>\n\n\n\n<p>Si desea informaci\u00f3n sobre otros tratamientos de datos personales que realizamos, le invitamos a consultar nuestra Pol\u00edtica de Confidencialidad de Datos Personales, accesible en todo momento en la parte inferior de la p\u00e1gina del sitio web.<\/p>\n\n\n\n<h2 class=\"wp-block-heading\"><strong>\u00bfQu\u00e9 es una <\/strong><strong><em>cookie<\/em><\/strong><strong> y permite identificarle directamente?<\/strong><\/h2>\n\n\n\n<p>Una <em>cookie<\/em> es un peque\u00f1o archivo \u00abde texto\u00bb colocado y alojado por un servidor en su terminal (ej: smartphone, tableta u ordenador) cuando consulta un sitio web. Las <em>cookies<\/em> son descargadas por el navegador (por ej. Chrome, Explorer o Firefox) para luego ser enviadas de vuelta al servidor Deepki. Las <em>cookies<\/em> no pueden borrar ni leer informaci\u00f3n en el ordenador o smartphone del usuario.<\/p>\n\n\n\n<p>No obstante, la descarga y el almacenamiento de <em>cookies<\/em> pueden indirectamente permitir identificar al usuario, ya que las p\u00e1ginas visitadas por un usuario en un sitio web pueden ser reconocidas y su perfil de usuario puede ser registrado. Sin embargo, las <em>cookies<\/em> no son programas esp\u00eda ni virus.<\/p>\n\n\n\n<h2 class=\"wp-block-heading\"><strong>\u00bfQu\u00e9 es una <\/strong><strong><em>cookie<\/em><\/strong><strong> t\u00e9cnica y por qu\u00e9 las utilizamos?<\/strong><\/h2>\n\n\n\n<p>El buen funcionamiento de nuestro sitio web Deepki.com implica necesariamente el uso de <strong>cookies t\u00e9cnicas<\/strong> que podemos utilizar sin su consentimiento previo, bas\u00e1ndonos en nuestro inter\u00e9s leg\u00edtimo para proporcionarle un sitio web funcional.<\/p>\n\n\n\n<p>Por ejemplo, una <em>cookie<\/em> t\u00e9cnica permite retener el idioma de su sitio web as\u00ed como el formato del sitio para facilitar las pr\u00f3ximas conexiones y la navegaci\u00f3n. Tambi\u00e9n permiten acceder a partes del sitio o de nuestros servicios que est\u00e1n limitadas, como la cuenta de usuario personal, permitiendo memorizar el nombre de usuario.<\/p>\n\n\n\n<p>Deepki utiliza las siguientes <em>cookies<\/em> funcionales y t\u00e9cnicas:<\/p>\n\n\n\n<figure class=\"wp-block-table\"><table class=\"has-fixed-layout\"><tbody><tr><td><strong>Nombre de la cookie<\/strong><\/td><td><strong>Socio Externo<\/strong><\/td><td><strong>Duraci\u00f3n del Almacenamiento<\/strong><\/td><td><strong>Objetivo de la cookie<\/strong><\/td><\/tr><tr><td>pll_language<\/td><td>Matomo, Youtube<\/td><td>1 a\u00f1o<\/td><td>Reconocimiento de la elecci\u00f3n del idioma&nbsp;<\/td><\/tr><tr><td>ID de sesi\u00f3n<\/td><td>Matomo<\/td><td>2 semanas<\/td><td>Gesti\u00f3n de la sesi\u00f3n&nbsp;<\/td><\/tr><tr><td>wp (cookies consent plugin)<\/td><td>Matomo, Youtube<\/td><td>1 a\u00f1o<\/td><td>Gesti\u00f3n del contenido (gesti\u00f3n del contenido mostrado)&nbsp;<\/td><\/tr><tr><td>xxplan<\/td><td>Matomo, Youtube<\/td><td>1 a\u00f1o<\/td><td>Sistema de alojamiento&nbsp;<\/td><\/tr><\/tbody><\/table><\/figure>\n\n\n\n<p>Usted siempre puede oponerse al dep\u00f3sito de estas <em>cookies<\/em> en su terminal utilizando la configuraci\u00f3n de su navegador siguiendo las instrucciones de Chrome, Microsoft Edge, Safari, Firefox y Opera. Sin embargo, es posible que, en este caso, su experiencia como visitante se vea degradada. Para restaurar una buena calidad de navegaci\u00f3n, ser\u00e1 necesario en ese caso volver a activar las <em>cookies<\/em> t\u00e9cnicas.<\/p>\n\n\n\n<h2 class=\"wp-block-heading\"><strong>\u00bfQu\u00e9 es una <\/strong><strong><em>cookie<\/em><\/strong><strong> estad\u00edstica y por qu\u00e9 las utilizamos?<\/strong><\/h2>\n\n\n\n<p>Una <strong>cookie estad\u00edstica<\/strong> permite analizar el uso que usted hace de un sitio web para mejorar su experiencia y proporcionarle un servicio adaptado a sus necesidades. Estas <em>cookies<\/em> proporcionan estad\u00edsticas tales como el tiempo promedio pasado en una p\u00e1gina, el n\u00famero de p\u00e1ginas consultadas, el n\u00famero de veces que una p\u00e1gina ha sido consultada por un usuario, los servicios m\u00e1s frecuentemente consultados.<\/p>\n\n\n\n<p>Deepki utiliza las siguientes <em>cookies<\/em> de an\u00e1lisis:<\/p>\n\n\n\n<figure class=\"wp-block-table\"><table class=\"has-fixed-layout\"><tbody><tr><td><strong>Nombre de la cookie<\/strong><\/td><td><strong>Socio Externo<\/strong><\/td><td><strong>Duraci\u00f3n del Almacenamiento<\/strong><\/td><td><strong>Objetivo de la cookie<\/strong><\/td><\/tr><tr><td>_ga<\/td><td>Google<\/td><td>2 a\u00f1os<\/td><td>An\u00e1lisis de visitantes&nbsp;<\/td><\/tr><tr><td>_gat<\/td><td>Google<\/td><td>Sesi\u00f3n<\/td><td>An\u00e1lisis de visitantes&nbsp;<\/td><\/tr><tr><td>_gid<\/td><td>Google<\/td><td>2 d\u00edas<\/td><td>An\u00e1lisis de visitantes&nbsp;<\/td><\/tr><\/tbody><\/table><\/figure>\n\n\n\n<p>Utilizamos <em>cookies<\/em> estad\u00edsticas consideradas por las autoridades de control como <strong>suficientemente protectoras de su privacidad para estar exentas de consentimiento<\/strong>. Por lo tanto, no puede oponerse a ellas a trav\u00e9s del banner de <em>cookies<\/em>. En cambio, tambi\u00e9n utilizamos <em>cookies<\/em> estad\u00edsticas <strong>no exentas de consentimiento<\/strong> que solo pueden depositarse en su terminal con su consentimiento previo formulado a trav\u00e9s de nuestro banner de <em>cookies<\/em>.<\/p>\n\n\n\n<h2 class=\"wp-block-heading\"><strong>\u00bfQu\u00e9 es una <\/strong><strong><em>cookie<\/em><\/strong><strong> publicitaria?<\/strong><\/h2>\n\n\n\n<p>Las <strong>cookies publicitarias<\/strong> permiten analizar el comportamiento de los usuarios y su navegaci\u00f3n en el sitio para conocer mejor las preferencias de los usuarios y ofrecerles publicidades dirigidas y adaptadas a sus necesidades. Las <em>cookies<\/em> publicitarias pueden permitir tanto proporcionar publicidad en un sitio web como identificar la fuente de llegada al sitio del visitante (ej: Google, Bing, etc.).<\/p>\n\n\n\n<p><strong>LE GARANTIZAMOS QUE NO UTILIZAMOS NINGUNA COOKIE PUBLICITARIA PARA EL FUNCIONAMIENTO DE NUESTRO SITIO WEB<\/strong>.<\/p>\n\n\n\n<h2 class=\"wp-block-heading\"><strong>\u00bfQu\u00e9 datos personales tratamos con nuestras <\/strong><strong><em>cookies<\/em><\/strong><strong> y durante cu\u00e1nto tiempo?<\/strong><\/h2>\n\n\n\n<p>Los datos personales tratados por las <em>cookies<\/em> que utilizamos son:<\/p>\n\n\n\n<ul class=\"wp-block-list\">\n<li>su <strong>direcci\u00f3n IP<\/strong> y un <strong>ID de usuario<\/strong> que creamos en su primera conexi\u00f3n para reconocerle durante un periodo m\u00e1ximo de <strong>13 meses<\/strong>\u00a0<\/li>\n\n\n\n<li>si acepta el dep\u00f3sito de <em>cookies<\/em> estad\u00edsticas, sus datos personales relacionados con su navegaci\u00f3n en nuestro sitio web (ej: p\u00e1ginas visitadas, duraciones de navegaci\u00f3n, etc.) durante un periodo m\u00e1ximo de <strong>13 meses no renovable<\/strong> antes de cualquier nueva conexi\u00f3n antes del 14\u00ba mes\u00a0<\/li>\n\n\n\n<li>en el marco del uso de <em>cookies<\/em> estad\u00edsticas exentas de consentimiento, \u00fanicamente su <strong>direcci\u00f3n IP<\/strong> que luego es anonimizada y, por lo tanto, inutilizable.<\/li>\n<\/ul>\n\n\n\n<p>Al expirar los plazos de conservaci\u00f3n especificados a continuaci\u00f3n, no conservamos ning\u00fan dato sobre usted. Como mucho, podemos anonimizar sus datos con fines estad\u00edsticos.<\/p>\n\n\n\n<h2 class=\"wp-block-heading\"><strong>\u00bfEn qu\u00e9 bases jur\u00eddicas nos apoyamos para utilizar sus <\/strong><strong><em>cookies<\/em><\/strong><strong>?<\/strong><\/h2>\n\n\n\n<p>La base jur\u00eddica relativa al tratamiento de datos de car\u00e1cter personal en relaci\u00f3n con las <em>cookies<\/em> funcionales\/t\u00e9cnicas y su uso se realiza sobre la base de nuestros <strong>intereses leg\u00edtimos<\/strong> en virtud del art\u00edculo 6, apartado 1, frase 1, punto f del RGPD.<\/p>\n\n\n\n<p>El tratamiento de los datos personales recogidos mediante <em>cookies<\/em> no funcionales\/t\u00e9cnicas se realiza sobre la base de nuestros <strong>intereses leg\u00edtimos<\/strong> o, si es necesario, sobre la base de su <strong>consentimiento<\/strong> de conformidad con el art\u00edculo 6, apdo. S.1, letra a del RGPD.<\/p>\n\n\n\n<h2 class=\"wp-block-heading\"><strong>\u00bfC\u00f3mo controla usted el uso de las <\/strong><strong><em>cookies<\/em><\/strong><strong>?<\/strong><\/h2>\n\n\n\n<p>El derecho a rechazar <em>cookies<\/em> se ejerce en todo momento a trav\u00e9s de nuestro <strong>banner de <\/strong><strong><em>cookies<\/em><\/strong>.<\/p>\n\n\n\n<p>En caso de que el banner de <em>cookies<\/em> ya no se muestre, tambi\u00e9n puede configurar las <em>cookies<\/em> a trav\u00e9s de la pesta\u00f1a \u00ab<strong>gestionar las <\/strong><strong><em>cookies<\/em><\/strong>\u00bb en nuestro sitio o directamente en su navegador siguiendo las instrucciones de Chrome, Microsoft Edge, Safari, Firefox y Opera.<\/p>\n\n\n\n<h2 class=\"wp-block-heading\"><strong>\u00bfDe qu\u00e9 derechos dispone para controlar el uso de sus datos personales utilizados a trav\u00e9s de las <\/strong><strong><em>cookies<\/em><\/strong><strong>?<\/strong><\/h2>\n\n\n\n<p>La normativa aplicable en materia de protecci\u00f3n de datos le otorga <strong>derechos espec\u00edficos<\/strong> que puede ejercer, en todo momento y de forma gratuita, para controlar el uso que hacemos de sus datos:<\/p>\n\n\n\n<ul class=\"wp-block-list\">\n<li><strong>Derecho de acceso y de copia<\/strong> de sus datos personales siempre que esta solicitud no est\u00e9 en contradicci\u00f3n con el secreto comercial, la confidencialidad, o el secreto de las correspondencias.<\/li>\n\n\n\n<li><strong>Derecho de rectificaci\u00f3n<\/strong> de datos personales que sean err\u00f3neos, obsoletos o incompletos.<\/li>\n\n\n\n<li><strong>Derecho a solicitar la eliminaci\u00f3n<\/strong> (\u00abderecho al olvido\u00bb) de sus datos personales que no sean esenciales para el buen funcionamiento de nuestros servicios.<\/li>\n\n\n\n<li><strong>Derecho a la limitaci\u00f3n<\/strong> de sus datos personales que permite \u00abfotografiar\u00bb el uso de sus datos en caso de disputa sobre la legitimidad de un tratamiento.<\/li>\n\n\n\n<li><strong>Derecho a la portabilidad<\/strong> de sus datos que le permite recuperar una parte de sus datos personales para almacenarlos o transmitirlos f\u00e1cilmente de un sistema de informaci\u00f3n a otro.<\/li>\n\n\n\n<li><strong>Derecho a dar directivas<\/strong> sobre el destino de sus datos en caso de fallecimiento, ya sea a trav\u00e9s de usted, o a trav\u00e9s de un tercero de confianza o de un derechohabiente.<\/li>\n<\/ul>\n\n\n\n<p>Para que una solicitud sea tomada en cuenta, es imperativo que sea realizada directamente por usted a la direcci\u00f3n <strong>privacy@deepki.com<\/strong>. Toda solicitud que no se realice de esta manera no puede ser tratada. Las solicitudes no pueden provenir de otra persona que no sea usted. Por lo tanto, podemos pedirle la comunicaci\u00f3n de una prueba de identidad en caso de duda sobre la identidad del solicitante. Los elementos comunicados nos permiten \u00fanicamente verificar su identidad y no son conservados.<\/p>\n\n\n\n<p>Responderemos a su solicitud lo antes posible con un l\u00edmite de un plazo m\u00e1ximo de <strong>tres meses<\/strong> a partir de su recepci\u00f3n en caso de que la solicitud sea t\u00e9cnicamente compleja o si recibimos numerosas solicitudes al mismo tiempo. Tenga en cuenta que siempre podemos negarnos a responder a cualquier solicitud excesiva o infundada, especialmente en lo que respecta a su car\u00e1cter repetitivo.<\/p>\n\n\n\n<h2 class=\"wp-block-heading\"><strong>\u00bfSus datos personales utilizados a trav\u00e9s de nuestras <\/strong><strong><em>cookies<\/em><\/strong><strong> pueden ser transferidos fuera de la Uni\u00f3n Europea?<\/strong><\/h2>\n\n\n\n<p>Las <em>cookies<\/em> estad\u00edsticas que utilizamos pueden enviar su direcci\u00f3n IP y su ID de usuario <strong>fuera de la Uni\u00f3n Europea<\/strong> para funcionar. En este caso, garantizamos que estas herramientas respetan estrictamente las normas aplicables en materia de transferencias para garantizar una confidencialidad y una protecci\u00f3n adecuada de sus datos personales.<\/p>\n\n\n\n<p>Las <em>cookies<\/em> estad\u00edsticas exentas que utilizamos son anonimizadas. Por lo tanto, no se realiza ninguna transferencia de datos fuera de la Uni\u00f3n Europea.<\/p>\n\n\n\n<h2 class=\"wp-block-heading\"><strong>\u00bfA qui\u00e9n puede contactar para obtener m\u00e1s informaci\u00f3n sobre el uso de sus datos personales?<\/strong><\/h2>\n\n\n\n<p>Para garantizar mejor la protecci\u00f3n y la integridad de sus datos, hemos nombrado oficialmente a un <strong>Delegado de Protecci\u00f3n de Datos (\u00abDPO\u00bb) independiente<\/strong> ante nuestra autoridad de control.<\/p>\n\n\n\n<p>Puede contactar a nuestro DPO en cualquier momento y de forma gratuita en la direcci\u00f3n <strong>privacy@deepki.com<\/strong> para obtener m\u00e1s informaci\u00f3n o detalles sobre c\u00f3mo tratamos sus datos.<\/p>\n\n\n\n<h2 class=\"wp-block-heading\"><strong>\u00bfC\u00f3mo puede contactar a la CNIL?<\/strong><\/h2>\n\n\n\n<p>Puede contactar en cualquier momento a la \u00ab<strong>Commission nationale de l&#8217;informatique et des libert\u00e9s<\/strong>\u00bb o \u00ab<strong>CNIL<\/strong>\u00bb en las siguientes coordenadas: Service des plaintes de la CNIL, 3 place de Fontenoy &#8211; TSA 80751, 75334 Paris Cedex 07 o por tel\u00e9fono al 01.53.73.22.22.<\/p>\n\n\n\n<h2 class=\"wp-block-heading\"><strong>\u00bfPuede modificarse la Pol\u00edtica de Uso de Cookies?<\/strong><\/h2>\n\n\n\n<p>Somos susceptibles de modificar nuestra Pol\u00edtica de Uso de Cookies en cualquier momento para adaptarla a los nuevos requisitos legales, as\u00ed como a los nuevos tratamientos que podr\u00edamos implementar en el futuro.<\/p>\n","protected":false},"excerpt":{"rendered":"<p>\u00bfCu\u00e1l es la utilidad de nuestra Pol\u00edtica de Uso de Cookies? Deepki, que gestiona los sitios web de Deepki SAS (el sitio Deepki.com), otorga gran importancia a la confidencialidad de sus datos personales. Esto representa para nosotros una se\u00f1al de seriedad y confianza, incluso en lo que respecta a las cookies o \u00abrastreadores\u00bb. Como tal, [&hellip;]<\/p>\n","protected":false},"author":77,"featured_media":56622,"parent":0,"menu_order":0,"comment_status":"closed","ping_status":"closed","template":"page-templates\/p-and-c-page.php","meta":{"inline_featured_image":false,"footnotes":""},"class_list":["post-61114","page","type-page","status-publish","has-post-thumbnail","hentry"],"yoast_head":"<!-- This site is optimized with the Yoast SEO plugin v27.3 - https:\/\/yoast.com\/product\/yoast-seo-wordpress\/ -->\n<title>Politica de Uso de Cookies - Deepki<\/title>\n<meta name=\"description\" content=\"Pol\u00edtica de cookies de Deepki: Sobre las cookies, recogida y uso.\" \/>\n<meta name=\"robots\" content=\"index, follow, max-snippet:-1, max-image-preview:large, max-video-preview:-1\" \/>\n<link rel=\"canonical\" href=\"https:\/\/www.deepki.com\/es\/politica-de-cookies\/\" \/>\n<meta property=\"og:locale\" content=\"es_ES\" \/>\n<meta property=\"og:type\" content=\"article\" \/>\n<meta property=\"og:title\" content=\"Pol\u00edtica de cookies\" \/>\n<meta property=\"og:description\" content=\"Pol\u00edtica de cookies de Deepki: Sobre las cookies, recogida y uso.\" \/>\n<meta property=\"og:url\" content=\"https:\/\/www.deepki.com\/es\/politica-de-cookies\/\" \/>\n<meta property=\"og:site_name\" content=\"Deepki\" \/>\n<meta property=\"article:publisher\" content=\"https:\/\/www.facebook.com\/DeepkiSAS\/\" \/>\n<meta property=\"article:modified_time\" content=\"2025-12-03T11:10:43+00:00\" \/>\n<meta property=\"og:image\" content=\"https:\/\/www.deepki.com\/web\/wp-content\/uploads\/2021\/08\/Home_FI.jpg\" \/>\n\t<meta property=\"og:image:width\" content=\"1200\" \/>\n\t<meta property=\"og:image:height\" content=\"628\" \/>\n\t<meta property=\"og:image:type\" content=\"image\/jpeg\" \/>\n<meta name=\"twitter:card\" content=\"summary_large_image\" \/>\n<meta name=\"twitter:title\" content=\"Pol\u00edtica de cookies\" \/>\n<meta name=\"twitter:description\" content=\"Pol\u00edtica de cookies de Deepki: Sobre las cookies, recogida y uso.\" \/>\n<meta name=\"twitter:image\" content=\"https:\/\/www.deepki.com\/web\/wp-content\/uploads\/2021\/08\/Home_FI.jpg\" \/>\n<meta name=\"twitter:site\" content=\"@DeepkiSAS\" \/>\n<meta name=\"twitter:label1\" content=\"Tiempo de lectura\" \/>\n\t<meta name=\"twitter:data1\" content=\"8 minutos\" \/>\n<script type=\"application\/ld+json\" class=\"yoast-schema-graph\">{\"@context\":\"https:\\\/\\\/schema.org\",\"@graph\":[{\"@type\":\"WebPage\",\"@id\":\"https:\\\/\\\/www.deepki.com\\\/es\\\/politica-de-cookies\\\/\",\"url\":\"https:\\\/\\\/www.deepki.com\\\/es\\\/politica-de-cookies\\\/\",\"name\":\"Politica de Uso de Cookies - Deepki\",\"isPartOf\":{\"@id\":\"https:\\\/\\\/www.deepki.com\\\/es\\\/#website\"},\"primaryImageOfPage\":{\"@id\":\"https:\\\/\\\/www.deepki.com\\\/es\\\/politica-de-cookies\\\/#primaryimage\"},\"image\":{\"@id\":\"https:\\\/\\\/www.deepki.com\\\/es\\\/politica-de-cookies\\\/#primaryimage\"},\"thumbnailUrl\":\"https:\\\/\\\/www.deepki.com\\\/web\\\/wp-content\\\/uploads\\\/2021\\\/08\\\/Home_FI.jpg\",\"datePublished\":\"2021-11-02T16:51:55+00:00\",\"dateModified\":\"2025-12-03T11:10:43+00:00\",\"description\":\"Pol\u00edtica de cookies de Deepki: Sobre las cookies, recogida y uso.\",\"breadcrumb\":{\"@id\":\"https:\\\/\\\/www.deepki.com\\\/es\\\/politica-de-cookies\\\/#breadcrumb\"},\"inLanguage\":\"es\",\"potentialAction\":[{\"@type\":\"ReadAction\",\"target\":[\"https:\\\/\\\/www.deepki.com\\\/es\\\/politica-de-cookies\\\/\"]}]},{\"@type\":\"ImageObject\",\"inLanguage\":\"es\",\"@id\":\"https:\\\/\\\/www.deepki.com\\\/es\\\/politica-de-cookies\\\/#primaryimage\",\"url\":\"https:\\\/\\\/www.deepki.com\\\/web\\\/wp-content\\\/uploads\\\/2021\\\/08\\\/Home_FI.jpg\",\"contentUrl\":\"https:\\\/\\\/www.deepki.com\\\/web\\\/wp-content\\\/uploads\\\/2021\\\/08\\\/Home_FI.jpg\",\"width\":1200,\"height\":628},{\"@type\":\"BreadcrumbList\",\"@id\":\"https:\\\/\\\/www.deepki.com\\\/es\\\/politica-de-cookies\\\/#breadcrumb\",\"itemListElement\":[{\"@type\":\"ListItem\",\"position\":1,\"name\":\"Home\",\"item\":\"https:\\\/\\\/www.deepki.com\\\/es\\\/\"},{\"@type\":\"ListItem\",\"position\":2,\"name\":\"Politica de Uso de Cookies\"}]},{\"@type\":\"WebSite\",\"@id\":\"https:\\\/\\\/www.deepki.com\\\/es\\\/#website\",\"url\":\"https:\\\/\\\/www.deepki.com\\\/es\\\/\",\"name\":\"Deepki\",\"description\":\"Together, let&#039;s make your real estate more sustainable thanks to data!\",\"publisher\":{\"@id\":\"https:\\\/\\\/www.deepki.com\\\/es\\\/#organization\"},\"potentialAction\":[{\"@type\":\"SearchAction\",\"target\":{\"@type\":\"EntryPoint\",\"urlTemplate\":\"https:\\\/\\\/www.deepki.com\\\/es\\\/?s={search_term_string}\"},\"query-input\":{\"@type\":\"PropertyValueSpecification\",\"valueRequired\":true,\"valueName\":\"search_term_string\"}}],\"inLanguage\":\"es\"},{\"@type\":\"Organization\",\"@id\":\"https:\\\/\\\/www.deepki.com\\\/es\\\/#organization\",\"name\":\"Deepki\",\"url\":\"https:\\\/\\\/www.deepki.com\\\/es\\\/\",\"logo\":{\"@type\":\"ImageObject\",\"inLanguage\":\"es\",\"@id\":\"https:\\\/\\\/www.deepki.com\\\/es\\\/#\\\/schema\\\/logo\\\/image\\\/\",\"url\":\"https:\\\/\\\/www.deepki.com\\\/web\\\/wp-content\\\/uploads\\\/2021\\\/08\\\/deepki-logo.jpg\",\"contentUrl\":\"https:\\\/\\\/www.deepki.com\\\/web\\\/wp-content\\\/uploads\\\/2021\\\/08\\\/deepki-logo.jpg\",\"width\":880,\"height\":360,\"caption\":\"Deepki\"},\"image\":{\"@id\":\"https:\\\/\\\/www.deepki.com\\\/es\\\/#\\\/schema\\\/logo\\\/image\\\/\"},\"sameAs\":[\"https:\\\/\\\/www.facebook.com\\\/DeepkiSAS\\\/\",\"https:\\\/\\\/x.com\\\/DeepkiSAS\",\"https:\\\/\\\/www.linkedin.com\\\/company\\\/deepki\"]}]}<\/script>\n<!-- \/ Yoast SEO plugin. -->","yoast_head_json":{"title":"Politica de Uso de Cookies - Deepki","description":"Pol\u00edtica de cookies de Deepki: Sobre las cookies, recogida y uso.","robots":{"index":"index","follow":"follow","max-snippet":"max-snippet:-1","max-image-preview":"max-image-preview:large","max-video-preview":"max-video-preview:-1"},"canonical":"https:\/\/www.deepki.com\/es\/politica-de-cookies\/","og_locale":"es_ES","og_type":"article","og_title":"Pol\u00edtica de cookies","og_description":"Pol\u00edtica de cookies de Deepki: Sobre las cookies, recogida y uso.","og_url":"https:\/\/www.deepki.com\/es\/politica-de-cookies\/","og_site_name":"Deepki","article_publisher":"https:\/\/www.facebook.com\/DeepkiSAS\/","article_modified_time":"2025-12-03T11:10:43+00:00","og_image":[{"width":1200,"height":628,"url":"https:\/\/www.deepki.com\/web\/wp-content\/uploads\/2021\/08\/Home_FI.jpg","type":"image\/jpeg"}],"twitter_card":"summary_large_image","twitter_title":"Pol\u00edtica de cookies","twitter_description":"Pol\u00edtica de cookies de Deepki: Sobre las cookies, recogida y uso.","twitter_image":"https:\/\/www.deepki.com\/web\/wp-content\/uploads\/2021\/08\/Home_FI.jpg","twitter_site":"@DeepkiSAS","twitter_misc":{"Tiempo de lectura":"8 minutos"},"schema":{"@context":"https:\/\/schema.org","@graph":[{"@type":"WebPage","@id":"https:\/\/www.deepki.com\/es\/politica-de-cookies\/","url":"https:\/\/www.deepki.com\/es\/politica-de-cookies\/","name":"Politica de Uso de Cookies - Deepki","isPartOf":{"@id":"https:\/\/www.deepki.com\/es\/#website"},"primaryImageOfPage":{"@id":"https:\/\/www.deepki.com\/es\/politica-de-cookies\/#primaryimage"},"image":{"@id":"https:\/\/www.deepki.com\/es\/politica-de-cookies\/#primaryimage"},"thumbnailUrl":"https:\/\/www.deepki.com\/web\/wp-content\/uploads\/2021\/08\/Home_FI.jpg","datePublished":"2021-11-02T16:51:55+00:00","dateModified":"2025-12-03T11:10:43+00:00","description":"Pol\u00edtica de cookies de Deepki: Sobre las cookies, recogida y uso.","breadcrumb":{"@id":"https:\/\/www.deepki.com\/es\/politica-de-cookies\/#breadcrumb"},"inLanguage":"es","potentialAction":[{"@type":"ReadAction","target":["https:\/\/www.deepki.com\/es\/politica-de-cookies\/"]}]},{"@type":"ImageObject","inLanguage":"es","@id":"https:\/\/www.deepki.com\/es\/politica-de-cookies\/#primaryimage","url":"https:\/\/www.deepki.com\/web\/wp-content\/uploads\/2021\/08\/Home_FI.jpg","contentUrl":"https:\/\/www.deepki.com\/web\/wp-content\/uploads\/2021\/08\/Home_FI.jpg","width":1200,"height":628},{"@type":"BreadcrumbList","@id":"https:\/\/www.deepki.com\/es\/politica-de-cookies\/#breadcrumb","itemListElement":[{"@type":"ListItem","position":1,"name":"Home","item":"https:\/\/www.deepki.com\/es\/"},{"@type":"ListItem","position":2,"name":"Politica de Uso de Cookies"}]},{"@type":"WebSite","@id":"https:\/\/www.deepki.com\/es\/#website","url":"https:\/\/www.deepki.com\/es\/","name":"Deepki","description":"Together, let&#039;s make your real estate more sustainable thanks to data!","publisher":{"@id":"https:\/\/www.deepki.com\/es\/#organization"},"potentialAction":[{"@type":"SearchAction","target":{"@type":"EntryPoint","urlTemplate":"https:\/\/www.deepki.com\/es\/?s={search_term_string}"},"query-input":{"@type":"PropertyValueSpecification","valueRequired":true,"valueName":"search_term_string"}}],"inLanguage":"es"},{"@type":"Organization","@id":"https:\/\/www.deepki.com\/es\/#organization","name":"Deepki","url":"https:\/\/www.deepki.com\/es\/","logo":{"@type":"ImageObject","inLanguage":"es","@id":"https:\/\/www.deepki.com\/es\/#\/schema\/logo\/image\/","url":"https:\/\/www.deepki.com\/web\/wp-content\/uploads\/2021\/08\/deepki-logo.jpg","contentUrl":"https:\/\/www.deepki.com\/web\/wp-content\/uploads\/2021\/08\/deepki-logo.jpg","width":880,"height":360,"caption":"Deepki"},"image":{"@id":"https:\/\/www.deepki.com\/es\/#\/schema\/logo\/image\/"},"sameAs":["https:\/\/www.facebook.com\/DeepkiSAS\/","https:\/\/x.com\/DeepkiSAS","https:\/\/www.linkedin.com\/company\/deepki"]}]}},"_links":{"self":[{"href":"https:\/\/www.deepki.com\/es\/wp-json\/wp\/v2\/pages\/61114","targetHints":{"allow":["GET"]}}],"collection":[{"href":"https:\/\/www.deepki.com\/es\/wp-json\/wp\/v2\/pages"}],"about":[{"href":"https:\/\/www.deepki.com\/es\/wp-json\/wp\/v2\/types\/page"}],"author":[{"embeddable":true,"href":"https:\/\/www.deepki.com\/es\/wp-json\/wp\/v2\/users\/77"}],"replies":[{"embeddable":true,"href":"https:\/\/www.deepki.com\/es\/wp-json\/wp\/v2\/comments?post=61114"}],"version-history":[{"count":3,"href":"https:\/\/www.deepki.com\/es\/wp-json\/wp\/v2\/pages\/61114\/revisions"}],"predecessor-version":[{"id":100177,"href":"https:\/\/www.deepki.com\/es\/wp-json\/wp\/v2\/pages\/61114\/revisions\/100177"}],"wp:featuredmedia":[{"embeddable":true,"href":"https:\/\/www.deepki.com\/es\/wp-json\/wp\/v2\/media\/56622"}],"wp:attachment":[{"href":"https:\/\/www.deepki.com\/es\/wp-json\/wp\/v2\/media?parent=61114"}],"curies":[{"name":"wp","href":"https:\/\/api.w.org\/{rel}","templated":true}]}}