{"id":61470,"date":"2021-11-16T10:50:58","date_gmt":"2021-11-16T10:50:58","guid":{"rendered":"https:\/\/www.deepki.com\/?page_id=61470"},"modified":"2022-06-07T09:31:06","modified_gmt":"2022-06-07T07:31:06","slug":"aviso-legal","status":"publish","type":"page","link":"https:\/\/www.deepki.com\/es\/aviso-legal\/","title":{"rendered":"Aviso Legal"},"content":{"rendered":"\n<h2 class=\"wp-block-heading\"><strong>Condiciones generales<\/strong><\/h2>\n\n\n\n<p>Los t\u00e9rminos y condiciones del sitio fueron actualizados el 11 de febrero de 2020.<\/p>\n\n\n\n<p>El uso del sitio implica la aceptaci\u00f3n plena y completa de las condiciones generales de uso descritas a continuaci\u00f3n. Estas condiciones de uso pueden ser modificadas o complementadas en cualquier momento. Por lo tanto, se invita a los usuarios del sitio a consultarlas regularmente.<\/p>\n\n\n\n<p>Este sitio es normalmente accesible a los usuarios en todo momento. No obstante, una interrupci\u00f3n por mantenimiento t\u00e9cnico puede ser decidida por el responsable del sitio, que se esforzar\u00e1 por informar a los Usuarios con antelaci\u00f3n de las fechas y horas de la intervenci\u00f3n.<\/p>\n\n\n\n<p>El responsable de la publicaci\u00f3n actualiza regularmente el sitio. Del mismo modo, los avisos legales pueden ser modificados en cualquier momento: no obstante, son vinculantes para el Usuario, al que se invita a consultarlos con la mayor frecuencia posible para conocerlos.<\/p>\n\n\n\n<h2 class=\"wp-block-heading\"><strong>Servicios prestados<\/strong><\/h2>\n\n\n\n<p>El objetivo del sitio es proporcionar informaci\u00f3n sobre todas las actividades de la empresa \u00abDeepki SAS\u00bb.<\/p>\n\n\n\n<p>La persona responsable de la publicaci\u00f3n se esfuerza por proporcionar la informaci\u00f3n m\u00e1s precisa posible en el sitio. Sin embargo, no puede ser considerada responsable de las omisiones, inexactitudes y deficiencias en la actualizaci\u00f3n, ya sean debidas a su propia culpa o a la de los terceros asociados que le proporcionan esta informaci\u00f3n.<\/p>\n\n\n\n<p>Toda la informaci\u00f3n del sitio se proporciona a t\u00edtulo indicativo y est\u00e1 sujeta a cambios. Adem\u00e1s, la informaci\u00f3n del sitio no es exhaustiva. Se proporciona a reserva de las modificaciones que se hayan producido desde su puesta en l\u00ednea.<\/p>\n\n\n\n<h2 class=\"wp-block-heading\"><strong>Limitaciones contractuales de los datos t\u00e9cnicos<\/strong><\/h2>\n\n\n\n<p>El sitio utiliza tecnolog\u00edas JavaScript, jQuery, html, css y php.<\/p>\n\n\n\n<p>El sitio respeta los derechos de autor as\u00ed como las normas de utilizaci\u00f3n de las diferentes funciones OpenSource presentes en \u00e9l.<\/p>\n\n\n\n<p>El sitio no se hace responsable de ning\u00fan da\u00f1o material relacionado con el uso del sitio. Adem\u00e1s, el usuario del sitio se compromete a acceder a \u00e9l con un equipo reciente, sin virus y con un navegador de \u00faltima generaci\u00f3n y actualizado.<\/p>\n\n\n\n<h2 class=\"wp-block-heading\"><strong>Informaci\u00f3n legal<\/strong><\/h2>\n\n\n\n<p>En virtud del art\u00edculo 6 de la Ley n\u00ba 2004-575, de 21 de junio de 2004, sobre la confianza en la econom\u00eda digital, se informa a los usuarios del sitio de la identidad de las distintas partes que participan en su creaci\u00f3n y seguimiento:<\/p>\n\n\n\n<h2 class=\"wp-block-heading\"><strong>Editor del sitio<\/strong><\/h2>\n\n\n\n<p>La p\u00e1gina web es editada por <strong>Deepki SAS<\/strong>, inscrita en el Registro Mercantil de Par\u00eds con el n\u00famero RCS 804 763 670, <strong>sociedad an\u00f3nima simplificada con un capital social de <strong>49 696,58<\/strong> euros<\/strong><\/p>\n\n\n\n<p>Sede social: 111 avenue Victor Hugo 75116 Paris, Francia.<\/p>\n\n\n\n<p>Tel: +33(0)1.46.06.09.19 \/ Email: website@deepki.com<\/p>\n\n\n\n<p>(C\u00f3digo APE: 6209Z \/ NIF: FR 16 804 763 670)<\/p>\n\n\n\n<p>Directora de Marketing: Caroline Tailleferd<\/p>\n\n\n\n<p>Responsable de la publicaci\u00f3n: Caroline Tailleferd<\/p>\n\n\n\n<p>La publicaci\u00f3n de informaci\u00f3n en l\u00ednea entra en el \u00e1mbito de la libertad de prensa y la comunicaci\u00f3n al p\u00fablico por medios electr\u00f3nicos.<\/p>\n\n\n\n<h2 class=\"wp-block-heading\"><strong>Hosting<\/strong><\/h2>\n\n\n\n<p>El editor de este sitio web es Gandi SAS, constituida seg\u00fan la legislaci\u00f3n francesa.<\/p>\n\n\n\n<p>GANDI SAS, sociedad an\u00f3nima simplificada con un capital de 2.300.000 euros con domicilio social en<\/p>\n\n\n\n<p>63-65 boulevard Massena Par\u00eds (75013) FRANCIA<\/p>\n\n\n\n<p>registrada con el n\u00famero 423 093 459 RCS PARIS<\/p>\n\n\n\n<p>N\u00famero de IVA FR81423093459<\/p>\n\n\n\n<p>Tel\u00e9fono: +33 (0) 1 70.37.76.61<\/p>\n\n\n\n<p>Fax +33. (0) 1 43 73 18 51<\/p>\n\n\n\n<h2 class=\"wp-block-heading\"><strong>Datos personales<\/strong><\/h2>\n\n\n\n<p>Deepki se compromete a cumplir con todos los requisitos de la Ley de Protecci\u00f3n de Datos francesa del 6 de enero de 1978 y el Reglamento (UE) 2016\/679 del 27 de abril de 2016. Los requisitos sobre Deepki y los derechos de los usuarios se describen en la <a href=\"https:\/\/www.deepki.com\/es\/politica-de-privacidad\/\">Privacy policy<\/a>.La informaci\u00f3n sobre las cookies se indica en la <a href=\"https:\/\/www.deepki.com\/es\/politica-de-cookies\/\">Cookie policy<\/a>.<\/p>\n","protected":false},"excerpt":{"rendered":"<p>Condiciones generales Los t\u00e9rminos y condiciones del sitio fueron actualizados el 11 de febrero de 2020. El uso del sitio implica la aceptaci\u00f3n plena y completa de las condiciones generales de uso descritas a continuaci\u00f3n. Estas condiciones de uso pueden ser modificadas o complementadas en cualquier momento. Por lo tanto, se invita a los usuarios [&hellip;]<\/p>\n","protected":false},"author":77,"featured_media":56622,"parent":0,"menu_order":0,"comment_status":"closed","ping_status":"closed","template":"page-templates\/p-and-c-page.php","meta":{"inline_featured_image":false,"footnotes":""},"class_list":["post-61470","page","type-page","status-publish","has-post-thumbnail","hentry"],"yoast_head":"<!-- This site is optimized with the Yoast SEO plugin v27.3 - https:\/\/yoast.com\/product\/yoast-seo-wordpress\/ -->\n<title>Aviso Legal - Deepki<\/title>\n<meta name=\"description\" content=\"Aviso legal de Deepki: Condiciones generales, servicios prestados.\" \/>\n<meta name=\"robots\" content=\"index, follow, max-snippet:-1, max-image-preview:large, max-video-preview:-1\" \/>\n<link rel=\"canonical\" href=\"https:\/\/www.deepki.com\/es\/aviso-legal\/\" \/>\n<meta property=\"og:locale\" content=\"es_ES\" \/>\n<meta property=\"og:type\" content=\"article\" \/>\n<meta property=\"og:title\" content=\"Aviso Legal - Deepki\" \/>\n<meta property=\"og:description\" content=\"Aviso legal de Deepki: Condiciones generales, servicios prestados.\" \/>\n<meta property=\"og:url\" content=\"https:\/\/www.deepki.com\/es\/aviso-legal\/\" \/>\n<meta property=\"og:site_name\" content=\"Deepki\" \/>\n<meta property=\"article:publisher\" content=\"https:\/\/www.facebook.com\/DeepkiSAS\/\" \/>\n<meta property=\"article:modified_time\" content=\"2022-06-07T07:31:06+00:00\" \/>\n<meta property=\"og:image\" content=\"https:\/\/www.deepki.com\/web\/wp-content\/uploads\/2021\/08\/Home_FI.jpg\" \/>\n\t<meta property=\"og:image:width\" content=\"1200\" \/>\n\t<meta property=\"og:image:height\" content=\"628\" \/>\n\t<meta property=\"og:image:type\" content=\"image\/jpeg\" \/>\n<meta name=\"twitter:card\" content=\"summary_large_image\" \/>\n<meta name=\"twitter:description\" content=\"Aviso legal de Deepki: Condiciones generales, servicios prestados.\" \/>\n<meta name=\"twitter:image\" content=\"https:\/\/www.deepki.com\/web\/wp-content\/uploads\/2021\/08\/Home_FI.jpg\" \/>\n<meta name=\"twitter:site\" content=\"@DeepkiSAS\" \/>\n<meta name=\"twitter:label1\" content=\"Tiempo de lectura\" \/>\n\t<meta name=\"twitter:data1\" content=\"3 minutos\" \/>\n<script type=\"application\/ld+json\" class=\"yoast-schema-graph\">{\"@context\":\"https:\\\/\\\/schema.org\",\"@graph\":[{\"@type\":\"WebPage\",\"@id\":\"https:\\\/\\\/www.deepki.com\\\/es\\\/aviso-legal\\\/\",\"url\":\"https:\\\/\\\/www.deepki.com\\\/es\\\/aviso-legal\\\/\",\"name\":\"Aviso Legal - Deepki\",\"isPartOf\":{\"@id\":\"https:\\\/\\\/www.deepki.com\\\/es\\\/#website\"},\"primaryImageOfPage\":{\"@id\":\"https:\\\/\\\/www.deepki.com\\\/es\\\/aviso-legal\\\/#primaryimage\"},\"image\":{\"@id\":\"https:\\\/\\\/www.deepki.com\\\/es\\\/aviso-legal\\\/#primaryimage\"},\"thumbnailUrl\":\"https:\\\/\\\/www.deepki.com\\\/web\\\/wp-content\\\/uploads\\\/2021\\\/08\\\/Home_FI.jpg\",\"datePublished\":\"2021-11-16T10:50:58+00:00\",\"dateModified\":\"2022-06-07T07:31:06+00:00\",\"description\":\"Aviso legal de Deepki: Condiciones generales, servicios prestados.\",\"breadcrumb\":{\"@id\":\"https:\\\/\\\/www.deepki.com\\\/es\\\/aviso-legal\\\/#breadcrumb\"},\"inLanguage\":\"es\",\"potentialAction\":[{\"@type\":\"ReadAction\",\"target\":[\"https:\\\/\\\/www.deepki.com\\\/es\\\/aviso-legal\\\/\"]}]},{\"@type\":\"ImageObject\",\"inLanguage\":\"es\",\"@id\":\"https:\\\/\\\/www.deepki.com\\\/es\\\/aviso-legal\\\/#primaryimage\",\"url\":\"https:\\\/\\\/www.deepki.com\\\/web\\\/wp-content\\\/uploads\\\/2021\\\/08\\\/Home_FI.jpg\",\"contentUrl\":\"https:\\\/\\\/www.deepki.com\\\/web\\\/wp-content\\\/uploads\\\/2021\\\/08\\\/Home_FI.jpg\",\"width\":1200,\"height\":628},{\"@type\":\"BreadcrumbList\",\"@id\":\"https:\\\/\\\/www.deepki.com\\\/es\\\/aviso-legal\\\/#breadcrumb\",\"itemListElement\":[{\"@type\":\"ListItem\",\"position\":1,\"name\":\"Home\",\"item\":\"https:\\\/\\\/www.deepki.com\\\/es\\\/\"},{\"@type\":\"ListItem\",\"position\":2,\"name\":\"Aviso Legal\"}]},{\"@type\":\"WebSite\",\"@id\":\"https:\\\/\\\/www.deepki.com\\\/es\\\/#website\",\"url\":\"https:\\\/\\\/www.deepki.com\\\/es\\\/\",\"name\":\"Deepki\",\"description\":\"Together, let&#039;s make your real estate more sustainable thanks to data!\",\"publisher\":{\"@id\":\"https:\\\/\\\/www.deepki.com\\\/es\\\/#organization\"},\"potentialAction\":[{\"@type\":\"SearchAction\",\"target\":{\"@type\":\"EntryPoint\",\"urlTemplate\":\"https:\\\/\\\/www.deepki.com\\\/es\\\/?s={search_term_string}\"},\"query-input\":{\"@type\":\"PropertyValueSpecification\",\"valueRequired\":true,\"valueName\":\"search_term_string\"}}],\"inLanguage\":\"es\"},{\"@type\":\"Organization\",\"@id\":\"https:\\\/\\\/www.deepki.com\\\/es\\\/#organization\",\"name\":\"Deepki\",\"url\":\"https:\\\/\\\/www.deepki.com\\\/es\\\/\",\"logo\":{\"@type\":\"ImageObject\",\"inLanguage\":\"es\",\"@id\":\"https:\\\/\\\/www.deepki.com\\\/es\\\/#\\\/schema\\\/logo\\\/image\\\/\",\"url\":\"https:\\\/\\\/www.deepki.com\\\/web\\\/wp-content\\\/uploads\\\/2021\\\/08\\\/deepki-logo.jpg\",\"contentUrl\":\"https:\\\/\\\/www.deepki.com\\\/web\\\/wp-content\\\/uploads\\\/2021\\\/08\\\/deepki-logo.jpg\",\"width\":880,\"height\":360,\"caption\":\"Deepki\"},\"image\":{\"@id\":\"https:\\\/\\\/www.deepki.com\\\/es\\\/#\\\/schema\\\/logo\\\/image\\\/\"},\"sameAs\":[\"https:\\\/\\\/www.facebook.com\\\/DeepkiSAS\\\/\",\"https:\\\/\\\/x.com\\\/DeepkiSAS\",\"https:\\\/\\\/www.linkedin.com\\\/company\\\/deepki\"]}]}<\/script>\n<!-- \/ Yoast SEO plugin. -->","yoast_head_json":{"title":"Aviso Legal - Deepki","description":"Aviso legal de Deepki: Condiciones generales, servicios prestados.","robots":{"index":"index","follow":"follow","max-snippet":"max-snippet:-1","max-image-preview":"max-image-preview:large","max-video-preview":"max-video-preview:-1"},"canonical":"https:\/\/www.deepki.com\/es\/aviso-legal\/","og_locale":"es_ES","og_type":"article","og_title":"Aviso Legal - Deepki","og_description":"Aviso legal de Deepki: Condiciones generales, servicios prestados.","og_url":"https:\/\/www.deepki.com\/es\/aviso-legal\/","og_site_name":"Deepki","article_publisher":"https:\/\/www.facebook.com\/DeepkiSAS\/","article_modified_time":"2022-06-07T07:31:06+00:00","og_image":[{"width":1200,"height":628,"url":"https:\/\/www.deepki.com\/web\/wp-content\/uploads\/2021\/08\/Home_FI.jpg","type":"image\/jpeg"}],"twitter_card":"summary_large_image","twitter_description":"Aviso legal de Deepki: Condiciones generales, servicios prestados.","twitter_image":"https:\/\/www.deepki.com\/web\/wp-content\/uploads\/2021\/08\/Home_FI.jpg","twitter_site":"@DeepkiSAS","twitter_misc":{"Tiempo de lectura":"3 minutos"},"schema":{"@context":"https:\/\/schema.org","@graph":[{"@type":"WebPage","@id":"https:\/\/www.deepki.com\/es\/aviso-legal\/","url":"https:\/\/www.deepki.com\/es\/aviso-legal\/","name":"Aviso Legal - Deepki","isPartOf":{"@id":"https:\/\/www.deepki.com\/es\/#website"},"primaryImageOfPage":{"@id":"https:\/\/www.deepki.com\/es\/aviso-legal\/#primaryimage"},"image":{"@id":"https:\/\/www.deepki.com\/es\/aviso-legal\/#primaryimage"},"thumbnailUrl":"https:\/\/www.deepki.com\/web\/wp-content\/uploads\/2021\/08\/Home_FI.jpg","datePublished":"2021-11-16T10:50:58+00:00","dateModified":"2022-06-07T07:31:06+00:00","description":"Aviso legal de Deepki: Condiciones generales, servicios prestados.","breadcrumb":{"@id":"https:\/\/www.deepki.com\/es\/aviso-legal\/#breadcrumb"},"inLanguage":"es","potentialAction":[{"@type":"ReadAction","target":["https:\/\/www.deepki.com\/es\/aviso-legal\/"]}]},{"@type":"ImageObject","inLanguage":"es","@id":"https:\/\/www.deepki.com\/es\/aviso-legal\/#primaryimage","url":"https:\/\/www.deepki.com\/web\/wp-content\/uploads\/2021\/08\/Home_FI.jpg","contentUrl":"https:\/\/www.deepki.com\/web\/wp-content\/uploads\/2021\/08\/Home_FI.jpg","width":1200,"height":628},{"@type":"BreadcrumbList","@id":"https:\/\/www.deepki.com\/es\/aviso-legal\/#breadcrumb","itemListElement":[{"@type":"ListItem","position":1,"name":"Home","item":"https:\/\/www.deepki.com\/es\/"},{"@type":"ListItem","position":2,"name":"Aviso Legal"}]},{"@type":"WebSite","@id":"https:\/\/www.deepki.com\/es\/#website","url":"https:\/\/www.deepki.com\/es\/","name":"Deepki","description":"Together, let&#039;s make your real estate more sustainable thanks to data!","publisher":{"@id":"https:\/\/www.deepki.com\/es\/#organization"},"potentialAction":[{"@type":"SearchAction","target":{"@type":"EntryPoint","urlTemplate":"https:\/\/www.deepki.com\/es\/?s={search_term_string}"},"query-input":{"@type":"PropertyValueSpecification","valueRequired":true,"valueName":"search_term_string"}}],"inLanguage":"es"},{"@type":"Organization","@id":"https:\/\/www.deepki.com\/es\/#organization","name":"Deepki","url":"https:\/\/www.deepki.com\/es\/","logo":{"@type":"ImageObject","inLanguage":"es","@id":"https:\/\/www.deepki.com\/es\/#\/schema\/logo\/image\/","url":"https:\/\/www.deepki.com\/web\/wp-content\/uploads\/2021\/08\/deepki-logo.jpg","contentUrl":"https:\/\/www.deepki.com\/web\/wp-content\/uploads\/2021\/08\/deepki-logo.jpg","width":880,"height":360,"caption":"Deepki"},"image":{"@id":"https:\/\/www.deepki.com\/es\/#\/schema\/logo\/image\/"},"sameAs":["https:\/\/www.facebook.com\/DeepkiSAS\/","https:\/\/x.com\/DeepkiSAS","https:\/\/www.linkedin.com\/company\/deepki"]}]}},"_links":{"self":[{"href":"https:\/\/www.deepki.com\/es\/wp-json\/wp\/v2\/pages\/61470","targetHints":{"allow":["GET"]}}],"collection":[{"href":"https:\/\/www.deepki.com\/es\/wp-json\/wp\/v2\/pages"}],"about":[{"href":"https:\/\/www.deepki.com\/es\/wp-json\/wp\/v2\/types\/page"}],"author":[{"embeddable":true,"href":"https:\/\/www.deepki.com\/es\/wp-json\/wp\/v2\/users\/77"}],"replies":[{"embeddable":true,"href":"https:\/\/www.deepki.com\/es\/wp-json\/wp\/v2\/comments?post=61470"}],"version-history":[{"count":5,"href":"https:\/\/www.deepki.com\/es\/wp-json\/wp\/v2\/pages\/61470\/revisions"}],"predecessor-version":[{"id":67647,"href":"https:\/\/www.deepki.com\/es\/wp-json\/wp\/v2\/pages\/61470\/revisions\/67647"}],"wp:featuredmedia":[{"embeddable":true,"href":"https:\/\/www.deepki.com\/es\/wp-json\/wp\/v2\/media\/56622"}],"wp:attachment":[{"href":"https:\/\/www.deepki.com\/es\/wp-json\/wp\/v2\/media?parent=61470"}],"curies":[{"name":"wp","href":"https:\/\/api.w.org\/{rel}","templated":true}]}}