{"id":63473,"date":"2022-02-02T15:16:58","date_gmt":"2022-02-02T15:16:58","guid":{"rendered":"https:\/\/www.deepki.com\/?page_id=63473"},"modified":"2025-09-23T12:17:17","modified_gmt":"2025-09-23T10:17:17","slug":"iso-27001","status":"publish","type":"page","link":"https:\/\/www.deepki.com\/es\/sobre-deepki\/iso-27001\/","title":{"rendered":"ISO 27001"},"content":{"rendered":"<div class=\"center page-header-small white charcoal-grey-bg relative \">\t\r\n\t<div class=\"homepage-header-row\" style=\"background-image:url('https:\/\/www.deepki.com\/web\/wp-content\/uploads\/2021\/12\/laptop-g2e17c1247_1920-1-1440x550.jpg')\">\r\n\t\t<div class=\"homepage-header-cell page-header contact-page-header page-header\">\r\n\t\t\t<div class=\"center\"> \r\n\t\t\t\t\t\t\t\t\t<h1 class=\"homepage-h1\">La plataforma Deepki cuenta con la certificaci\u00f3n<span>NF EN ISO\/IEC 27001:2022<\/span><\/h1>\r\n\t\t\t\t\t\t\t\t\t\r\n\t\t\t\r\n\t\t\t<\/div>\t\r\n\t\t<\/div>\t\r\n\t<\/div>\t\r\n<\/div>\t\t\t\t\r\n\n\n\n<div class=\"wp-block-group has-t-white-background-color has-background\"><div class=\"wp-block-group__inner-container is-layout-flow wp-block-group-is-layout-flow\">\n<div style=\"height:100px\" aria-hidden=\"true\" class=\"wp-block-spacer\"><\/div>\n\n\n\n<h1 class=\"wp-block-heading has-impact-green-color has-text-color\" id=\"en-deepki-la-proteccion-de-sus-datos-es-nuestra-prioridad\"><strong>En Deepki, la protecci\u00f3n de sus datos es nuestra prioridad.<\/strong><\/h1>\n\n\n\n<p><\/p>\n\n\n\n<div class=\"wp-block-columns is-layout-flex wp-container-core-columns-is-layout-9d6595d7 wp-block-columns-is-layout-flex\">\n<div class=\"wp-block-column is-layout-flow wp-block-column-is-layout-flow\">\n<p>Esta certificaci\u00f3n garantiza un nivel m\u00e1ximo de <strong>seguridad<\/strong> a clientes y partners.<\/p>\n\n\n\n<p>Desde su creaci\u00f3n en 2014, la misi\u00f3n de Deepki ha <strong>sido apoyar a los actores inmobiliarios en su transici\u00f3n hacia la neutralidad de carbono<\/strong>. Deepki es la \u00fanica empresa que ofrece soluciones sostenibles integrales basadas en dos elementos fundamentales: una <strong>plataforma SaaS de inteligencia de datos en sostenibilidad<\/strong> y <strong>servicios de asesoramiento de expertos<\/strong>. Las soluciones integrales de la empresa aprovechan los datos para <strong>mejorar el rendimiento en materia de sostenibilidad<\/strong> y <strong>aumentar el valor de los activos inmobiliarios<\/strong>.&nbsp;&nbsp;<\/p>\n\n\n\n<p>Deepki se compromete a garantizar la seguridad de su informaci\u00f3n y la de sus clientes. Por este motivo, Deepki decidi\u00f3 <strong>certificar su plataforma con la norma ISO 27001<\/strong>. Esta certificaci\u00f3n es esencial y representa una <strong>garant\u00eda de confianza, responsabilidad y seguridad para todas las partes interesadas.&nbsp;<\/strong><\/p>\n<\/div>\n\n\n\n<div class=\"wp-block-column is-layout-flow wp-block-column-is-layout-flow\">\n<figure class=\"wp-block-image size-full\"><img decoding=\"async\" width=\"630\" height=\"630\" src=\"https:\/\/www.deepki.com\/web\/wp-content\/uploads\/2022\/01\/Deepki_Logo_Connector_Blue.png\" alt=\"\" class=\"wp-image-63407\" srcset=\"https:\/\/www.deepki.com\/web\/wp-content\/uploads\/2022\/01\/Deepki_Logo_Connector_Blue.png 630w, https:\/\/www.deepki.com\/web\/wp-content\/uploads\/2022\/01\/Deepki_Logo_Connector_Blue-300x300.png 300w, https:\/\/www.deepki.com\/web\/wp-content\/uploads\/2022\/01\/Deepki_Logo_Connector_Blue-150x150.png 150w, https:\/\/www.deepki.com\/web\/wp-content\/uploads\/2022\/01\/Deepki_Logo_Connector_Blue-80x80.png 80w, https:\/\/www.deepki.com\/web\/wp-content\/uploads\/2022\/01\/Deepki_Logo_Connector_Blue-160x160.png 160w, https:\/\/www.deepki.com\/web\/wp-content\/uploads\/2022\/01\/Deepki_Logo_Connector_Blue-310x310.png 310w, https:\/\/www.deepki.com\/web\/wp-content\/uploads\/2022\/01\/Deepki_Logo_Connector_Blue-420x420.png 420w\" sizes=\"(max-width: 630px) 100vw, 630px\" \/><\/figure>\n<\/div>\n<\/div>\n<\/div><\/div>\n\n\n\n<div class=\"wp-block-group alignfull\"><div class=\"wp-block-group__inner-container is-layout-flow wp-block-group-is-layout-flow\">\n<div class=\"wp-block-columns has-t-black-color has-gauze-grey-background-color has-text-color has-background is-layout-flex wp-container-core-columns-is-layout-9d6595d7 wp-block-columns-is-layout-flex\">\n<div class=\"wp-block-column is-layout-flow wp-block-column-is-layout-flow\"><div class=\"wp-block-image\">\n<figure class=\"aligncenter size-full is-resized\"><img decoding=\"async\" src=\"https:\/\/www.deepki.com\/web\/wp-content\/uploads\/2022\/01\/Handshake.svg\" alt=\"\" class=\"wp-image-63055\" style=\"width:120px;height:120px\"\/><\/figure>\n<\/div>\n\n\n<h2 class=\"wp-block-heading has-text-align-center\" id=\"integridad\">Integridad<\/h2>\n<\/div>\n\n\n\n<div class=\"wp-block-column is-layout-flow wp-block-column-is-layout-flow\"><div class=\"wp-block-image\">\n<figure class=\"aligncenter size-medium is-resized\"><img decoding=\"async\" src=\"https:\/\/www.deepki.com\/web\/wp-content\/uploads\/2022\/01\/Fingerprint_Icon.svg\" alt=\"\" class=\"wp-image-63062\" style=\"width:120px;height:120px\"\/><\/figure>\n<\/div>\n\n\n<h2 class=\"wp-block-heading has-text-align-center\" id=\"privacidad\">Privacidad<\/h2>\n<\/div>\n\n\n\n<div class=\"wp-block-column is-layout-flow wp-block-column-is-layout-flow\"><div class=\"wp-block-image\">\n<figure class=\"aligncenter size-medium is-resized\"><img decoding=\"async\" src=\"https:\/\/www.deepki.com\/web\/wp-content\/uploads\/2022\/01\/Cadenas.svg\" alt=\"\" class=\"wp-image-63067\" style=\"width:120px;height:120px\"\/><\/figure>\n<\/div>\n\n\n<h2 class=\"wp-block-heading has-text-align-center\" id=\"seguridad\">Seguridad<\/h2>\n<\/div>\n<\/div>\n<\/div><\/div>\n\n\n\n<div class=\"wp-block-group alignfull has-t-white-background-color has-background\"><div class=\"wp-block-group__inner-container is-layout-flow wp-block-group-is-layout-flow\">\n<div style=\"height:100px\" aria-hidden=\"true\" class=\"wp-block-spacer\"><\/div>\n\n\n\n<div class=\"wp-block-columns is-layout-flex wp-container-core-columns-is-layout-9d6595d7 wp-block-columns-is-layout-flex\">\n<div class=\"wp-block-column is-layout-flow wp-block-column-is-layout-flow\">\n<figure class=\"wp-block-image size-large\"><img decoding=\"async\" width=\"1024\" height=\"663\" src=\"https:\/\/www.deepki.com\/web\/wp-content\/uploads\/2021\/12\/job-image-1024x663.jpg\" alt=\"\" class=\"wp-image-62936\" srcset=\"https:\/\/www.deepki.com\/web\/wp-content\/uploads\/2021\/12\/job-image-1024x663.jpg 1024w, https:\/\/www.deepki.com\/web\/wp-content\/uploads\/2021\/12\/job-image-300x194.jpg 300w, https:\/\/www.deepki.com\/web\/wp-content\/uploads\/2021\/12\/job-image-768x497.jpg 768w, https:\/\/www.deepki.com\/web\/wp-content\/uploads\/2021\/12\/job-image-1536x995.jpg 1536w, https:\/\/www.deepki.com\/web\/wp-content\/uploads\/2021\/12\/job-image-80x52.jpg 80w, https:\/\/www.deepki.com\/web\/wp-content\/uploads\/2021\/12\/job-image-247x160.jpg 247w, https:\/\/www.deepki.com\/web\/wp-content\/uploads\/2021\/12\/job-image.jpg 1728w\" sizes=\"(max-width: 1024px) 100vw, 1024px\" \/><\/figure>\n\n\n\n<h2 class=\"wp-block-heading\" id=\"por-que-deepki-ha-elegido-la-norma-iso-27001\"><strong><strong>\u00bfPor qu\u00e9 Deepki ha elegido la norma ISO 27001?&nbsp;<\/strong><\/strong><\/h2>\n\n\n\n<p>Referencia internacional en el \u00e1mbito de la <strong>ciberseguridad<\/strong>, la certificaci\u00f3n ISO 27001 fue creada por la Organizaci\u00f3n Internacional de Normalizaci\u00f3n, conocida por las siglas \u00abISO\u00bb. La norma exige a las empresas certificadas que pongan en marcha las mejores pr\u00e1cticas, con el fin de lograr una <strong>seguridad de 360 grados<\/strong>. En el caso de Deepki, exig\u00eda la implantaci\u00f3n de un mecanismo de defensa para su plataforma Deepki.<\/p>\n<\/div>\n\n\n\n<div class=\"wp-block-column is-layout-flow wp-block-column-is-layout-flow\">\n<figure class=\"wp-block-image size-large\"><img decoding=\"async\" width=\"1024\" height=\"663\" src=\"https:\/\/www.deepki.com\/web\/wp-content\/uploads\/2021\/12\/danial-igdery-image-1024x663.jpg\" alt=\"\" class=\"wp-image-62941\" srcset=\"https:\/\/www.deepki.com\/web\/wp-content\/uploads\/2021\/12\/danial-igdery-image-1024x663.jpg 1024w, https:\/\/www.deepki.com\/web\/wp-content\/uploads\/2021\/12\/danial-igdery-image-300x194.jpg 300w, https:\/\/www.deepki.com\/web\/wp-content\/uploads\/2021\/12\/danial-igdery-image-768x497.jpg 768w, https:\/\/www.deepki.com\/web\/wp-content\/uploads\/2021\/12\/danial-igdery-image-1536x995.jpg 1536w, https:\/\/www.deepki.com\/web\/wp-content\/uploads\/2021\/12\/danial-igdery-image-80x52.jpg 80w, https:\/\/www.deepki.com\/web\/wp-content\/uploads\/2021\/12\/danial-igdery-image-247x160.jpg 247w, https:\/\/www.deepki.com\/web\/wp-content\/uploads\/2021\/12\/danial-igdery-image.jpg 1728w\" sizes=\"(max-width: 1024px) 100vw, 1024px\" \/><\/figure>\n\n\n\n<h2 class=\"wp-block-heading\" id=\"cuales-son-los-beneficios-de-un-sgsi\">\u00bfCu\u00e1les son los beneficios de un SGSI?<\/h2>\n\n\n\n<p>El Sistema de Gesti\u00f3n de la Seguridad de la Informaci\u00f3n (SGSI) de Deepki, que cumple la norma ISO 27001, <strong>garantiza la confidencialidad, integridad y disponibilidad de la informaci\u00f3n y los datos de sus clientes<\/strong>. En particular, el SGSI de Deepki define las medidas t\u00e9cnicas y organizativas que deben adoptarse, al tiempo que permite la aplicaci\u00f3n de una pol\u00edtica de seguridad de la informaci\u00f3n adaptada a las necesidades de Deepki y sus clientes. Est\u00e1 en continua evoluci\u00f3n para garantizar un funcionamiento \u00f3ptimo y actualizado.<\/p>\n<\/div>\n<\/div>\n\n\n\n<div style=\"height:100px\" aria-hidden=\"true\" class=\"wp-block-spacer\"><\/div>\n\n\n<div class=\"gauze-grey-bg custom-text-left-img-right\"><div class=\"width-wrapper\">\r\n\t<div class=\"wp-block-columns\">\r\n\t\t<div class=\"wp-block-column\">\r\n\t\t\t<h2>Estar certificados significa demostrar a nuestros clientes y partes interesadas que somos conscientes de las cuestiones relacionadas con la seguridad de la informaci\u00f3n. La obtenci\u00f3n de esta certificaci\u00f3n es el resultado de la implicaci\u00f3n diaria de cada miembro de nuestro equipo.<\/h2><p><b>Jean-Philippe Caruana<\/b><\/p><p>CTO de Deepki<\/p>\t\t<\/div>\r\n\t\t<div class=\"wp-block-column align-right\">\r\n\t\t\t<img decoding=\"async\" width=\"420\" height=\"400\" src=\"https:\/\/www.deepki.com\/web\/wp-content\/uploads\/2021\/12\/Jean-Philippe_CARUANA-1-5-420x400.jpg\" class=\"attachment-custom-block-right-img size-custom-block-right-img\" alt=\"\" \/>\t\t<\/div>\r\n\t<\/div>\r\n<\/div>\r\n<\/div>\r\n\t\n\n\n<p><\/p>\n<\/div><\/div>\n\n\n\n<div class=\"wp-block-group alignfull has-heritage-green-background-color has-background\"><div class=\"wp-block-group__inner-container is-layout-flow wp-block-group-is-layout-flow\"><\/div><\/div>\n\n\n\n<div class=\"wp-block-group alignfull has-heritage-green-background-color has-background\"><div class=\"wp-block-group__inner-container is-layout-flow wp-block-group-is-layout-flow\">\n<h2 class=\"wp-block-heading has-text-align-center has-t-white-color has-text-color\" id=\"nuestros-compromisos\">Nuestros compromisos<\/h2>\n\n\n\n<div class=\"wp-block-columns is-layout-flex wp-container-core-columns-is-layout-9d6595d7 wp-block-columns-is-layout-flex\">\n<div class=\"wp-block-column has-t-white-color has-text-color is-layout-flow wp-block-column-is-layout-flow\">\n<div class=\"wp-block-columns is-layout-flex wp-container-core-columns-is-layout-9d6595d7 wp-block-columns-is-layout-flex\">\n<div class=\"wp-block-column is-layout-flow wp-block-column-is-layout-flow\">\n<p><strong>Proteger la plataforma Deepki de las amenazas externas: malware<\/strong>&#8230;<\/p>\n<\/div>\n\n\n\n<div class=\"wp-block-column is-layout-flow wp-block-column-is-layout-flow\">\n<p><strong>Supervisar el uso interno de los datos de los clientes<\/strong><\/p>\n<\/div>\n<\/div>\n<\/div>\n\n\n\n<div class=\"wp-block-column has-t-white-color has-text-color is-layout-flow wp-block-column-is-layout-flow\">\n<div class=\"wp-block-columns is-layout-flex wp-container-core-columns-is-layout-9d6595d7 wp-block-columns-is-layout-flex\">\n<div class=\"wp-block-column is-layout-flow wp-block-column-is-layout-flow\">\n<p><strong>Garantizar la seguridad de los datos alojados<\/strong><\/p>\n<\/div>\n\n\n\n<div class=\"wp-block-column is-layout-flow wp-block-column-is-layout-flow\">\n<p><strong>Adaptar continuamente el SGSI para cumplir con la norma ISO 27001<\/strong><\/p>\n<\/div>\n<\/div>\n<\/div>\n<\/div>\n<\/div><\/div>\n\n\n\n<div class=\"wp-block-group alignfull has-heritage-green-background-color has-background\"><div class=\"wp-block-group__inner-container is-layout-flow wp-block-group-is-layout-flow\"><\/div><\/div>\n\n\n\n<div class=\"wp-block-group alignfull padding6-5-7 padding-on-mobile has-t-white-background-color has-background\"><div class=\"wp-block-group__inner-container is-layout-flow wp-block-group-is-layout-flow\">\n<h2 class=\"wp-block-heading\"><\/h2>\n\n\n\n<div class=\"wp-block-columns is-layout-flex wp-container-core-columns-is-layout-9d6595d7 wp-block-columns-is-layout-flex\">\n<div class=\"wp-block-column is-layout-flow wp-block-column-is-layout-flow\" style=\"flex-basis:33.33%\">\n<figure class=\"wp-block-image size-large\"><img decoding=\"async\" width=\"1024\" height=\"683\" src=\"https:\/\/www.deepki.com\/web\/wp-content\/uploads\/2022\/01\/computer_john-schnobrich-1024x683.jpg\" alt=\"\" class=\"wp-image-63420\" srcset=\"https:\/\/www.deepki.com\/web\/wp-content\/uploads\/2022\/01\/computer_john-schnobrich-1024x683.jpg 1024w, https:\/\/www.deepki.com\/web\/wp-content\/uploads\/2022\/01\/computer_john-schnobrich-300x200.jpg 300w, https:\/\/www.deepki.com\/web\/wp-content\/uploads\/2022\/01\/computer_john-schnobrich-768x512.jpg 768w, https:\/\/www.deepki.com\/web\/wp-content\/uploads\/2022\/01\/computer_john-schnobrich-1536x1024.jpg 1536w, https:\/\/www.deepki.com\/web\/wp-content\/uploads\/2022\/01\/computer_john-schnobrich-2048x1365.jpg 2048w, https:\/\/www.deepki.com\/web\/wp-content\/uploads\/2022\/01\/computer_john-schnobrich-80x53.jpg 80w, https:\/\/www.deepki.com\/web\/wp-content\/uploads\/2022\/01\/computer_john-schnobrich-240x160.jpg 240w\" sizes=\"(max-width: 1024px) 100vw, 1024px\" \/><\/figure>\n<\/div>\n\n\n\n<div class=\"wp-block-column is-layout-flow wp-block-column-is-layout-flow\" style=\"flex-basis:66.66%\">\n<p>A medida que los productos y servicios de Deepki evolucionan, tambi\u00e9n lo hace su Sistema de Gesti\u00f3n de Seguridad de la Informaci\u00f3n. As\u00ed, Deepki se asegura de supervisar regularmente el rendimiento de su sistema de seguridad, actualiz\u00e1ndolo siempre que sea necesario, de acuerdo con los requisitos de la norma ISO 27001 y con los compromisos de la empresa.<\/p>\n\n\n\n<p><strong><strong>Para saber m\u00e1s sobre los criterios de certificaci\u00f3n, visite el <a href=\"https:\/\/www.iso.org\/fr\/home.html\">sitio web oficial.<\/a><\/strong><\/strong><\/p>\n<\/div>\n<\/div>\n<\/div><\/div>\n\n\n\n<p><\/p>\n","protected":false},"excerpt":{"rendered":"<p>En Deepki, la protecci\u00f3n de sus datos es nuestra prioridad. Esta certificaci\u00f3n garantiza un nivel m\u00e1ximo de seguridad a clientes y partners. Desde su creaci\u00f3n en 2014, la misi\u00f3n de Deepki ha sido apoyar a los actores inmobiliarios en su transici\u00f3n hacia la neutralidad de carbono. Deepki es la \u00fanica empresa que ofrece soluciones sostenibles [&hellip;]<\/p>\n","protected":false},"author":75,"featured_media":0,"parent":59350,"menu_order":0,"comment_status":"closed","ping_status":"closed","template":"","meta":{"inline_featured_image":false,"footnotes":""},"class_list":["post-63473","page","type-page","status-publish","hentry"],"yoast_head":"<!-- This site is optimized with the Yoast SEO plugin v27.1.1 - https:\/\/yoast.com\/product\/yoast-seo-wordpress\/ -->\n<title>ISO 27001 - Deepki<\/title>\n<meta name=\"robots\" content=\"index, follow, max-snippet:-1, max-image-preview:large, max-video-preview:-1\" \/>\n<link rel=\"canonical\" href=\"https:\/\/www.deepki.com\/es\/sobre-deepki\/iso-27001\/\" \/>\n<meta property=\"og:locale\" content=\"es_ES\" \/>\n<meta property=\"og:type\" content=\"article\" \/>\n<meta property=\"og:title\" content=\"ISO 27001 - Deepki\" \/>\n<meta property=\"og:description\" content=\"En Deepki, la protecci\u00f3n de sus datos es nuestra prioridad. Esta certificaci\u00f3n garantiza un nivel m\u00e1ximo de seguridad a clientes y partners. Desde su creaci\u00f3n en 2014, la misi\u00f3n de Deepki ha sido apoyar a los actores inmobiliarios en su transici\u00f3n hacia la neutralidad de carbono. Deepki es la \u00fanica empresa que ofrece soluciones sostenibles [&hellip;]\" \/>\n<meta property=\"og:url\" content=\"https:\/\/www.deepki.com\/es\/sobre-deepki\/iso-27001\/\" \/>\n<meta property=\"og:site_name\" content=\"Deepki\" \/>\n<meta property=\"article:publisher\" content=\"https:\/\/www.facebook.com\/DeepkiSAS\/\" \/>\n<meta property=\"article:modified_time\" content=\"2025-09-23T10:17:17+00:00\" \/>\n<meta property=\"og:image\" content=\"https:\/\/www.deepki.com\/web\/wp-content\/uploads\/2022\/01\/Deepki_Logo_Connector_Blue.png\" \/>\n\t<meta property=\"og:image:width\" content=\"630\" \/>\n\t<meta property=\"og:image:height\" content=\"630\" \/>\n\t<meta property=\"og:image:type\" content=\"image\/png\" \/>\n<meta name=\"twitter:card\" content=\"summary_large_image\" \/>\n<meta name=\"twitter:site\" content=\"@DeepkiSAS\" \/>\n<script type=\"application\/ld+json\" class=\"yoast-schema-graph\">{\"@context\":\"https:\/\/schema.org\",\"@graph\":[{\"@type\":\"WebPage\",\"@id\":\"https:\/\/www.deepki.com\/es\/sobre-deepki\/iso-27001\/\",\"url\":\"https:\/\/www.deepki.com\/es\/sobre-deepki\/iso-27001\/\",\"name\":\"ISO 27001 - Deepki\",\"isPartOf\":{\"@id\":\"https:\/\/www.deepki.com\/es\/#website\"},\"primaryImageOfPage\":{\"@id\":\"https:\/\/www.deepki.com\/es\/sobre-deepki\/iso-27001\/#primaryimage\"},\"image\":{\"@id\":\"https:\/\/www.deepki.com\/es\/sobre-deepki\/iso-27001\/#primaryimage\"},\"thumbnailUrl\":\"https:\/\/www.deepki.com\/web\/wp-content\/uploads\/2022\/01\/Deepki_Logo_Connector_Blue.png\",\"datePublished\":\"2022-02-02T15:16:58+00:00\",\"dateModified\":\"2025-09-23T10:17:17+00:00\",\"breadcrumb\":{\"@id\":\"https:\/\/www.deepki.com\/es\/sobre-deepki\/iso-27001\/#breadcrumb\"},\"inLanguage\":\"es\",\"potentialAction\":[{\"@type\":\"ReadAction\",\"target\":[\"https:\/\/www.deepki.com\/es\/sobre-deepki\/iso-27001\/\"]}]},{\"@type\":\"ImageObject\",\"inLanguage\":\"es\",\"@id\":\"https:\/\/www.deepki.com\/es\/sobre-deepki\/iso-27001\/#primaryimage\",\"url\":\"https:\/\/www.deepki.com\/web\/wp-content\/uploads\/2022\/01\/Deepki_Logo_Connector_Blue.png\",\"contentUrl\":\"https:\/\/www.deepki.com\/web\/wp-content\/uploads\/2022\/01\/Deepki_Logo_Connector_Blue.png\"},{\"@type\":\"BreadcrumbList\",\"@id\":\"https:\/\/www.deepki.com\/es\/sobre-deepki\/iso-27001\/#breadcrumb\",\"itemListElement\":[{\"@type\":\"ListItem\",\"position\":1,\"name\":\"Home\",\"item\":\"https:\/\/www.deepki.com\/es\/\"},{\"@type\":\"ListItem\",\"position\":2,\"name\":\"Sobre Deepki\",\"item\":\"https:\/\/www.deepki.com\/es\/sobre-deepki\/\"},{\"@type\":\"ListItem\",\"position\":3,\"name\":\"ISO 27001\"}]},{\"@type\":\"WebSite\",\"@id\":\"https:\/\/www.deepki.com\/es\/#website\",\"url\":\"https:\/\/www.deepki.com\/es\/\",\"name\":\"Deepki\",\"description\":\"Together, let&#039;s make your real estate more sustainable thanks to data!\",\"publisher\":{\"@id\":\"https:\/\/www.deepki.com\/es\/#organization\"},\"potentialAction\":[{\"@type\":\"SearchAction\",\"target\":{\"@type\":\"EntryPoint\",\"urlTemplate\":\"https:\/\/www.deepki.com\/es\/?s={search_term_string}\"},\"query-input\":{\"@type\":\"PropertyValueSpecification\",\"valueRequired\":true,\"valueName\":\"search_term_string\"}}],\"inLanguage\":\"es\"},{\"@type\":\"Organization\",\"@id\":\"https:\/\/www.deepki.com\/es\/#organization\",\"name\":\"Deepki\",\"url\":\"https:\/\/www.deepki.com\/es\/\",\"logo\":{\"@type\":\"ImageObject\",\"inLanguage\":\"es\",\"@id\":\"https:\/\/www.deepki.com\/es\/#\/schema\/logo\/image\/\",\"url\":\"https:\/\/www.deepki.com\/web\/wp-content\/uploads\/2021\/08\/deepki-logo.jpg\",\"contentUrl\":\"https:\/\/www.deepki.com\/web\/wp-content\/uploads\/2021\/08\/deepki-logo.jpg\",\"width\":880,\"height\":360,\"caption\":\"Deepki\"},\"image\":{\"@id\":\"https:\/\/www.deepki.com\/es\/#\/schema\/logo\/image\/\"},\"sameAs\":[\"https:\/\/www.facebook.com\/DeepkiSAS\/\",\"https:\/\/x.com\/DeepkiSAS\",\"https:\/\/www.linkedin.com\/company\/deepki\"]}]}<\/script>\n<!-- \/ Yoast SEO plugin. -->","yoast_head_json":{"title":"ISO 27001 - Deepki","robots":{"index":"index","follow":"follow","max-snippet":"max-snippet:-1","max-image-preview":"max-image-preview:large","max-video-preview":"max-video-preview:-1"},"canonical":"https:\/\/www.deepki.com\/es\/sobre-deepki\/iso-27001\/","og_locale":"es_ES","og_type":"article","og_title":"ISO 27001 - Deepki","og_description":"En Deepki, la protecci\u00f3n de sus datos es nuestra prioridad. Esta certificaci\u00f3n garantiza un nivel m\u00e1ximo de seguridad a clientes y partners. Desde su creaci\u00f3n en 2014, la misi\u00f3n de Deepki ha sido apoyar a los actores inmobiliarios en su transici\u00f3n hacia la neutralidad de carbono. Deepki es la \u00fanica empresa que ofrece soluciones sostenibles [&hellip;]","og_url":"https:\/\/www.deepki.com\/es\/sobre-deepki\/iso-27001\/","og_site_name":"Deepki","article_publisher":"https:\/\/www.facebook.com\/DeepkiSAS\/","article_modified_time":"2025-09-23T10:17:17+00:00","og_image":[{"width":630,"height":630,"url":"https:\/\/www.deepki.com\/web\/wp-content\/uploads\/2022\/01\/Deepki_Logo_Connector_Blue.png","type":"image\/png"}],"twitter_card":"summary_large_image","twitter_site":"@DeepkiSAS","schema":{"@context":"https:\/\/schema.org","@graph":[{"@type":"WebPage","@id":"https:\/\/www.deepki.com\/es\/sobre-deepki\/iso-27001\/","url":"https:\/\/www.deepki.com\/es\/sobre-deepki\/iso-27001\/","name":"ISO 27001 - Deepki","isPartOf":{"@id":"https:\/\/www.deepki.com\/es\/#website"},"primaryImageOfPage":{"@id":"https:\/\/www.deepki.com\/es\/sobre-deepki\/iso-27001\/#primaryimage"},"image":{"@id":"https:\/\/www.deepki.com\/es\/sobre-deepki\/iso-27001\/#primaryimage"},"thumbnailUrl":"https:\/\/www.deepki.com\/web\/wp-content\/uploads\/2022\/01\/Deepki_Logo_Connector_Blue.png","datePublished":"2022-02-02T15:16:58+00:00","dateModified":"2025-09-23T10:17:17+00:00","breadcrumb":{"@id":"https:\/\/www.deepki.com\/es\/sobre-deepki\/iso-27001\/#breadcrumb"},"inLanguage":"es","potentialAction":[{"@type":"ReadAction","target":["https:\/\/www.deepki.com\/es\/sobre-deepki\/iso-27001\/"]}]},{"@type":"ImageObject","inLanguage":"es","@id":"https:\/\/www.deepki.com\/es\/sobre-deepki\/iso-27001\/#primaryimage","url":"https:\/\/www.deepki.com\/web\/wp-content\/uploads\/2022\/01\/Deepki_Logo_Connector_Blue.png","contentUrl":"https:\/\/www.deepki.com\/web\/wp-content\/uploads\/2022\/01\/Deepki_Logo_Connector_Blue.png"},{"@type":"BreadcrumbList","@id":"https:\/\/www.deepki.com\/es\/sobre-deepki\/iso-27001\/#breadcrumb","itemListElement":[{"@type":"ListItem","position":1,"name":"Home","item":"https:\/\/www.deepki.com\/es\/"},{"@type":"ListItem","position":2,"name":"Sobre Deepki","item":"https:\/\/www.deepki.com\/es\/sobre-deepki\/"},{"@type":"ListItem","position":3,"name":"ISO 27001"}]},{"@type":"WebSite","@id":"https:\/\/www.deepki.com\/es\/#website","url":"https:\/\/www.deepki.com\/es\/","name":"Deepki","description":"Together, let&#039;s make your real estate more sustainable thanks to data!","publisher":{"@id":"https:\/\/www.deepki.com\/es\/#organization"},"potentialAction":[{"@type":"SearchAction","target":{"@type":"EntryPoint","urlTemplate":"https:\/\/www.deepki.com\/es\/?s={search_term_string}"},"query-input":{"@type":"PropertyValueSpecification","valueRequired":true,"valueName":"search_term_string"}}],"inLanguage":"es"},{"@type":"Organization","@id":"https:\/\/www.deepki.com\/es\/#organization","name":"Deepki","url":"https:\/\/www.deepki.com\/es\/","logo":{"@type":"ImageObject","inLanguage":"es","@id":"https:\/\/www.deepki.com\/es\/#\/schema\/logo\/image\/","url":"https:\/\/www.deepki.com\/web\/wp-content\/uploads\/2021\/08\/deepki-logo.jpg","contentUrl":"https:\/\/www.deepki.com\/web\/wp-content\/uploads\/2021\/08\/deepki-logo.jpg","width":880,"height":360,"caption":"Deepki"},"image":{"@id":"https:\/\/www.deepki.com\/es\/#\/schema\/logo\/image\/"},"sameAs":["https:\/\/www.facebook.com\/DeepkiSAS\/","https:\/\/x.com\/DeepkiSAS","https:\/\/www.linkedin.com\/company\/deepki"]}]}},"_links":{"self":[{"href":"https:\/\/www.deepki.com\/es\/wp-json\/wp\/v2\/pages\/63473","targetHints":{"allow":["GET"]}}],"collection":[{"href":"https:\/\/www.deepki.com\/es\/wp-json\/wp\/v2\/pages"}],"about":[{"href":"https:\/\/www.deepki.com\/es\/wp-json\/wp\/v2\/types\/page"}],"author":[{"embeddable":true,"href":"https:\/\/www.deepki.com\/es\/wp-json\/wp\/v2\/users\/75"}],"replies":[{"embeddable":true,"href":"https:\/\/www.deepki.com\/es\/wp-json\/wp\/v2\/comments?post=63473"}],"version-history":[{"count":9,"href":"https:\/\/www.deepki.com\/es\/wp-json\/wp\/v2\/pages\/63473\/revisions"}],"predecessor-version":[{"id":98977,"href":"https:\/\/www.deepki.com\/es\/wp-json\/wp\/v2\/pages\/63473\/revisions\/98977"}],"up":[{"embeddable":true,"href":"https:\/\/www.deepki.com\/es\/wp-json\/wp\/v2\/pages\/59350"}],"wp:attachment":[{"href":"https:\/\/www.deepki.com\/es\/wp-json\/wp\/v2\/media?parent=63473"}],"curies":[{"name":"wp","href":"https:\/\/api.w.org\/{rel}","templated":true}]}}