{"id":74133,"date":"2023-05-29T16:24:32","date_gmt":"2023-05-29T14:24:32","guid":{"rendered":"https:\/\/www.deepki.com\/?page_id=74133"},"modified":"2026-01-02T15:35:12","modified_gmt":"2026-01-02T14:35:12","slug":"partners","status":"publish","type":"page","link":"https:\/\/www.deepki.com\/es\/partners\/","title":{"rendered":"Partners"},"content":{"rendered":"<div class=\"custom-block-top-header homepage-header relative black-bg white vertical-middle\">\t\r\n\t<div class=\"homepage-header-row\">\r\n\t\t<div class=\"homepage-header-cell page-header\">\r\n\t\t\t<div class=\"homepage-title-wrapper center\"> \r\n\t\t\t\t\t\t\t\t\t\t\t\t\t\t\t\t\t\t\t<h1 class=\"homepage-h1\">\r\n\t\t\t\t\t\t\t\t\t\tPartners que<span><br> &nbsp;impulsan el \u00e9xito<\/span><\/h1>\r\n\t\t\t\t\t\t\t\t\t\t\t\t\r\n\t\t\t\t<div class=\"homepage-intro-p\">\r\n\t\t\t\t\t\u00danase a nuestro ecosistema de Partners para establecer el est\u00e1ndar global de sostenibilidad en todo el sector inmobiliario.\t\t\t\t<\/div>\r\n\t\t\t\t\t\r\n\t\t\t\t\t\t\t\t\r\n\t\t\t\t<div class=\"homepage-intro-cta\">\r\n\t\t\t\t\t<a href=\"https:\/\/content.deepki.com\/es\/conviertase-partner\" target=\"_blank\" class=\"btn\">\u00danase ahora<\/a>\r\n\t\t\t\t<\/div>\r\n\t\t\t\t\t\t\t\t\r\n\t\t\t<\/div>\t\r\n\t\t\t<div class=\"homepage-header-svg-wrapper\" style=\"background-image:url('https:\/\/www.deepki.com\/web\/wp-content\/uploads\/2024\/01\/GettyImages-587704375_1600x900px-1440x900.png')\"><\/div>\t\r\n\t\t\t<div class=\"homepage-botarrow-wrapper\"><div class=\"homepage-botarrow\"><div class=\"homepage-botarrow-ico\"><\/div><\/div><\/div>\r\n\t\t<\/div>\t\r\n\t<\/div>\t\r\n<\/div>\t\t\t\r\n<div id=\"homepage-content\"><\/div>\t\r\n\n\n\n<div class=\"wp-block-group has-heritage-green-background-color has-background\"><div class=\"wp-block-group__inner-container is-layout-constrained wp-block-group-is-layout-constrained\">\n<div style=\"height:100px\" aria-hidden=\"true\" class=\"wp-block-spacer\"><\/div>\n\n\n\n<h1 class=\"wp-block-heading has-text-align-center has-t-white-color has-text-color has-link-color wp-elements-02750c29fafd46159ceefae3a40b7cec\" style=\"font-size:50px\">\u00bfPor qu\u00e9 asociarse con Deepki?<\/h1>\n\n\n\n<div style=\"height:25px\" aria-hidden=\"true\" class=\"wp-block-spacer\"><\/div>\n\n\n\n<div class=\"wp-block-columns is-layout-flex wp-container-core-columns-is-layout-9d6595d7 wp-block-columns-is-layout-flex\">\n<div class=\"wp-block-column is-layout-flow wp-block-column-is-layout-flow\" style=\"flex-basis:28%\"><\/div>\n\n\n\n<div class=\"wp-block-column is-layout-flow wp-block-column-is-layout-flow\" style=\"flex-basis:44%\">\n<p class=\"has-text-align-center has-t-white-color has-text-color has-link-color wp-elements-6fe17090f028d0023ce6595df7f73e32\">Nuestra misi\u00f3n es ayudar a nuestros clientes en su transici\u00f3n hacia la sostenibilidad, y buscamos socios para hacerlo realidad.<\/p>\n\n\n\n<p class=\"has-text-align-center has-t-white-color has-text-color has-link-color wp-elements-5f8745957dde17a2f27b6d250af1fe7c\">As\u00f3ciese con Deepki para llevar su experiencia a los portfolios l\u00edderes del mundo y acelerar el crecimiento de su propio negocio.<\/p>\n<\/div>\n\n\n\n<div class=\"wp-block-column is-layout-flow wp-block-column-is-layout-flow\" style=\"flex-basis:28%\"><\/div>\n<\/div>\n\n\n\n<div style=\"height:100px\" aria-hidden=\"true\" class=\"wp-block-spacer\"><\/div>\n<\/div><\/div>\n\n\n\n<div class=\"wp-block-cover is-light\"><span aria-hidden=\"true\" class=\"wp-block-cover__background has-background-dim-100 has-background-dim\" style=\"background-color:#dbf5f1\"><\/span><div class=\"wp-block-cover__inner-container is-layout-constrained wp-block-cover-is-layout-constrained\">\n<div style=\"height:50px\" aria-hidden=\"true\" class=\"wp-block-spacer\"><\/div>\n\n\n\n<h2 class=\"wp-block-heading alignwide has-text-align-center width-wrapper no-padding-text img-not-upscaled-on-mobile has-t-black-color has-text-color has-background\" style=\"background-color:#dbf5f1\">Formas de colaboraci\u00f3n<\/h2>\n\n\n\n<div style=\"height:50px\" aria-hidden=\"true\" class=\"wp-block-spacer\"><\/div>\n\n\n\n<div class=\"wp-block-columns has-background is-layout-flex wp-container-core-columns-is-layout-9d6595d7 wp-block-columns-is-layout-flex\" style=\"background-color:#dbf5f1\">\n<div class=\"wp-block-column width-wrapper no-padding-text img-not-upscaled-on-mobile is-layout-flow wp-block-column-is-layout-flow\" style=\"flex-basis:1100px\">\n<h4 class=\"wp-block-heading has-text-align-left has-text-color\" style=\"color:#00a19a\">Partner de plataforma<\/h4>\n\n\n\n<p class=\"has-text-align-left\">Ampl\u00ede su alcance a trav\u00e9s de nuestra red. Como partner de plataforma, integramos su tecnolog\u00eda o servicio en nuestro cat\u00e1logo y revendemos su soluci\u00f3n directamente a nuestra base global de clientes, ayud\u00e1ndole a acceder a nuevos mercados.<\/p>\n<\/div>\n\n\n\n<div class=\"wp-block-column width-wrapper no-padding-text img-not-upscaled-on-mobile is-layout-flow wp-block-column-is-layout-flow\" style=\"flex-basis:1100px\">\n<h4 class=\"wp-block-heading has-text-align-left has-text-color\" style=\"color:#00a19a\">Distribuidor de valor a\u00f1adido<\/h4>\n\n\n\n<p class=\"has-text-align-left\">Impulse sus ingresos revendiendo la plataforma de sostenibilidad m\u00e1s confiable para el sector inmobiliario. Trabajamos con usted para empaquetar y personalizar nuestra tecnolog\u00eda de nivel empresarial, potenciando sus servicios de valor a\u00f1adido.<\/p>\n<\/div>\n\n\n\n<div class=\"wp-block-column width-wrapper no-padding-text img-not-upscaled-on-mobile is-layout-flow wp-block-column-is-layout-flow\" style=\"flex-basis:1100px\">\n<h4 class=\"wp-block-heading has-text-align-left has-text-color\" style=\"color:#00a19a\">Partner de servicios<\/h4>\n\n\n\n<p class=\"has-text-align-left\">Diferencie sus servicios de asesoramiento y gesti\u00f3n con Deepki. Le formamos para aprovechar nuestra plataforma, permiti\u00e9ndole ofrecer estrategias de sostenibilidad basadas en datos y maximizar el valor para sus clientes.<\/p>\n<\/div>\n\n\n\n<div class=\"wp-block-column width-wrapper no-padding-text img-not-upscaled-on-mobile is-layout-flow wp-block-column-is-layout-flow\" style=\"flex-basis:1100px\">\n<h4 class=\"wp-block-heading has-text-align-left has-text-color\" style=\"color:#00a19a\">Partner tecnol\u00f3gico<\/h4>\n\n\n\n<p class=\"has-text-align-left\">Conecte su soluci\u00f3n al ecosistema de Deepki. Proporcionamos los recursos y las integraciones API necesarias para incorporar su tecnolog\u00eda a la nuestra, facilitando un intercambio de datos fluido y una experiencia unificada para los clientes comunes.<\/p>\n<\/div>\n\n\n\n<div class=\"wp-block-column width-wrapper no-padding-text img-not-upscaled-on-mobile is-layout-flow wp-block-column-is-layout-flow\" style=\"flex-basis:1100px\">\n<h4 class=\"wp-block-heading has-text-align-left has-text-color\" style=\"color:#00a19a\"><strong>Partner institucional<\/strong><\/h4>\n\n\n\n<p class=\"has-text-align-left\">Colaboramos con m\u00faltiples organizaciones y asociaciones para crear el est\u00e1ndar global del sector inmobiliario sostenible.<\/p>\n<\/div>\n<\/div>\n\n\n\n<div style=\"height:50px\" aria-hidden=\"true\" class=\"wp-block-spacer\"><\/div>\n<\/div><\/div>\n\n\n<div class=\"leadership-custom-block white\" style=\"background:#FFFFFF;\">\r\n\t<div class=\"width-wrapper\">\r\n\t\t<div class=\"inline50-leadership building-bg1\" style=\"background-image:url('https:\/\/www.deepki.com\/web\/wp-content\/uploads\/2025\/10\/partner_page_product_visual_V.1.svg');\">\r\n\t\t<\/div><div class=\"inline50-leadership\">\r\n\t\t\t<div class=\"inline50-leadership-txt\"  style=\"color:#000000;\">\r\n\t\t\t\t<h2>Una plataforma, conectada con nuestro ecosistema de partners<\/h2>\t\t\t\r\n\t\t\t\t<p>Combine su experiencia con nuestra infraestructura probada. Proporcionamos la plataforma, los expertos, y los procesos para ofrecer un valor diferenciado y expandir su huella en el sector inmobiliario sostenible.<\/p>\t\t\t<\/div>\r\n\t\t<\/div><div class=\"inline50-leadership building-bg2\" style=\"background-image:url('https:\/\/www.deepki.com\/web\/wp-content\/uploads\/2025\/10\/partner_page_product_visual_V.1.svg');\">\r\n\t\t<\/div><\/div>\r\n<\/div>\r\n\t\r\n\t\n\n<div class=\"has-no-img custom-citation white custom-text-left-img-right\"><div class=\"width-wrapper\">\r\n\t<div class=\"wp-block-columns\">\r\n\t\t<div class=\"wp-block-column\">\r\n\t\t\t<h2>\u00abDeepki proporciona conocimientos profundos que permitir\u00e1n a nuestros equipos tomar las mejores decisiones a nivel de edificio. Esto nos ayudar\u00e1 a incorporar las mejores pr\u00e1cticas de sostenibilidad (y agregar valor real) en las propiedades que administramos en todo el mundo\u00bb.<\/h2><p><b>Emma Buckland &#8211; 2023<\/b><\/p><p>Executive Group President, Enterprise and Chief Operating Officer, Building Operations &#038; Experience en CBRE<\/p>\t\t<\/div>\r\n\t\t<div class=\"wp-block-column align-right\">\r\n\t\t\t\t\t<\/div>\r\n\t<\/div>\r\n<\/div>\r\n<\/div>\r\n\t\n\n<div class=\"white-bg custom-block-title-cta\"><div class=\"width-wrapper center\"><div class=\"home-section3cta2-title\">Juntos, minimicemos el riesgo y maximicemos el valor en el sector inmobiliario<\/div><a href=\"https:\/\/content.deepki.com\/es\/conviertase-partner\" target=\"_blank\" class=\"btn\">Convertirse en Partner<\/a><\/div><\/div>","protected":false},"excerpt":{"rendered":"<p>\u00bfPor qu\u00e9 asociarse con Deepki? Nuestra misi\u00f3n es ayudar a nuestros clientes en su transici\u00f3n hacia la sostenibilidad, y buscamos socios para hacerlo realidad. As\u00f3ciese con Deepki para llevar su experiencia a los portfolios l\u00edderes del mundo y acelerar el crecimiento de su propio negocio.<\/p>\n","protected":false},"author":71,"featured_media":85064,"parent":0,"menu_order":0,"comment_status":"closed","ping_status":"closed","template":"","meta":{"inline_featured_image":false,"footnotes":""},"class_list":["post-74133","page","type-page","status-publish","has-post-thumbnail","hentry"],"yoast_head":"<!-- This site is optimized with the Yoast SEO plugin v27.3 - https:\/\/yoast.com\/product\/yoast-seo-wordpress\/ -->\n<title>Partners - Deepki<\/title>\n<meta name=\"description\" content=\"En Deepki ofrecemos a nuestros partners herramientas, recursos y ventajas para crecer y tener \u00e9xito. Nuestro programa de partners tiene como premisa ayudar a nuestros socios en todo momento.\" \/>\n<meta name=\"robots\" content=\"index, follow, max-snippet:-1, max-image-preview:large, max-video-preview:-1\" \/>\n<link rel=\"canonical\" href=\"https:\/\/www.deepki.com\/es\/partners\/\" \/>\n<meta property=\"og:locale\" content=\"es_ES\" \/>\n<meta property=\"og:type\" content=\"article\" \/>\n<meta property=\"og:title\" content=\"Deepki Partners\" \/>\n<meta property=\"og:description\" content=\"En Deepki ofrecemos a nuestros partners herramientas, recursos y ventajas para crecer y tener \u00e9xito. Nuestro programa de partners tiene como premisa ayudar a nuestros socios en todo momento.\" \/>\n<meta property=\"og:url\" content=\"https:\/\/www.deepki.com\/es\/partners\/\" \/>\n<meta property=\"og:site_name\" content=\"Deepki\" \/>\n<meta property=\"article:publisher\" content=\"https:\/\/www.facebook.com\/DeepkiSAS\/\" \/>\n<meta property=\"article:modified_time\" content=\"2026-01-02T14:35:12+00:00\" \/>\n<meta property=\"og:image\" content=\"https:\/\/www.deepki.com\/web\/wp-content\/uploads\/2023\/03\/GettyImages-451822279_72ppi-7.jpg\" \/>\n\t<meta property=\"og:image:width\" content=\"1248\" \/>\n\t<meta property=\"og:image:height\" content=\"832\" \/>\n\t<meta property=\"og:image:type\" content=\"image\/jpeg\" \/>\n<meta name=\"twitter:card\" content=\"summary_large_image\" \/>\n<meta name=\"twitter:title\" content=\"Deepki partners\" \/>\n<meta name=\"twitter:description\" content=\"En Deepki ofrecemos a nuestros partners herramientas, recursos y ventajas para crecer y tener \u00e9xito. Nuestro programa de partners tiene como premisa ayudar a nuestros socios en todo momento.\" \/>\n<meta name=\"twitter:image\" content=\"https:\/\/www.deepki.com\/web\/wp-content\/uploads\/2023\/03\/GettyImages-451822279_72ppi-7.jpg\" \/>\n<meta name=\"twitter:site\" content=\"@DeepkiSAS\" \/>\n<meta name=\"twitter:label1\" content=\"Tiempo de lectura\" \/>\n\t<meta name=\"twitter:data1\" content=\"2 minutos\" \/>\n<script type=\"application\/ld+json\" class=\"yoast-schema-graph\">{\"@context\":\"https:\\\/\\\/schema.org\",\"@graph\":[{\"@type\":\"WebPage\",\"@id\":\"https:\\\/\\\/www.deepki.com\\\/es\\\/partners\\\/\",\"url\":\"https:\\\/\\\/www.deepki.com\\\/es\\\/partners\\\/\",\"name\":\"Partners - Deepki\",\"isPartOf\":{\"@id\":\"https:\\\/\\\/www.deepki.com\\\/es\\\/#website\"},\"primaryImageOfPage\":{\"@id\":\"https:\\\/\\\/www.deepki.com\\\/es\\\/partners\\\/#primaryimage\"},\"image\":{\"@id\":\"https:\\\/\\\/www.deepki.com\\\/es\\\/partners\\\/#primaryimage\"},\"thumbnailUrl\":\"https:\\\/\\\/www.deepki.com\\\/web\\\/wp-content\\\/uploads\\\/2024\\\/01\\\/GettyImages-587704375_1600x900px.png\",\"datePublished\":\"2023-05-29T14:24:32+00:00\",\"dateModified\":\"2026-01-02T14:35:12+00:00\",\"description\":\"En Deepki ofrecemos a nuestros partners herramientas, recursos y ventajas para crecer y tener \u00e9xito. Nuestro programa de partners tiene como premisa ayudar a nuestros socios en todo momento.\",\"breadcrumb\":{\"@id\":\"https:\\\/\\\/www.deepki.com\\\/es\\\/partners\\\/#breadcrumb\"},\"inLanguage\":\"es\",\"potentialAction\":[{\"@type\":\"ReadAction\",\"target\":[\"https:\\\/\\\/www.deepki.com\\\/es\\\/partners\\\/\"]}]},{\"@type\":\"ImageObject\",\"inLanguage\":\"es\",\"@id\":\"https:\\\/\\\/www.deepki.com\\\/es\\\/partners\\\/#primaryimage\",\"url\":\"https:\\\/\\\/www.deepki.com\\\/web\\\/wp-content\\\/uploads\\\/2024\\\/01\\\/GettyImages-587704375_1600x900px.png\",\"contentUrl\":\"https:\\\/\\\/www.deepki.com\\\/web\\\/wp-content\\\/uploads\\\/2024\\\/01\\\/GettyImages-587704375_1600x900px.png\",\"width\":1600,\"height\":900},{\"@type\":\"BreadcrumbList\",\"@id\":\"https:\\\/\\\/www.deepki.com\\\/es\\\/partners\\\/#breadcrumb\",\"itemListElement\":[{\"@type\":\"ListItem\",\"position\":1,\"name\":\"Home\",\"item\":\"https:\\\/\\\/www.deepki.com\\\/es\\\/\"},{\"@type\":\"ListItem\",\"position\":2,\"name\":\"Partners\"}]},{\"@type\":\"WebSite\",\"@id\":\"https:\\\/\\\/www.deepki.com\\\/es\\\/#website\",\"url\":\"https:\\\/\\\/www.deepki.com\\\/es\\\/\",\"name\":\"Deepki\",\"description\":\"Together, let&#039;s make your real estate more sustainable thanks to data!\",\"publisher\":{\"@id\":\"https:\\\/\\\/www.deepki.com\\\/es\\\/#organization\"},\"potentialAction\":[{\"@type\":\"SearchAction\",\"target\":{\"@type\":\"EntryPoint\",\"urlTemplate\":\"https:\\\/\\\/www.deepki.com\\\/es\\\/?s={search_term_string}\"},\"query-input\":{\"@type\":\"PropertyValueSpecification\",\"valueRequired\":true,\"valueName\":\"search_term_string\"}}],\"inLanguage\":\"es\"},{\"@type\":\"Organization\",\"@id\":\"https:\\\/\\\/www.deepki.com\\\/es\\\/#organization\",\"name\":\"Deepki\",\"url\":\"https:\\\/\\\/www.deepki.com\\\/es\\\/\",\"logo\":{\"@type\":\"ImageObject\",\"inLanguage\":\"es\",\"@id\":\"https:\\\/\\\/www.deepki.com\\\/es\\\/#\\\/schema\\\/logo\\\/image\\\/\",\"url\":\"https:\\\/\\\/www.deepki.com\\\/web\\\/wp-content\\\/uploads\\\/2021\\\/08\\\/deepki-logo.jpg\",\"contentUrl\":\"https:\\\/\\\/www.deepki.com\\\/web\\\/wp-content\\\/uploads\\\/2021\\\/08\\\/deepki-logo.jpg\",\"width\":880,\"height\":360,\"caption\":\"Deepki\"},\"image\":{\"@id\":\"https:\\\/\\\/www.deepki.com\\\/es\\\/#\\\/schema\\\/logo\\\/image\\\/\"},\"sameAs\":[\"https:\\\/\\\/www.facebook.com\\\/DeepkiSAS\\\/\",\"https:\\\/\\\/x.com\\\/DeepkiSAS\",\"https:\\\/\\\/www.linkedin.com\\\/company\\\/deepki\"]}]}<\/script>\n<!-- \/ Yoast SEO plugin. -->","yoast_head_json":{"title":"Partners - Deepki","description":"En Deepki ofrecemos a nuestros partners herramientas, recursos y ventajas para crecer y tener \u00e9xito. Nuestro programa de partners tiene como premisa ayudar a nuestros socios en todo momento.","robots":{"index":"index","follow":"follow","max-snippet":"max-snippet:-1","max-image-preview":"max-image-preview:large","max-video-preview":"max-video-preview:-1"},"canonical":"https:\/\/www.deepki.com\/es\/partners\/","og_locale":"es_ES","og_type":"article","og_title":"Deepki Partners","og_description":"En Deepki ofrecemos a nuestros partners herramientas, recursos y ventajas para crecer y tener \u00e9xito. Nuestro programa de partners tiene como premisa ayudar a nuestros socios en todo momento.","og_url":"https:\/\/www.deepki.com\/es\/partners\/","og_site_name":"Deepki","article_publisher":"https:\/\/www.facebook.com\/DeepkiSAS\/","article_modified_time":"2026-01-02T14:35:12+00:00","og_image":[{"width":1248,"height":832,"url":"https:\/\/www.deepki.com\/web\/wp-content\/uploads\/2023\/03\/GettyImages-451822279_72ppi-7.jpg","type":"image\/jpeg"}],"twitter_card":"summary_large_image","twitter_title":"Deepki partners","twitter_description":"En Deepki ofrecemos a nuestros partners herramientas, recursos y ventajas para crecer y tener \u00e9xito. Nuestro programa de partners tiene como premisa ayudar a nuestros socios en todo momento.","twitter_image":"https:\/\/www.deepki.com\/web\/wp-content\/uploads\/2023\/03\/GettyImages-451822279_72ppi-7.jpg","twitter_site":"@DeepkiSAS","twitter_misc":{"Tiempo de lectura":"2 minutos"},"schema":{"@context":"https:\/\/schema.org","@graph":[{"@type":"WebPage","@id":"https:\/\/www.deepki.com\/es\/partners\/","url":"https:\/\/www.deepki.com\/es\/partners\/","name":"Partners - Deepki","isPartOf":{"@id":"https:\/\/www.deepki.com\/es\/#website"},"primaryImageOfPage":{"@id":"https:\/\/www.deepki.com\/es\/partners\/#primaryimage"},"image":{"@id":"https:\/\/www.deepki.com\/es\/partners\/#primaryimage"},"thumbnailUrl":"https:\/\/www.deepki.com\/web\/wp-content\/uploads\/2024\/01\/GettyImages-587704375_1600x900px.png","datePublished":"2023-05-29T14:24:32+00:00","dateModified":"2026-01-02T14:35:12+00:00","description":"En Deepki ofrecemos a nuestros partners herramientas, recursos y ventajas para crecer y tener \u00e9xito. Nuestro programa de partners tiene como premisa ayudar a nuestros socios en todo momento.","breadcrumb":{"@id":"https:\/\/www.deepki.com\/es\/partners\/#breadcrumb"},"inLanguage":"es","potentialAction":[{"@type":"ReadAction","target":["https:\/\/www.deepki.com\/es\/partners\/"]}]},{"@type":"ImageObject","inLanguage":"es","@id":"https:\/\/www.deepki.com\/es\/partners\/#primaryimage","url":"https:\/\/www.deepki.com\/web\/wp-content\/uploads\/2024\/01\/GettyImages-587704375_1600x900px.png","contentUrl":"https:\/\/www.deepki.com\/web\/wp-content\/uploads\/2024\/01\/GettyImages-587704375_1600x900px.png","width":1600,"height":900},{"@type":"BreadcrumbList","@id":"https:\/\/www.deepki.com\/es\/partners\/#breadcrumb","itemListElement":[{"@type":"ListItem","position":1,"name":"Home","item":"https:\/\/www.deepki.com\/es\/"},{"@type":"ListItem","position":2,"name":"Partners"}]},{"@type":"WebSite","@id":"https:\/\/www.deepki.com\/es\/#website","url":"https:\/\/www.deepki.com\/es\/","name":"Deepki","description":"Together, let&#039;s make your real estate more sustainable thanks to data!","publisher":{"@id":"https:\/\/www.deepki.com\/es\/#organization"},"potentialAction":[{"@type":"SearchAction","target":{"@type":"EntryPoint","urlTemplate":"https:\/\/www.deepki.com\/es\/?s={search_term_string}"},"query-input":{"@type":"PropertyValueSpecification","valueRequired":true,"valueName":"search_term_string"}}],"inLanguage":"es"},{"@type":"Organization","@id":"https:\/\/www.deepki.com\/es\/#organization","name":"Deepki","url":"https:\/\/www.deepki.com\/es\/","logo":{"@type":"ImageObject","inLanguage":"es","@id":"https:\/\/www.deepki.com\/es\/#\/schema\/logo\/image\/","url":"https:\/\/www.deepki.com\/web\/wp-content\/uploads\/2021\/08\/deepki-logo.jpg","contentUrl":"https:\/\/www.deepki.com\/web\/wp-content\/uploads\/2021\/08\/deepki-logo.jpg","width":880,"height":360,"caption":"Deepki"},"image":{"@id":"https:\/\/www.deepki.com\/es\/#\/schema\/logo\/image\/"},"sameAs":["https:\/\/www.facebook.com\/DeepkiSAS\/","https:\/\/x.com\/DeepkiSAS","https:\/\/www.linkedin.com\/company\/deepki"]}]}},"_links":{"self":[{"href":"https:\/\/www.deepki.com\/es\/wp-json\/wp\/v2\/pages\/74133","targetHints":{"allow":["GET"]}}],"collection":[{"href":"https:\/\/www.deepki.com\/es\/wp-json\/wp\/v2\/pages"}],"about":[{"href":"https:\/\/www.deepki.com\/es\/wp-json\/wp\/v2\/types\/page"}],"author":[{"embeddable":true,"href":"https:\/\/www.deepki.com\/es\/wp-json\/wp\/v2\/users\/71"}],"replies":[{"embeddable":true,"href":"https:\/\/www.deepki.com\/es\/wp-json\/wp\/v2\/comments?post=74133"}],"version-history":[{"count":33,"href":"https:\/\/www.deepki.com\/es\/wp-json\/wp\/v2\/pages\/74133\/revisions"}],"predecessor-version":[{"id":100980,"href":"https:\/\/www.deepki.com\/es\/wp-json\/wp\/v2\/pages\/74133\/revisions\/100980"}],"wp:featuredmedia":[{"embeddable":true,"href":"https:\/\/www.deepki.com\/es\/wp-json\/wp\/v2\/media\/85064"}],"wp:attachment":[{"href":"https:\/\/www.deepki.com\/es\/wp-json\/wp\/v2\/media?parent=74133"}],"curies":[{"name":"wp","href":"https:\/\/api.w.org\/{rel}","templated":true}]}}