{"id":55028,"date":"2021-07-29T14:05:22","date_gmt":"2021-07-29T14:05:22","guid":{"rendered":"https:\/\/www.deepki.com\/web\/?page_id=55028"},"modified":"2026-03-09T17:46:38","modified_gmt":"2026-03-09T16:46:38","slug":"accueil","status":"publish","type":"page","link":"https:\/\/www.deepki.com\/fr\/","title":{"rendered":"Accueil"},"content":{"rendered":"","protected":false},"excerpt":{"rendered":"","protected":false},"author":71,"featured_media":56620,"parent":0,"menu_order":0,"comment_status":"closed","ping_status":"closed","template":"page-templates\/home-2025.php","meta":{"inline_featured_image":false,"footnotes":""},"class_list":["post-55028","page","type-page","status-publish","has-post-thumbnail","hentry"],"yoast_head":"<!-- This site is optimized with the Yoast SEO plugin v27.1.1 - https:\/\/yoast.com\/product\/yoast-seo-wordpress\/ -->\n<title>Accueil - Deepki<\/title>\n<meta name=\"description\" content=\"Deepki permet aux acteurs de l&#039;immobilier de maximiser la valeur, de r\u00e9duire les risques et de garantir la conformit\u00e9 \u00e0 l\u2019\u00e9chelle de leurs portefeuilles mondiaux, gr\u00e2ce \u00e0 la plateforme de r\u00e9f\u00e9rence pour un immobilier durable.\" \/>\n<meta name=\"robots\" content=\"index, follow, max-snippet:-1, max-image-preview:large, max-video-preview:-1\" \/>\n<link rel=\"canonical\" href=\"https:\/\/www.deepki.com\/fr\/\" \/>\n<meta property=\"og:locale\" content=\"fr_FR\" \/>\n<meta property=\"og:type\" content=\"article\" \/>\n<meta property=\"og:title\" content=\"Accueil - Deepki\" \/>\n<meta property=\"og:description\" content=\"Deepki vous permet d&#039;acc\u00e9l\u00e9rer votre transition vers le z\u00e9ro carbone et la durabilit\u00e9 gr\u00e2ce \u00e0 l&#039;ESG et les donn\u00e9es.\" \/>\n<meta property=\"og:url\" content=\"https:\/\/www.deepki.com\/fr\/\" \/>\n<meta property=\"og:site_name\" content=\"Deepki\" \/>\n<meta property=\"article:publisher\" content=\"https:\/\/www.facebook.com\/DeepkiSAS\/\" \/>\n<meta property=\"article:modified_time\" content=\"2026-03-09T16:46:38+00:00\" \/>\n<meta property=\"og:image\" content=\"https:\/\/www.deepki.com\/web\/wp-content\/uploads\/2021\/08\/Home_FI.jpg\" \/>\n\t<meta property=\"og:image:width\" content=\"1200\" \/>\n\t<meta property=\"og:image:height\" content=\"628\" \/>\n\t<meta property=\"og:image:type\" content=\"image\/jpeg\" \/>\n<meta name=\"twitter:card\" content=\"summary_large_image\" \/>\n<meta name=\"twitter:title\" content=\"Accueil - Deepki\" \/>\n<meta name=\"twitter:description\" content=\"Deepki vous permet d&#039;acc\u00e9l\u00e9rer votre transition vers le z\u00e9ro carbone et la durabilit\u00e9 gr\u00e2ce \u00e0 l&#039;ESG et les donn\u00e9es.\" \/>\n<meta name=\"twitter:site\" content=\"@DeepkiSAS\" \/>\n<meta name=\"twitter:label1\" content=\"Dur\u00e9e de lecture estim\u00e9e\" \/>\n\t<meta name=\"twitter:data1\" content=\"1 minute\" \/>\n<script type=\"application\/ld+json\" class=\"yoast-schema-graph\">{\"@context\":\"https:\/\/schema.org\",\"@graph\":[{\"@type\":\"WebPage\",\"@id\":\"https:\/\/www.deepki.com\/fr\/\",\"url\":\"https:\/\/www.deepki.com\/fr\/\",\"name\":\"Accueil - Deepki\",\"isPartOf\":{\"@id\":\"https:\/\/www.deepki.com\/fr\/#website\"},\"primaryImageOfPage\":{\"@id\":\"https:\/\/www.deepki.com\/fr\/#primaryimage\"},\"image\":{\"@id\":\"https:\/\/www.deepki.com\/fr\/#primaryimage\"},\"thumbnailUrl\":\"https:\/\/www.deepki.com\/web\/wp-content\/uploads\/2021\/08\/Home_FI.jpg\",\"datePublished\":\"2021-07-29T14:05:22+00:00\",\"dateModified\":\"2026-03-09T16:46:38+00:00\",\"description\":\"Deepki permet aux acteurs de l'immobilier de maximiser la valeur, de r\u00e9duire les risques et de garantir la conformit\u00e9 \u00e0 l\u2019\u00e9chelle de leurs portefeuilles mondiaux, gr\u00e2ce \u00e0 la plateforme de r\u00e9f\u00e9rence pour un immobilier durable.\",\"breadcrumb\":{\"@id\":\"https:\/\/www.deepki.com\/fr\/#breadcrumb\"},\"inLanguage\":\"fr-FR\",\"potentialAction\":[{\"@type\":\"ReadAction\",\"target\":[\"https:\/\/www.deepki.com\/fr\/\"]}]},{\"@type\":\"ImageObject\",\"inLanguage\":\"fr-FR\",\"@id\":\"https:\/\/www.deepki.com\/fr\/#primaryimage\",\"url\":\"https:\/\/www.deepki.com\/web\/wp-content\/uploads\/2021\/08\/Home_FI.jpg\",\"contentUrl\":\"https:\/\/www.deepki.com\/web\/wp-content\/uploads\/2021\/08\/Home_FI.jpg\",\"width\":1200,\"height\":628},{\"@type\":\"BreadcrumbList\",\"@id\":\"https:\/\/www.deepki.com\/fr\/#breadcrumb\",\"itemListElement\":[{\"@type\":\"ListItem\",\"position\":1,\"name\":\"Home\",\"item\":\"https:\/\/www.deepki.com\/fr\/\"},{\"@type\":\"ListItem\",\"position\":2,\"name\":\"Accueil\"}]},{\"@type\":\"WebSite\",\"@id\":\"https:\/\/www.deepki.com\/fr\/#website\",\"url\":\"https:\/\/www.deepki.com\/fr\/\",\"name\":\"Deepki\",\"description\":\"Together, let&#039;s make your real estate more sustainable thanks to data!\",\"publisher\":{\"@id\":\"https:\/\/www.deepki.com\/fr\/#organization\"},\"potentialAction\":[{\"@type\":\"SearchAction\",\"target\":{\"@type\":\"EntryPoint\",\"urlTemplate\":\"https:\/\/www.deepki.com\/fr\/?s={search_term_string}\"},\"query-input\":{\"@type\":\"PropertyValueSpecification\",\"valueRequired\":true,\"valueName\":\"search_term_string\"}}],\"inLanguage\":\"fr-FR\"},{\"@type\":\"Organization\",\"@id\":\"https:\/\/www.deepki.com\/fr\/#organization\",\"name\":\"Deepki\",\"url\":\"https:\/\/www.deepki.com\/fr\/\",\"logo\":{\"@type\":\"ImageObject\",\"inLanguage\":\"fr-FR\",\"@id\":\"https:\/\/www.deepki.com\/fr\/#\/schema\/logo\/image\/\",\"url\":\"https:\/\/www.deepki.com\/web\/wp-content\/uploads\/2021\/08\/deepki-logo.jpg\",\"contentUrl\":\"https:\/\/www.deepki.com\/web\/wp-content\/uploads\/2021\/08\/deepki-logo.jpg\",\"width\":880,\"height\":360,\"caption\":\"Deepki\"},\"image\":{\"@id\":\"https:\/\/www.deepki.com\/fr\/#\/schema\/logo\/image\/\"},\"sameAs\":[\"https:\/\/www.facebook.com\/DeepkiSAS\/\",\"https:\/\/x.com\/DeepkiSAS\",\"https:\/\/www.linkedin.com\/company\/deepki\"]}]}<\/script>\n<!-- \/ Yoast SEO plugin. -->","yoast_head_json":{"title":"Accueil - Deepki","description":"Deepki permet aux acteurs de l'immobilier de maximiser la valeur, de r\u00e9duire les risques et de garantir la conformit\u00e9 \u00e0 l\u2019\u00e9chelle de leurs portefeuilles mondiaux, gr\u00e2ce \u00e0 la plateforme de r\u00e9f\u00e9rence pour un immobilier durable.","robots":{"index":"index","follow":"follow","max-snippet":"max-snippet:-1","max-image-preview":"max-image-preview:large","max-video-preview":"max-video-preview:-1"},"canonical":"https:\/\/www.deepki.com\/fr\/","og_locale":"fr_FR","og_type":"article","og_title":"Accueil - Deepki","og_description":"Deepki vous permet d'acc\u00e9l\u00e9rer votre transition vers le z\u00e9ro carbone et la durabilit\u00e9 gr\u00e2ce \u00e0 l'ESG et les donn\u00e9es.","og_url":"https:\/\/www.deepki.com\/fr\/","og_site_name":"Deepki","article_publisher":"https:\/\/www.facebook.com\/DeepkiSAS\/","article_modified_time":"2026-03-09T16:46:38+00:00","og_image":[{"width":1200,"height":628,"url":"https:\/\/www.deepki.com\/web\/wp-content\/uploads\/2021\/08\/Home_FI.jpg","type":"image\/jpeg"}],"twitter_card":"summary_large_image","twitter_title":"Accueil - Deepki","twitter_description":"Deepki vous permet d'acc\u00e9l\u00e9rer votre transition vers le z\u00e9ro carbone et la durabilit\u00e9 gr\u00e2ce \u00e0 l'ESG et les donn\u00e9es.","twitter_site":"@DeepkiSAS","twitter_misc":{"Dur\u00e9e de lecture estim\u00e9e":"1 minute"},"schema":{"@context":"https:\/\/schema.org","@graph":[{"@type":"WebPage","@id":"https:\/\/www.deepki.com\/fr\/","url":"https:\/\/www.deepki.com\/fr\/","name":"Accueil - Deepki","isPartOf":{"@id":"https:\/\/www.deepki.com\/fr\/#website"},"primaryImageOfPage":{"@id":"https:\/\/www.deepki.com\/fr\/#primaryimage"},"image":{"@id":"https:\/\/www.deepki.com\/fr\/#primaryimage"},"thumbnailUrl":"https:\/\/www.deepki.com\/web\/wp-content\/uploads\/2021\/08\/Home_FI.jpg","datePublished":"2021-07-29T14:05:22+00:00","dateModified":"2026-03-09T16:46:38+00:00","description":"Deepki permet aux acteurs de l'immobilier de maximiser la valeur, de r\u00e9duire les risques et de garantir la conformit\u00e9 \u00e0 l\u2019\u00e9chelle de leurs portefeuilles mondiaux, gr\u00e2ce \u00e0 la plateforme de r\u00e9f\u00e9rence pour un immobilier durable.","breadcrumb":{"@id":"https:\/\/www.deepki.com\/fr\/#breadcrumb"},"inLanguage":"fr-FR","potentialAction":[{"@type":"ReadAction","target":["https:\/\/www.deepki.com\/fr\/"]}]},{"@type":"ImageObject","inLanguage":"fr-FR","@id":"https:\/\/www.deepki.com\/fr\/#primaryimage","url":"https:\/\/www.deepki.com\/web\/wp-content\/uploads\/2021\/08\/Home_FI.jpg","contentUrl":"https:\/\/www.deepki.com\/web\/wp-content\/uploads\/2021\/08\/Home_FI.jpg","width":1200,"height":628},{"@type":"BreadcrumbList","@id":"https:\/\/www.deepki.com\/fr\/#breadcrumb","itemListElement":[{"@type":"ListItem","position":1,"name":"Home","item":"https:\/\/www.deepki.com\/fr\/"},{"@type":"ListItem","position":2,"name":"Accueil"}]},{"@type":"WebSite","@id":"https:\/\/www.deepki.com\/fr\/#website","url":"https:\/\/www.deepki.com\/fr\/","name":"Deepki","description":"Together, let&#039;s make your real estate more sustainable thanks to data!","publisher":{"@id":"https:\/\/www.deepki.com\/fr\/#organization"},"potentialAction":[{"@type":"SearchAction","target":{"@type":"EntryPoint","urlTemplate":"https:\/\/www.deepki.com\/fr\/?s={search_term_string}"},"query-input":{"@type":"PropertyValueSpecification","valueRequired":true,"valueName":"search_term_string"}}],"inLanguage":"fr-FR"},{"@type":"Organization","@id":"https:\/\/www.deepki.com\/fr\/#organization","name":"Deepki","url":"https:\/\/www.deepki.com\/fr\/","logo":{"@type":"ImageObject","inLanguage":"fr-FR","@id":"https:\/\/www.deepki.com\/fr\/#\/schema\/logo\/image\/","url":"https:\/\/www.deepki.com\/web\/wp-content\/uploads\/2021\/08\/deepki-logo.jpg","contentUrl":"https:\/\/www.deepki.com\/web\/wp-content\/uploads\/2021\/08\/deepki-logo.jpg","width":880,"height":360,"caption":"Deepki"},"image":{"@id":"https:\/\/www.deepki.com\/fr\/#\/schema\/logo\/image\/"},"sameAs":["https:\/\/www.facebook.com\/DeepkiSAS\/","https:\/\/x.com\/DeepkiSAS","https:\/\/www.linkedin.com\/company\/deepki"]}]}},"_links":{"self":[{"href":"https:\/\/www.deepki.com\/fr\/wp-json\/wp\/v2\/pages\/55028","targetHints":{"allow":["GET"]}}],"collection":[{"href":"https:\/\/www.deepki.com\/fr\/wp-json\/wp\/v2\/pages"}],"about":[{"href":"https:\/\/www.deepki.com\/fr\/wp-json\/wp\/v2\/types\/page"}],"author":[{"embeddable":true,"href":"https:\/\/www.deepki.com\/fr\/wp-json\/wp\/v2\/users\/71"}],"replies":[{"embeddable":true,"href":"https:\/\/www.deepki.com\/fr\/wp-json\/wp\/v2\/comments?post=55028"}],"version-history":[{"count":17,"href":"https:\/\/www.deepki.com\/fr\/wp-json\/wp\/v2\/pages\/55028\/revisions"}],"predecessor-version":[{"id":95450,"href":"https:\/\/www.deepki.com\/fr\/wp-json\/wp\/v2\/pages\/55028\/revisions\/95450"}],"wp:featuredmedia":[{"embeddable":true,"href":"https:\/\/www.deepki.com\/fr\/wp-json\/wp\/v2\/media\/56620"}],"wp:attachment":[{"href":"https:\/\/www.deepki.com\/fr\/wp-json\/wp\/v2\/media?parent=55028"}],"curies":[{"name":"wp","href":"https:\/\/api.w.org\/{rel}","templated":true}]}}