{"id":56121,"date":"2021-08-03T07:07:43","date_gmt":"2021-08-03T07:07:43","guid":{"rendered":"https:\/\/www.deepki.com\/web\/?page_id=56121"},"modified":"2026-03-26T10:40:41","modified_gmt":"2026-03-26T09:40:41","slug":"solutions","status":"publish","type":"page","link":"https:\/\/www.deepki.com\/fr\/solutions\/","title":{"rendered":"Solutions"},"content":{"rendered":"<div class=\"custom-block-top-header homepage-header-2025 homepage-header relative black-bg white\">\t\r\n\t<div class=\"homepage-header-row\">\r\n\t\t<div class=\"homepage-header-cell page-header\">\t\t\r\n\t\t\t<div class=\"homepage-title-wrapper width-wrapper center\"> \r\n\t\t\t<div class=\"gap32\"><\/div>\r\n\t\t\t\t\t\t\r\n\t\t\t\t\t<h1 class=\"homepage-h1\" style=\"margin-bottom:26px;\">Aper\u00e7u des solutions<\/h1>\r\n\t\t\t\t\t\t\t\t\t\t\t\t\r\n\t\t\t\t<div class=\"homepage-intro-p\">\r\n\t\t\t\t\t\t\t\t\t<\/div>\r\n\t\t\t\t\r\n\t\t\t\t\t\r\n\t\t\t\t<div class=\"gap12\"><\/div>\t\t\t\t\r\n\t\t\t<\/div>\t\r\n\t\t\t<div class=\"homepage-header-svg-wrapper\" style=\"background-image:url('https:\/\/www.deepki.com\/web\/wp-content\/uploads\/2025\/06\/solutions_overview_header_image-1440x900.jpg')\"><\/div>\t\r\n\t\t<\/div>\t\r\n\t<\/div>\t\r\n<\/div>\t\t\t\r\n\n\n\n<div style=\"height:72px\" aria-hidden=\"true\" class=\"wp-block-spacer\"><\/div>\n\n\n\n<h2 class=\"wp-block-heading width-wrapper\">Des solutions SaaS flexibles adapt\u00e9es \u00e0 vos besoins<\/h2>\n\n\n\n<div style=\"height:32px\" aria-hidden=\"true\" class=\"wp-block-spacer\"><\/div>\n\n\n\n<div class=\"wp-block-columns width-wrapper stretch margin-bot-mobile is-layout-flex wp-container-core-columns-is-layout-9d6595d7 wp-block-columns-is-layout-flex\">\n<div class=\"wp-block-column is-layout-flow wp-block-column-is-layout-flow\"><div class=\"solution-card-2025\">\r\n<h3>Deepki for Owners<\/h3><p>Maximisez la valeur de votre portefeuille \u00e0 l&rsquo;\u00e9chelle de votre entreprise.<\/p><a href=\"https:\/\/www.deepki.com\/fr\/solutions\/investisseurs\/\">En savoir plus<span> \u2192<\/span><\/a><\/div><\/div>\n\n\n\n<div class=\"wp-block-column is-layout-flow wp-block-column-is-layout-flow\"><div class=\"solution-card-2025\">\r\n<h3>Deepki for Occupiers<\/h3><p>Optimisez l&rsquo;efficacit\u00e9 environnementale de vos b\u00e2timents.<\/p><a href=\"https:\/\/www.deepki.com\/fr\/solutions\/occupants\/\">En savoir plus<span> \u2192<\/span><\/a><\/div><\/div>\n\n\n\n<div class=\"wp-block-column is-layout-flow wp-block-column-is-layout-flow\"><div class=\"solution-card-2025\">\r\n<h3>Deepki for Finance<\/h3><p>G\u00e9rez les \u00e9missions financ\u00e9es de vos clients immobiliers.<\/p><a href=\"https:\/\/www.deepki.com\/fr\/solutions\/finance\/\">En savoir plus<span> \u2192<\/span><\/a><\/div><\/div>\n<\/div>\n\n\n\n<div class=\"wp-block-columns width-wrapper stretch is-layout-flex wp-container-core-columns-is-layout-9d6595d7 wp-block-columns-is-layout-flex\">\n<div class=\"wp-block-column is-layout-flow wp-block-column-is-layout-flow\"><div class=\"solution-card-2025\">\r\n<h3>Nooco<\/h3><p>Am\u00e9liorez l\u2019impact carbone de vos projets de construction et de r\u00e9novation.<\/p><a href=\"https:\/\/www.deepki.com\/fr\/nooco\/\">En savoir plus<span> \u2192<\/span><\/a><\/div><\/div>\n\n\n\n<div class=\"wp-block-column is-layout-flow wp-block-column-is-layout-flow\"><div class=\"solution-card-2025\">\r\n<h3>Index Deepki<\/h3><p>Comparez vos performances \u00e9nerg\u00e9tiques et carbone \u00e0 celles de vos pairs.<\/p><a href=\"https:\/\/www.deepki.com\/fr\/solutions\/index-deepki\/\">D\u00e9couvrez la performance de vos actifs<span> \u2192<\/span><\/a><\/div><\/div>\n\n\n\n<div class=\"wp-block-column is-layout-flow wp-block-column-is-layout-flow\"><div class=\"solution-card-2025\">\r\n<h3>Sustainability CapEx Index<\/h3><p>Quantifiez le co\u00fbt de la d\u00e9carbonation.\n<br><\/p><a href=\"https:\/\/www.deepki.com\/fr\/solutions\/capex-index\/\">Acc\u00e9der \u00e0 tous les insights<span> \u2192<\/span><\/a><\/div><\/div>\n<\/div>\n\n\n\n<div style=\"height:72px\" aria-hidden=\"true\" class=\"wp-block-spacer\"><\/div>\n\n\n<div class=\"has-no-img custom-citation white custom-text-left-img-right\"><div class=\"width-wrapper\">\r\n\t<div class=\"wp-block-columns\">\r\n\t\t<div class=\"wp-block-column\">\r\n\t\t\t<h2>\u00ab Deepki fournit des informations d\u00e9taill\u00e9es qui permettront \u00e0 nos \u00e9quipes d\u2019agir de mani\u00e8re \u00e9clair\u00e9e \u00e0 l\u2019\u00e9chelle des b\u00e2timents. Cela nous aidera \u00e0 int\u00e9grer les bonnes pratiques en mati\u00e8re de durabilit\u00e9 \u2013 et \u00e0 proposer une v\u00e9ritable valeur ajout\u00e9e \u2013 au niveau des actifs que nous g\u00e9rons dans le monde entier. \u00bb<\/h2><p><b>Emma Buckland<\/b><\/p><p>Executive Group President, Enterprise and Chief Operating Officer, Building Operations &#038; Experience chez CBRE<\/p>\t\t<\/div>\r\n\t\t<div class=\"wp-block-column align-right\">\r\n\t\t\t\t\t<\/div>\r\n\t<\/div>\r\n<\/div>\r\n<\/div>\r\n\t\n\n<div class=\"deepki-logo-white-cta-bg custom-block-title-cta\"><div class=\"width-wrapper center\"><div class=\"home-section3cta2-title\">Pr\u00eat \u00e0 passer \u00e0 l\u2019action ?<\/div><div class=\"homepage-intro-p\">D\u00e9couvrez comment Deepki peut vous aider \u00e0 r\u00e9duire les risques et \u00e0 maximiser la valeur de vos actifs immobiliers.<\/div><a href=\"https:\/\/www.deepki.com\/fr\/contact\/\" class=\"btn\">Contactez-nous<\/a><\/div><\/div>","protected":false},"excerpt":{"rendered":"<p>Des solutions SaaS flexibles adapt\u00e9es \u00e0 vos besoins<\/p>\n","protected":false},"author":1,"featured_media":56623,"parent":0,"menu_order":0,"comment_status":"closed","ping_status":"closed","template":"","meta":{"inline_featured_image":false,"footnotes":""},"class_list":["post-56121","page","type-page","status-publish","has-post-thumbnail","hentry"],"yoast_head":"<!-- This site is optimized with the Yoast SEO plugin v27.3 - https:\/\/yoast.com\/product\/yoast-seo-wordpress\/ -->\n<title>Solutions - Deepki<\/title>\n<meta name=\"description\" content=\"Choisissez la solution Deepki d\u00e9di\u00e9e \u00e0 la durabilit\u00e9 qui vous convient. Am\u00e9liorez vos performances ESG et maximisez la valeur de votre immobilier.\" \/>\n<meta name=\"robots\" content=\"index, follow, max-snippet:-1, max-image-preview:large, max-video-preview:-1\" \/>\n<link rel=\"canonical\" href=\"https:\/\/www.deepki.com\/fr\/solutions\/\" \/>\n<meta property=\"og:locale\" content=\"fr_FR\" \/>\n<meta property=\"og:type\" content=\"article\" \/>\n<meta property=\"og:title\" content=\"Solutions - Deepki\" \/>\n<meta property=\"og:description\" content=\"Choisissez la solution ESG Deepki qui vous convient. Am\u00e9liorez vos performances ESG et maximisez la valeur de votre immobilier.\" \/>\n<meta property=\"og:url\" content=\"https:\/\/www.deepki.com\/fr\/solutions\/\" \/>\n<meta property=\"og:site_name\" content=\"Deepki\" \/>\n<meta property=\"article:publisher\" content=\"https:\/\/www.facebook.com\/DeepkiSAS\/\" \/>\n<meta property=\"article:modified_time\" content=\"2026-03-26T09:40:41+00:00\" \/>\n<meta property=\"og:image\" content=\"https:\/\/www.deepki.com\/web\/wp-content\/uploads\/2021\/08\/Solution_FI.jpg\" \/>\n\t<meta property=\"og:image:width\" content=\"1200\" \/>\n\t<meta property=\"og:image:height\" content=\"628\" \/>\n\t<meta property=\"og:image:type\" content=\"image\/jpeg\" \/>\n<meta name=\"twitter:card\" content=\"summary_large_image\" \/>\n<meta name=\"twitter:title\" content=\"Solutions - Deepki\" \/>\n<meta name=\"twitter:description\" content=\"Choisissez la solution ESG Deepki qui vous convient. Am\u00e9liorez vos performances ESG et maximisez la valeur de votre immobilier.\" \/>\n<meta name=\"twitter:site\" content=\"@DeepkiSAS\" \/>\n<meta name=\"twitter:label1\" content=\"Dur\u00e9e de lecture estim\u00e9e\" \/>\n\t<meta name=\"twitter:data1\" content=\"1 minute\" \/>\n<script type=\"application\/ld+json\" class=\"yoast-schema-graph\">{\"@context\":\"https:\\\/\\\/schema.org\",\"@graph\":[{\"@type\":\"WebPage\",\"@id\":\"https:\\\/\\\/www.deepki.com\\\/fr\\\/solutions\\\/\",\"url\":\"https:\\\/\\\/www.deepki.com\\\/fr\\\/solutions\\\/\",\"name\":\"Solutions - Deepki\",\"isPartOf\":{\"@id\":\"https:\\\/\\\/www.deepki.com\\\/fr\\\/#website\"},\"primaryImageOfPage\":{\"@id\":\"https:\\\/\\\/www.deepki.com\\\/fr\\\/solutions\\\/#primaryimage\"},\"image\":{\"@id\":\"https:\\\/\\\/www.deepki.com\\\/fr\\\/solutions\\\/#primaryimage\"},\"thumbnailUrl\":\"https:\\\/\\\/www.deepki.com\\\/web\\\/wp-content\\\/uploads\\\/2021\\\/08\\\/Solution_FI.jpg\",\"datePublished\":\"2021-08-03T07:07:43+00:00\",\"dateModified\":\"2026-03-26T09:40:41+00:00\",\"description\":\"Choisissez la solution Deepki d\u00e9di\u00e9e \u00e0 la durabilit\u00e9 qui vous convient. Am\u00e9liorez vos performances ESG et maximisez la valeur de votre immobilier.\",\"breadcrumb\":{\"@id\":\"https:\\\/\\\/www.deepki.com\\\/fr\\\/solutions\\\/#breadcrumb\"},\"inLanguage\":\"fr-FR\",\"potentialAction\":[{\"@type\":\"ReadAction\",\"target\":[\"https:\\\/\\\/www.deepki.com\\\/fr\\\/solutions\\\/\"]}]},{\"@type\":\"ImageObject\",\"inLanguage\":\"fr-FR\",\"@id\":\"https:\\\/\\\/www.deepki.com\\\/fr\\\/solutions\\\/#primaryimage\",\"url\":\"https:\\\/\\\/www.deepki.com\\\/web\\\/wp-content\\\/uploads\\\/2021\\\/08\\\/Solution_FI.jpg\",\"contentUrl\":\"https:\\\/\\\/www.deepki.com\\\/web\\\/wp-content\\\/uploads\\\/2021\\\/08\\\/Solution_FI.jpg\",\"width\":1200,\"height\":628},{\"@type\":\"BreadcrumbList\",\"@id\":\"https:\\\/\\\/www.deepki.com\\\/fr\\\/solutions\\\/#breadcrumb\",\"itemListElement\":[{\"@type\":\"ListItem\",\"position\":1,\"name\":\"Home\",\"item\":\"https:\\\/\\\/www.deepki.com\\\/fr\\\/\"},{\"@type\":\"ListItem\",\"position\":2,\"name\":\"Solutions\"}]},{\"@type\":\"WebSite\",\"@id\":\"https:\\\/\\\/www.deepki.com\\\/fr\\\/#website\",\"url\":\"https:\\\/\\\/www.deepki.com\\\/fr\\\/\",\"name\":\"Deepki\",\"description\":\"Together, let&#039;s make your real estate more sustainable thanks to data!\",\"publisher\":{\"@id\":\"https:\\\/\\\/www.deepki.com\\\/fr\\\/#organization\"},\"potentialAction\":[{\"@type\":\"SearchAction\",\"target\":{\"@type\":\"EntryPoint\",\"urlTemplate\":\"https:\\\/\\\/www.deepki.com\\\/fr\\\/?s={search_term_string}\"},\"query-input\":{\"@type\":\"PropertyValueSpecification\",\"valueRequired\":true,\"valueName\":\"search_term_string\"}}],\"inLanguage\":\"fr-FR\"},{\"@type\":\"Organization\",\"@id\":\"https:\\\/\\\/www.deepki.com\\\/fr\\\/#organization\",\"name\":\"Deepki\",\"url\":\"https:\\\/\\\/www.deepki.com\\\/fr\\\/\",\"logo\":{\"@type\":\"ImageObject\",\"inLanguage\":\"fr-FR\",\"@id\":\"https:\\\/\\\/www.deepki.com\\\/fr\\\/#\\\/schema\\\/logo\\\/image\\\/\",\"url\":\"https:\\\/\\\/www.deepki.com\\\/web\\\/wp-content\\\/uploads\\\/2021\\\/08\\\/deepki-logo.jpg\",\"contentUrl\":\"https:\\\/\\\/www.deepki.com\\\/web\\\/wp-content\\\/uploads\\\/2021\\\/08\\\/deepki-logo.jpg\",\"width\":880,\"height\":360,\"caption\":\"Deepki\"},\"image\":{\"@id\":\"https:\\\/\\\/www.deepki.com\\\/fr\\\/#\\\/schema\\\/logo\\\/image\\\/\"},\"sameAs\":[\"https:\\\/\\\/www.facebook.com\\\/DeepkiSAS\\\/\",\"https:\\\/\\\/x.com\\\/DeepkiSAS\",\"https:\\\/\\\/www.linkedin.com\\\/company\\\/deepki\"]}]}<\/script>\n<!-- \/ Yoast SEO plugin. -->","yoast_head_json":{"title":"Solutions - Deepki","description":"Choisissez la solution Deepki d\u00e9di\u00e9e \u00e0 la durabilit\u00e9 qui vous convient. Am\u00e9liorez vos performances ESG et maximisez la valeur de votre immobilier.","robots":{"index":"index","follow":"follow","max-snippet":"max-snippet:-1","max-image-preview":"max-image-preview:large","max-video-preview":"max-video-preview:-1"},"canonical":"https:\/\/www.deepki.com\/fr\/solutions\/","og_locale":"fr_FR","og_type":"article","og_title":"Solutions - Deepki","og_description":"Choisissez la solution ESG Deepki qui vous convient. Am\u00e9liorez vos performances ESG et maximisez la valeur de votre immobilier.","og_url":"https:\/\/www.deepki.com\/fr\/solutions\/","og_site_name":"Deepki","article_publisher":"https:\/\/www.facebook.com\/DeepkiSAS\/","article_modified_time":"2026-03-26T09:40:41+00:00","og_image":[{"width":1200,"height":628,"url":"https:\/\/www.deepki.com\/web\/wp-content\/uploads\/2021\/08\/Solution_FI.jpg","type":"image\/jpeg"}],"twitter_card":"summary_large_image","twitter_title":"Solutions - Deepki","twitter_description":"Choisissez la solution ESG Deepki qui vous convient. Am\u00e9liorez vos performances ESG et maximisez la valeur de votre immobilier.","twitter_site":"@DeepkiSAS","twitter_misc":{"Dur\u00e9e de lecture estim\u00e9e":"1 minute"},"schema":{"@context":"https:\/\/schema.org","@graph":[{"@type":"WebPage","@id":"https:\/\/www.deepki.com\/fr\/solutions\/","url":"https:\/\/www.deepki.com\/fr\/solutions\/","name":"Solutions - Deepki","isPartOf":{"@id":"https:\/\/www.deepki.com\/fr\/#website"},"primaryImageOfPage":{"@id":"https:\/\/www.deepki.com\/fr\/solutions\/#primaryimage"},"image":{"@id":"https:\/\/www.deepki.com\/fr\/solutions\/#primaryimage"},"thumbnailUrl":"https:\/\/www.deepki.com\/web\/wp-content\/uploads\/2021\/08\/Solution_FI.jpg","datePublished":"2021-08-03T07:07:43+00:00","dateModified":"2026-03-26T09:40:41+00:00","description":"Choisissez la solution Deepki d\u00e9di\u00e9e \u00e0 la durabilit\u00e9 qui vous convient. Am\u00e9liorez vos performances ESG et maximisez la valeur de votre immobilier.","breadcrumb":{"@id":"https:\/\/www.deepki.com\/fr\/solutions\/#breadcrumb"},"inLanguage":"fr-FR","potentialAction":[{"@type":"ReadAction","target":["https:\/\/www.deepki.com\/fr\/solutions\/"]}]},{"@type":"ImageObject","inLanguage":"fr-FR","@id":"https:\/\/www.deepki.com\/fr\/solutions\/#primaryimage","url":"https:\/\/www.deepki.com\/web\/wp-content\/uploads\/2021\/08\/Solution_FI.jpg","contentUrl":"https:\/\/www.deepki.com\/web\/wp-content\/uploads\/2021\/08\/Solution_FI.jpg","width":1200,"height":628},{"@type":"BreadcrumbList","@id":"https:\/\/www.deepki.com\/fr\/solutions\/#breadcrumb","itemListElement":[{"@type":"ListItem","position":1,"name":"Home","item":"https:\/\/www.deepki.com\/fr\/"},{"@type":"ListItem","position":2,"name":"Solutions"}]},{"@type":"WebSite","@id":"https:\/\/www.deepki.com\/fr\/#website","url":"https:\/\/www.deepki.com\/fr\/","name":"Deepki","description":"Together, let&#039;s make your real estate more sustainable thanks to data!","publisher":{"@id":"https:\/\/www.deepki.com\/fr\/#organization"},"potentialAction":[{"@type":"SearchAction","target":{"@type":"EntryPoint","urlTemplate":"https:\/\/www.deepki.com\/fr\/?s={search_term_string}"},"query-input":{"@type":"PropertyValueSpecification","valueRequired":true,"valueName":"search_term_string"}}],"inLanguage":"fr-FR"},{"@type":"Organization","@id":"https:\/\/www.deepki.com\/fr\/#organization","name":"Deepki","url":"https:\/\/www.deepki.com\/fr\/","logo":{"@type":"ImageObject","inLanguage":"fr-FR","@id":"https:\/\/www.deepki.com\/fr\/#\/schema\/logo\/image\/","url":"https:\/\/www.deepki.com\/web\/wp-content\/uploads\/2021\/08\/deepki-logo.jpg","contentUrl":"https:\/\/www.deepki.com\/web\/wp-content\/uploads\/2021\/08\/deepki-logo.jpg","width":880,"height":360,"caption":"Deepki"},"image":{"@id":"https:\/\/www.deepki.com\/fr\/#\/schema\/logo\/image\/"},"sameAs":["https:\/\/www.facebook.com\/DeepkiSAS\/","https:\/\/x.com\/DeepkiSAS","https:\/\/www.linkedin.com\/company\/deepki"]}]}},"_links":{"self":[{"href":"https:\/\/www.deepki.com\/fr\/wp-json\/wp\/v2\/pages\/56121","targetHints":{"allow":["GET"]}}],"collection":[{"href":"https:\/\/www.deepki.com\/fr\/wp-json\/wp\/v2\/pages"}],"about":[{"href":"https:\/\/www.deepki.com\/fr\/wp-json\/wp\/v2\/types\/page"}],"author":[{"embeddable":true,"href":"https:\/\/www.deepki.com\/fr\/wp-json\/wp\/v2\/users\/1"}],"replies":[{"embeddable":true,"href":"https:\/\/www.deepki.com\/fr\/wp-json\/wp\/v2\/comments?post=56121"}],"version-history":[{"count":20,"href":"https:\/\/www.deepki.com\/fr\/wp-json\/wp\/v2\/pages\/56121\/revisions"}],"predecessor-version":[{"id":101894,"href":"https:\/\/www.deepki.com\/fr\/wp-json\/wp\/v2\/pages\/56121\/revisions\/101894"}],"wp:featuredmedia":[{"embeddable":true,"href":"https:\/\/www.deepki.com\/fr\/wp-json\/wp\/v2\/media\/56623"}],"wp:attachment":[{"href":"https:\/\/www.deepki.com\/fr\/wp-json\/wp\/v2\/media?parent=56121"}],"curies":[{"name":"wp","href":"https:\/\/api.w.org\/{rel}","templated":true}]}}