{"id":56286,"date":"2021-08-03T13:17:45","date_gmt":"2021-08-03T13:17:45","guid":{"rendered":"https:\/\/www.deepki.com\/web\/?page_id=56286"},"modified":"2025-05-26T11:30:24","modified_gmt":"2025-05-26T09:30:24","slug":"ressources","status":"publish","type":"page","link":"https:\/\/www.deepki.com\/fr\/ressources\/","title":{"rendered":"Ressources"},"content":{"rendered":"<div class=\"custom-block-top-header homepage-header relative black-bg white vertical-middle\">\t\r\n\t<div class=\"homepage-header-row\">\r\n\t\t<div class=\"homepage-header-cell page-header\">\r\n\t\t\t<div class=\"homepage-title-wrapper center\"> \r\n\t\t\t\t\t\t\t\t\t\t\t\t\t\t\t\t\t\t\t<h1 class=\"homepage-h1\">\r\n\t\t\t\t\t\t\t\t\t\tToutes les actualit\u00e9s<span>sur l&rsquo;immobilier durable<\/span><\/h1>\r\n\t\t\t\t\t\t\t\t\t\t\t\t\r\n\t\t\t\t<div class=\"homepage-intro-p\">\r\n\t\t\t\t\tRestez inform\u00e9 des derni\u00e8res actualit\u00e9s sur la durabilit\u00e9 dans l&rsquo;immobilier et approfondissez vos connaissances gr\u00e2ce au centre de ressources complet de Deepki.\t\t\t\t<\/div>\r\n\t\t\t\t\t\r\n\t\t\t\t\t\t\t\t\r\n\t\t\t<\/div>\t\r\n\t\t\t<div class=\"homepage-header-svg-wrapper\" style=\"background-image:url('https:\/\/www.deepki.com\/web\/wp-content\/uploads\/2021\/08\/learn.jpg')\"><\/div>\t\r\n\t\t\t<div class=\"homepage-botarrow-wrapper\"><div class=\"homepage-botarrow\"><div class=\"homepage-botarrow-ico\"><\/div><\/div><\/div>\r\n\t\t<\/div>\t\r\n\t<\/div>\t\r\n<\/div>\t\t\t\r\n<div id=\"homepage-content\"><\/div>\t\r\n\n\n<div class=\"single-post-header page-header block-featured-object relative\" style=\"background-image:url('https:\/\/www.deepki.com\/web\/wp-content\/uploads\/2024\/03\/Deepki_Ready_Features_Release_Blog_article_Visual_02.001.jpeg');\">\r\n<div class=\"header-shade1\"><\/div>\r\n<div class=\"header-shade2\"><\/div>\r\n<div class=\"width-wrapper relative\">\r\n<div class=\"maxW-720 inline-bot-720\">\r\n\t<div class=\"single-blog-cat-list\"><a href=\"https:\/\/www.deepki.com\/web\/fr\/blog\/reglementation-sfdr\/?filter=506#blog-grid-articles\">Produit<\/a><\/div>\r\n\t<h2 class=\"feature-title\"><a href=\"https:\/\/www.deepki.com\/fr\/blog\/nouveautes-de-deepki-plus-de-clarte-de-fiabilite-et-de-controle-sur-votre-portefeuille\/\">Nouveaut\u00e9s de Deepki : plus de clart\u00e9, de fiabilit\u00e9 et de contr\u00f4le sur votre portefeuille<\/a><\/h2>\r\n\r\n\t<div class=\"single-blog-details\">\r\n\t\t<div class=\"date\"><img decoding=\"async\" src=\"https:\/\/www.deepki.com\/web\/wp-content\/themes\/deepki\/img\/blog\/calendar.svg\" width=\"19\" height=\"19\" alt=\"Date\" \/><span>15 janvier 2026<\/span><\/div>\t\r\n\t\t\t\r\n\t\t<p>La saison des reportings approche, et avec elle, son lot de pression. Auditeurs, investisseurs, r\u00e9gulateurs\u2026 tous exigent aujourd&rsquo;hui la m\u00eame chose : des donn\u00e9es fiables, tra\u00e7ables et coh\u00e9rentes. Mais soyons honn\u00eates : g\u00e9rer ces informations sur des portefeuilles complexes via des tableurs et des cha\u00eenes d\u2019emails interminables ne suffit plus. Deepki a d\u00e9ploy\u00e9 plusieurs \u00e9volutions [&hellip;]<\/p>\t\t\t\r\n\t<\/div>\r\n<\/div><div class=\"inline-bot-malus720 align-right\"><a href=\"https:\/\/www.deepki.com\/fr\/blog\/nouveautes-de-deepki-plus-de-clarte-de-fiabilite-et-de-controle-sur-votre-portefeuille\/\" class=\"btn\">Lire l&rsquo;article<\/a><\/div><\/div>\r\n<\/div>\t\t\r\n\t\n\n<div class=\"custom-full-width-img-btn text-middle\"><a href=\"https:\/\/www.deepki.com\/fr\/blog\" class=\"black center text-shadow\" style=\"background-image:url('https:\/\/www.deepki.com\/web\/wp-content\/uploads\/2021\/09\/White-background-blog-section-5-1440x740.jpg');\"><span>Blog<\/span><\/a><\/div>\n\n<div class=\"custom-2x-img-btns\"><div class=\"custom-2x-img-btn custom-2x-img-btn1\" style=\"background-image:url('https:\/\/www.deepki.com\/web\/wp-content\/uploads\/2021\/09\/Events-4jpg-720x900.jpg');\"><a href=\"https:\/\/www.deepki.com\/fr\/ressources\/webinaires-evenements\" class=\"custom-2x-img-table text-shadow white center\"><div class=\"custom-2x-img-table-inner\"><div class=\"custom-2x-img-row\"><div class=\"custom-2x-img-cell\"><div class=\"custom-2x-img-txt\"><span>Webinaires &#038; Ev\u00e9nements<\/span><\/div><\/div><\/div><\/div><\/a><\/div><div class=\"custom-2x-img-btn custom-2x-img-btn2\" style=\"background-image:url('https:\/\/www.deepki.com\/web\/wp-content\/uploads\/2021\/09\/whitepapers-2-720x900.jpg');\"><a href=\"https:\/\/www.deepki.com\/fr\/ressources\/white-papers-infographies\/\" class=\"custom-2x-img-table text-shadow white center\"><div class=\"custom-2x-img-table-inner\"><div class=\"custom-2x-img-row\"><div class=\"custom-2x-img-cell\"><div class=\"custom-2x-img-txt\"><span>White Papers &#038; Infographies<\/span><\/div><\/div><\/div><\/div><\/a><\/div><\/div>\n\n<div class=\"custom-full-width-img-btn text-middle\"><a href=\"https:\/\/www.deepki.com\/fr\/ressources\/glossaire\/\" class=\"white center text-shadow\" style=\"background-image:url('https:\/\/www.deepki.com\/web\/wp-content\/uploads\/2021\/08\/glossaire-img-1-1440x740.jpg');\"><span>Glossaire<\/span><\/a><\/div>\n\n<div class=\"custom-related-slider-wrapper white-bg\"><h2 class=\"center\">Les articles les plus consult\u00e9s de notre blog<\/h2><div class=\"width-wrapper\"><div class=\"custom-related-slider\"><div class=\"custom-slider-item\"><a href=\"https:\/\/www.deepki.com\/fr\/blog\/nouveautes-de-deepki-plus-de-clarte-de-fiabilite-et-de-controle-sur-votre-portefeuille\/\"><div class=\"custom-slider-img\"><img decoding=\"async\" width=\"420\" height=\"240\" src=\"https:\/\/www.deepki.com\/web\/wp-content\/uploads\/2024\/03\/Deepki_Ready_Features_Release_Blog_article_Visual_02.001-420x240.jpeg\" class=\"attachment-case-study-grid size-case-study-grid\" alt=\"Laptop with Deepki logo on the screen\" srcset=\"https:\/\/www.deepki.com\/web\/wp-content\/uploads\/2024\/03\/Deepki_Ready_Features_Release_Blog_article_Visual_02.001-420x240.jpeg 420w, https:\/\/www.deepki.com\/web\/wp-content\/uploads\/2024\/03\/Deepki_Ready_Features_Release_Blog_article_Visual_02.001-350x200.jpeg 350w\" sizes=\"(max-width: 420px) 100vw, 420px\" \/><div class=\"white-logo-over over25\"><\/div><\/div><div class=\"gap custom-slider-title\">Nouveaut\u00e9s de Deepki : plus de clart\u00e9, de fiabilit\u00e9 et de contr\u00f4le sur votre portefeuille<\/div><div class=\"gap custom-slider-readmore\"><span>Lire la suite<\/span><\/div><\/a><\/div><div class=\"custom-slider-item\"><a href=\"https:\/\/www.deepki.com\/fr\/blog\/financement-vert-un-levier-incontournable-de-performance-et-de-gestion-de-risques-pour-les-banques\/\"><div class=\"custom-slider-img\"><img decoding=\"async\" width=\"420\" height=\"240\" src=\"https:\/\/www.deepki.com\/web\/wp-content\/uploads\/2025\/05\/robz-bM8PSh6vf8s-unsplash-420x240.jpg\" class=\"attachment-case-study-grid size-case-study-grid\" alt=\"building\" srcset=\"https:\/\/www.deepki.com\/web\/wp-content\/uploads\/2025\/05\/robz-bM8PSh6vf8s-unsplash-420x240.jpg 420w, https:\/\/www.deepki.com\/web\/wp-content\/uploads\/2025\/05\/robz-bM8PSh6vf8s-unsplash-350x200.jpg 350w\" sizes=\"(max-width: 420px) 100vw, 420px\" \/><div class=\"white-logo-over over25\"><\/div><\/div><div class=\"gap custom-slider-title\">Financement vert : un levier incontournable de performance et de gestion de risques pour les banques ?<\/div><div class=\"gap custom-slider-readmore\"><span>Lire la suite<\/span><\/div><\/a><\/div><div class=\"custom-slider-item\"><a href=\"https:\/\/www.deepki.com\/fr\/blog\/nouveautes-deepki-performance-resilience-conformite\/\"><div class=\"custom-slider-img\"><img decoding=\"async\" width=\"420\" height=\"240\" src=\"https:\/\/www.deepki.com\/web\/wp-content\/uploads\/2024\/03\/Deepki_Ready_Features_Release_Blog_article_Visual_02.001-420x240.jpeg\" class=\"attachment-case-study-grid size-case-study-grid\" alt=\"Laptop with Deepki logo on the screen\" srcset=\"https:\/\/www.deepki.com\/web\/wp-content\/uploads\/2024\/03\/Deepki_Ready_Features_Release_Blog_article_Visual_02.001-420x240.jpeg 420w, https:\/\/www.deepki.com\/web\/wp-content\/uploads\/2024\/03\/Deepki_Ready_Features_Release_Blog_article_Visual_02.001-350x200.jpeg 350w\" sizes=\"(max-width: 420px) 100vw, 420px\" \/><div class=\"white-logo-over over25\"><\/div><\/div><div class=\"gap custom-slider-title\">Nouveaut\u00e9s de Deepki : performance, r\u00e9silience et conformit\u00e9 \u00e0 grande \u00e9chelle<\/div><div class=\"gap custom-slider-readmore\"><span>Lire la suite<\/span><\/div><\/a><\/div><div class=\"custom-slider-item\"><a href=\"https:\/\/www.deepki.com\/fr\/blog\/tendances-limmobilier-europeen\/\"><div class=\"custom-slider-img\"><img decoding=\"async\" width=\"420\" height=\"240\" src=\"https:\/\/www.deepki.com\/web\/wp-content\/uploads\/2025\/02\/adrien-olichon-_UuN_2ixJvA-unsplash-420x240.jpg\" class=\"attachment-case-study-grid size-case-study-grid\" alt=\"\" srcset=\"https:\/\/www.deepki.com\/web\/wp-content\/uploads\/2025\/02\/adrien-olichon-_UuN_2ixJvA-unsplash-420x240.jpg 420w, https:\/\/www.deepki.com\/web\/wp-content\/uploads\/2025\/02\/adrien-olichon-_UuN_2ixJvA-unsplash-350x200.jpg 350w\" sizes=\"(max-width: 420px) 100vw, 420px\" \/><div class=\"white-logo-over over25\"><\/div><\/div><div class=\"gap custom-slider-title\">Troisi\u00e8me \u00e9dition de l\u2019ESG Index : les grandes tendances de la d\u00e9carbonation de l\u2019immobilier europ\u00e9en<\/div><div class=\"gap custom-slider-readmore\"><span>Lire la suite<\/span><\/div><\/a><\/div><div class=\"custom-slider-item\"><a href=\"https:\/\/www.deepki.com\/fr\/blog\/espaces-hybrides-opportunite-immobilier\/\"><div class=\"custom-slider-img\"><img decoding=\"async\" width=\"420\" height=\"240\" src=\"https:\/\/www.deepki.com\/web\/wp-content\/uploads\/2025\/02\/marcus-loke-5KGx2kktBRc-unsplash-420x240.jpg\" class=\"attachment-case-study-grid size-case-study-grid\" alt=\"\" srcset=\"https:\/\/www.deepki.com\/web\/wp-content\/uploads\/2025\/02\/marcus-loke-5KGx2kktBRc-unsplash-420x240.jpg 420w, https:\/\/www.deepki.com\/web\/wp-content\/uploads\/2025\/02\/marcus-loke-5KGx2kktBRc-unsplash-350x200.jpg 350w\" sizes=\"(max-width: 420px) 100vw, 420px\" \/><div class=\"white-logo-over over25\"><\/div><\/div><div class=\"gap custom-slider-title\">Immobilier hybride : comment faire des espaces vacants une opportunit\u00e9 strat\u00e9gique ?<\/div><div class=\"gap custom-slider-readmore\"><span>Lire la suite<\/span><\/div><\/a><\/div><div class=\"custom-slider-item\"><a href=\"https:\/\/www.deepki.com\/fr\/blog\/deepki-nouveautes-impact-investissement\/\"><div class=\"custom-slider-img\"><img decoding=\"async\" width=\"420\" height=\"240\" src=\"https:\/\/www.deepki.com\/web\/wp-content\/uploads\/2024\/03\/Deepki_Ready_Features_Release_Blog_article_Visual_02.001-420x240.jpeg\" class=\"attachment-case-study-grid size-case-study-grid\" alt=\"Laptop with Deepki logo on the screen\" srcset=\"https:\/\/www.deepki.com\/web\/wp-content\/uploads\/2024\/03\/Deepki_Ready_Features_Release_Blog_article_Visual_02.001-420x240.jpeg 420w, https:\/\/www.deepki.com\/web\/wp-content\/uploads\/2024\/03\/Deepki_Ready_Features_Release_Blog_article_Visual_02.001-350x200.jpeg 350w\" sizes=\"(max-width: 420px) 100vw, 420px\" \/><div class=\"white-logo-over over25\"><\/div><\/div><div class=\"gap custom-slider-title\">Nouveaut\u00e9s de Deepki : KPI financiers, adaptation climatique et authentification multifacteur<\/div><div class=\"gap custom-slider-readmore\"><span>Lire la suite<\/span><\/div><\/a><\/div><div class=\"custom-slider-item\"><a href=\"https:\/\/www.deepki.com\/fr\/blog\/dora-secteur-financier-resilient\/\"><div class=\"custom-slider-img\"><img decoding=\"async\" width=\"420\" height=\"240\" src=\"https:\/\/www.deepki.com\/web\/wp-content\/uploads\/2025\/03\/edwin-splisser-GC7FLmgU5Z4-unsplash-420x240.jpg\" class=\"attachment-case-study-grid size-case-study-grid\" alt=\"\" srcset=\"https:\/\/www.deepki.com\/web\/wp-content\/uploads\/2025\/03\/edwin-splisser-GC7FLmgU5Z4-unsplash-420x240.jpg 420w, https:\/\/www.deepki.com\/web\/wp-content\/uploads\/2025\/03\/edwin-splisser-GC7FLmgU5Z4-unsplash-350x200.jpg 350w\" sizes=\"(max-width: 420px) 100vw, 420px\" \/><div class=\"white-logo-over over25\"><\/div><\/div><div class=\"gap custom-slider-title\">DORA : Tout savoir sur la r\u00e9glementation europ\u00e9enne pour un secteur financier r\u00e9silient<\/div><div class=\"gap custom-slider-readmore\"><span>Lire la suite<\/span><\/div><\/a><\/div><div class=\"custom-slider-item\"><a href=\"https:\/\/www.deepki.com\/fr\/blog\/impact-deepki-innovation\/\"><div class=\"custom-slider-img\"><img decoding=\"async\" width=\"420\" height=\"240\" src=\"https:\/\/www.deepki.com\/web\/wp-content\/uploads\/2024\/03\/Deepki_Ready_Features_Release_Blog_article_Visual_02.001-420x240.jpeg\" class=\"attachment-case-study-grid size-case-study-grid\" alt=\"Laptop with Deepki logo on the screen\" srcset=\"https:\/\/www.deepki.com\/web\/wp-content\/uploads\/2024\/03\/Deepki_Ready_Features_Release_Blog_article_Visual_02.001-420x240.jpeg 420w, https:\/\/www.deepki.com\/web\/wp-content\/uploads\/2024\/03\/Deepki_Ready_Features_Release_Blog_article_Visual_02.001-350x200.jpeg 350w\" sizes=\"(max-width: 420px) 100vw, 420px\" \/><div class=\"white-logo-over over25\"><\/div><\/div><div class=\"gap custom-slider-title\">Nouveaut\u00e9s de Deepki : simplifier la gestion de votre portefeuille et maximiser votre impact<\/div><div class=\"gap custom-slider-readmore\"><span>Lire la suite<\/span><\/div><\/a><\/div><div class=\"custom-slider-item\"><a href=\"https:\/\/www.deepki.com\/fr\/blog\/expo-real-decarboner-limmobilier\/\"><div class=\"custom-slider-img\"><img decoding=\"async\" width=\"420\" height=\"240\" src=\"https:\/\/www.deepki.com\/web\/wp-content\/uploads\/2024\/11\/EN-Expo-blog-featured-image-420x240.jpg\" class=\"attachment-case-study-grid size-case-study-grid\" alt=\"Modern office buildings under a clear blue sky\" srcset=\"https:\/\/www.deepki.com\/web\/wp-content\/uploads\/2024\/11\/EN-Expo-blog-featured-image-420x240.jpg 420w, https:\/\/www.deepki.com\/web\/wp-content\/uploads\/2024\/11\/EN-Expo-blog-featured-image-80x47.jpg 80w, https:\/\/www.deepki.com\/web\/wp-content\/uploads\/2024\/11\/EN-Expo-blog-featured-image-350x200.jpg 350w\" sizes=\"(max-width: 420px) 100vw, 420px\" \/><div class=\"white-logo-over over25\"><\/div><\/div><div class=\"gap custom-slider-title\">Expo Real 2024 : donn\u00e9es et r\u00e9novation, un duo cl\u00e9 pour d\u00e9carboner l&rsquo;immobilier<\/div><div class=\"gap custom-slider-readmore\"><span>Lire la suite<\/span><\/div><\/a><\/div><div class=\"custom-slider-item\"><a href=\"https:\/\/www.deepki.com\/fr\/blog\/durabilite-aux-etats-unis-ou-en-est-le-secteur-immobilier\/\"><div class=\"custom-slider-img\"><img decoding=\"async\" width=\"420\" height=\"240\" src=\"https:\/\/www.deepki.com\/web\/wp-content\/uploads\/2024\/11\/nik-shuliahin-L4JWn8HHJ30-unsplash-420x240.jpg\" class=\"attachment-case-study-grid size-case-study-grid\" alt=\"American flag hanging between tall office buildings in a city\" srcset=\"https:\/\/www.deepki.com\/web\/wp-content\/uploads\/2024\/11\/nik-shuliahin-L4JWn8HHJ30-unsplash-420x240.jpg 420w, https:\/\/www.deepki.com\/web\/wp-content\/uploads\/2024\/11\/nik-shuliahin-L4JWn8HHJ30-unsplash-350x200.jpg 350w\" sizes=\"(max-width: 420px) 100vw, 420px\" \/><div class=\"white-logo-over over25\"><\/div><\/div><div class=\"gap custom-slider-title\">Durabilit\u00e9 aux \u00c9tats-Unis : o\u00f9 en est le secteur immobilier ?<\/div><div class=\"gap custom-slider-readmore\"><span>Lire la suite<\/span><\/div><\/a><\/div><\/div><\/div><div class=\"gap44 center\"><a href=\"https:\/\/www.deepki.com\/fr\/blog\/\" class=\"btn\">D\u00e9couvrez-en plus<\/a><\/div><\/div>\n\n<div class=\"heritage-green-bg custom-block-title-cta\"><div class=\"width-wrapper center\"><div class=\"home-section3cta2-title\">Inscrivez-vous \u00e0 la newsletter<\/div><a href=\"https:\/\/www.deepki.com\/fr\/contact\/\" target=\"_blank\" class=\"btn\">S&rsquo;inscrire<\/a><\/div><\/div>","protected":false},"excerpt":{"rendered":"","protected":false},"author":1,"featured_media":56506,"parent":0,"menu_order":0,"comment_status":"closed","ping_status":"closed","template":"","meta":{"inline_featured_image":false,"footnotes":""},"class_list":["post-56286","page","type-page","status-publish","has-post-thumbnail","hentry"],"yoast_head":"<!-- This site is optimized with the Yoast SEO plugin v27.3 - https:\/\/yoast.com\/product\/yoast-seo-wordpress\/ -->\n<title>Ressources - Deepki<\/title>\n<meta name=\"description\" content=\"Parcourez notre blog, webinaires, livres blancs, infographies, success stories et glossaire pour tout savoir sur les enjeux li\u00e9s \u00e0 l&#039;ESG.\" \/>\n<meta name=\"robots\" content=\"index, follow, max-snippet:-1, max-image-preview:large, max-video-preview:-1\" \/>\n<link rel=\"canonical\" href=\"https:\/\/www.deepki.com\/fr\/ressources\/\" \/>\n<meta property=\"og:locale\" content=\"fr_FR\" \/>\n<meta property=\"og:type\" content=\"article\" \/>\n<meta property=\"og:title\" content=\"Ressources - Deepki\" \/>\n<meta property=\"og:description\" content=\"Parcourez notre blog, webinaires, livres blancs, infographies, success stories et glossaire pour tout savoir sur les enjeux li\u00e9s \u00e0 l&#039;ESG.\" \/>\n<meta property=\"og:url\" content=\"https:\/\/www.deepki.com\/fr\/ressources\/\" \/>\n<meta property=\"og:site_name\" content=\"Deepki\" \/>\n<meta property=\"article:publisher\" content=\"https:\/\/www.facebook.com\/DeepkiSAS\/\" \/>\n<meta property=\"article:modified_time\" content=\"2025-05-26T09:30:24+00:00\" \/>\n<meta property=\"og:image\" content=\"https:\/\/www.deepki.com\/web\/wp-content\/uploads\/2021\/08\/Ressources_FI.jpg\" \/>\n\t<meta property=\"og:image:width\" content=\"1200\" \/>\n\t<meta property=\"og:image:height\" content=\"628\" \/>\n\t<meta property=\"og:image:type\" content=\"image\/jpeg\" \/>\n<meta name=\"twitter:card\" content=\"summary_large_image\" \/>\n<meta name=\"twitter:title\" content=\"Ressources - Deepki\" \/>\n<meta name=\"twitter:description\" content=\"Parcourez notre blog, webinaires, livres blancs, infographies, success stories et glossaire pour tout savoir sur les enjeux li\u00e9s \u00e0 l&#039;ESG.\" \/>\n<meta name=\"twitter:site\" content=\"@DeepkiSAS\" \/>\n<meta name=\"twitter:label1\" content=\"Dur\u00e9e de lecture estim\u00e9e\" \/>\n\t<meta name=\"twitter:data1\" content=\"1 minute\" \/>\n<script type=\"application\/ld+json\" class=\"yoast-schema-graph\">{\"@context\":\"https:\\\/\\\/schema.org\",\"@graph\":[{\"@type\":\"WebPage\",\"@id\":\"https:\\\/\\\/www.deepki.com\\\/fr\\\/ressources\\\/\",\"url\":\"https:\\\/\\\/www.deepki.com\\\/fr\\\/ressources\\\/\",\"name\":\"Ressources - Deepki\",\"isPartOf\":{\"@id\":\"https:\\\/\\\/www.deepki.com\\\/fr\\\/#website\"},\"primaryImageOfPage\":{\"@id\":\"https:\\\/\\\/www.deepki.com\\\/fr\\\/ressources\\\/#primaryimage\"},\"image\":{\"@id\":\"https:\\\/\\\/www.deepki.com\\\/fr\\\/ressources\\\/#primaryimage\"},\"thumbnailUrl\":\"https:\\\/\\\/www.deepki.com\\\/web\\\/wp-content\\\/uploads\\\/2021\\\/08\\\/Ressources_FI.jpg\",\"datePublished\":\"2021-08-03T13:17:45+00:00\",\"dateModified\":\"2025-05-26T09:30:24+00:00\",\"description\":\"Parcourez notre blog, webinaires, livres blancs, infographies, success stories et glossaire pour tout savoir sur les enjeux li\u00e9s \u00e0 l'ESG.\",\"breadcrumb\":{\"@id\":\"https:\\\/\\\/www.deepki.com\\\/fr\\\/ressources\\\/#breadcrumb\"},\"inLanguage\":\"fr-FR\",\"potentialAction\":[{\"@type\":\"ReadAction\",\"target\":[\"https:\\\/\\\/www.deepki.com\\\/fr\\\/ressources\\\/\"]}]},{\"@type\":\"ImageObject\",\"inLanguage\":\"fr-FR\",\"@id\":\"https:\\\/\\\/www.deepki.com\\\/fr\\\/ressources\\\/#primaryimage\",\"url\":\"https:\\\/\\\/www.deepki.com\\\/web\\\/wp-content\\\/uploads\\\/2021\\\/08\\\/Ressources_FI.jpg\",\"contentUrl\":\"https:\\\/\\\/www.deepki.com\\\/web\\\/wp-content\\\/uploads\\\/2021\\\/08\\\/Ressources_FI.jpg\",\"width\":1200,\"height\":628},{\"@type\":\"BreadcrumbList\",\"@id\":\"https:\\\/\\\/www.deepki.com\\\/fr\\\/ressources\\\/#breadcrumb\",\"itemListElement\":[{\"@type\":\"ListItem\",\"position\":1,\"name\":\"Home\",\"item\":\"https:\\\/\\\/www.deepki.com\\\/fr\\\/\"},{\"@type\":\"ListItem\",\"position\":2,\"name\":\"Ressources\"}]},{\"@type\":\"WebSite\",\"@id\":\"https:\\\/\\\/www.deepki.com\\\/fr\\\/#website\",\"url\":\"https:\\\/\\\/www.deepki.com\\\/fr\\\/\",\"name\":\"Deepki\",\"description\":\"Together, let&#039;s make your real estate more sustainable thanks to data!\",\"publisher\":{\"@id\":\"https:\\\/\\\/www.deepki.com\\\/fr\\\/#organization\"},\"potentialAction\":[{\"@type\":\"SearchAction\",\"target\":{\"@type\":\"EntryPoint\",\"urlTemplate\":\"https:\\\/\\\/www.deepki.com\\\/fr\\\/?s={search_term_string}\"},\"query-input\":{\"@type\":\"PropertyValueSpecification\",\"valueRequired\":true,\"valueName\":\"search_term_string\"}}],\"inLanguage\":\"fr-FR\"},{\"@type\":\"Organization\",\"@id\":\"https:\\\/\\\/www.deepki.com\\\/fr\\\/#organization\",\"name\":\"Deepki\",\"url\":\"https:\\\/\\\/www.deepki.com\\\/fr\\\/\",\"logo\":{\"@type\":\"ImageObject\",\"inLanguage\":\"fr-FR\",\"@id\":\"https:\\\/\\\/www.deepki.com\\\/fr\\\/#\\\/schema\\\/logo\\\/image\\\/\",\"url\":\"https:\\\/\\\/www.deepki.com\\\/web\\\/wp-content\\\/uploads\\\/2021\\\/08\\\/deepki-logo.jpg\",\"contentUrl\":\"https:\\\/\\\/www.deepki.com\\\/web\\\/wp-content\\\/uploads\\\/2021\\\/08\\\/deepki-logo.jpg\",\"width\":880,\"height\":360,\"caption\":\"Deepki\"},\"image\":{\"@id\":\"https:\\\/\\\/www.deepki.com\\\/fr\\\/#\\\/schema\\\/logo\\\/image\\\/\"},\"sameAs\":[\"https:\\\/\\\/www.facebook.com\\\/DeepkiSAS\\\/\",\"https:\\\/\\\/x.com\\\/DeepkiSAS\",\"https:\\\/\\\/www.linkedin.com\\\/company\\\/deepki\"]}]}<\/script>\n<!-- \/ Yoast SEO plugin. -->","yoast_head_json":{"title":"Ressources - Deepki","description":"Parcourez notre blog, webinaires, livres blancs, infographies, success stories et glossaire pour tout savoir sur les enjeux li\u00e9s \u00e0 l'ESG.","robots":{"index":"index","follow":"follow","max-snippet":"max-snippet:-1","max-image-preview":"max-image-preview:large","max-video-preview":"max-video-preview:-1"},"canonical":"https:\/\/www.deepki.com\/fr\/ressources\/","og_locale":"fr_FR","og_type":"article","og_title":"Ressources - Deepki","og_description":"Parcourez notre blog, webinaires, livres blancs, infographies, success stories et glossaire pour tout savoir sur les enjeux li\u00e9s \u00e0 l'ESG.","og_url":"https:\/\/www.deepki.com\/fr\/ressources\/","og_site_name":"Deepki","article_publisher":"https:\/\/www.facebook.com\/DeepkiSAS\/","article_modified_time":"2025-05-26T09:30:24+00:00","og_image":[{"width":1200,"height":628,"url":"https:\/\/www.deepki.com\/web\/wp-content\/uploads\/2021\/08\/Ressources_FI.jpg","type":"image\/jpeg"}],"twitter_card":"summary_large_image","twitter_title":"Ressources - Deepki","twitter_description":"Parcourez notre blog, webinaires, livres blancs, infographies, success stories et glossaire pour tout savoir sur les enjeux li\u00e9s \u00e0 l'ESG.","twitter_site":"@DeepkiSAS","twitter_misc":{"Dur\u00e9e de lecture estim\u00e9e":"1 minute"},"schema":{"@context":"https:\/\/schema.org","@graph":[{"@type":"WebPage","@id":"https:\/\/www.deepki.com\/fr\/ressources\/","url":"https:\/\/www.deepki.com\/fr\/ressources\/","name":"Ressources - Deepki","isPartOf":{"@id":"https:\/\/www.deepki.com\/fr\/#website"},"primaryImageOfPage":{"@id":"https:\/\/www.deepki.com\/fr\/ressources\/#primaryimage"},"image":{"@id":"https:\/\/www.deepki.com\/fr\/ressources\/#primaryimage"},"thumbnailUrl":"https:\/\/www.deepki.com\/web\/wp-content\/uploads\/2021\/08\/Ressources_FI.jpg","datePublished":"2021-08-03T13:17:45+00:00","dateModified":"2025-05-26T09:30:24+00:00","description":"Parcourez notre blog, webinaires, livres blancs, infographies, success stories et glossaire pour tout savoir sur les enjeux li\u00e9s \u00e0 l'ESG.","breadcrumb":{"@id":"https:\/\/www.deepki.com\/fr\/ressources\/#breadcrumb"},"inLanguage":"fr-FR","potentialAction":[{"@type":"ReadAction","target":["https:\/\/www.deepki.com\/fr\/ressources\/"]}]},{"@type":"ImageObject","inLanguage":"fr-FR","@id":"https:\/\/www.deepki.com\/fr\/ressources\/#primaryimage","url":"https:\/\/www.deepki.com\/web\/wp-content\/uploads\/2021\/08\/Ressources_FI.jpg","contentUrl":"https:\/\/www.deepki.com\/web\/wp-content\/uploads\/2021\/08\/Ressources_FI.jpg","width":1200,"height":628},{"@type":"BreadcrumbList","@id":"https:\/\/www.deepki.com\/fr\/ressources\/#breadcrumb","itemListElement":[{"@type":"ListItem","position":1,"name":"Home","item":"https:\/\/www.deepki.com\/fr\/"},{"@type":"ListItem","position":2,"name":"Ressources"}]},{"@type":"WebSite","@id":"https:\/\/www.deepki.com\/fr\/#website","url":"https:\/\/www.deepki.com\/fr\/","name":"Deepki","description":"Together, let&#039;s make your real estate more sustainable thanks to data!","publisher":{"@id":"https:\/\/www.deepki.com\/fr\/#organization"},"potentialAction":[{"@type":"SearchAction","target":{"@type":"EntryPoint","urlTemplate":"https:\/\/www.deepki.com\/fr\/?s={search_term_string}"},"query-input":{"@type":"PropertyValueSpecification","valueRequired":true,"valueName":"search_term_string"}}],"inLanguage":"fr-FR"},{"@type":"Organization","@id":"https:\/\/www.deepki.com\/fr\/#organization","name":"Deepki","url":"https:\/\/www.deepki.com\/fr\/","logo":{"@type":"ImageObject","inLanguage":"fr-FR","@id":"https:\/\/www.deepki.com\/fr\/#\/schema\/logo\/image\/","url":"https:\/\/www.deepki.com\/web\/wp-content\/uploads\/2021\/08\/deepki-logo.jpg","contentUrl":"https:\/\/www.deepki.com\/web\/wp-content\/uploads\/2021\/08\/deepki-logo.jpg","width":880,"height":360,"caption":"Deepki"},"image":{"@id":"https:\/\/www.deepki.com\/fr\/#\/schema\/logo\/image\/"},"sameAs":["https:\/\/www.facebook.com\/DeepkiSAS\/","https:\/\/x.com\/DeepkiSAS","https:\/\/www.linkedin.com\/company\/deepki"]}]}},"_links":{"self":[{"href":"https:\/\/www.deepki.com\/fr\/wp-json\/wp\/v2\/pages\/56286","targetHints":{"allow":["GET"]}}],"collection":[{"href":"https:\/\/www.deepki.com\/fr\/wp-json\/wp\/v2\/pages"}],"about":[{"href":"https:\/\/www.deepki.com\/fr\/wp-json\/wp\/v2\/types\/page"}],"author":[{"embeddable":true,"href":"https:\/\/www.deepki.com\/fr\/wp-json\/wp\/v2\/users\/1"}],"replies":[{"embeddable":true,"href":"https:\/\/www.deepki.com\/fr\/wp-json\/wp\/v2\/comments?post=56286"}],"version-history":[{"count":32,"href":"https:\/\/www.deepki.com\/fr\/wp-json\/wp\/v2\/pages\/56286\/revisions"}],"predecessor-version":[{"id":96350,"href":"https:\/\/www.deepki.com\/fr\/wp-json\/wp\/v2\/pages\/56286\/revisions\/96350"}],"wp:featuredmedia":[{"embeddable":true,"href":"https:\/\/www.deepki.com\/fr\/wp-json\/wp\/v2\/media\/56506"}],"wp:attachment":[{"href":"https:\/\/www.deepki.com\/fr\/wp-json\/wp\/v2\/media?parent=56286"}],"curies":[{"name":"wp","href":"https:\/\/api.w.org\/{rel}","templated":true}]}}