{"id":57469,"date":"2021-08-17T13:53:23","date_gmt":"2021-08-17T13:53:23","guid":{"rendered":"https:\/\/www.deepki.com\/web\/?page_id=57469"},"modified":"2026-01-05T14:55:13","modified_gmt":"2026-01-05T13:55:13","slug":"carrieres","status":"publish","type":"page","link":"https:\/\/www.deepki.com\/fr\/a-propos\/carrieres\/","title":{"rendered":"Carri\u00e8res"},"content":{"rendered":"<div class=\"custom-block-top-header homepage-header relative black-bg white vertical-middle\">\t\r\n\t<div class=\"homepage-header-row\">\r\n\t\t<div class=\"homepage-header-cell page-header\">\r\n\t\t\t<div class=\"homepage-title-wrapper center\"> \r\n\t\t\t\t\t\t\t\t\t\t\t\t\t\t\t\t\t\t\t<h1 class=\"homepage-h1\">\r\n\t\t\t\t\t\t\t\t\t\tCulture &#038; Carri\u00e8res<\/h1>\r\n\t\t\t\t\t\t\t\t\t\t\t\t\r\n\t\t\t\t<div class=\"homepage-intro-p\">\r\n\t\t\t\t\tUne communaut\u00e9 d&rsquo;experts data et ESG d\u00e9termin\u00e9s \u00e0 agir pour la plan\u00e8te et rendre les parc immobiliers vertueux.\t\t\t\t<\/div>\r\n\t\t\t\t\t\r\n\t\t\t\t\t\t\t\t\r\n\t\t\t\t<div class=\"homepage-intro-cta\">\r\n\t\t\t\t\t<a href=\"https:\/\/deepki.teamtailor.com\/\" target=\"_blank\" class=\"btn\">Nous rejoindre<\/a>\r\n\t\t\t\t<\/div>\r\n\t\t\t\t\t\t\t\t\r\n\t\t\t<\/div>\t\r\n\t\t\t<div class=\"homepage-header-svg-wrapper\" style=\"background-image:url('https:\/\/www.deepki.com\/web\/wp-content\/uploads\/2026\/01\/header_test_3-1440x900.jpg')\"><\/div>\t\r\n\t\t\t<div class=\"homepage-botarrow-wrapper\"><div class=\"homepage-botarrow\"><div class=\"homepage-botarrow-ico\"><\/div><\/div><\/div>\r\n\t\t<\/div>\t\r\n\t<\/div>\t\r\n<\/div>\t\t\t\r\n<div id=\"homepage-content\"><\/div>\t\r\n\n\n<div class=\"white-bg custom-text-left-img-right\"><div class=\"width-wrapper\">\r\n\t<div class=\"wp-block-columns\">\r\n\t\t<div class=\"wp-block-column\">\r\n\t\t\t<h2>Travailler chez Deepki<\/h2><p>Nos valeurs sont notre ligne directrice. A travers notre conduite, nos engagements, notre droiture et notre bienveillance, nous oeuvrons pour une meilleure performance environnementale globale.<\/p>\t\t<\/div>\r\n\t\t\t\t<div class=\"wp-block-column align-right\">\r\n\t\t\t<img decoding=\"async\" width=\"640\" height=\"400\" src=\"https:\/\/www.deepki.com\/web\/wp-content\/uploads\/2026\/01\/deepki_boat_offsite.jpeg\" class=\"attachment-custom-block-right-img size-custom-block-right-img\" alt=\"\" srcset=\"https:\/\/www.deepki.com\/web\/wp-content\/uploads\/2026\/01\/deepki_boat_offsite.jpeg 640w, https:\/\/www.deepki.com\/web\/wp-content\/uploads\/2026\/01\/deepki_boat_offsite-300x188.jpeg 300w, https:\/\/www.deepki.com\/web\/wp-content\/uploads\/2026\/01\/deepki_boat_offsite-128x80.jpeg 128w, https:\/\/www.deepki.com\/web\/wp-content\/uploads\/2026\/01\/deepki_boat_offsite-80x50.jpeg 80w, https:\/\/www.deepki.com\/web\/wp-content\/uploads\/2026\/01\/deepki_boat_offsite-256x160.jpeg 256w\" sizes=\"(max-width: 640px) 100vw, 640px\" \/>\t\t<\/div>\r\n\t<\/div>\r\n<\/div>\r\n<\/div>\r\n\t\n\n<div class=\"custom-slider-grey-wrapper charcoal-grey-bg white\"><h2 class=\"center\">De belles ambitions se cr\u00e9e un bel environnement de travail<\/h2><div class=\"custom-slider-grey\"><div class=\"custom-slide-grey\"><h4>Travailler avec conviction<\/h4><p>Notre travail a du sens. Avoir un impact positif sur le monde est un facteur important pour chacun d&rsquo;entre nous chez Deepki. Nous mettons toute notre \u00e9nergie \u00e0 rendre le secteur de l&rsquo;immobilier plus durable.<\/p><\/div><div class=\"custom-slide-grey\"><h4>Travailler \u00e0 l&rsquo;\u00e9tranger<\/h4><p>Pr\u00e9sent dans 11 pays et avec 28 nationalit\u00e9s diff\u00e9rentes, l&rsquo;environnement de travail chez Deepki est riche et multiculturel.<\/p><\/div><div class=\"custom-slide-grey\"><h4>Bien-\u00eatre au travail<\/h4><p>Avec une moyenne de 4,5\/5, les employ\u00e9s de Deepki appr\u00e9cient leur environnement de travail et reconnaissent qu&rsquo;il contribue \u00e0 leur \u00e9panouissement professionnel et personnel. <\/p><\/div><div class=\"custom-slide-grey\"><h4>Vivez une exp\u00e9rience humaine<\/h4><p>Mont\u00e9e en comp\u00e9tences, r\u00e9elles responsabilit\u00e9s, am\u00e9nagement du temps de travail, bien-\u00eatre des salari\u00e9s, etc. Embarquez dans une vraie exp\u00e9rience humaine ! <\/p><\/div><\/div><\/div>\n\n<div class=\"heritage-green-bg custom-block-title-cta\"><div class=\"width-wrapper center\"><div class=\"home-section3cta2-title\">Rejoignez les Deepkies<\/div><div class=\"homepage-intro-p\">Contribuez \u00e0 rendre l&rsquo;immobilier plus durable.<\/div><a href=\"https:\/\/deepki.teamtailor.com\/\" target=\"_blank\" class=\"btn\">D\u00e9couvrir les offres<\/a><\/div><\/div>","protected":false},"excerpt":{"rendered":"","protected":false},"author":71,"featured_media":56620,"parent":56293,"menu_order":0,"comment_status":"closed","ping_status":"closed","template":"","meta":{"inline_featured_image":false,"footnotes":""},"class_list":["post-57469","page","type-page","status-publish","has-post-thumbnail","hentry"],"yoast_head":"<!-- This site is optimized with the Yoast SEO plugin v27.1.1 - https:\/\/yoast.com\/product\/yoast-seo-wordpress\/ -->\n<title>Carri\u00e8res - Deepki<\/title>\n<meta name=\"description\" content=\"Une communaut\u00e9 d&#039;experts data et ESG d\u00e9termin\u00e9s \u00e0 agir pour la plan\u00e8te et rendre les parc immobiliers vertueux.\" \/>\n<meta name=\"robots\" content=\"index, follow, max-snippet:-1, max-image-preview:large, max-video-preview:-1\" \/>\n<link rel=\"canonical\" href=\"https:\/\/www.deepki.com\/fr\/a-propos\/carrieres\/\" \/>\n<meta property=\"og:locale\" content=\"fr_FR\" \/>\n<meta property=\"og:type\" content=\"article\" \/>\n<meta property=\"og:title\" content=\"Carri\u00e8res - Deepki\" \/>\n<meta property=\"og:description\" content=\"Une communaut\u00e9 d&#039;experts data et ESG d\u00e9termin\u00e9s \u00e0 agir pour la plan\u00e8te et rendre les parc immobiliers vertueux.\" \/>\n<meta property=\"og:url\" content=\"https:\/\/www.deepki.com\/fr\/a-propos\/carrieres\/\" \/>\n<meta property=\"og:site_name\" content=\"Deepki\" \/>\n<meta property=\"article:publisher\" content=\"https:\/\/www.facebook.com\/DeepkiSAS\/\" \/>\n<meta property=\"article:modified_time\" content=\"2026-01-05T13:55:13+00:00\" \/>\n<meta property=\"og:image\" content=\"https:\/\/www.deepki.com\/web\/wp-content\/uploads\/2021\/08\/Home_FI.jpg\" \/>\n\t<meta property=\"og:image:width\" content=\"1200\" \/>\n\t<meta property=\"og:image:height\" content=\"628\" \/>\n\t<meta property=\"og:image:type\" content=\"image\/jpeg\" \/>\n<meta name=\"twitter:card\" content=\"summary_large_image\" \/>\n<meta name=\"twitter:title\" content=\"Carri\u00e8res - Deepki\" \/>\n<meta name=\"twitter:description\" content=\"Une communaut\u00e9 d&#039;experts data et ESG d\u00e9termin\u00e9s \u00e0 agir pour la plan\u00e8te et rendre les parc immobiliers vertueux.\" \/>\n<meta name=\"twitter:image\" content=\"https:\/\/www.deepki.com\/web\/wp-content\/uploads\/2021\/08\/Home_FI.jpg\" \/>\n<meta name=\"twitter:site\" content=\"@DeepkiSAS\" \/>\n<meta name=\"twitter:label1\" content=\"Dur\u00e9e de lecture estim\u00e9e\" \/>\n\t<meta name=\"twitter:data1\" content=\"1 minute\" \/>\n<script type=\"application\/ld+json\" class=\"yoast-schema-graph\">{\"@context\":\"https:\/\/schema.org\",\"@graph\":[{\"@type\":\"WebPage\",\"@id\":\"https:\/\/www.deepki.com\/fr\/a-propos\/carrieres\/\",\"url\":\"https:\/\/www.deepki.com\/fr\/a-propos\/carrieres\/\",\"name\":\"Carri\u00e8res - Deepki\",\"isPartOf\":{\"@id\":\"https:\/\/www.deepki.com\/fr\/#website\"},\"primaryImageOfPage\":{\"@id\":\"https:\/\/www.deepki.com\/fr\/a-propos\/carrieres\/#primaryimage\"},\"image\":{\"@id\":\"https:\/\/www.deepki.com\/fr\/a-propos\/carrieres\/#primaryimage\"},\"thumbnailUrl\":\"https:\/\/www.deepki.com\/web\/wp-content\/uploads\/2021\/08\/Home_FI.jpg\",\"datePublished\":\"2021-08-17T13:53:23+00:00\",\"dateModified\":\"2026-01-05T13:55:13+00:00\",\"description\":\"Une communaut\u00e9 d'experts data et ESG d\u00e9termin\u00e9s \u00e0 agir pour la plan\u00e8te et rendre les parc immobiliers vertueux.\",\"breadcrumb\":{\"@id\":\"https:\/\/www.deepki.com\/fr\/a-propos\/carrieres\/#breadcrumb\"},\"inLanguage\":\"fr-FR\",\"potentialAction\":[{\"@type\":\"ReadAction\",\"target\":[\"https:\/\/www.deepki.com\/fr\/a-propos\/carrieres\/\"]}]},{\"@type\":\"ImageObject\",\"inLanguage\":\"fr-FR\",\"@id\":\"https:\/\/www.deepki.com\/fr\/a-propos\/carrieres\/#primaryimage\",\"url\":\"https:\/\/www.deepki.com\/web\/wp-content\/uploads\/2021\/08\/Home_FI.jpg\",\"contentUrl\":\"https:\/\/www.deepki.com\/web\/wp-content\/uploads\/2021\/08\/Home_FI.jpg\",\"width\":1200,\"height\":628},{\"@type\":\"BreadcrumbList\",\"@id\":\"https:\/\/www.deepki.com\/fr\/a-propos\/carrieres\/#breadcrumb\",\"itemListElement\":[{\"@type\":\"ListItem\",\"position\":1,\"name\":\"Home\",\"item\":\"https:\/\/www.deepki.com\/fr\/\"},{\"@type\":\"ListItem\",\"position\":2,\"name\":\"A propos\",\"item\":\"https:\/\/www.deepki.com\/fr\/a-propos\/\"},{\"@type\":\"ListItem\",\"position\":3,\"name\":\"Carri\u00e8res\"}]},{\"@type\":\"WebSite\",\"@id\":\"https:\/\/www.deepki.com\/fr\/#website\",\"url\":\"https:\/\/www.deepki.com\/fr\/\",\"name\":\"Deepki\",\"description\":\"Together, let&#039;s make your real estate more sustainable thanks to data!\",\"publisher\":{\"@id\":\"https:\/\/www.deepki.com\/fr\/#organization\"},\"potentialAction\":[{\"@type\":\"SearchAction\",\"target\":{\"@type\":\"EntryPoint\",\"urlTemplate\":\"https:\/\/www.deepki.com\/fr\/?s={search_term_string}\"},\"query-input\":{\"@type\":\"PropertyValueSpecification\",\"valueRequired\":true,\"valueName\":\"search_term_string\"}}],\"inLanguage\":\"fr-FR\"},{\"@type\":\"Organization\",\"@id\":\"https:\/\/www.deepki.com\/fr\/#organization\",\"name\":\"Deepki\",\"url\":\"https:\/\/www.deepki.com\/fr\/\",\"logo\":{\"@type\":\"ImageObject\",\"inLanguage\":\"fr-FR\",\"@id\":\"https:\/\/www.deepki.com\/fr\/#\/schema\/logo\/image\/\",\"url\":\"https:\/\/www.deepki.com\/web\/wp-content\/uploads\/2021\/08\/deepki-logo.jpg\",\"contentUrl\":\"https:\/\/www.deepki.com\/web\/wp-content\/uploads\/2021\/08\/deepki-logo.jpg\",\"width\":880,\"height\":360,\"caption\":\"Deepki\"},\"image\":{\"@id\":\"https:\/\/www.deepki.com\/fr\/#\/schema\/logo\/image\/\"},\"sameAs\":[\"https:\/\/www.facebook.com\/DeepkiSAS\/\",\"https:\/\/x.com\/DeepkiSAS\",\"https:\/\/www.linkedin.com\/company\/deepki\"]}]}<\/script>\n<!-- \/ Yoast SEO plugin. -->","yoast_head_json":{"title":"Carri\u00e8res - Deepki","description":"Une communaut\u00e9 d'experts data et ESG d\u00e9termin\u00e9s \u00e0 agir pour la plan\u00e8te et rendre les parc immobiliers vertueux.","robots":{"index":"index","follow":"follow","max-snippet":"max-snippet:-1","max-image-preview":"max-image-preview:large","max-video-preview":"max-video-preview:-1"},"canonical":"https:\/\/www.deepki.com\/fr\/a-propos\/carrieres\/","og_locale":"fr_FR","og_type":"article","og_title":"Carri\u00e8res - Deepki","og_description":"Une communaut\u00e9 d'experts data et ESG d\u00e9termin\u00e9s \u00e0 agir pour la plan\u00e8te et rendre les parc immobiliers vertueux.","og_url":"https:\/\/www.deepki.com\/fr\/a-propos\/carrieres\/","og_site_name":"Deepki","article_publisher":"https:\/\/www.facebook.com\/DeepkiSAS\/","article_modified_time":"2026-01-05T13:55:13+00:00","og_image":[{"width":1200,"height":628,"url":"https:\/\/www.deepki.com\/web\/wp-content\/uploads\/2021\/08\/Home_FI.jpg","type":"image\/jpeg"}],"twitter_card":"summary_large_image","twitter_title":"Carri\u00e8res - Deepki","twitter_description":"Une communaut\u00e9 d'experts data et ESG d\u00e9termin\u00e9s \u00e0 agir pour la plan\u00e8te et rendre les parc immobiliers vertueux.","twitter_image":"https:\/\/www.deepki.com\/web\/wp-content\/uploads\/2021\/08\/Home_FI.jpg","twitter_site":"@DeepkiSAS","twitter_misc":{"Dur\u00e9e de lecture estim\u00e9e":"1 minute"},"schema":{"@context":"https:\/\/schema.org","@graph":[{"@type":"WebPage","@id":"https:\/\/www.deepki.com\/fr\/a-propos\/carrieres\/","url":"https:\/\/www.deepki.com\/fr\/a-propos\/carrieres\/","name":"Carri\u00e8res - Deepki","isPartOf":{"@id":"https:\/\/www.deepki.com\/fr\/#website"},"primaryImageOfPage":{"@id":"https:\/\/www.deepki.com\/fr\/a-propos\/carrieres\/#primaryimage"},"image":{"@id":"https:\/\/www.deepki.com\/fr\/a-propos\/carrieres\/#primaryimage"},"thumbnailUrl":"https:\/\/www.deepki.com\/web\/wp-content\/uploads\/2021\/08\/Home_FI.jpg","datePublished":"2021-08-17T13:53:23+00:00","dateModified":"2026-01-05T13:55:13+00:00","description":"Une communaut\u00e9 d'experts data et ESG d\u00e9termin\u00e9s \u00e0 agir pour la plan\u00e8te et rendre les parc immobiliers vertueux.","breadcrumb":{"@id":"https:\/\/www.deepki.com\/fr\/a-propos\/carrieres\/#breadcrumb"},"inLanguage":"fr-FR","potentialAction":[{"@type":"ReadAction","target":["https:\/\/www.deepki.com\/fr\/a-propos\/carrieres\/"]}]},{"@type":"ImageObject","inLanguage":"fr-FR","@id":"https:\/\/www.deepki.com\/fr\/a-propos\/carrieres\/#primaryimage","url":"https:\/\/www.deepki.com\/web\/wp-content\/uploads\/2021\/08\/Home_FI.jpg","contentUrl":"https:\/\/www.deepki.com\/web\/wp-content\/uploads\/2021\/08\/Home_FI.jpg","width":1200,"height":628},{"@type":"BreadcrumbList","@id":"https:\/\/www.deepki.com\/fr\/a-propos\/carrieres\/#breadcrumb","itemListElement":[{"@type":"ListItem","position":1,"name":"Home","item":"https:\/\/www.deepki.com\/fr\/"},{"@type":"ListItem","position":2,"name":"A propos","item":"https:\/\/www.deepki.com\/fr\/a-propos\/"},{"@type":"ListItem","position":3,"name":"Carri\u00e8res"}]},{"@type":"WebSite","@id":"https:\/\/www.deepki.com\/fr\/#website","url":"https:\/\/www.deepki.com\/fr\/","name":"Deepki","description":"Together, let&#039;s make your real estate more sustainable thanks to data!","publisher":{"@id":"https:\/\/www.deepki.com\/fr\/#organization"},"potentialAction":[{"@type":"SearchAction","target":{"@type":"EntryPoint","urlTemplate":"https:\/\/www.deepki.com\/fr\/?s={search_term_string}"},"query-input":{"@type":"PropertyValueSpecification","valueRequired":true,"valueName":"search_term_string"}}],"inLanguage":"fr-FR"},{"@type":"Organization","@id":"https:\/\/www.deepki.com\/fr\/#organization","name":"Deepki","url":"https:\/\/www.deepki.com\/fr\/","logo":{"@type":"ImageObject","inLanguage":"fr-FR","@id":"https:\/\/www.deepki.com\/fr\/#\/schema\/logo\/image\/","url":"https:\/\/www.deepki.com\/web\/wp-content\/uploads\/2021\/08\/deepki-logo.jpg","contentUrl":"https:\/\/www.deepki.com\/web\/wp-content\/uploads\/2021\/08\/deepki-logo.jpg","width":880,"height":360,"caption":"Deepki"},"image":{"@id":"https:\/\/www.deepki.com\/fr\/#\/schema\/logo\/image\/"},"sameAs":["https:\/\/www.facebook.com\/DeepkiSAS\/","https:\/\/x.com\/DeepkiSAS","https:\/\/www.linkedin.com\/company\/deepki"]}]}},"_links":{"self":[{"href":"https:\/\/www.deepki.com\/fr\/wp-json\/wp\/v2\/pages\/57469","targetHints":{"allow":["GET"]}}],"collection":[{"href":"https:\/\/www.deepki.com\/fr\/wp-json\/wp\/v2\/pages"}],"about":[{"href":"https:\/\/www.deepki.com\/fr\/wp-json\/wp\/v2\/types\/page"}],"author":[{"embeddable":true,"href":"https:\/\/www.deepki.com\/fr\/wp-json\/wp\/v2\/users\/71"}],"replies":[{"embeddable":true,"href":"https:\/\/www.deepki.com\/fr\/wp-json\/wp\/v2\/comments?post=57469"}],"version-history":[{"count":21,"href":"https:\/\/www.deepki.com\/fr\/wp-json\/wp\/v2\/pages\/57469\/revisions"}],"predecessor-version":[{"id":101056,"href":"https:\/\/www.deepki.com\/fr\/wp-json\/wp\/v2\/pages\/57469\/revisions\/101056"}],"up":[{"embeddable":true,"href":"https:\/\/www.deepki.com\/fr\/wp-json\/wp\/v2\/pages\/56293"}],"wp:featuredmedia":[{"embeddable":true,"href":"https:\/\/www.deepki.com\/fr\/wp-json\/wp\/v2\/media\/56620"}],"wp:attachment":[{"href":"https:\/\/www.deepki.com\/fr\/wp-json\/wp\/v2\/media?parent=57469"}],"curies":[{"name":"wp","href":"https:\/\/api.w.org\/{rel}","templated":true}]}}