{"id":58815,"date":"2021-09-09T10:32:49","date_gmt":"2021-09-09T10:32:49","guid":{"rendered":"https:\/\/www.deepki.com\/web\/?page_id=58815"},"modified":"2021-12-03T16:05:02","modified_gmt":"2021-12-03T16:05:02","slug":"webinaires-evenements","status":"publish","type":"page","link":"https:\/\/www.deepki.com\/fr\/ressources\/webinaires-evenements\/","title":{"rendered":"Webinaires &#038; Ev\u00e9nements"},"content":{"rendered":"","protected":false},"excerpt":{"rendered":"","protected":false},"author":71,"featured_media":61669,"parent":56286,"menu_order":0,"comment_status":"closed","ping_status":"closed","template":"page-templates\/webinars-page.php","meta":{"inline_featured_image":false,"footnotes":""},"class_list":["post-58815","page","type-page","status-publish","has-post-thumbnail","hentry"],"yoast_head":"<!-- This site is optimized with the Yoast SEO plugin v27.1.1 - https:\/\/yoast.com\/product\/yoast-seo-wordpress\/ -->\n<title>Webinaires &amp; Ev\u00e9nements - Deepki<\/title>\n<meta name=\"description\" content=\"Participez \u00e0 nos \u00e9v\u00e9nements et webinaires pour en apprendre plus sur l\u2019ESG, la decarbonisation, SFDR, taxonomie europ\u00e9enne, GRESB, CRREM et bien d\u2019autres sujets.\" \/>\n<meta name=\"robots\" content=\"index, follow, max-snippet:-1, max-image-preview:large, max-video-preview:-1\" \/>\n<link rel=\"canonical\" href=\"https:\/\/www.deepki.com\/fr\/ressources\/webinaires-evenements\/\" \/>\n<meta property=\"og:locale\" content=\"fr_FR\" \/>\n<meta property=\"og:type\" content=\"article\" \/>\n<meta property=\"og:title\" content=\"Webinaires &amp; Ev\u00e9nements - Deepki\" \/>\n<meta property=\"og:description\" content=\"Inscrivez-vous \u00e0 nos \u00e9v\u00e9nements et webinaires pour en apprendre plus sur l\u2019ESG, la decarbonisation, SFDR, taxonomie europ\u00e9enne, GRESB, CRREM et bien d\u2019autres sujets.\" \/>\n<meta property=\"og:url\" content=\"https:\/\/www.deepki.com\/fr\/ressources\/webinaires-evenements\/\" \/>\n<meta property=\"og:site_name\" content=\"Deepki\" \/>\n<meta property=\"article:publisher\" content=\"https:\/\/www.facebook.com\/DeepkiSAS\/\" \/>\n<meta property=\"article:modified_time\" content=\"2021-12-03T16:05:02+00:00\" \/>\n<meta property=\"og:image\" content=\"https:\/\/www.deepki.com\/web\/wp-content\/uploads\/2021\/08\/Home_FI.jpg\" \/>\n\t<meta property=\"og:image:width\" content=\"1200\" \/>\n\t<meta property=\"og:image:height\" content=\"628\" \/>\n\t<meta property=\"og:image:type\" content=\"image\/jpeg\" \/>\n<meta name=\"twitter:card\" content=\"summary_large_image\" \/>\n<meta name=\"twitter:title\" content=\"Webinaires &amp; Ev\u00e9nements - Deepki\" \/>\n<meta name=\"twitter:description\" content=\"Inscrivez-vous \u00e0 nos \u00e9v\u00e9nements et webinaires pour en apprendre plus sur l\u2019ESG, la decarbonisation, SFDR, taxonomie europ\u00e9enne, GRESB, CRREM et bien d\u2019autres sujets.\" \/>\n<meta name=\"twitter:image\" content=\"https:\/\/www.deepki.com\/web\/wp-content\/uploads\/2021\/08\/Home_FI.jpg\" \/>\n<meta name=\"twitter:site\" content=\"@DeepkiSAS\" \/>\n<script type=\"application\/ld+json\" class=\"yoast-schema-graph\">{\"@context\":\"https:\/\/schema.org\",\"@graph\":[{\"@type\":\"WebPage\",\"@id\":\"https:\/\/www.deepki.com\/fr\/ressources\/webinaires-evenements\/\",\"url\":\"https:\/\/www.deepki.com\/fr\/ressources\/webinaires-evenements\/\",\"name\":\"Webinaires & Ev\u00e9nements - Deepki\",\"isPartOf\":{\"@id\":\"https:\/\/www.deepki.com\/fr\/#website\"},\"primaryImageOfPage\":{\"@id\":\"https:\/\/www.deepki.com\/fr\/ressources\/webinaires-evenements\/#primaryimage\"},\"image\":{\"@id\":\"https:\/\/www.deepki.com\/fr\/ressources\/webinaires-evenements\/#primaryimage\"},\"thumbnailUrl\":\"https:\/\/www.deepki.com\/web\/wp-content\/uploads\/2021\/12\/sfdr_webinar.jpg\",\"datePublished\":\"2021-09-09T10:32:49+00:00\",\"dateModified\":\"2021-12-03T16:05:02+00:00\",\"description\":\"Participez \u00e0 nos \u00e9v\u00e9nements et webinaires pour en apprendre plus sur l\u2019ESG, la decarbonisation, SFDR, taxonomie europ\u00e9enne, GRESB, CRREM et bien d\u2019autres sujets.\",\"breadcrumb\":{\"@id\":\"https:\/\/www.deepki.com\/fr\/ressources\/webinaires-evenements\/#breadcrumb\"},\"inLanguage\":\"fr-FR\",\"potentialAction\":[{\"@type\":\"ReadAction\",\"target\":[\"https:\/\/www.deepki.com\/fr\/ressources\/webinaires-evenements\/\"]}]},{\"@type\":\"ImageObject\",\"inLanguage\":\"fr-FR\",\"@id\":\"https:\/\/www.deepki.com\/fr\/ressources\/webinaires-evenements\/#primaryimage\",\"url\":\"https:\/\/www.deepki.com\/web\/wp-content\/uploads\/2021\/12\/sfdr_webinar.jpg\",\"contentUrl\":\"https:\/\/www.deepki.com\/web\/wp-content\/uploads\/2021\/12\/sfdr_webinar.jpg\",\"width\":1440,\"height\":550},{\"@type\":\"BreadcrumbList\",\"@id\":\"https:\/\/www.deepki.com\/fr\/ressources\/webinaires-evenements\/#breadcrumb\",\"itemListElement\":[{\"@type\":\"ListItem\",\"position\":1,\"name\":\"Home\",\"item\":\"https:\/\/www.deepki.com\/fr\/\"},{\"@type\":\"ListItem\",\"position\":2,\"name\":\"Ressources\",\"item\":\"https:\/\/www.deepki.com\/fr\/ressources\/\"},{\"@type\":\"ListItem\",\"position\":3,\"name\":\"Webinaires &#038; Ev\u00e9nements\"}]},{\"@type\":\"WebSite\",\"@id\":\"https:\/\/www.deepki.com\/fr\/#website\",\"url\":\"https:\/\/www.deepki.com\/fr\/\",\"name\":\"Deepki\",\"description\":\"Together, let&#039;s make your real estate more sustainable thanks to data!\",\"publisher\":{\"@id\":\"https:\/\/www.deepki.com\/fr\/#organization\"},\"potentialAction\":[{\"@type\":\"SearchAction\",\"target\":{\"@type\":\"EntryPoint\",\"urlTemplate\":\"https:\/\/www.deepki.com\/fr\/?s={search_term_string}\"},\"query-input\":{\"@type\":\"PropertyValueSpecification\",\"valueRequired\":true,\"valueName\":\"search_term_string\"}}],\"inLanguage\":\"fr-FR\"},{\"@type\":\"Organization\",\"@id\":\"https:\/\/www.deepki.com\/fr\/#organization\",\"name\":\"Deepki\",\"url\":\"https:\/\/www.deepki.com\/fr\/\",\"logo\":{\"@type\":\"ImageObject\",\"inLanguage\":\"fr-FR\",\"@id\":\"https:\/\/www.deepki.com\/fr\/#\/schema\/logo\/image\/\",\"url\":\"https:\/\/www.deepki.com\/web\/wp-content\/uploads\/2021\/08\/deepki-logo.jpg\",\"contentUrl\":\"https:\/\/www.deepki.com\/web\/wp-content\/uploads\/2021\/08\/deepki-logo.jpg\",\"width\":880,\"height\":360,\"caption\":\"Deepki\"},\"image\":{\"@id\":\"https:\/\/www.deepki.com\/fr\/#\/schema\/logo\/image\/\"},\"sameAs\":[\"https:\/\/www.facebook.com\/DeepkiSAS\/\",\"https:\/\/x.com\/DeepkiSAS\",\"https:\/\/www.linkedin.com\/company\/deepki\"]}]}<\/script>\n<!-- \/ Yoast SEO plugin. -->","yoast_head_json":{"title":"Webinaires & Ev\u00e9nements - Deepki","description":"Participez \u00e0 nos \u00e9v\u00e9nements et webinaires pour en apprendre plus sur l\u2019ESG, la decarbonisation, SFDR, taxonomie europ\u00e9enne, GRESB, CRREM et bien d\u2019autres sujets.","robots":{"index":"index","follow":"follow","max-snippet":"max-snippet:-1","max-image-preview":"max-image-preview:large","max-video-preview":"max-video-preview:-1"},"canonical":"https:\/\/www.deepki.com\/fr\/ressources\/webinaires-evenements\/","og_locale":"fr_FR","og_type":"article","og_title":"Webinaires & Ev\u00e9nements - Deepki","og_description":"Inscrivez-vous \u00e0 nos \u00e9v\u00e9nements et webinaires pour en apprendre plus sur l\u2019ESG, la decarbonisation, SFDR, taxonomie europ\u00e9enne, GRESB, CRREM et bien d\u2019autres sujets.","og_url":"https:\/\/www.deepki.com\/fr\/ressources\/webinaires-evenements\/","og_site_name":"Deepki","article_publisher":"https:\/\/www.facebook.com\/DeepkiSAS\/","article_modified_time":"2021-12-03T16:05:02+00:00","og_image":[{"width":1200,"height":628,"url":"https:\/\/www.deepki.com\/web\/wp-content\/uploads\/2021\/08\/Home_FI.jpg","type":"image\/jpeg"}],"twitter_card":"summary_large_image","twitter_title":"Webinaires & Ev\u00e9nements - Deepki","twitter_description":"Inscrivez-vous \u00e0 nos \u00e9v\u00e9nements et webinaires pour en apprendre plus sur l\u2019ESG, la decarbonisation, SFDR, taxonomie europ\u00e9enne, GRESB, CRREM et bien d\u2019autres sujets.","twitter_image":"https:\/\/www.deepki.com\/web\/wp-content\/uploads\/2021\/08\/Home_FI.jpg","twitter_site":"@DeepkiSAS","schema":{"@context":"https:\/\/schema.org","@graph":[{"@type":"WebPage","@id":"https:\/\/www.deepki.com\/fr\/ressources\/webinaires-evenements\/","url":"https:\/\/www.deepki.com\/fr\/ressources\/webinaires-evenements\/","name":"Webinaires & Ev\u00e9nements - Deepki","isPartOf":{"@id":"https:\/\/www.deepki.com\/fr\/#website"},"primaryImageOfPage":{"@id":"https:\/\/www.deepki.com\/fr\/ressources\/webinaires-evenements\/#primaryimage"},"image":{"@id":"https:\/\/www.deepki.com\/fr\/ressources\/webinaires-evenements\/#primaryimage"},"thumbnailUrl":"https:\/\/www.deepki.com\/web\/wp-content\/uploads\/2021\/12\/sfdr_webinar.jpg","datePublished":"2021-09-09T10:32:49+00:00","dateModified":"2021-12-03T16:05:02+00:00","description":"Participez \u00e0 nos \u00e9v\u00e9nements et webinaires pour en apprendre plus sur l\u2019ESG, la decarbonisation, SFDR, taxonomie europ\u00e9enne, GRESB, CRREM et bien d\u2019autres sujets.","breadcrumb":{"@id":"https:\/\/www.deepki.com\/fr\/ressources\/webinaires-evenements\/#breadcrumb"},"inLanguage":"fr-FR","potentialAction":[{"@type":"ReadAction","target":["https:\/\/www.deepki.com\/fr\/ressources\/webinaires-evenements\/"]}]},{"@type":"ImageObject","inLanguage":"fr-FR","@id":"https:\/\/www.deepki.com\/fr\/ressources\/webinaires-evenements\/#primaryimage","url":"https:\/\/www.deepki.com\/web\/wp-content\/uploads\/2021\/12\/sfdr_webinar.jpg","contentUrl":"https:\/\/www.deepki.com\/web\/wp-content\/uploads\/2021\/12\/sfdr_webinar.jpg","width":1440,"height":550},{"@type":"BreadcrumbList","@id":"https:\/\/www.deepki.com\/fr\/ressources\/webinaires-evenements\/#breadcrumb","itemListElement":[{"@type":"ListItem","position":1,"name":"Home","item":"https:\/\/www.deepki.com\/fr\/"},{"@type":"ListItem","position":2,"name":"Ressources","item":"https:\/\/www.deepki.com\/fr\/ressources\/"},{"@type":"ListItem","position":3,"name":"Webinaires &#038; Ev\u00e9nements"}]},{"@type":"WebSite","@id":"https:\/\/www.deepki.com\/fr\/#website","url":"https:\/\/www.deepki.com\/fr\/","name":"Deepki","description":"Together, let&#039;s make your real estate more sustainable thanks to data!","publisher":{"@id":"https:\/\/www.deepki.com\/fr\/#organization"},"potentialAction":[{"@type":"SearchAction","target":{"@type":"EntryPoint","urlTemplate":"https:\/\/www.deepki.com\/fr\/?s={search_term_string}"},"query-input":{"@type":"PropertyValueSpecification","valueRequired":true,"valueName":"search_term_string"}}],"inLanguage":"fr-FR"},{"@type":"Organization","@id":"https:\/\/www.deepki.com\/fr\/#organization","name":"Deepki","url":"https:\/\/www.deepki.com\/fr\/","logo":{"@type":"ImageObject","inLanguage":"fr-FR","@id":"https:\/\/www.deepki.com\/fr\/#\/schema\/logo\/image\/","url":"https:\/\/www.deepki.com\/web\/wp-content\/uploads\/2021\/08\/deepki-logo.jpg","contentUrl":"https:\/\/www.deepki.com\/web\/wp-content\/uploads\/2021\/08\/deepki-logo.jpg","width":880,"height":360,"caption":"Deepki"},"image":{"@id":"https:\/\/www.deepki.com\/fr\/#\/schema\/logo\/image\/"},"sameAs":["https:\/\/www.facebook.com\/DeepkiSAS\/","https:\/\/x.com\/DeepkiSAS","https:\/\/www.linkedin.com\/company\/deepki"]}]}},"_links":{"self":[{"href":"https:\/\/www.deepki.com\/fr\/wp-json\/wp\/v2\/pages\/58815","targetHints":{"allow":["GET"]}}],"collection":[{"href":"https:\/\/www.deepki.com\/fr\/wp-json\/wp\/v2\/pages"}],"about":[{"href":"https:\/\/www.deepki.com\/fr\/wp-json\/wp\/v2\/types\/page"}],"author":[{"embeddable":true,"href":"https:\/\/www.deepki.com\/fr\/wp-json\/wp\/v2\/users\/71"}],"replies":[{"embeddable":true,"href":"https:\/\/www.deepki.com\/fr\/wp-json\/wp\/v2\/comments?post=58815"}],"version-history":[{"count":1,"href":"https:\/\/www.deepki.com\/fr\/wp-json\/wp\/v2\/pages\/58815\/revisions"}],"predecessor-version":[{"id":58818,"href":"https:\/\/www.deepki.com\/fr\/wp-json\/wp\/v2\/pages\/58815\/revisions\/58818"}],"up":[{"embeddable":true,"href":"https:\/\/www.deepki.com\/fr\/wp-json\/wp\/v2\/pages\/56286"}],"wp:featuredmedia":[{"embeddable":true,"href":"https:\/\/www.deepki.com\/fr\/wp-json\/wp\/v2\/media\/61669"}],"wp:attachment":[{"href":"https:\/\/www.deepki.com\/fr\/wp-json\/wp\/v2\/media?parent=58815"}],"curies":[{"name":"wp","href":"https:\/\/api.w.org\/{rel}","templated":true}]}}