{"id":58821,"date":"2021-09-09T10:37:37","date_gmt":"2021-09-09T10:37:37","guid":{"rendered":"https:\/\/www.deepki.com\/web\/?page_id=58821"},"modified":"2021-09-15T10:40:59","modified_gmt":"2021-09-15T10:40:59","slug":"white-papers-infographies","status":"publish","type":"page","link":"https:\/\/www.deepki.com\/fr\/ressources\/white-papers-infographies\/","title":{"rendered":"White papers &#038; Infographies"},"content":{"rendered":"","protected":false},"excerpt":{"rendered":"","protected":false},"author":71,"featured_media":56620,"parent":56286,"menu_order":0,"comment_status":"closed","ping_status":"closed","template":"page-templates\/whitepapers-page.php","meta":{"inline_featured_image":false,"footnotes":""},"class_list":["post-58821","page","type-page","status-publish","has-post-thumbnail","hentry"],"yoast_head":"<!-- This site is optimized with the Yoast SEO plugin v27.3 - https:\/\/yoast.com\/product\/yoast-seo-wordpress\/ -->\n<title>White papers &amp; Infographies - Deepki<\/title>\n<meta name=\"description\" content=\"D\u00e9couvrez les ressources associ\u00e9es au D\u00e9cret Tertiaire, le label RSE, la collecte de donn\u00e9es ESG et l&#039;efficacit\u00e9 \u00e9nerg\u00e9tique dans l&#039;immobilier.\" \/>\n<meta name=\"robots\" content=\"index, follow, max-snippet:-1, max-image-preview:large, max-video-preview:-1\" \/>\n<link rel=\"canonical\" href=\"https:\/\/www.deepki.com\/fr\/ressources\/white-papers-infographies\/\" \/>\n<meta property=\"og:locale\" content=\"fr_FR\" \/>\n<meta property=\"og:type\" content=\"article\" \/>\n<meta property=\"og:title\" content=\"White papers &amp; Infographies - Deepki\" \/>\n<meta property=\"og:description\" content=\"D\u00e9couvrez les ressources associ\u00e9es au D\u00e9cret Tertiaire, le label RSE, la collecte de donn\u00e9es ESG et l&#039;efficacit\u00e9 \u00e9nerg\u00e9tique dans l&#039;immobilier.\" \/>\n<meta property=\"og:url\" content=\"https:\/\/www.deepki.com\/fr\/ressources\/white-papers-infographies\/\" \/>\n<meta property=\"og:site_name\" content=\"Deepki\" \/>\n<meta property=\"article:publisher\" content=\"https:\/\/www.facebook.com\/DeepkiSAS\/\" \/>\n<meta property=\"article:modified_time\" content=\"2021-09-15T10:40:59+00:00\" \/>\n<meta property=\"og:image\" content=\"https:\/\/www.deepki.com\/web\/wp-content\/uploads\/2021\/08\/Home_FI.jpg\" \/>\n\t<meta property=\"og:image:width\" content=\"1200\" \/>\n\t<meta property=\"og:image:height\" content=\"628\" \/>\n\t<meta property=\"og:image:type\" content=\"image\/jpeg\" \/>\n<meta name=\"twitter:card\" content=\"summary_large_image\" \/>\n<meta name=\"twitter:title\" content=\"White papers &amp; Infographies - Deepki\" \/>\n<meta name=\"twitter:description\" content=\"D\u00e9couvrez les ressources associ\u00e9es au D\u00e9cret Tertiaire, le label RSE, la collecte de donn\u00e9es ESG et l&#039;efficacit\u00e9 \u00e9nerg\u00e9tique dans l&#039;immobilier.\" \/>\n<meta name=\"twitter:image\" content=\"https:\/\/www.deepki.com\/web\/wp-content\/uploads\/2021\/08\/Home_FI.jpg\" \/>\n<meta name=\"twitter:site\" content=\"@DeepkiSAS\" \/>\n<script type=\"application\/ld+json\" class=\"yoast-schema-graph\">{\"@context\":\"https:\\\/\\\/schema.org\",\"@graph\":[{\"@type\":\"WebPage\",\"@id\":\"https:\\\/\\\/www.deepki.com\\\/fr\\\/ressources\\\/white-papers-infographies\\\/\",\"url\":\"https:\\\/\\\/www.deepki.com\\\/fr\\\/ressources\\\/white-papers-infographies\\\/\",\"name\":\"White papers & Infographies - Deepki\",\"isPartOf\":{\"@id\":\"https:\\\/\\\/www.deepki.com\\\/fr\\\/#website\"},\"primaryImageOfPage\":{\"@id\":\"https:\\\/\\\/www.deepki.com\\\/fr\\\/ressources\\\/white-papers-infographies\\\/#primaryimage\"},\"image\":{\"@id\":\"https:\\\/\\\/www.deepki.com\\\/fr\\\/ressources\\\/white-papers-infographies\\\/#primaryimage\"},\"thumbnailUrl\":\"https:\\\/\\\/www.deepki.com\\\/web\\\/wp-content\\\/uploads\\\/2021\\\/08\\\/Home_FI.jpg\",\"datePublished\":\"2021-09-09T10:37:37+00:00\",\"dateModified\":\"2021-09-15T10:40:59+00:00\",\"description\":\"D\u00e9couvrez les ressources associ\u00e9es au D\u00e9cret Tertiaire, le label RSE, la collecte de donn\u00e9es ESG et l'efficacit\u00e9 \u00e9nerg\u00e9tique dans l'immobilier.\",\"breadcrumb\":{\"@id\":\"https:\\\/\\\/www.deepki.com\\\/fr\\\/ressources\\\/white-papers-infographies\\\/#breadcrumb\"},\"inLanguage\":\"fr-FR\",\"potentialAction\":[{\"@type\":\"ReadAction\",\"target\":[\"https:\\\/\\\/www.deepki.com\\\/fr\\\/ressources\\\/white-papers-infographies\\\/\"]}]},{\"@type\":\"ImageObject\",\"inLanguage\":\"fr-FR\",\"@id\":\"https:\\\/\\\/www.deepki.com\\\/fr\\\/ressources\\\/white-papers-infographies\\\/#primaryimage\",\"url\":\"https:\\\/\\\/www.deepki.com\\\/web\\\/wp-content\\\/uploads\\\/2021\\\/08\\\/Home_FI.jpg\",\"contentUrl\":\"https:\\\/\\\/www.deepki.com\\\/web\\\/wp-content\\\/uploads\\\/2021\\\/08\\\/Home_FI.jpg\",\"width\":1200,\"height\":628},{\"@type\":\"BreadcrumbList\",\"@id\":\"https:\\\/\\\/www.deepki.com\\\/fr\\\/ressources\\\/white-papers-infographies\\\/#breadcrumb\",\"itemListElement\":[{\"@type\":\"ListItem\",\"position\":1,\"name\":\"Home\",\"item\":\"https:\\\/\\\/www.deepki.com\\\/fr\\\/\"},{\"@type\":\"ListItem\",\"position\":2,\"name\":\"Ressources\",\"item\":\"https:\\\/\\\/www.deepki.com\\\/fr\\\/ressources\\\/\"},{\"@type\":\"ListItem\",\"position\":3,\"name\":\"White papers &#038; Infographies\"}]},{\"@type\":\"WebSite\",\"@id\":\"https:\\\/\\\/www.deepki.com\\\/fr\\\/#website\",\"url\":\"https:\\\/\\\/www.deepki.com\\\/fr\\\/\",\"name\":\"Deepki\",\"description\":\"Together, let&#039;s make your real estate more sustainable thanks to data!\",\"publisher\":{\"@id\":\"https:\\\/\\\/www.deepki.com\\\/fr\\\/#organization\"},\"potentialAction\":[{\"@type\":\"SearchAction\",\"target\":{\"@type\":\"EntryPoint\",\"urlTemplate\":\"https:\\\/\\\/www.deepki.com\\\/fr\\\/?s={search_term_string}\"},\"query-input\":{\"@type\":\"PropertyValueSpecification\",\"valueRequired\":true,\"valueName\":\"search_term_string\"}}],\"inLanguage\":\"fr-FR\"},{\"@type\":\"Organization\",\"@id\":\"https:\\\/\\\/www.deepki.com\\\/fr\\\/#organization\",\"name\":\"Deepki\",\"url\":\"https:\\\/\\\/www.deepki.com\\\/fr\\\/\",\"logo\":{\"@type\":\"ImageObject\",\"inLanguage\":\"fr-FR\",\"@id\":\"https:\\\/\\\/www.deepki.com\\\/fr\\\/#\\\/schema\\\/logo\\\/image\\\/\",\"url\":\"https:\\\/\\\/www.deepki.com\\\/web\\\/wp-content\\\/uploads\\\/2021\\\/08\\\/deepki-logo.jpg\",\"contentUrl\":\"https:\\\/\\\/www.deepki.com\\\/web\\\/wp-content\\\/uploads\\\/2021\\\/08\\\/deepki-logo.jpg\",\"width\":880,\"height\":360,\"caption\":\"Deepki\"},\"image\":{\"@id\":\"https:\\\/\\\/www.deepki.com\\\/fr\\\/#\\\/schema\\\/logo\\\/image\\\/\"},\"sameAs\":[\"https:\\\/\\\/www.facebook.com\\\/DeepkiSAS\\\/\",\"https:\\\/\\\/x.com\\\/DeepkiSAS\",\"https:\\\/\\\/www.linkedin.com\\\/company\\\/deepki\"]}]}<\/script>\n<!-- \/ Yoast SEO plugin. -->","yoast_head_json":{"title":"White papers & Infographies - Deepki","description":"D\u00e9couvrez les ressources associ\u00e9es au D\u00e9cret Tertiaire, le label RSE, la collecte de donn\u00e9es ESG et l'efficacit\u00e9 \u00e9nerg\u00e9tique dans l'immobilier.","robots":{"index":"index","follow":"follow","max-snippet":"max-snippet:-1","max-image-preview":"max-image-preview:large","max-video-preview":"max-video-preview:-1"},"canonical":"https:\/\/www.deepki.com\/fr\/ressources\/white-papers-infographies\/","og_locale":"fr_FR","og_type":"article","og_title":"White papers & Infographies - Deepki","og_description":"D\u00e9couvrez les ressources associ\u00e9es au D\u00e9cret Tertiaire, le label RSE, la collecte de donn\u00e9es ESG et l'efficacit\u00e9 \u00e9nerg\u00e9tique dans l'immobilier.","og_url":"https:\/\/www.deepki.com\/fr\/ressources\/white-papers-infographies\/","og_site_name":"Deepki","article_publisher":"https:\/\/www.facebook.com\/DeepkiSAS\/","article_modified_time":"2021-09-15T10:40:59+00:00","og_image":[{"width":1200,"height":628,"url":"https:\/\/www.deepki.com\/web\/wp-content\/uploads\/2021\/08\/Home_FI.jpg","type":"image\/jpeg"}],"twitter_card":"summary_large_image","twitter_title":"White papers & Infographies - Deepki","twitter_description":"D\u00e9couvrez les ressources associ\u00e9es au D\u00e9cret Tertiaire, le label RSE, la collecte de donn\u00e9es ESG et l'efficacit\u00e9 \u00e9nerg\u00e9tique dans l'immobilier.","twitter_image":"https:\/\/www.deepki.com\/web\/wp-content\/uploads\/2021\/08\/Home_FI.jpg","twitter_site":"@DeepkiSAS","schema":{"@context":"https:\/\/schema.org","@graph":[{"@type":"WebPage","@id":"https:\/\/www.deepki.com\/fr\/ressources\/white-papers-infographies\/","url":"https:\/\/www.deepki.com\/fr\/ressources\/white-papers-infographies\/","name":"White papers & Infographies - Deepki","isPartOf":{"@id":"https:\/\/www.deepki.com\/fr\/#website"},"primaryImageOfPage":{"@id":"https:\/\/www.deepki.com\/fr\/ressources\/white-papers-infographies\/#primaryimage"},"image":{"@id":"https:\/\/www.deepki.com\/fr\/ressources\/white-papers-infographies\/#primaryimage"},"thumbnailUrl":"https:\/\/www.deepki.com\/web\/wp-content\/uploads\/2021\/08\/Home_FI.jpg","datePublished":"2021-09-09T10:37:37+00:00","dateModified":"2021-09-15T10:40:59+00:00","description":"D\u00e9couvrez les ressources associ\u00e9es au D\u00e9cret Tertiaire, le label RSE, la collecte de donn\u00e9es ESG et l'efficacit\u00e9 \u00e9nerg\u00e9tique dans l'immobilier.","breadcrumb":{"@id":"https:\/\/www.deepki.com\/fr\/ressources\/white-papers-infographies\/#breadcrumb"},"inLanguage":"fr-FR","potentialAction":[{"@type":"ReadAction","target":["https:\/\/www.deepki.com\/fr\/ressources\/white-papers-infographies\/"]}]},{"@type":"ImageObject","inLanguage":"fr-FR","@id":"https:\/\/www.deepki.com\/fr\/ressources\/white-papers-infographies\/#primaryimage","url":"https:\/\/www.deepki.com\/web\/wp-content\/uploads\/2021\/08\/Home_FI.jpg","contentUrl":"https:\/\/www.deepki.com\/web\/wp-content\/uploads\/2021\/08\/Home_FI.jpg","width":1200,"height":628},{"@type":"BreadcrumbList","@id":"https:\/\/www.deepki.com\/fr\/ressources\/white-papers-infographies\/#breadcrumb","itemListElement":[{"@type":"ListItem","position":1,"name":"Home","item":"https:\/\/www.deepki.com\/fr\/"},{"@type":"ListItem","position":2,"name":"Ressources","item":"https:\/\/www.deepki.com\/fr\/ressources\/"},{"@type":"ListItem","position":3,"name":"White papers &#038; Infographies"}]},{"@type":"WebSite","@id":"https:\/\/www.deepki.com\/fr\/#website","url":"https:\/\/www.deepki.com\/fr\/","name":"Deepki","description":"Together, let&#039;s make your real estate more sustainable thanks to data!","publisher":{"@id":"https:\/\/www.deepki.com\/fr\/#organization"},"potentialAction":[{"@type":"SearchAction","target":{"@type":"EntryPoint","urlTemplate":"https:\/\/www.deepki.com\/fr\/?s={search_term_string}"},"query-input":{"@type":"PropertyValueSpecification","valueRequired":true,"valueName":"search_term_string"}}],"inLanguage":"fr-FR"},{"@type":"Organization","@id":"https:\/\/www.deepki.com\/fr\/#organization","name":"Deepki","url":"https:\/\/www.deepki.com\/fr\/","logo":{"@type":"ImageObject","inLanguage":"fr-FR","@id":"https:\/\/www.deepki.com\/fr\/#\/schema\/logo\/image\/","url":"https:\/\/www.deepki.com\/web\/wp-content\/uploads\/2021\/08\/deepki-logo.jpg","contentUrl":"https:\/\/www.deepki.com\/web\/wp-content\/uploads\/2021\/08\/deepki-logo.jpg","width":880,"height":360,"caption":"Deepki"},"image":{"@id":"https:\/\/www.deepki.com\/fr\/#\/schema\/logo\/image\/"},"sameAs":["https:\/\/www.facebook.com\/DeepkiSAS\/","https:\/\/x.com\/DeepkiSAS","https:\/\/www.linkedin.com\/company\/deepki"]}]}},"_links":{"self":[{"href":"https:\/\/www.deepki.com\/fr\/wp-json\/wp\/v2\/pages\/58821","targetHints":{"allow":["GET"]}}],"collection":[{"href":"https:\/\/www.deepki.com\/fr\/wp-json\/wp\/v2\/pages"}],"about":[{"href":"https:\/\/www.deepki.com\/fr\/wp-json\/wp\/v2\/types\/page"}],"author":[{"embeddable":true,"href":"https:\/\/www.deepki.com\/fr\/wp-json\/wp\/v2\/users\/71"}],"replies":[{"embeddable":true,"href":"https:\/\/www.deepki.com\/fr\/wp-json\/wp\/v2\/comments?post=58821"}],"version-history":[{"count":1,"href":"https:\/\/www.deepki.com\/fr\/wp-json\/wp\/v2\/pages\/58821\/revisions"}],"predecessor-version":[{"id":58825,"href":"https:\/\/www.deepki.com\/fr\/wp-json\/wp\/v2\/pages\/58821\/revisions\/58825"}],"up":[{"embeddable":true,"href":"https:\/\/www.deepki.com\/fr\/wp-json\/wp\/v2\/pages\/56286"}],"wp:featuredmedia":[{"embeddable":true,"href":"https:\/\/www.deepki.com\/fr\/wp-json\/wp\/v2\/media\/56620"}],"wp:attachment":[{"href":"https:\/\/www.deepki.com\/fr\/wp-json\/wp\/v2\/media?parent=58821"}],"curies":[{"name":"wp","href":"https:\/\/api.w.org\/{rel}","templated":true}]}}