{"id":62328,"date":"2022-01-03T10:06:59","date_gmt":"2022-01-03T10:06:59","guid":{"rendered":"https:\/\/www.deepki.com\/?page_id=62328"},"modified":"2025-09-23T12:16:48","modified_gmt":"2025-09-23T10:16:48","slug":"iso-27001","status":"publish","type":"page","link":"https:\/\/www.deepki.com\/fr\/a-propos\/iso-27001\/","title":{"rendered":"ISO 27001"},"content":{"rendered":"<div class=\"center page-header-small white charcoal-grey-bg relative \">\t\r\n\t<div class=\"homepage-header-row\" style=\"background-image:url('https:\/\/www.deepki.com\/web\/wp-content\/uploads\/2021\/12\/laptop-g2e17c1247_1920-1-1440x550.jpg')\">\r\n\t\t<div class=\"homepage-header-cell page-header contact-page-header page-header\">\r\n\t\t\t<div class=\"center\"> \r\n\t\t\t\t\t\t\t\t\t<h1 class=\"homepage-h1\">La plateforme Deepki est certifi\u00e9 <span>NF EN ISO\/IEC 27001:2022<\/span><\/h1>\r\n\t\t\t\t\t\t\t\t\t\r\n\t\t\t\r\n\t\t\t<\/div>\t\r\n\t\t<\/div>\t\r\n\t<\/div>\t\r\n<\/div>\t\t\t\t\r\n\n\n\n<div class=\"wp-block-group padding6-5-7 padding-on-mobile has-t-white-background-color has-background\"><div class=\"wp-block-group__inner-container is-layout-flow wp-block-group-is-layout-flow\">\n<h1 class=\"wp-block-heading has-impact-green-color has-text-color\">Chez Deepki, nous prenons tr\u00e8s au s\u00e9rieux la protection de vos donn\u00e9es.<\/h1>\n\n\n\n<div class=\"wp-block-columns is-layout-flex wp-container-core-columns-is-layout-9d6595d7 wp-block-columns-is-layout-flex\">\n<div class=\"wp-block-column is-layout-flow wp-block-column-is-layout-flow\">\n<p><\/p>\n\n\n\n<p>\u00catre <strong>certifi\u00e9<\/strong>, c\u2019est garantir un niveau maximal de <strong>s\u00e9curit\u00e9<\/strong> aux clients et aux partenaires.<\/p>\n\n\n\n<p>Depuis sa cr\u00e9ation en 2014, Deepki s\u2019est donn\u00e9 pour mission <strong>d\u2019accompagner les acteurs de l\u2019immobilier dans leur transition z\u00e9ro carbone<\/strong>. Deepki est la seule entreprise qui offre des solutions compl\u00e8tes en mati\u00e8re de durabilit\u00e9 bas\u00e9es sur deux \u00e9l\u00e9ments fondamentaux : une <strong>plateforme SaaS collaborative<\/strong> et des<strong> services d\u2019accompagnement et de conseil<\/strong>. Avec des solutions bas\u00e9es sur la Data Intelligence et l\u2019exploitation des donn\u00e9es, Deepki am\u00e9liore la<strong> performance durable<\/strong> de ses clients et maximise la <strong>valeur de leurs actifs<\/strong>.<\/p>\n\n\n\n<p>Dans ce cadre l\u00e0, Deepki met un point d\u2019honneur \u00e0 s\u00e9curiser ses informations et celles de ses clients. C\u2019est pourquoi Deepki a d\u00e9cid\u00e9 de <strong>certifier sa plateforme \u00e0 la norme ISO 27001<\/strong>. Cette certification est primordiale car elle est gage de <strong>confiance<\/strong>, de <strong>responsabilit\u00e9<\/strong> et de <strong>s\u00e9curit\u00e9<\/strong> envers les parties prenantes.&nbsp;<\/p>\n<\/div>\n\n\n\n<div class=\"wp-block-column is-layout-flow wp-block-column-is-layout-flow\">\n<figure class=\"wp-block-image size-full\"><img decoding=\"async\" width=\"630\" height=\"630\" src=\"https:\/\/www.deepki.com\/web\/wp-content\/uploads\/2022\/01\/Deepki_Logo_Connector_Blue.png\" alt=\"\" class=\"wp-image-63406\" srcset=\"https:\/\/www.deepki.com\/web\/wp-content\/uploads\/2022\/01\/Deepki_Logo_Connector_Blue.png 630w, https:\/\/www.deepki.com\/web\/wp-content\/uploads\/2022\/01\/Deepki_Logo_Connector_Blue-300x300.png 300w, https:\/\/www.deepki.com\/web\/wp-content\/uploads\/2022\/01\/Deepki_Logo_Connector_Blue-150x150.png 150w, https:\/\/www.deepki.com\/web\/wp-content\/uploads\/2022\/01\/Deepki_Logo_Connector_Blue-80x80.png 80w, https:\/\/www.deepki.com\/web\/wp-content\/uploads\/2022\/01\/Deepki_Logo_Connector_Blue-160x160.png 160w, https:\/\/www.deepki.com\/web\/wp-content\/uploads\/2022\/01\/Deepki_Logo_Connector_Blue-310x310.png 310w, https:\/\/www.deepki.com\/web\/wp-content\/uploads\/2022\/01\/Deepki_Logo_Connector_Blue-420x420.png 420w\" sizes=\"(max-width: 630px) 100vw, 630px\" \/><\/figure>\n<\/div>\n<\/div>\n\n\n<div class=\"custom-2x-img-btns\"><\/div><\/div><\/div>\n\n\n\n<div class=\"wp-block-group\"><div class=\"wp-block-group__inner-container is-layout-flow wp-block-group-is-layout-flow\">\n<div class=\"wp-block-columns has-t-black-color has-gauze-grey-background-color has-text-color has-background is-layout-flex wp-container-core-columns-is-layout-9d6595d7 wp-block-columns-is-layout-flex\">\n<div class=\"wp-block-column is-layout-flow wp-block-column-is-layout-flow\"><div class=\"wp-block-image\">\n<figure class=\"aligncenter size-full is-resized\"><img decoding=\"async\" src=\"https:\/\/www.deepki.com\/web\/wp-content\/uploads\/2022\/01\/Handshake.svg\" alt=\"\" class=\"wp-image-63055\" style=\"width:120px;height:120px\"\/><\/figure>\n<\/div>\n\n\n<h2 class=\"wp-block-heading has-text-align-center\"><meta charset=\"utf-8\">Int\u00e9grit\u00e9<\/h2>\n<\/div>\n\n\n\n<div class=\"wp-block-column is-layout-flow wp-block-column-is-layout-flow\"><div class=\"wp-block-image\">\n<figure class=\"aligncenter size-medium is-resized\"><img decoding=\"async\" src=\"https:\/\/www.deepki.com\/web\/wp-content\/uploads\/2022\/01\/Fingerprint_Icon.svg\" alt=\"\" class=\"wp-image-63062\" style=\"width:120px;height:120px\"\/><\/figure>\n<\/div>\n\n\n<h2 class=\"wp-block-heading has-text-align-center\">Confidentialit\u00e9<\/h2>\n<\/div>\n\n\n\n<div class=\"wp-block-column is-layout-flow wp-block-column-is-layout-flow\"><div class=\"wp-block-image\">\n<figure class=\"aligncenter size-medium is-resized\"><img decoding=\"async\" src=\"https:\/\/www.deepki.com\/web\/wp-content\/uploads\/2022\/01\/Cadenas.svg\" alt=\"\" class=\"wp-image-63067\" style=\"width:120px;height:120px\"\/><\/figure>\n<\/div>\n\n\n<h2 class=\"wp-block-heading has-text-align-center\">S\u00e9curit\u00e9<\/h2>\n<\/div>\n<\/div>\n<\/div><\/div>\n\n\n\n<div class=\"wp-block-group alignfull has-t-white-background-color has-background\"><div class=\"wp-block-group__inner-container is-layout-flow wp-block-group-is-layout-flow\">\n<div style=\"height:100px\" aria-hidden=\"true\" class=\"wp-block-spacer\"><\/div>\n\n\n\n<div class=\"wp-block-columns is-layout-flex wp-container-core-columns-is-layout-9d6595d7 wp-block-columns-is-layout-flex\">\n<div class=\"wp-block-column is-layout-flow wp-block-column-is-layout-flow\">\n<figure class=\"wp-block-image size-large\"><img decoding=\"async\" width=\"1024\" height=\"663\" src=\"https:\/\/www.deepki.com\/web\/wp-content\/uploads\/2021\/12\/job-image-1024x663.jpg\" alt=\"\" class=\"wp-image-62936\" srcset=\"https:\/\/www.deepki.com\/web\/wp-content\/uploads\/2021\/12\/job-image-1024x663.jpg 1024w, https:\/\/www.deepki.com\/web\/wp-content\/uploads\/2021\/12\/job-image-300x194.jpg 300w, https:\/\/www.deepki.com\/web\/wp-content\/uploads\/2021\/12\/job-image-768x497.jpg 768w, https:\/\/www.deepki.com\/web\/wp-content\/uploads\/2021\/12\/job-image-1536x995.jpg 1536w, https:\/\/www.deepki.com\/web\/wp-content\/uploads\/2021\/12\/job-image-80x52.jpg 80w, https:\/\/www.deepki.com\/web\/wp-content\/uploads\/2021\/12\/job-image-247x160.jpg 247w, https:\/\/www.deepki.com\/web\/wp-content\/uploads\/2021\/12\/job-image.jpg 1728w\" sizes=\"(max-width: 1024px) 100vw, 1024px\" \/><\/figure>\n\n\n\n<h2 class=\"wp-block-heading\">Pourquoi avoir fait le choix de la norme ISO 27001 ?<\/h2>\n\n\n\n<p>R\u00e9f\u00e9rence internationale dans le domaine de la&nbsp;<strong>cybers\u00e9curit\u00e9<\/strong>, la certification ISO 27001 est une norme con\u00e7ue par l\u2019Organisation internationale de normalisation connue sous l\u2019acronyme ISO. La norme requiert pour les entreprises certifi\u00e9es de mettre en place des bonnes pratiques pour obtenir une&nbsp;<strong>s\u00e9curit\u00e9<\/strong>&nbsp;<strong>\u00e0<\/strong>&nbsp;<strong>360<\/strong>&nbsp;<strong>degr\u00e9s<\/strong>. Ce qui dans le cas de Deepki a n\u00e9cessit\u00e9 la mise en oeuvre d\u2019un m\u00e9canisme de d\u00e9fense pour sa plateforme Deepki.<\/p>\n<\/div>\n\n\n\n<div class=\"wp-block-column is-layout-flow wp-block-column-is-layout-flow\">\n<figure class=\"wp-block-image size-large\"><img decoding=\"async\" width=\"1024\" height=\"663\" src=\"https:\/\/www.deepki.com\/web\/wp-content\/uploads\/2021\/12\/danial-igdery-image-1024x663.jpg\" alt=\"\" class=\"wp-image-62941\" srcset=\"https:\/\/www.deepki.com\/web\/wp-content\/uploads\/2021\/12\/danial-igdery-image-1024x663.jpg 1024w, https:\/\/www.deepki.com\/web\/wp-content\/uploads\/2021\/12\/danial-igdery-image-300x194.jpg 300w, https:\/\/www.deepki.com\/web\/wp-content\/uploads\/2021\/12\/danial-igdery-image-768x497.jpg 768w, https:\/\/www.deepki.com\/web\/wp-content\/uploads\/2021\/12\/danial-igdery-image-1536x995.jpg 1536w, https:\/\/www.deepki.com\/web\/wp-content\/uploads\/2021\/12\/danial-igdery-image-80x52.jpg 80w, https:\/\/www.deepki.com\/web\/wp-content\/uploads\/2021\/12\/danial-igdery-image-247x160.jpg 247w, https:\/\/www.deepki.com\/web\/wp-content\/uploads\/2021\/12\/danial-igdery-image.jpg 1728w\" sizes=\"(max-width: 1024px) 100vw, 1024px\" \/><\/figure>\n\n\n\n<h2 class=\"wp-block-heading\">Quels sont les b\u00e9n\u00e9fices d&rsquo;un SMSI&nbsp;?<\/h2>\n\n\n\n<p>Conforme aux exigences de la norme ISO 27001, le Syst\u00e8me de Management de la S\u00e9curit\u00e9 de l\u2019Information (SMSI) de Deepki pr\u00e9serve la <strong>confidentialit\u00e9, l&rsquo;int\u00e9grit\u00e9 et la disponibilit\u00e9&nbsp;des informations et des donn\u00e9es de ses clients<\/strong>. D\u2019une part, ce SMSI d\u00e9finit les actions techniques et organisationnelles \u00e0 suivre. D\u2019autre part, il permet aussi d\u2019appliquer une politique de s\u00e9curit\u00e9 de l&rsquo;information adapt\u00e9e au besoin de Deepki et de ses clients. Ce SMSI est adapt\u00e9 en permanence afin de garantir un fonctionnement optimal et \u00e0 jour.<\/p>\n<\/div>\n<\/div>\n\n\n\n<div style=\"height:100px\" aria-hidden=\"true\" class=\"wp-block-spacer\"><\/div>\n\n\n<div class=\"gauze-grey-bg custom-text-left-img-right\"><div class=\"width-wrapper\">\r\n\t<div class=\"wp-block-columns\">\r\n\t\t<div class=\"wp-block-column\">\r\n\t\t\t<h2>\u00catre certifi\u00e9, c\u2019est prouver \u00e0 nos clients et parties prenantes que nous sommes conscients des enjeux li\u00e9s \u00e0 la s\u00e9curit\u00e9 de l\u2019information. L\u2019obtention de cette certification est le r\u00e9sultat de l&rsquo;implication de chaque membre de notre \u00e9quipe au jour le jour.<\/h2><p><b>Jean-Philippe Caruana<\/b><\/p><p>CTO chez Deepki<\/p>\t\t<\/div>\r\n\t\t<div class=\"wp-block-column align-right\">\r\n\t\t\t<img decoding=\"async\" width=\"420\" height=\"400\" src=\"https:\/\/www.deepki.com\/web\/wp-content\/uploads\/2021\/12\/Jean-Philippe_CARUANA-1-5-420x400.jpg\" class=\"attachment-custom-block-right-img size-custom-block-right-img\" alt=\"\" \/>\t\t<\/div>\r\n\t<\/div>\r\n<\/div>\r\n<\/div>\r\n\t\n\n\n<p><\/p>\n<\/div><\/div>\n\n\n\n<div class=\"wp-block-group alignfull has-heritage-green-background-color has-background\"><div class=\"wp-block-group__inner-container is-layout-flow wp-block-group-is-layout-flow\"><\/div><\/div>\n\n\n\n<div class=\"wp-block-group alignfull has-heritage-green-background-color has-background\"><div class=\"wp-block-group__inner-container is-layout-flow wp-block-group-is-layout-flow\">\n<h2 class=\"wp-block-heading has-text-align-center has-t-white-color has-text-color\">Nos engagements<\/h2>\n\n\n\n<div class=\"wp-block-columns is-layout-flex wp-container-core-columns-is-layout-9d6595d7 wp-block-columns-is-layout-flex\">\n<div class=\"wp-block-column has-t-white-color has-text-color is-layout-flow wp-block-column-is-layout-flow\">\n<div class=\"wp-block-columns is-layout-flex wp-container-core-columns-is-layout-9d6595d7 wp-block-columns-is-layout-flex\">\n<div class=\"wp-block-column is-layout-flow wp-block-column-is-layout-flow\">\n<p class=\"has-t-white-color has-text-color\"><strong>Prot\u00e9ger la plateforme Deepki des menaces externes<\/strong><\/p>\n<\/div>\n\n\n\n<div class=\"wp-block-column is-layout-flow wp-block-column-is-layout-flow\">\n<p><strong>Encadrer l\u2019utilisation interne des donn\u00e9es des clients<\/strong><\/p>\n<\/div>\n<\/div>\n<\/div>\n\n\n\n<div class=\"wp-block-column has-t-white-color has-text-color is-layout-flow wp-block-column-is-layout-flow\">\n<div class=\"wp-block-columns is-layout-flex wp-container-core-columns-is-layout-9d6595d7 wp-block-columns-is-layout-flex\">\n<div class=\"wp-block-column is-layout-flow wp-block-column-is-layout-flow\">\n<p><strong>Garantir la s\u00e9curit\u00e9 des donn\u00e9es h\u00e9berg\u00e9es<\/strong><\/p>\n<\/div>\n\n\n\n<div class=\"wp-block-column is-layout-flow wp-block-column-is-layout-flow\">\n<p><strong>Adapter en permanence le SMSI avec les \u00e9volutions de la certification<\/strong><\/p>\n<\/div>\n<\/div>\n<\/div>\n<\/div>\n<\/div><\/div>\n\n\n\n<div class=\"wp-block-group alignfull has-heritage-green-background-color has-background\"><div class=\"wp-block-group__inner-container is-layout-flow wp-block-group-is-layout-flow\"><\/div><\/div>\n\n\n\n<div class=\"wp-block-group alignfull padding6-5-7 padding-on-mobile has-t-white-background-color has-background\"><div class=\"wp-block-group__inner-container is-layout-flow wp-block-group-is-layout-flow\">\n<h2 class=\"wp-block-heading\"><\/h2>\n\n\n\n<div class=\"wp-block-columns is-layout-flex wp-container-core-columns-is-layout-9d6595d7 wp-block-columns-is-layout-flex\">\n<div class=\"wp-block-column is-layout-flow wp-block-column-is-layout-flow\" style=\"flex-basis:33.33%\">\n<figure class=\"wp-block-image size-large\"><img decoding=\"async\" width=\"1024\" height=\"683\" src=\"https:\/\/www.deepki.com\/web\/wp-content\/uploads\/2022\/01\/computer_john-schnobrich-1024x683.jpg\" alt=\"\" class=\"wp-image-63416\" srcset=\"https:\/\/www.deepki.com\/web\/wp-content\/uploads\/2022\/01\/computer_john-schnobrich-1024x683.jpg 1024w, https:\/\/www.deepki.com\/web\/wp-content\/uploads\/2022\/01\/computer_john-schnobrich-300x200.jpg 300w, https:\/\/www.deepki.com\/web\/wp-content\/uploads\/2022\/01\/computer_john-schnobrich-768x512.jpg 768w, https:\/\/www.deepki.com\/web\/wp-content\/uploads\/2022\/01\/computer_john-schnobrich-1536x1024.jpg 1536w, https:\/\/www.deepki.com\/web\/wp-content\/uploads\/2022\/01\/computer_john-schnobrich-2048x1365.jpg 2048w, https:\/\/www.deepki.com\/web\/wp-content\/uploads\/2022\/01\/computer_john-schnobrich-80x53.jpg 80w, https:\/\/www.deepki.com\/web\/wp-content\/uploads\/2022\/01\/computer_john-schnobrich-240x160.jpg 240w\" sizes=\"(max-width: 1024px) 100vw, 1024px\" \/><\/figure>\n<\/div>\n\n\n\n<div class=\"wp-block-column is-layout-flow wp-block-column-is-layout-flow\" style=\"flex-basis:66.66%\">\n<p>A l\u2019image de l\u2019\u00e9volution de ses produits et services, Deepki s&rsquo;engage \u00e0 mettre en place une d\u00e9marche d\u2019\u00e9volution en continue de son Syst\u00e8me de Management de la S\u00e9curit\u00e9 de l\u2019Information. Ainsi, Deepki pr\u00eate attention \u00e0 faire \u00e9voluer r\u00e9guli\u00e8rement les performances de son syst\u00e8me de s\u00e9curit\u00e9 et \u00e0 le mettre \u00e0 jour, \u00e0 chaque fois qu\u2019il est n\u00e9cessaire, en fonction des besoins de l\u2019ISO 27001 et aussi des engagements d&rsquo;entreprise.<\/p>\n\n\n\n<p><strong>Pour en savoir plus sur les crit\u00e8res de certification, visitez le <a href=\"https:\/\/www.iso.org\/fr\/home.html\">site<\/a> officiel.<\/strong><\/p>\n<\/div>\n<\/div>\n<\/div><\/div>\n","protected":false},"excerpt":{"rendered":"<p>Chez Deepki, nous prenons tr\u00e8s au s\u00e9rieux la protection de vos donn\u00e9es. \u00catre certifi\u00e9, c\u2019est garantir un niveau maximal de s\u00e9curit\u00e9 aux clients et aux partenaires. Depuis sa cr\u00e9ation en 2014, Deepki s\u2019est donn\u00e9 pour mission d\u2019accompagner les acteurs de l\u2019immobilier dans leur transition z\u00e9ro carbone. Deepki est la seule entreprise qui offre des solutions [&hellip;]<\/p>\n","protected":false},"author":75,"featured_media":0,"parent":56293,"menu_order":0,"comment_status":"closed","ping_status":"closed","template":"","meta":{"inline_featured_image":false,"footnotes":""},"class_list":["post-62328","page","type-page","status-publish","hentry"],"yoast_head":"<!-- This site is optimized with the Yoast SEO plugin v27.3 - https:\/\/yoast.com\/product\/yoast-seo-wordpress\/ -->\n<title>ISO 27001 - Deepki<\/title>\n<meta name=\"description\" content=\"Deepki Ready est certifi\u00e9 NF EN ISO\/IEC 27001:2017, r\u00e9f\u00e9rence internationale dans le domaine de la cybers\u00e9curit\u00e9.\" \/>\n<meta name=\"robots\" content=\"index, follow, max-snippet:-1, max-image-preview:large, max-video-preview:-1\" \/>\n<link rel=\"canonical\" href=\"https:\/\/www.deepki.com\/fr\/a-propos\/iso-27001\/\" \/>\n<meta property=\"og:locale\" content=\"fr_FR\" \/>\n<meta property=\"og:type\" content=\"article\" \/>\n<meta property=\"og:title\" content=\"ISO 27001 - Deepki\" \/>\n<meta property=\"og:description\" content=\"Deepki Ready est certifi\u00e9 NF EN ISO\/IEC 27001:2017, r\u00e9f\u00e9rence internationale dans le domaine de la cybers\u00e9curit\u00e9.\" \/>\n<meta property=\"og:url\" content=\"https:\/\/www.deepki.com\/fr\/a-propos\/iso-27001\/\" \/>\n<meta property=\"og:site_name\" content=\"Deepki\" \/>\n<meta property=\"article:publisher\" content=\"https:\/\/www.facebook.com\/DeepkiSAS\/\" \/>\n<meta property=\"article:modified_time\" content=\"2025-09-23T10:16:48+00:00\" \/>\n<meta property=\"og:image\" content=\"https:\/\/www.deepki.com\/web\/wp-content\/uploads\/2022\/01\/Deepki_Logo_Connector_Blue.png\" \/>\n\t<meta property=\"og:image:width\" content=\"630\" \/>\n\t<meta property=\"og:image:height\" content=\"630\" \/>\n\t<meta property=\"og:image:type\" content=\"image\/png\" \/>\n<meta name=\"twitter:card\" content=\"summary_large_image\" \/>\n<meta name=\"twitter:title\" content=\"ISO 27001 - Deepki\" \/>\n<meta name=\"twitter:description\" content=\"Deepki Ready est certifi\u00e9 NF EN ISO\/IEC 27001:2017, r\u00e9f\u00e9rence internationale dans le domaine de la cybers\u00e9curit\u00e9.\" \/>\n<meta name=\"twitter:site\" content=\"@DeepkiSAS\" \/>\n<meta name=\"twitter:label1\" content=\"Dur\u00e9e de lecture estim\u00e9e\" \/>\n\t<meta name=\"twitter:data1\" content=\"4 minutes\" \/>\n<script type=\"application\/ld+json\" class=\"yoast-schema-graph\">{\"@context\":\"https:\\\/\\\/schema.org\",\"@graph\":[{\"@type\":\"WebPage\",\"@id\":\"https:\\\/\\\/www.deepki.com\\\/fr\\\/a-propos\\\/iso-27001\\\/\",\"url\":\"https:\\\/\\\/www.deepki.com\\\/fr\\\/a-propos\\\/iso-27001\\\/\",\"name\":\"ISO 27001 - Deepki\",\"isPartOf\":{\"@id\":\"https:\\\/\\\/www.deepki.com\\\/fr\\\/#website\"},\"primaryImageOfPage\":{\"@id\":\"https:\\\/\\\/www.deepki.com\\\/fr\\\/a-propos\\\/iso-27001\\\/#primaryimage\"},\"image\":{\"@id\":\"https:\\\/\\\/www.deepki.com\\\/fr\\\/a-propos\\\/iso-27001\\\/#primaryimage\"},\"thumbnailUrl\":\"https:\\\/\\\/www.deepki.com\\\/web\\\/wp-content\\\/uploads\\\/2022\\\/01\\\/Deepki_Logo_Connector_Blue.png\",\"datePublished\":\"2022-01-03T10:06:59+00:00\",\"dateModified\":\"2025-09-23T10:16:48+00:00\",\"description\":\"Deepki Ready est certifi\u00e9 NF EN ISO\\\/IEC 27001:2017, r\u00e9f\u00e9rence internationale dans le domaine de la cybers\u00e9curit\u00e9.\",\"breadcrumb\":{\"@id\":\"https:\\\/\\\/www.deepki.com\\\/fr\\\/a-propos\\\/iso-27001\\\/#breadcrumb\"},\"inLanguage\":\"fr-FR\",\"potentialAction\":[{\"@type\":\"ReadAction\",\"target\":[\"https:\\\/\\\/www.deepki.com\\\/fr\\\/a-propos\\\/iso-27001\\\/\"]}]},{\"@type\":\"ImageObject\",\"inLanguage\":\"fr-FR\",\"@id\":\"https:\\\/\\\/www.deepki.com\\\/fr\\\/a-propos\\\/iso-27001\\\/#primaryimage\",\"url\":\"https:\\\/\\\/www.deepki.com\\\/web\\\/wp-content\\\/uploads\\\/2022\\\/01\\\/Deepki_Logo_Connector_Blue.png\",\"contentUrl\":\"https:\\\/\\\/www.deepki.com\\\/web\\\/wp-content\\\/uploads\\\/2022\\\/01\\\/Deepki_Logo_Connector_Blue.png\"},{\"@type\":\"BreadcrumbList\",\"@id\":\"https:\\\/\\\/www.deepki.com\\\/fr\\\/a-propos\\\/iso-27001\\\/#breadcrumb\",\"itemListElement\":[{\"@type\":\"ListItem\",\"position\":1,\"name\":\"Home\",\"item\":\"https:\\\/\\\/www.deepki.com\\\/fr\\\/\"},{\"@type\":\"ListItem\",\"position\":2,\"name\":\"A propos\",\"item\":\"https:\\\/\\\/www.deepki.com\\\/fr\\\/a-propos\\\/\"},{\"@type\":\"ListItem\",\"position\":3,\"name\":\"ISO 27001\"}]},{\"@type\":\"WebSite\",\"@id\":\"https:\\\/\\\/www.deepki.com\\\/fr\\\/#website\",\"url\":\"https:\\\/\\\/www.deepki.com\\\/fr\\\/\",\"name\":\"Deepki\",\"description\":\"Together, let&#039;s make your real estate more sustainable thanks to data!\",\"publisher\":{\"@id\":\"https:\\\/\\\/www.deepki.com\\\/fr\\\/#organization\"},\"potentialAction\":[{\"@type\":\"SearchAction\",\"target\":{\"@type\":\"EntryPoint\",\"urlTemplate\":\"https:\\\/\\\/www.deepki.com\\\/fr\\\/?s={search_term_string}\"},\"query-input\":{\"@type\":\"PropertyValueSpecification\",\"valueRequired\":true,\"valueName\":\"search_term_string\"}}],\"inLanguage\":\"fr-FR\"},{\"@type\":\"Organization\",\"@id\":\"https:\\\/\\\/www.deepki.com\\\/fr\\\/#organization\",\"name\":\"Deepki\",\"url\":\"https:\\\/\\\/www.deepki.com\\\/fr\\\/\",\"logo\":{\"@type\":\"ImageObject\",\"inLanguage\":\"fr-FR\",\"@id\":\"https:\\\/\\\/www.deepki.com\\\/fr\\\/#\\\/schema\\\/logo\\\/image\\\/\",\"url\":\"https:\\\/\\\/www.deepki.com\\\/web\\\/wp-content\\\/uploads\\\/2021\\\/08\\\/deepki-logo.jpg\",\"contentUrl\":\"https:\\\/\\\/www.deepki.com\\\/web\\\/wp-content\\\/uploads\\\/2021\\\/08\\\/deepki-logo.jpg\",\"width\":880,\"height\":360,\"caption\":\"Deepki\"},\"image\":{\"@id\":\"https:\\\/\\\/www.deepki.com\\\/fr\\\/#\\\/schema\\\/logo\\\/image\\\/\"},\"sameAs\":[\"https:\\\/\\\/www.facebook.com\\\/DeepkiSAS\\\/\",\"https:\\\/\\\/x.com\\\/DeepkiSAS\",\"https:\\\/\\\/www.linkedin.com\\\/company\\\/deepki\"]}]}<\/script>\n<!-- \/ Yoast SEO plugin. -->","yoast_head_json":{"title":"ISO 27001 - Deepki","description":"Deepki Ready est certifi\u00e9 NF EN ISO\/IEC 27001:2017, r\u00e9f\u00e9rence internationale dans le domaine de la cybers\u00e9curit\u00e9.","robots":{"index":"index","follow":"follow","max-snippet":"max-snippet:-1","max-image-preview":"max-image-preview:large","max-video-preview":"max-video-preview:-1"},"canonical":"https:\/\/www.deepki.com\/fr\/a-propos\/iso-27001\/","og_locale":"fr_FR","og_type":"article","og_title":"ISO 27001 - Deepki","og_description":"Deepki Ready est certifi\u00e9 NF EN ISO\/IEC 27001:2017, r\u00e9f\u00e9rence internationale dans le domaine de la cybers\u00e9curit\u00e9.","og_url":"https:\/\/www.deepki.com\/fr\/a-propos\/iso-27001\/","og_site_name":"Deepki","article_publisher":"https:\/\/www.facebook.com\/DeepkiSAS\/","article_modified_time":"2025-09-23T10:16:48+00:00","og_image":[{"width":630,"height":630,"url":"https:\/\/www.deepki.com\/web\/wp-content\/uploads\/2022\/01\/Deepki_Logo_Connector_Blue.png","type":"image\/png"}],"twitter_card":"summary_large_image","twitter_title":"ISO 27001 - Deepki","twitter_description":"Deepki Ready est certifi\u00e9 NF EN ISO\/IEC 27001:2017, r\u00e9f\u00e9rence internationale dans le domaine de la cybers\u00e9curit\u00e9.","twitter_site":"@DeepkiSAS","twitter_misc":{"Dur\u00e9e de lecture estim\u00e9e":"4 minutes"},"schema":{"@context":"https:\/\/schema.org","@graph":[{"@type":"WebPage","@id":"https:\/\/www.deepki.com\/fr\/a-propos\/iso-27001\/","url":"https:\/\/www.deepki.com\/fr\/a-propos\/iso-27001\/","name":"ISO 27001 - Deepki","isPartOf":{"@id":"https:\/\/www.deepki.com\/fr\/#website"},"primaryImageOfPage":{"@id":"https:\/\/www.deepki.com\/fr\/a-propos\/iso-27001\/#primaryimage"},"image":{"@id":"https:\/\/www.deepki.com\/fr\/a-propos\/iso-27001\/#primaryimage"},"thumbnailUrl":"https:\/\/www.deepki.com\/web\/wp-content\/uploads\/2022\/01\/Deepki_Logo_Connector_Blue.png","datePublished":"2022-01-03T10:06:59+00:00","dateModified":"2025-09-23T10:16:48+00:00","description":"Deepki Ready est certifi\u00e9 NF EN ISO\/IEC 27001:2017, r\u00e9f\u00e9rence internationale dans le domaine de la cybers\u00e9curit\u00e9.","breadcrumb":{"@id":"https:\/\/www.deepki.com\/fr\/a-propos\/iso-27001\/#breadcrumb"},"inLanguage":"fr-FR","potentialAction":[{"@type":"ReadAction","target":["https:\/\/www.deepki.com\/fr\/a-propos\/iso-27001\/"]}]},{"@type":"ImageObject","inLanguage":"fr-FR","@id":"https:\/\/www.deepki.com\/fr\/a-propos\/iso-27001\/#primaryimage","url":"https:\/\/www.deepki.com\/web\/wp-content\/uploads\/2022\/01\/Deepki_Logo_Connector_Blue.png","contentUrl":"https:\/\/www.deepki.com\/web\/wp-content\/uploads\/2022\/01\/Deepki_Logo_Connector_Blue.png"},{"@type":"BreadcrumbList","@id":"https:\/\/www.deepki.com\/fr\/a-propos\/iso-27001\/#breadcrumb","itemListElement":[{"@type":"ListItem","position":1,"name":"Home","item":"https:\/\/www.deepki.com\/fr\/"},{"@type":"ListItem","position":2,"name":"A propos","item":"https:\/\/www.deepki.com\/fr\/a-propos\/"},{"@type":"ListItem","position":3,"name":"ISO 27001"}]},{"@type":"WebSite","@id":"https:\/\/www.deepki.com\/fr\/#website","url":"https:\/\/www.deepki.com\/fr\/","name":"Deepki","description":"Together, let&#039;s make your real estate more sustainable thanks to data!","publisher":{"@id":"https:\/\/www.deepki.com\/fr\/#organization"},"potentialAction":[{"@type":"SearchAction","target":{"@type":"EntryPoint","urlTemplate":"https:\/\/www.deepki.com\/fr\/?s={search_term_string}"},"query-input":{"@type":"PropertyValueSpecification","valueRequired":true,"valueName":"search_term_string"}}],"inLanguage":"fr-FR"},{"@type":"Organization","@id":"https:\/\/www.deepki.com\/fr\/#organization","name":"Deepki","url":"https:\/\/www.deepki.com\/fr\/","logo":{"@type":"ImageObject","inLanguage":"fr-FR","@id":"https:\/\/www.deepki.com\/fr\/#\/schema\/logo\/image\/","url":"https:\/\/www.deepki.com\/web\/wp-content\/uploads\/2021\/08\/deepki-logo.jpg","contentUrl":"https:\/\/www.deepki.com\/web\/wp-content\/uploads\/2021\/08\/deepki-logo.jpg","width":880,"height":360,"caption":"Deepki"},"image":{"@id":"https:\/\/www.deepki.com\/fr\/#\/schema\/logo\/image\/"},"sameAs":["https:\/\/www.facebook.com\/DeepkiSAS\/","https:\/\/x.com\/DeepkiSAS","https:\/\/www.linkedin.com\/company\/deepki"]}]}},"_links":{"self":[{"href":"https:\/\/www.deepki.com\/fr\/wp-json\/wp\/v2\/pages\/62328","targetHints":{"allow":["GET"]}}],"collection":[{"href":"https:\/\/www.deepki.com\/fr\/wp-json\/wp\/v2\/pages"}],"about":[{"href":"https:\/\/www.deepki.com\/fr\/wp-json\/wp\/v2\/types\/page"}],"author":[{"embeddable":true,"href":"https:\/\/www.deepki.com\/fr\/wp-json\/wp\/v2\/users\/75"}],"replies":[{"embeddable":true,"href":"https:\/\/www.deepki.com\/fr\/wp-json\/wp\/v2\/comments?post=62328"}],"version-history":[{"count":157,"href":"https:\/\/www.deepki.com\/fr\/wp-json\/wp\/v2\/pages\/62328\/revisions"}],"predecessor-version":[{"id":98975,"href":"https:\/\/www.deepki.com\/fr\/wp-json\/wp\/v2\/pages\/62328\/revisions\/98975"}],"up":[{"embeddable":true,"href":"https:\/\/www.deepki.com\/fr\/wp-json\/wp\/v2\/pages\/56293"}],"wp:attachment":[{"href":"https:\/\/www.deepki.com\/fr\/wp-json\/wp\/v2\/media?parent=62328"}],"curies":[{"name":"wp","href":"https:\/\/api.w.org\/{rel}","templated":true}]}}