{"id":74122,"date":"2023-05-29T16:24:05","date_gmt":"2023-05-29T14:24:05","guid":{"rendered":"https:\/\/www.deepki.com\/?page_id=74122"},"modified":"2025-12-18T16:49:08","modified_gmt":"2025-12-18T15:49:08","slug":"partenaires","status":"publish","type":"page","link":"https:\/\/www.deepki.com\/fr\/partenaires\/","title":{"rendered":"Partenaires"},"content":{"rendered":"<div class=\"custom-block-top-header homepage-header relative black-bg white vertical-middle\">\t\r\n\t<div class=\"homepage-header-row\">\r\n\t\t<div class=\"homepage-header-cell page-header\">\r\n\t\t\t<div class=\"homepage-title-wrapper center\"> \r\n\t\t\t\t\t\t\t\t\t\t\t\t\t\t\t\t\t\t\t<h1 class=\"homepage-h1\">\r\n\t\t\t\t\t\t\t\t\t\tUn partenariat porteur<span>&nbsp;de r\u00e9ussite<\/span><\/h1>\r\n\t\t\t\t\t\t\t\t\t\t\t\t\r\n\t\t\t\t<div class=\"homepage-intro-p\">\r\n\t\t\t\t\tRejoignez notre \u00e9cosyst\u00e8me de partenaires pour \u00e9tablir un r\u00e9f\u00e9rentiel mondial de durabilit\u00e9 dans le secteur immobilier.\t\t\t\t<\/div>\r\n\t\t\t\t\t\r\n\t\t\t\t\t\t\t\t\r\n\t\t\t\t<div class=\"homepage-intro-cta\">\r\n\t\t\t\t\t<a href=\"https:\/\/content.deepki.com\/en\/become-a-partner\" target=\"_blank\" class=\"btn\">Candidater<\/a>\r\n\t\t\t\t<\/div>\r\n\t\t\t\t\t\t\t\t\r\n\t\t\t<\/div>\t\r\n\t\t\t<div class=\"homepage-header-svg-wrapper\" style=\"background-image:url('https:\/\/www.deepki.com\/web\/wp-content\/uploads\/2024\/01\/GettyImages-587704375_1600x900px-1440x900.png')\"><\/div>\t\r\n\t\t\t<div class=\"homepage-botarrow-wrapper\"><div class=\"homepage-botarrow\"><div class=\"homepage-botarrow-ico\"><\/div><\/div><\/div>\r\n\t\t<\/div>\t\r\n\t<\/div>\t\r\n<\/div>\t\t\t\r\n<div id=\"homepage-content\"><\/div>\t\r\n\n\n\n<div class=\"wp-block-group has-heritage-green-background-color has-background\"><div class=\"wp-block-group__inner-container is-layout-constrained wp-block-group-is-layout-constrained\">\n<div style=\"height:100px\" aria-hidden=\"true\" class=\"wp-block-spacer\"><\/div>\n\n\n\n<h1 class=\"wp-block-heading has-text-align-center has-t-white-color has-text-color has-link-color wp-elements-537766859895ac485f7fd6b7c9366142\" style=\"font-size:50px\">Pourquoi devenir partenaire de Deepki ?<\/h1>\n\n\n\n<div style=\"height:25px\" aria-hidden=\"true\" class=\"wp-block-spacer\"><\/div>\n\n\n\n<div class=\"wp-block-columns is-layout-flex wp-container-core-columns-is-layout-9d6595d7 wp-block-columns-is-layout-flex\">\n<div class=\"wp-block-column is-layout-flow wp-block-column-is-layout-flow\" style=\"flex-basis:28%\"><\/div>\n\n\n\n<div class=\"wp-block-column is-layout-flow wp-block-column-is-layout-flow\" style=\"flex-basis:44%\">\n<p class=\"has-text-align-center has-t-white-color has-text-color has-link-color wp-elements-a2cce2283f80f4f0243d27337110e8ec\">Notre mission est d&rsquo;accompagner nos clients dans leur transition vers la durabilit\u00e9, et nous cherchons des partenaires pour y parvenir.<\/p>\n\n\n\n<p class=\"has-text-align-center has-t-white-color has-text-color has-link-color wp-elements-ca8884521f1cca2a21102822f001dd0f\">Collaborez avec Deepki pour mettre votre expertise au service des plus grands portefeuilles mondiaux et acc\u00e9l\u00e9rer la croissance de votre activit\u00e9.<\/p>\n<\/div>\n\n\n\n<div class=\"wp-block-column is-layout-flow wp-block-column-is-layout-flow\" style=\"flex-basis:28%\"><\/div>\n<\/div>\n\n\n\n<div style=\"height:100px\" aria-hidden=\"true\" class=\"wp-block-spacer\"><\/div>\n<\/div><\/div>\n\n\n\n<div class=\"wp-block-cover is-light\"><span aria-hidden=\"true\" class=\"wp-block-cover__background has-background-dim-100 has-background-dim\" style=\"background-color:#dbf5f1\"><\/span><div class=\"wp-block-cover__inner-container is-layout-constrained wp-block-cover-is-layout-constrained\">\n<div style=\"height:50px\" aria-hidden=\"true\" class=\"wp-block-spacer\"><\/div>\n\n\n\n<h2 class=\"wp-block-heading alignwide has-text-align-center width-wrapper no-padding-text img-not-upscaled-on-mobile has-t-black-color has-text-color has-background\" style=\"background-color:#dbf5f1\">Partenariats possibles<\/h2>\n\n\n\n<div style=\"height:50px\" aria-hidden=\"true\" class=\"wp-block-spacer\"><\/div>\n\n\n\n<div class=\"wp-block-columns has-background is-layout-flex wp-container-core-columns-is-layout-9d6595d7 wp-block-columns-is-layout-flex\" style=\"background-color:#dbf5f1\">\n<div class=\"wp-block-column width-wrapper no-padding-text img-not-upscaled-on-mobile is-layout-flow wp-block-column-is-layout-flow\" style=\"flex-basis:1100px\">\n<h4 class=\"wp-block-heading has-text-align-left has-text-color\" style=\"color:#00a19a\">Partenaire sur une plateforme unique<\/h4>\n\n\n\n<p class=\"has-text-align-left\">\u00c9tendez votre influence gr\u00e2ce \u00e0 notre r\u00e9seau. En int\u00e9grant votre technologie ou service \u00e0 notre catalogue, nous revendons directement votre solution \u00e0 notre client\u00e8le mondiale et vous aidons \u00e0 acc\u00e9der \u00e0 de nouveaux march\u00e9s.<\/p>\n<\/div>\n\n\n\n<div class=\"wp-block-column width-wrapper no-padding-text img-not-upscaled-on-mobile is-layout-flow wp-block-column-is-layout-flow\" style=\"flex-basis:1100px\">\n<h4 class=\"wp-block-heading has-text-align-left has-text-color\" style=\"color:#00a19a\">Revendeur \u00e0 valeur ajout\u00e9e<\/h4>\n\n\n\n<p class=\"has-text-align-left\">Augmentez vos revenus en revendant la plateforme de r\u00e9f\u00e9rence pour un immobilier durable. Nous vous accompagnons pour adapter notre technologie de niveau entreprise et renforcer vos services \u00e0 valeur ajout\u00e9e.<\/p>\n<\/div>\n\n\n\n<div class=\"wp-block-column width-wrapper no-padding-text img-not-upscaled-on-mobile is-layout-flow wp-block-column-is-layout-flow\" style=\"flex-basis:1000px\">\n<h4 class=\"wp-block-heading has-text-align-left has-text-color\" style=\"color:#00a19a\">Partenaire services<\/h4>\n\n\n\n<p class=\"has-text-align-left\">Valorisez vos services de conseil et de gestion avec Deepki. Nous vous formons \u00e0 exploiter notre plateforme pour proposer des strat\u00e9gies durables bas\u00e9es sur les donn\u00e9es et maximiser l\u2019impact pour vos clients.<\/p>\n<\/div>\n\n\n\n<div class=\"wp-block-column width-wrapper no-padding-text img-not-upscaled-on-mobile is-layout-flow wp-block-column-is-layout-flow\" style=\"flex-basis:1100px\">\n<h4 class=\"wp-block-heading has-text-align-left has-text-color\" style=\"color:#00a19a\">Partenaire technologique<\/h4>\n\n\n\n<p class=\"has-text-align-left\">Int\u00e9grez votre solution \u00e0 l\u2019\u00e9cosyst\u00e8me Deepki. Nous fournissons les ressources et les API n\u00e9cessaires pour connecter votre technologie de mani\u00e8re fluide, assurant un \u00e9change de donn\u00e9es simplifi\u00e9 et une exp\u00e9rience coh\u00e9rente pour les clients communs.<\/p>\n<\/div>\n\n\n\n<div class=\"wp-block-column width-wrapper no-padding-text img-not-upscaled-on-mobile is-layout-flow wp-block-column-is-layout-flow\" style=\"flex-basis:1100px\">\n<h4 class=\"wp-block-heading has-text-align-left has-text-color\" style=\"color:#00a19a\"><strong>Partenaire institutionnel<\/strong><\/h4>\n\n\n\n<p class=\"has-text-align-left\">Nous collaborons avec de nombreuses organisations et r\u00e9seaux pour \u00e9tablir la r\u00e9f\u00e9rence mondiale de l\u2019immobilier durable.<\/p>\n<\/div>\n<\/div>\n\n\n\n<div style=\"height:50px\" aria-hidden=\"true\" class=\"wp-block-spacer\"><\/div>\n<\/div><\/div>\n\n\n<div class=\"leadership-custom-block white\" style=\"background:#FFFFFF;\">\r\n\t<div class=\"width-wrapper\">\r\n\t\t<div class=\"inline50-leadership building-bg1\" style=\"background-image:url('https:\/\/www.deepki.com\/web\/wp-content\/uploads\/2025\/10\/partner_page_product_visual_V.1.svg');\">\r\n\t\t<\/div><div class=\"inline50-leadership\">\r\n\t\t\t<div class=\"inline50-leadership-txt\"  style=\"color:#000000;\">\r\n\t\t\t\t<h2>Une plateforme unique, connect\u00e9e \u00e0 notre \u00e9cosyst\u00e8me de partenaires<\/h2>\t\t\t\r\n\t\t\t\t<p>Alliez votre expertise \u00e0 notre infrastructure \u00e9prouv\u00e9e. Nous mettons \u00e0 votre disposition la plateforme, les \u00e9quipes et les processus pour g\u00e9n\u00e9rer de la valeur et renforcer votre impact dans l\u2019immobilier durable.<\/p>\t\t\t<\/div>\r\n\t\t<\/div><div class=\"inline50-leadership building-bg2\" style=\"background-image:url('https:\/\/www.deepki.com\/web\/wp-content\/uploads\/2025\/10\/partner_page_product_visual_V.1.svg');\">\r\n\t\t<\/div><\/div>\r\n<\/div>\r\n\t\r\n\t\n\n<div class=\"has-no-img custom-citation white custom-text-left-img-right\"><div class=\"width-wrapper\">\r\n\t<div class=\"wp-block-columns\">\r\n\t\t<div class=\"wp-block-column\">\r\n\t\t\t<h2>\u00ab Deepki fournit des informations d\u00e9taill\u00e9es qui permettront \u00e0 nos \u00e9quipes d\u2019agir de mani\u00e8re \u00e9clair\u00e9e \u00e0 l\u2019\u00e9chelle des b\u00e2timents. Cela nous aidera \u00e0 int\u00e9grer les bonnes pratiques en mati\u00e8re de durabilit\u00e9 &#8211; et \u00e0 proposer une v\u00e9ritable valeur ajout\u00e9e &#8211; au niveau des actifs que nous g\u00e9rons dans le monde entier. \u00bb<\/h2><p><b>Emma Buckland \u2013 Communiqu\u00e9 de presse CBRE, 2023<\/b><\/p><p>Executive Group President, Enterprise and Chief Operating Officer, Building Operations &#038; Experience chez CBRE<\/p>\t\t<\/div>\r\n\t\t<div class=\"wp-block-column align-right\">\r\n\t\t\t\t\t<\/div>\r\n\t<\/div>\r\n<\/div>\r\n<\/div>\r\n\t\n\n<div class=\"white-bg custom-block-title-cta\"><div class=\"width-wrapper center\"><div class=\"home-section3cta2-title\">Ensemble, r\u00e9duisons les risques et valorisons les actifs immobiliers<\/div><a href=\"https:\/\/content.deepki.com\/en\/become-a-partner\" target=\"_blank\" class=\"btn\">Devenir partenaire<\/a><\/div><\/div>","protected":false},"excerpt":{"rendered":"<p>Pourquoi devenir partenaire de Deepki ? Notre mission est d&rsquo;accompagner nos clients dans leur transition vers la durabilit\u00e9, et nous cherchons des partenaires pour y parvenir. Collaborez avec Deepki pour mettre votre expertise au service des plus grands portefeuilles mondiaux et acc\u00e9l\u00e9rer la croissance de votre activit\u00e9.<\/p>\n","protected":false},"author":71,"featured_media":85061,"parent":0,"menu_order":0,"comment_status":"closed","ping_status":"closed","template":"","meta":{"inline_featured_image":false,"footnotes":""},"class_list":["post-74122","page","type-page","status-publish","has-post-thumbnail","hentry"],"yoast_head":"<!-- This site is optimized with the Yoast SEO plugin v27.3 - https:\/\/yoast.com\/product\/yoast-seo-wordpress\/ -->\n<title>Partenaires - Deepki<\/title>\n<meta name=\"description\" content=\"Deepki offre \u00e0 ses partenaires les outils, ressources et avantages pour cro\u00eetre avec succ\u00e8s. L&#039;exp\u00e9rience partenaire est au c\u0153ur de notre programme de partenaires.\" \/>\n<meta name=\"robots\" content=\"index, follow, max-snippet:-1, max-image-preview:large, max-video-preview:-1\" \/>\n<link rel=\"canonical\" href=\"https:\/\/www.deepki.com\/fr\/partenaires\/\" \/>\n<meta property=\"og:locale\" content=\"fr_FR\" \/>\n<meta property=\"og:type\" content=\"article\" \/>\n<meta property=\"og:title\" content=\"Deepki partenaires\" \/>\n<meta property=\"og:description\" content=\"Deepki offre \u00e0 ses partenaires les outils, ressources et avantages pour cro\u00eetre avec succ\u00e8s. L&#039;exp\u00e9rience partenaire est au c\u0153ur de notre programme de partenaires.\" \/>\n<meta property=\"og:url\" content=\"https:\/\/www.deepki.com\/fr\/partenaires\/\" \/>\n<meta property=\"og:site_name\" content=\"Deepki\" \/>\n<meta property=\"article:publisher\" content=\"https:\/\/www.facebook.com\/DeepkiSAS\/\" \/>\n<meta property=\"article:modified_time\" content=\"2025-12-18T15:49:08+00:00\" \/>\n<meta property=\"og:image\" content=\"https:\/\/www.deepki.com\/web\/wp-content\/uploads\/2023\/03\/GettyImages-451822279_72ppi-1.jpg\" \/>\n\t<meta property=\"og:image:width\" content=\"1248\" \/>\n\t<meta property=\"og:image:height\" content=\"832\" \/>\n\t<meta property=\"og:image:type\" content=\"image\/jpeg\" \/>\n<meta name=\"twitter:card\" content=\"summary_large_image\" \/>\n<meta name=\"twitter:title\" content=\"Deepki partenaires\" \/>\n<meta name=\"twitter:description\" content=\"Deepki offre \u00e0 ses partenaires les outils, ressources et avantages pour cro\u00eetre avec succ\u00e8s. L&#039;exp\u00e9rience partenaire est au c\u0153ur de notre programme de partenaires.\" \/>\n<meta name=\"twitter:image\" content=\"https:\/\/www.deepki.com\/web\/wp-content\/uploads\/2023\/03\/GettyImages-451822279_72ppi-6.jpg\" \/>\n<meta name=\"twitter:site\" content=\"@DeepkiSAS\" \/>\n<meta name=\"twitter:label1\" content=\"Dur\u00e9e de lecture estim\u00e9e\" \/>\n\t<meta name=\"twitter:data1\" content=\"2 minutes\" \/>\n<script type=\"application\/ld+json\" class=\"yoast-schema-graph\">{\"@context\":\"https:\\\/\\\/schema.org\",\"@graph\":[{\"@type\":\"WebPage\",\"@id\":\"https:\\\/\\\/www.deepki.com\\\/fr\\\/partenaires\\\/\",\"url\":\"https:\\\/\\\/www.deepki.com\\\/fr\\\/partenaires\\\/\",\"name\":\"Partenaires - Deepki\",\"isPartOf\":{\"@id\":\"https:\\\/\\\/www.deepki.com\\\/fr\\\/#website\"},\"primaryImageOfPage\":{\"@id\":\"https:\\\/\\\/www.deepki.com\\\/fr\\\/partenaires\\\/#primaryimage\"},\"image\":{\"@id\":\"https:\\\/\\\/www.deepki.com\\\/fr\\\/partenaires\\\/#primaryimage\"},\"thumbnailUrl\":\"https:\\\/\\\/www.deepki.com\\\/web\\\/wp-content\\\/uploads\\\/2024\\\/01\\\/GettyImages-587704375_1600x900px.png\",\"datePublished\":\"2023-05-29T14:24:05+00:00\",\"dateModified\":\"2025-12-18T15:49:08+00:00\",\"description\":\"Deepki offre \u00e0 ses partenaires les outils, ressources et avantages pour cro\u00eetre avec succ\u00e8s. L'exp\u00e9rience partenaire est au c\u0153ur de notre programme de partenaires.\",\"breadcrumb\":{\"@id\":\"https:\\\/\\\/www.deepki.com\\\/fr\\\/partenaires\\\/#breadcrumb\"},\"inLanguage\":\"fr-FR\",\"potentialAction\":[{\"@type\":\"ReadAction\",\"target\":[\"https:\\\/\\\/www.deepki.com\\\/fr\\\/partenaires\\\/\"]}]},{\"@type\":\"ImageObject\",\"inLanguage\":\"fr-FR\",\"@id\":\"https:\\\/\\\/www.deepki.com\\\/fr\\\/partenaires\\\/#primaryimage\",\"url\":\"https:\\\/\\\/www.deepki.com\\\/web\\\/wp-content\\\/uploads\\\/2024\\\/01\\\/GettyImages-587704375_1600x900px.png\",\"contentUrl\":\"https:\\\/\\\/www.deepki.com\\\/web\\\/wp-content\\\/uploads\\\/2024\\\/01\\\/GettyImages-587704375_1600x900px.png\",\"width\":1600,\"height\":900},{\"@type\":\"BreadcrumbList\",\"@id\":\"https:\\\/\\\/www.deepki.com\\\/fr\\\/partenaires\\\/#breadcrumb\",\"itemListElement\":[{\"@type\":\"ListItem\",\"position\":1,\"name\":\"Home\",\"item\":\"https:\\\/\\\/www.deepki.com\\\/fr\\\/\"},{\"@type\":\"ListItem\",\"position\":2,\"name\":\"Partenaires\"}]},{\"@type\":\"WebSite\",\"@id\":\"https:\\\/\\\/www.deepki.com\\\/fr\\\/#website\",\"url\":\"https:\\\/\\\/www.deepki.com\\\/fr\\\/\",\"name\":\"Deepki\",\"description\":\"Together, let&#039;s make your real estate more sustainable thanks to data!\",\"publisher\":{\"@id\":\"https:\\\/\\\/www.deepki.com\\\/fr\\\/#organization\"},\"potentialAction\":[{\"@type\":\"SearchAction\",\"target\":{\"@type\":\"EntryPoint\",\"urlTemplate\":\"https:\\\/\\\/www.deepki.com\\\/fr\\\/?s={search_term_string}\"},\"query-input\":{\"@type\":\"PropertyValueSpecification\",\"valueRequired\":true,\"valueName\":\"search_term_string\"}}],\"inLanguage\":\"fr-FR\"},{\"@type\":\"Organization\",\"@id\":\"https:\\\/\\\/www.deepki.com\\\/fr\\\/#organization\",\"name\":\"Deepki\",\"url\":\"https:\\\/\\\/www.deepki.com\\\/fr\\\/\",\"logo\":{\"@type\":\"ImageObject\",\"inLanguage\":\"fr-FR\",\"@id\":\"https:\\\/\\\/www.deepki.com\\\/fr\\\/#\\\/schema\\\/logo\\\/image\\\/\",\"url\":\"https:\\\/\\\/www.deepki.com\\\/web\\\/wp-content\\\/uploads\\\/2021\\\/08\\\/deepki-logo.jpg\",\"contentUrl\":\"https:\\\/\\\/www.deepki.com\\\/web\\\/wp-content\\\/uploads\\\/2021\\\/08\\\/deepki-logo.jpg\",\"width\":880,\"height\":360,\"caption\":\"Deepki\"},\"image\":{\"@id\":\"https:\\\/\\\/www.deepki.com\\\/fr\\\/#\\\/schema\\\/logo\\\/image\\\/\"},\"sameAs\":[\"https:\\\/\\\/www.facebook.com\\\/DeepkiSAS\\\/\",\"https:\\\/\\\/x.com\\\/DeepkiSAS\",\"https:\\\/\\\/www.linkedin.com\\\/company\\\/deepki\"]}]}<\/script>\n<!-- \/ Yoast SEO plugin. -->","yoast_head_json":{"title":"Partenaires - Deepki","description":"Deepki offre \u00e0 ses partenaires les outils, ressources et avantages pour cro\u00eetre avec succ\u00e8s. L'exp\u00e9rience partenaire est au c\u0153ur de notre programme de partenaires.","robots":{"index":"index","follow":"follow","max-snippet":"max-snippet:-1","max-image-preview":"max-image-preview:large","max-video-preview":"max-video-preview:-1"},"canonical":"https:\/\/www.deepki.com\/fr\/partenaires\/","og_locale":"fr_FR","og_type":"article","og_title":"Deepki partenaires","og_description":"Deepki offre \u00e0 ses partenaires les outils, ressources et avantages pour cro\u00eetre avec succ\u00e8s. L'exp\u00e9rience partenaire est au c\u0153ur de notre programme de partenaires.","og_url":"https:\/\/www.deepki.com\/fr\/partenaires\/","og_site_name":"Deepki","article_publisher":"https:\/\/www.facebook.com\/DeepkiSAS\/","article_modified_time":"2025-12-18T15:49:08+00:00","og_image":[{"width":1248,"height":832,"url":"https:\/\/www.deepki.com\/web\/wp-content\/uploads\/2023\/03\/GettyImages-451822279_72ppi-1.jpg","type":"image\/jpeg"}],"twitter_card":"summary_large_image","twitter_title":"Deepki partenaires","twitter_description":"Deepki offre \u00e0 ses partenaires les outils, ressources et avantages pour cro\u00eetre avec succ\u00e8s. L'exp\u00e9rience partenaire est au c\u0153ur de notre programme de partenaires.","twitter_image":"https:\/\/www.deepki.com\/web\/wp-content\/uploads\/2023\/03\/GettyImages-451822279_72ppi-6.jpg","twitter_site":"@DeepkiSAS","twitter_misc":{"Dur\u00e9e de lecture estim\u00e9e":"2 minutes"},"schema":{"@context":"https:\/\/schema.org","@graph":[{"@type":"WebPage","@id":"https:\/\/www.deepki.com\/fr\/partenaires\/","url":"https:\/\/www.deepki.com\/fr\/partenaires\/","name":"Partenaires - Deepki","isPartOf":{"@id":"https:\/\/www.deepki.com\/fr\/#website"},"primaryImageOfPage":{"@id":"https:\/\/www.deepki.com\/fr\/partenaires\/#primaryimage"},"image":{"@id":"https:\/\/www.deepki.com\/fr\/partenaires\/#primaryimage"},"thumbnailUrl":"https:\/\/www.deepki.com\/web\/wp-content\/uploads\/2024\/01\/GettyImages-587704375_1600x900px.png","datePublished":"2023-05-29T14:24:05+00:00","dateModified":"2025-12-18T15:49:08+00:00","description":"Deepki offre \u00e0 ses partenaires les outils, ressources et avantages pour cro\u00eetre avec succ\u00e8s. L'exp\u00e9rience partenaire est au c\u0153ur de notre programme de partenaires.","breadcrumb":{"@id":"https:\/\/www.deepki.com\/fr\/partenaires\/#breadcrumb"},"inLanguage":"fr-FR","potentialAction":[{"@type":"ReadAction","target":["https:\/\/www.deepki.com\/fr\/partenaires\/"]}]},{"@type":"ImageObject","inLanguage":"fr-FR","@id":"https:\/\/www.deepki.com\/fr\/partenaires\/#primaryimage","url":"https:\/\/www.deepki.com\/web\/wp-content\/uploads\/2024\/01\/GettyImages-587704375_1600x900px.png","contentUrl":"https:\/\/www.deepki.com\/web\/wp-content\/uploads\/2024\/01\/GettyImages-587704375_1600x900px.png","width":1600,"height":900},{"@type":"BreadcrumbList","@id":"https:\/\/www.deepki.com\/fr\/partenaires\/#breadcrumb","itemListElement":[{"@type":"ListItem","position":1,"name":"Home","item":"https:\/\/www.deepki.com\/fr\/"},{"@type":"ListItem","position":2,"name":"Partenaires"}]},{"@type":"WebSite","@id":"https:\/\/www.deepki.com\/fr\/#website","url":"https:\/\/www.deepki.com\/fr\/","name":"Deepki","description":"Together, let&#039;s make your real estate more sustainable thanks to data!","publisher":{"@id":"https:\/\/www.deepki.com\/fr\/#organization"},"potentialAction":[{"@type":"SearchAction","target":{"@type":"EntryPoint","urlTemplate":"https:\/\/www.deepki.com\/fr\/?s={search_term_string}"},"query-input":{"@type":"PropertyValueSpecification","valueRequired":true,"valueName":"search_term_string"}}],"inLanguage":"fr-FR"},{"@type":"Organization","@id":"https:\/\/www.deepki.com\/fr\/#organization","name":"Deepki","url":"https:\/\/www.deepki.com\/fr\/","logo":{"@type":"ImageObject","inLanguage":"fr-FR","@id":"https:\/\/www.deepki.com\/fr\/#\/schema\/logo\/image\/","url":"https:\/\/www.deepki.com\/web\/wp-content\/uploads\/2021\/08\/deepki-logo.jpg","contentUrl":"https:\/\/www.deepki.com\/web\/wp-content\/uploads\/2021\/08\/deepki-logo.jpg","width":880,"height":360,"caption":"Deepki"},"image":{"@id":"https:\/\/www.deepki.com\/fr\/#\/schema\/logo\/image\/"},"sameAs":["https:\/\/www.facebook.com\/DeepkiSAS\/","https:\/\/x.com\/DeepkiSAS","https:\/\/www.linkedin.com\/company\/deepki"]}]}},"_links":{"self":[{"href":"https:\/\/www.deepki.com\/fr\/wp-json\/wp\/v2\/pages\/74122","targetHints":{"allow":["GET"]}}],"collection":[{"href":"https:\/\/www.deepki.com\/fr\/wp-json\/wp\/v2\/pages"}],"about":[{"href":"https:\/\/www.deepki.com\/fr\/wp-json\/wp\/v2\/types\/page"}],"author":[{"embeddable":true,"href":"https:\/\/www.deepki.com\/fr\/wp-json\/wp\/v2\/users\/71"}],"replies":[{"embeddable":true,"href":"https:\/\/www.deepki.com\/fr\/wp-json\/wp\/v2\/comments?post=74122"}],"version-history":[{"count":36,"href":"https:\/\/www.deepki.com\/fr\/wp-json\/wp\/v2\/pages\/74122\/revisions"}],"predecessor-version":[{"id":100875,"href":"https:\/\/www.deepki.com\/fr\/wp-json\/wp\/v2\/pages\/74122\/revisions\/100875"}],"wp:featuredmedia":[{"embeddable":true,"href":"https:\/\/www.deepki.com\/fr\/wp-json\/wp\/v2\/media\/85061"}],"wp:attachment":[{"href":"https:\/\/www.deepki.com\/fr\/wp-json\/wp\/v2\/media?parent=74122"}],"curies":[{"name":"wp","href":"https:\/\/api.w.org\/{rel}","templated":true}]}}