{"id":99124,"date":"2025-09-29T14:59:11","date_gmt":"2025-09-29T12:59:11","guid":{"rendered":"https:\/\/www.deepki.com\/?page_id=99124"},"modified":"2025-09-29T15:04:32","modified_gmt":"2025-09-29T13:04:32","slug":"security-requirements","status":"publish","type":"page","link":"https:\/\/www.deepki.com\/fr\/vendors\/security-requirements\/","title":{"rendered":"Exigences de s\u00e9curit\u00e9 pour les fournisseurs de Deepki"},"content":{"rendered":"\n<div style=\"height:100px\" aria-hidden=\"true\" class=\"wp-block-spacer\"><\/div>\n\n\n\n<div class=\"wp-block-group\"><div class=\"wp-block-group__inner-container is-layout-constrained wp-block-group-is-layout-constrained\">\n<h2 class=\"wp-block-heading\">Exigences de s\u00e9curit\u00e9 pour les fournisseurs de Deepki<\/h2>\n\n\n\n<p>Chez Deepki, la protection de nos donn\u00e9es, de nos syst\u00e8mes et de la confidentialit\u00e9 de nos informations, ainsi que des donn\u00e9es de nos clients, est une priorit\u00e9 absolue. Nous estimons qu&rsquo;une relation solide et de confiance avec nos partenaires est essentielle pour garantir cette s\u00e9curit\u00e9. C&rsquo;est pourquoi nous exigeons de tous les fournisseurs qui traitent, stockent ou acc\u00e8dent \u00e0 nos donn\u00e9es, ainsi que de ceux qui fournissent des services susceptibles d&rsquo;avoir un impact sur notre s\u00e9curit\u00e9, qu&rsquo;ils respectent des normes de s\u00e9curit\u00e9 rigoureuses.<\/p>\n\n\n\n<p>Ces exigences sont une <strong>condition pr\u00e9alable indispensable <\/strong>\u00e0 toute relation commerciale avec Deepki et doivent \u00eatre strictement respect\u00e9es tout au long de notre collaboration.&nbsp;<\/p>\n\n\n\n<p><strong>La port\u00e9e et la pertinence de ces exigences d\u00e9pendent de la nature et de l&rsquo;\u00e9tendue des services fournis, du degr\u00e9 d&rsquo;acc\u00e8s aux donn\u00e9es ou aux syst\u00e8mes de Deepki, et des risques associ\u00e9s.&nbsp;<\/strong><\/p>\n\n\n\n<p><strong>En travaillant avec Deepki, nos fournisseurs acceptent de se conformer \u00e0 ces normes et conviennent qu&rsquo;elles font partie int\u00e9grante du contrat qui nous lie. Le non-respect de ces exigences constitue une violation contractuelle importante et peut entra\u00eener la r\u00e9siliation de nos accords.<\/strong><\/p>\n\n\n\n<div style=\"height:35px\" aria-hidden=\"true\" class=\"wp-block-spacer\"><\/div>\n\n\n\n<hr class=\"wp-block-separator has-alpha-channel-opacity\"\/>\n\n\n\n<div style=\"height:35px\" aria-hidden=\"true\" class=\"wp-block-spacer\"><\/div>\n\n\n\n<h3 class=\"wp-block-heading\">1. Gouvernance et gestion de la s\u00e9curit\u00e9<\/h3>\n\n\n\n<ul class=\"wp-block-list\">\n<li><strong>Politiques et proc\u00e9dures de s\u00e9curit\u00e9 : <\/strong>le fournisseur doit disposer de politiques et de proc\u00e9dures document\u00e9es et \u00e0 jour en mati\u00e8re de s\u00e9curit\u00e9 de l&rsquo;information, couvrant tous les aspects pertinents de ses op\u00e9rations.<\/li>\n\n\n\n<li><strong>Personnel et sensibilisation : <\/strong>le personnel du fournisseur ayant acc\u00e8s aux donn\u00e9es ou aux syst\u00e8mes de Deepki doit recevoir une formation r\u00e9guli\u00e8re et \u00eatre sensibilis\u00e9 aux meilleures pratiques en mati\u00e8re de s\u00e9curit\u00e9. Le fournisseur s&rsquo;engage \u00e9galement \u00e0 veiller \u00e0 ce que son propre personnel respecte toutes les obligations de s\u00e9curit\u00e9 stipul\u00e9es dans le pr\u00e9sent document.<\/li>\n\n\n\n<li><strong>Conformit\u00e9 et certification : <\/strong>le fournisseur doit se conformer \u00e0 toutes les lois et r\u00e9glementations applicables en mati\u00e8re de protection des donn\u00e9es, <strong>notamment le r\u00e8glement g\u00e9n\u00e9ral sur la protection des donn\u00e9es (RGPD). <\/strong>Deepki encourage vivement ses fournisseurs \u00e0 obtenir et \u00e0 maintenir la certification <strong>ISO 27001 <\/strong>ou une certification \u00e9quivalente.<\/li>\n<\/ul>\n\n\n\n<div style=\"height:35px\" aria-hidden=\"true\" class=\"wp-block-spacer\"><\/div>\n\n\n\n<hr class=\"wp-block-separator has-alpha-channel-opacity\"\/>\n\n\n\n<div style=\"height:35px\" aria-hidden=\"true\" class=\"wp-block-spacer\"><\/div>\n\n\n\n<h3 class=\"wp-block-heading\">2. Acc\u00e8s aux donn\u00e9es et protection des donn\u00e9es<\/h3>\n\n\n\n<ul class=\"wp-block-list\">\n<li><strong>Acc\u00e8s aux donn\u00e9es : <\/strong>l&rsquo;acc\u00e8s aux donn\u00e9es et aux environnements de Deepki est <strong>strictement limit\u00e9 aux donn\u00e9es n\u00e9cessaires \u00e0 la mission <\/strong>et doit respecter le principe du moindre privil\u00e8ge.<\/li>\n\n\n\n<li><strong>Authentification forte : l&rsquo;authentification multifactorielle (MFA) <\/strong>est obligatoire pour tout acc\u00e8s \u00e0 nos environnements ou \u00e0 nos donn\u00e9es. Le Fournisseur s&rsquo;engage \u00e0 activer l&rsquo;authentification \u00e0 deux facteurs (2FA) sur tous les comptes privil\u00e9gi\u00e9s utilis\u00e9s dans le cadre des services fournis \u00e0 Deepki.<\/li>\n\n\n\n<li><strong>Authentification unique (SSO) : <\/strong>le fournisseur doit fournir <strong>une solution SSO compatible <\/strong>avec Okta pour les services utilis\u00e9s par Deepki.&nbsp;<\/li>\n\n\n\n<li><strong>Responsabilit\u00e9 des actions : <\/strong>le fournisseur doit \u00e0 tout moment garantir la responsabilit\u00e9 des actions effectu\u00e9es par son personnel et ses syst\u00e8mes, en permettant de retracer qui a fait quoi, quand et o\u00f9.<\/li>\n\n\n\n<li><strong>Chiffrement des donn\u00e9es : <\/strong>toutes les donn\u00e9es \u00e9chang\u00e9es avec le Fournisseur (\u00ab Donn\u00e9es<strong> Deepki <\/strong>\u00bb) doivent \u00eatre chiffr\u00e9es en transit (TLS 1.2 ou sup\u00e9rieur) dans tous les cas et au repos <strong>(AES 256 ou \u00e9quivalent) <\/strong>lorsque cela est techniquement possible.<\/li>\n\n\n\n<li><strong>H\u00e9bergement des donn\u00e9es : <\/strong>toutes les donn\u00e9es Deepki doivent \u00eatre h\u00e9berg\u00e9es <strong>exclusivement au sein de l&rsquo;Union europ\u00e9enne (UE), <\/strong>sauf accord pr\u00e9alable \u00e9crit et sp\u00e9cifique de Deepki.<\/li>\n\n\n\n<li><strong>Interdiction d&rsquo;utilisation des donn\u00e9es (IA) : <\/strong>les donn\u00e9es Deepki ne doivent en aucun cas \u00eatre utilis\u00e9es, directement ou indirectement, pour la formation, le d\u00e9veloppement ou l&rsquo;am\u00e9lioration de mod\u00e8les d&rsquo;intelligence artificielle, d&rsquo;algorithmes d&rsquo;apprentissage automatique ou de toute autre technologie similaire.<\/li>\n\n\n\n<li><strong>R\u00e9utilisation et transfert des donn\u00e9es : <\/strong>les donn\u00e9es Deepki ne doivent pas \u00eatre r\u00e9utilis\u00e9es ou transf\u00e9r\u00e9es sans l&rsquo;autorisation \u00e9crite pr\u00e9alable de Deepki.<\/li>\n\n\n\n<li><strong>Gestion des actifs : <\/strong>le fournisseur doit disposer d&rsquo;une politique de gestion des actifs conforme aux meilleures pratiques et doit traiter les donn\u00e9es Deepki comme des donn\u00e9es confidentielles ou \u00e9quivalentes.<\/li>\n\n\n\n<li><strong>R\u00e9versibilit\u00e9 des donn\u00e9es : <\/strong>les donn\u00e9es fournies par Deepki au fournisseur doivent rester r\u00e9cup\u00e9rables \u00e0 tout moment, dans un format standard, dans un d\u00e9lai maximum d&rsquo;un mois.<\/li>\n\n\n\n<li><strong>Suppression des donn\u00e9es : <\/strong>\u00e0 l&rsquo;issue des services, les donn\u00e9es Deepki doivent \u00eatre supprim\u00e9es de mani\u00e8re s\u00e9curis\u00e9e et irr\u00e9versible dans un d\u00e9lai de <strong>deux (2) mois <\/strong>\u00e0 compter de la fin de la relation contractuelle entre les parties.<\/li>\n\n\n\n<li><strong>Sous-traitance : <\/strong>le fournisseur s&rsquo;engage \u00e0 veiller \u00e0 ce que tous ses sous-traitants et co-contractants respectent ces exigences de s\u00e9curit\u00e9. Tout recours \u00e0 un sous-traitant impliquant les donn\u00e9es Deepki ou les services est soumis \u00e0 <strong>l&rsquo;accord \u00e9crit pr\u00e9alable de Deepki<\/strong>. Le fournisseur doit nous informer de tout changement ou ajout de sous-traitants. Deepki se r\u00e9serve le droit de s&rsquo;opposer \u00e0 toute sous-traitance si celle-ci pr\u00e9sente un risque pour la s\u00e9curit\u00e9 ou la confidentialit\u00e9. Dans le cas o\u00f9 le Fournisseur insisterait pour maintenir la d\u00e9signation d&rsquo;un sous-traitant contestable, Deepki aura le droit de r\u00e9silier son contrat avec le Fournisseur sans que celui-ci puisse exercer aucun recours \u00e0 l&rsquo;encontre de Deepki. Le Fournisseur <strong>reste enti\u00e8rement responsable <\/strong>du respect de ses obligations et de celles de ses sous-traitants.<\/li>\n<\/ul>\n\n\n\n<div style=\"height:35px\" aria-hidden=\"true\" class=\"wp-block-spacer\"><\/div>\n\n\n\n<hr class=\"wp-block-separator has-alpha-channel-opacity\"\/>\n\n\n\n<div style=\"height:35px\" aria-hidden=\"true\" class=\"wp-block-spacer\"><\/div>\n\n\n\n<h3 class=\"wp-block-heading\">3. Gestion des incidents de s\u00e9curit\u00e9<\/h3>\n\n\n\n<ul class=\"wp-block-list\">\n<li><strong>Notification des incidents : <\/strong>Le Fournisseur est tenu de signaler tout incident de s\u00e9curit\u00e9 r\u00e9el ou suspect\u00e9 impliquant les donn\u00e9es ou les syst\u00e8mes de Deepki dans <strong>les 48 heures <\/strong>suivant sa d\u00e9tection initiale.<\/li>\n\n\n\n<li><strong>D\u00e9tails de l&rsquo;incident : <\/strong>la notification doit inclure les d\u00e9tails connus de l&rsquo;impact, les mesures imm\u00e9diates prises et un plan de rem\u00e9diation.<\/li>\n\n\n\n<li><strong>Coop\u00e9ration : <\/strong>le Fournisseur s&rsquo;engage \u00e0 coop\u00e9rer pleinement avec Deepki pendant l&rsquo;enqu\u00eate et la r\u00e9solution de tout incident.<\/li>\n\n\n\n<li><strong>Contact en cas d&rsquo;incident : <\/strong>toutes les notifications d&rsquo;incident doivent \u00eatre envoy\u00e9es \u00e0 <strong>soc@deepki.com<\/strong>.<\/li>\n<\/ul>\n\n\n\n<div style=\"height:35px\" aria-hidden=\"true\" class=\"wp-block-spacer\"><\/div>\n\n\n\n<hr class=\"wp-block-separator has-alpha-channel-opacity\"\/>\n\n\n\n<div style=\"height:35px\" aria-hidden=\"true\" class=\"wp-block-spacer\"><\/div>\n\n\n\n<h3 class=\"wp-block-heading\">4. S\u00e9curit\u00e9 du syst\u00e8me et r\u00e9vision p\u00e9riodique<\/h3>\n\n\n\n<ul class=\"wp-block-list\">\n<li><strong>Mesures de s\u00e9curit\u00e9 du syst\u00e8me : <\/strong>Le Fournisseur s&rsquo;engage \u00e0 mettre en \u0153uvre des mesures de s\u00e9curit\u00e9 suffisantes pour prot\u00e9ger ses syst\u00e8mes d&rsquo;information et les services fournis \u00e0 Deepki. Cela comprend l&rsquo;installation et la maintenance de toutes les ressources mat\u00e9rielles et logicielles (solutions antivirus, dispositifs anti-malware, EPP, EDR, etc.) dans les versions prises en charge par leurs fournisseurs ou fabricants et l&rsquo;int\u00e9gration des derni\u00e8res mises \u00e0 jour de s\u00e9curit\u00e9.<\/li>\n\n\n\n<li><strong>Gestion des vuln\u00e9rabilit\u00e9s et correctifs : <\/strong>Le Fournisseur doit disposer d&rsquo;un processus rigoureux pour identifier et corriger les vuln\u00e9rabilit\u00e9s. Les correctifs de s\u00e9curit\u00e9 critiques doivent \u00eatre appliqu\u00e9s dans <strong>les 14 jours <\/strong>suivant leur publication. Pour les vuln\u00e9rabilit\u00e9s pr\u00e9sentant un risque \u00ab \u00e9lev\u00e9 \u00bb ou \u00ab critique \u00bb (selon CVSS v3.1), ce d\u00e9lai est r\u00e9duit \u00e0 7 <strong>jours. <\/strong>S&rsquo;il est impossible de respecter ces d\u00e9lais, Deepki doit en \u00eatre inform\u00e9 sans d\u00e9lai et des mesures d&rsquo;att\u00e9nuation temporaires acceptables doivent \u00eatre propos\u00e9es.<\/li>\n\n\n\n<li><strong>Configuration des \u00e9quipements clients : <\/strong>lorsque les \u00e9quipements informatiques de Deepki sont confi\u00e9s au Fournisseur dans le cadre des services, il est interdit au Fournisseur de modifier les configurations mat\u00e9rielles et logicielles, ainsi que les \u00e9l\u00e9ments de s\u00e9curit\u00e9 en place sur le poste de travail ou tout autre \u00e9quipement.<\/li>\n\n\n\n<li><strong>Tests d&rsquo;intrusion : <\/strong>des tests d&rsquo;intrusion r\u00e9guliers r\u00e9alis\u00e9s par des tiers ind\u00e9pendants sont fortement recommand\u00e9s pour les services critiques.<\/li>\n\n\n\n<li><strong>Continuit\u00e9 des activit\u00e9s et sauvegardes : <\/strong>le fournisseur doit avoir test\u00e9 des plans de continuit\u00e9 des activit\u00e9s (PCA) et des plans de reprise apr\u00e8s sinistre (PRA). Le Fournisseur s&rsquo;engage \u00e0 mettre en \u0153uvre des sauvegardes pertinentes pour assurer la continuit\u00e9 du service, avec un RPO (Recovery Point Objective) minimum de<strong> 24 heures <\/strong>et un RTO (Recovery Time Objective) minimum de<strong> 48 heures, <\/strong>sauf indication contraire dans le contrat. Ces sauvegardes doivent \u00eatre r\u00e9guli\u00e8res, crypt\u00e9es et test\u00e9es pour les donn\u00e9es de Deepki.<\/li>\n\n\n\n<li><strong>D\u00e9veloppement s\u00e9curis\u00e9 : <\/strong>Le Fournisseur doit disposer d&rsquo;une politique de d\u00e9veloppement s\u00e9curis\u00e9 conforme \u00e0 l&rsquo;\u00e9tat de l&rsquo;art, qu&rsquo;il applique d\u00e8s les phases de conception et tout au long du cycle de vie du service. Les donn\u00e9es de test doivent \u00eatre soigneusement s\u00e9lectionn\u00e9es, prot\u00e9g\u00e9es et contr\u00f4l\u00e9es, en \u00e9vitant l&rsquo;utilisation de donn\u00e9es r\u00e9elles et sensibles lorsque cela n&rsquo;est pas strictement n\u00e9cessaire.<\/li>\n\n\n\n<li><strong>R\u00e9vision des pratiques : <\/strong>Deepki se r\u00e9serve le droit de demander une r\u00e9vision annuelle des pratiques de s\u00e9curit\u00e9 du Fournisseur et de mener des audits ou d&rsquo;envoyer des questionnaires de contr\u00f4le afin de v\u00e9rifier le respect de ces exigences.<\/li>\n<\/ul>\n\n\n\n<div style=\"height:35px\" aria-hidden=\"true\" class=\"wp-block-spacer\"><\/div>\n\n\n\n<hr class=\"wp-block-separator has-alpha-channel-opacity\"\/>\n\n\n\n<div style=\"height:35px\" aria-hidden=\"true\" class=\"wp-block-spacer\"><\/div>\n\n\n\n<p><strong>R\u00e9f\u00e9rence : <\/strong>le pr\u00e9sent document s&rsquo;applique par d\u00e9faut \u00e0 toute relation contractuelle avec Deepki, sauf mention contraire expresse dans le contrat.<\/p>\n\n\n\n<p><strong>Version : <\/strong>v1.0 \u2013 Publi\u00e9 le 29 septembre 2025 \u2013 <a href=\"https:\/\/www.deepki.com\/fr\/vendors\/security-requirements\/\">https:\/\/deepki.com\/fr\/vendors\/security-requirements\/<\/a><\/p>\n<\/div><\/div>\n\n\n\n<div style=\"height:100px\" aria-hidden=\"true\" class=\"wp-block-spacer\"><\/div>\n","protected":false},"excerpt":{"rendered":"<p>Exigences de s\u00e9curit\u00e9 pour les fournisseurs de Deepki Chez Deepki, la protection de nos donn\u00e9es, de nos syst\u00e8mes et de la confidentialit\u00e9 de nos informations, ainsi que des donn\u00e9es de nos clients, est une priorit\u00e9 absolue. Nous estimons qu&rsquo;une relation solide et de confiance avec nos partenaires est essentielle pour garantir cette s\u00e9curit\u00e9. C&rsquo;est pourquoi [&hellip;]<\/p>\n","protected":false},"author":104,"featured_media":0,"parent":99128,"menu_order":0,"comment_status":"closed","ping_status":"closed","template":"","meta":{"inline_featured_image":false,"footnotes":""},"class_list":["post-99124","page","type-page","status-publish","hentry"],"yoast_head":"<!-- This site is optimized with the Yoast SEO plugin v27.3 - https:\/\/yoast.com\/product\/yoast-seo-wordpress\/ -->\n<title>Exigences de s\u00e9curit\u00e9 pour les fournisseurs de Deepki - Deepki<\/title>\n<meta name=\"robots\" content=\"noindex, nofollow\" \/>\n<meta property=\"og:locale\" content=\"fr_FR\" \/>\n<meta property=\"og:type\" content=\"article\" \/>\n<meta property=\"og:title\" content=\"Exigences de s\u00e9curit\u00e9 pour les fournisseurs de Deepki - Deepki\" \/>\n<meta property=\"og:description\" content=\"Exigences de s\u00e9curit\u00e9 pour les fournisseurs de Deepki Chez Deepki, la protection de nos donn\u00e9es, de nos syst\u00e8mes et de la confidentialit\u00e9 de nos informations, ainsi que des donn\u00e9es de nos clients, est une priorit\u00e9 absolue. Nous estimons qu&rsquo;une relation solide et de confiance avec nos partenaires est essentielle pour garantir cette s\u00e9curit\u00e9. C&rsquo;est pourquoi [&hellip;]\" \/>\n<meta property=\"og:url\" content=\"https:\/\/www.deepki.com\/fr\/vendors\/security-requirements\/\" \/>\n<meta property=\"og:site_name\" content=\"Deepki\" \/>\n<meta property=\"article:publisher\" content=\"https:\/\/www.facebook.com\/DeepkiSAS\/\" \/>\n<meta property=\"article:modified_time\" content=\"2025-09-29T13:04:32+00:00\" \/>\n<meta property=\"og:image\" content=\"https:\/\/www.deepki.com\/web\/wp-content\/uploads\/2021\/08\/Home_FI.jpg\" \/>\n\t<meta property=\"og:image:width\" content=\"1200\" \/>\n\t<meta property=\"og:image:height\" content=\"628\" \/>\n\t<meta property=\"og:image:type\" content=\"image\/jpeg\" \/>\n<meta name=\"twitter:card\" content=\"summary_large_image\" \/>\n<meta name=\"twitter:site\" content=\"@DeepkiSAS\" \/>\n<meta name=\"twitter:label1\" content=\"Dur\u00e9e de lecture estim\u00e9e\" \/>\n\t<meta name=\"twitter:data1\" content=\"6 minutes\" \/>\n<script type=\"application\/ld+json\" class=\"yoast-schema-graph\">{\"@context\":\"https:\\\/\\\/schema.org\",\"@graph\":[{\"@type\":\"WebPage\",\"@id\":\"https:\\\/\\\/www.deepki.com\\\/fr\\\/vendors\\\/security-requirements\\\/\",\"url\":\"https:\\\/\\\/www.deepki.com\\\/fr\\\/vendors\\\/security-requirements\\\/\",\"name\":\"Exigences de s\u00e9curit\u00e9 pour les fournisseurs de Deepki - Deepki\",\"isPartOf\":{\"@id\":\"https:\\\/\\\/www.deepki.com\\\/fr\\\/#website\"},\"datePublished\":\"2025-09-29T12:59:11+00:00\",\"dateModified\":\"2025-09-29T13:04:32+00:00\",\"breadcrumb\":{\"@id\":\"https:\\\/\\\/www.deepki.com\\\/fr\\\/vendors\\\/security-requirements\\\/#breadcrumb\"},\"inLanguage\":\"fr-FR\",\"potentialAction\":[{\"@type\":\"ReadAction\",\"target\":[\"https:\\\/\\\/www.deepki.com\\\/fr\\\/vendors\\\/security-requirements\\\/\"]}]},{\"@type\":\"BreadcrumbList\",\"@id\":\"https:\\\/\\\/www.deepki.com\\\/fr\\\/vendors\\\/security-requirements\\\/#breadcrumb\",\"itemListElement\":[{\"@type\":\"ListItem\",\"position\":1,\"name\":\"Home\",\"item\":\"https:\\\/\\\/www.deepki.com\\\/fr\\\/\"},{\"@type\":\"ListItem\",\"position\":2,\"name\":\"Vendors\",\"item\":\"https:\\\/\\\/www.deepki.com\\\/fr\\\/vendors\\\/\"},{\"@type\":\"ListItem\",\"position\":3,\"name\":\"Exigences de s\u00e9curit\u00e9 pour les fournisseurs de Deepki\"}]},{\"@type\":\"WebSite\",\"@id\":\"https:\\\/\\\/www.deepki.com\\\/fr\\\/#website\",\"url\":\"https:\\\/\\\/www.deepki.com\\\/fr\\\/\",\"name\":\"Deepki\",\"description\":\"Together, let&#039;s make your real estate more sustainable thanks to data!\",\"publisher\":{\"@id\":\"https:\\\/\\\/www.deepki.com\\\/fr\\\/#organization\"},\"potentialAction\":[{\"@type\":\"SearchAction\",\"target\":{\"@type\":\"EntryPoint\",\"urlTemplate\":\"https:\\\/\\\/www.deepki.com\\\/fr\\\/?s={search_term_string}\"},\"query-input\":{\"@type\":\"PropertyValueSpecification\",\"valueRequired\":true,\"valueName\":\"search_term_string\"}}],\"inLanguage\":\"fr-FR\"},{\"@type\":\"Organization\",\"@id\":\"https:\\\/\\\/www.deepki.com\\\/fr\\\/#organization\",\"name\":\"Deepki\",\"url\":\"https:\\\/\\\/www.deepki.com\\\/fr\\\/\",\"logo\":{\"@type\":\"ImageObject\",\"inLanguage\":\"fr-FR\",\"@id\":\"https:\\\/\\\/www.deepki.com\\\/fr\\\/#\\\/schema\\\/logo\\\/image\\\/\",\"url\":\"https:\\\/\\\/www.deepki.com\\\/web\\\/wp-content\\\/uploads\\\/2021\\\/08\\\/deepki-logo.jpg\",\"contentUrl\":\"https:\\\/\\\/www.deepki.com\\\/web\\\/wp-content\\\/uploads\\\/2021\\\/08\\\/deepki-logo.jpg\",\"width\":880,\"height\":360,\"caption\":\"Deepki\"},\"image\":{\"@id\":\"https:\\\/\\\/www.deepki.com\\\/fr\\\/#\\\/schema\\\/logo\\\/image\\\/\"},\"sameAs\":[\"https:\\\/\\\/www.facebook.com\\\/DeepkiSAS\\\/\",\"https:\\\/\\\/x.com\\\/DeepkiSAS\",\"https:\\\/\\\/www.linkedin.com\\\/company\\\/deepki\"]}]}<\/script>\n<!-- \/ Yoast SEO plugin. -->","yoast_head_json":{"title":"Exigences de s\u00e9curit\u00e9 pour les fournisseurs de Deepki - Deepki","robots":{"index":"noindex","follow":"nofollow"},"og_locale":"fr_FR","og_type":"article","og_title":"Exigences de s\u00e9curit\u00e9 pour les fournisseurs de Deepki - Deepki","og_description":"Exigences de s\u00e9curit\u00e9 pour les fournisseurs de Deepki Chez Deepki, la protection de nos donn\u00e9es, de nos syst\u00e8mes et de la confidentialit\u00e9 de nos informations, ainsi que des donn\u00e9es de nos clients, est une priorit\u00e9 absolue. Nous estimons qu&rsquo;une relation solide et de confiance avec nos partenaires est essentielle pour garantir cette s\u00e9curit\u00e9. C&rsquo;est pourquoi [&hellip;]","og_url":"https:\/\/www.deepki.com\/fr\/vendors\/security-requirements\/","og_site_name":"Deepki","article_publisher":"https:\/\/www.facebook.com\/DeepkiSAS\/","article_modified_time":"2025-09-29T13:04:32+00:00","og_image":[{"width":1200,"height":628,"url":"https:\/\/www.deepki.com\/web\/wp-content\/uploads\/2021\/08\/Home_FI.jpg","type":"image\/jpeg"}],"twitter_card":"summary_large_image","twitter_site":"@DeepkiSAS","twitter_misc":{"Dur\u00e9e de lecture estim\u00e9e":"6 minutes"},"schema":{"@context":"https:\/\/schema.org","@graph":[{"@type":"WebPage","@id":"https:\/\/www.deepki.com\/fr\/vendors\/security-requirements\/","url":"https:\/\/www.deepki.com\/fr\/vendors\/security-requirements\/","name":"Exigences de s\u00e9curit\u00e9 pour les fournisseurs de Deepki - Deepki","isPartOf":{"@id":"https:\/\/www.deepki.com\/fr\/#website"},"datePublished":"2025-09-29T12:59:11+00:00","dateModified":"2025-09-29T13:04:32+00:00","breadcrumb":{"@id":"https:\/\/www.deepki.com\/fr\/vendors\/security-requirements\/#breadcrumb"},"inLanguage":"fr-FR","potentialAction":[{"@type":"ReadAction","target":["https:\/\/www.deepki.com\/fr\/vendors\/security-requirements\/"]}]},{"@type":"BreadcrumbList","@id":"https:\/\/www.deepki.com\/fr\/vendors\/security-requirements\/#breadcrumb","itemListElement":[{"@type":"ListItem","position":1,"name":"Home","item":"https:\/\/www.deepki.com\/fr\/"},{"@type":"ListItem","position":2,"name":"Vendors","item":"https:\/\/www.deepki.com\/fr\/vendors\/"},{"@type":"ListItem","position":3,"name":"Exigences de s\u00e9curit\u00e9 pour les fournisseurs de Deepki"}]},{"@type":"WebSite","@id":"https:\/\/www.deepki.com\/fr\/#website","url":"https:\/\/www.deepki.com\/fr\/","name":"Deepki","description":"Together, let&#039;s make your real estate more sustainable thanks to data!","publisher":{"@id":"https:\/\/www.deepki.com\/fr\/#organization"},"potentialAction":[{"@type":"SearchAction","target":{"@type":"EntryPoint","urlTemplate":"https:\/\/www.deepki.com\/fr\/?s={search_term_string}"},"query-input":{"@type":"PropertyValueSpecification","valueRequired":true,"valueName":"search_term_string"}}],"inLanguage":"fr-FR"},{"@type":"Organization","@id":"https:\/\/www.deepki.com\/fr\/#organization","name":"Deepki","url":"https:\/\/www.deepki.com\/fr\/","logo":{"@type":"ImageObject","inLanguage":"fr-FR","@id":"https:\/\/www.deepki.com\/fr\/#\/schema\/logo\/image\/","url":"https:\/\/www.deepki.com\/web\/wp-content\/uploads\/2021\/08\/deepki-logo.jpg","contentUrl":"https:\/\/www.deepki.com\/web\/wp-content\/uploads\/2021\/08\/deepki-logo.jpg","width":880,"height":360,"caption":"Deepki"},"image":{"@id":"https:\/\/www.deepki.com\/fr\/#\/schema\/logo\/image\/"},"sameAs":["https:\/\/www.facebook.com\/DeepkiSAS\/","https:\/\/x.com\/DeepkiSAS","https:\/\/www.linkedin.com\/company\/deepki"]}]}},"_links":{"self":[{"href":"https:\/\/www.deepki.com\/fr\/wp-json\/wp\/v2\/pages\/99124","targetHints":{"allow":["GET"]}}],"collection":[{"href":"https:\/\/www.deepki.com\/fr\/wp-json\/wp\/v2\/pages"}],"about":[{"href":"https:\/\/www.deepki.com\/fr\/wp-json\/wp\/v2\/types\/page"}],"author":[{"embeddable":true,"href":"https:\/\/www.deepki.com\/fr\/wp-json\/wp\/v2\/users\/104"}],"replies":[{"embeddable":true,"href":"https:\/\/www.deepki.com\/fr\/wp-json\/wp\/v2\/comments?post=99124"}],"version-history":[{"count":3,"href":"https:\/\/www.deepki.com\/fr\/wp-json\/wp\/v2\/pages\/99124\/revisions"}],"predecessor-version":[{"id":99134,"href":"https:\/\/www.deepki.com\/fr\/wp-json\/wp\/v2\/pages\/99124\/revisions\/99134"}],"up":[{"embeddable":true,"href":"https:\/\/www.deepki.com\/fr\/wp-json\/wp\/v2\/pages\/99128"}],"wp:attachment":[{"href":"https:\/\/www.deepki.com\/fr\/wp-json\/wp\/v2\/media?parent=99124"}],"curies":[{"name":"wp","href":"https:\/\/api.w.org\/{rel}","templated":true}]}}