{"id":60570,"date":"2021-09-27T16:00:34","date_gmt":"2021-09-27T16:00:34","guid":{"rendered":"https:\/\/www.deepki.com\/?page_id=60570"},"modified":"2026-01-05T14:56:23","modified_gmt":"2026-01-05T13:56:23","slug":"il-nostro-team","status":"publish","type":"page","link":"https:\/\/www.deepki.com\/it\/chi-siamo\/il-nostro-team\/","title":{"rendered":"Il nostro Team"},"content":{"rendered":"<div class=\"custom-block-top-header homepage-header relative black-bg white vertical-middle\">\t\r\n\t<div class=\"homepage-header-row\">\r\n\t\t<div class=\"homepage-header-cell page-header\">\r\n\t\t\t<div class=\"homepage-title-wrapper center\"> \r\n\t\t\t\t\t\t\t\t\t\t\t\t\t\t\t\t\t\t\t<h1 class=\"homepage-h1\">\r\n\t\t\t\t\t\t\t\t\t\tLa cultura di Deepki e il nostro team<\/h1>\r\n\t\t\t\t\t\t\t\t\t\t\t\t\r\n\t\t\t\t<div class=\"homepage-intro-p\">\r\n\t\t\t\t\tUna comunit\u00e0 di talenti nel settore immobiliare, esperta di sostenibilit\u00e0 e di data intelligence, che si impegna a generare  un impatto positivo sul pianeta rendendo gli immobili pi\u00f9 sostenibili.\t\t\t\t<\/div>\r\n\t\t\t\t\t\r\n\t\t\t\t\t\t\t\t\r\n\t\t\t\t<div class=\"homepage-intro-cta\">\r\n\t\t\t\t\t<a href=\"https:\/\/deepki.teamtailor.com\/\" target=\"_blank\" class=\"btn\">Unisciti a noi<\/a>\r\n\t\t\t\t<\/div>\r\n\t\t\t\t\t\t\t\t\r\n\t\t\t<\/div>\t\r\n\t\t\t<div class=\"homepage-header-svg-wrapper\" style=\"background-image:url('https:\/\/www.deepki.com\/web\/wp-content\/uploads\/2026\/01\/header_test_3-1440x900.jpg')\"><\/div>\t\r\n\t\t\t<div class=\"homepage-botarrow-wrapper\"><div class=\"homepage-botarrow\"><div class=\"homepage-botarrow-ico\"><\/div><\/div><\/div>\r\n\t\t<\/div>\t\r\n\t<\/div>\t\r\n<\/div>\t\t\t\r\n<div id=\"homepage-content\"><\/div>\t\r\n\n\n<div class=\"white-bg custom-text-left-img-right\"><div class=\"width-wrapper\">\r\n\t<div class=\"wp-block-columns\">\r\n\t\t<div class=\"wp-block-column\">\r\n\t\t\t<h2>Lavorare in Deepki<\/h2><p>I nostri valori sono le nostre guidelines. Attraverso dedizione, impegno, etica e benevolenza, contribuiamo a un impatto positivo a livello globale.<\/p>\t\t<\/div>\r\n\t\t\t\t<div class=\"wp-block-column align-right\">\r\n\t\t\t<img decoding=\"async\" width=\"640\" height=\"400\" src=\"https:\/\/www.deepki.com\/web\/wp-content\/uploads\/2026\/01\/deepki_boat_offsite.jpeg\" class=\"attachment-custom-block-right-img size-custom-block-right-img\" alt=\"\" srcset=\"https:\/\/www.deepki.com\/web\/wp-content\/uploads\/2026\/01\/deepki_boat_offsite.jpeg 640w, https:\/\/www.deepki.com\/web\/wp-content\/uploads\/2026\/01\/deepki_boat_offsite-300x188.jpeg 300w, https:\/\/www.deepki.com\/web\/wp-content\/uploads\/2026\/01\/deepki_boat_offsite-128x80.jpeg 128w, https:\/\/www.deepki.com\/web\/wp-content\/uploads\/2026\/01\/deepki_boat_offsite-80x50.jpeg 80w, https:\/\/www.deepki.com\/web\/wp-content\/uploads\/2026\/01\/deepki_boat_offsite-256x160.jpeg 256w\" sizes=\"(max-width: 640px) 100vw, 640px\" \/>\t\t<\/div>\r\n\t<\/div>\r\n<\/div>\r\n<\/div>\r\n\t\n\n<div class=\"custom-slider-grey-wrapper charcoal-grey-bg white\"><h2 class=\"center\">Dietro ogni grande azienda c&#8217;\u00e8 una grande ambizione<\/h2><div class=\"custom-slider-grey\"><div class=\"custom-slide-grey\"><h4>Lavora concretamente<\/h4><p>Il nostro lavoro ha un grande valore. Avere un impatto positivo sul mondo \u00e8 un forte stimolo per tutti noi in Deepki. Diamo il massimo per rendere il Real Estate pi\u00f9 sostenibile.<\/p><\/div><div class=\"custom-slide-grey\"><h4>Lavoriamo in tutto il mondo<\/h4><p>Presente in 11 paesi e con 28 diverse nazionalit\u00e0, Deepki \u00e8 un ambiente di lavoro veramente multiculturale che sfrutta la ricchezza e la diversit\u00e0 del suo team.<\/p><\/div><div class=\"custom-slide-grey\"><h4>Lavoro &#038; Benessere<\/h4><p>Con una valutazione media di 4,5\/5, i dipendenti Deepki apprezzano il loro posto di lavoro e riconoscono la capacit\u00e0 di Deepki di garantire il loro benessere personale e professionale.<\/p><\/div><div class=\"custom-slide-grey\"><h4>Vivete un&#8217;esperienza non solo professionale <\/h4><p>Nuove competenze, responsabilit\u00e0 reali, orari di lavoro flessibili, benessere dei dipendenti, ecc. Vivi un&#8217;esperienza personale.<\/p><\/div><\/div><\/div>\n\n<div class=\"heritage-green-bg custom-block-title-cta\"><div class=\"width-wrapper center\"><div class=\"home-section3cta2-title\">Unitevi ai deepkies<\/div><div class=\"homepage-intro-p\">Per contribuire a rendere il settore immobiliare sostenibile.<\/div><a href=\"https:\/\/deepki.teamtailor.com\/\" target=\"_blank\" class=\"btn\">Unisciti a noi<\/a><\/div><\/div>","protected":false},"excerpt":{"rendered":"","protected":false},"author":71,"featured_media":56621,"parent":60566,"menu_order":0,"comment_status":"closed","ping_status":"closed","template":"","meta":{"inline_featured_image":false,"footnotes":""},"class_list":["post-60570","page","type-page","status-publish","has-post-thumbnail","hentry"],"yoast_head":"<!-- This site is optimized with the Yoast SEO plugin v27.3 - https:\/\/yoast.com\/product\/yoast-seo-wordpress\/ -->\n<title>Il nostro Team - Deepki<\/title>\n<meta name=\"description\" content=\"Una comunit\u00e0 di talenti nel settore immobiliare, esperta di ESG e di data intelligence, che si impegna a generare impatti positivi sul pianeta rendendo gli immobili sostenibili.\" \/>\n<meta name=\"robots\" content=\"index, follow, max-snippet:-1, max-image-preview:large, max-video-preview:-1\" \/>\n<link rel=\"canonical\" href=\"https:\/\/www.deepki.com\/it\/chi-siamo\/il-nostro-team\/\" \/>\n<meta property=\"og:locale\" content=\"it_IT\" \/>\n<meta property=\"og:type\" content=\"article\" \/>\n<meta property=\"og:title\" content=\"Il nostro Team - Deepki\" \/>\n<meta property=\"og:description\" content=\"Una comunit\u00e0 di talenti nel settore immobiliare, esperta di ESG e di data intelligence, che si impegna a generare impatti positivi sul pianeta rendendo gli immobili sostenibili.\" \/>\n<meta property=\"og:url\" content=\"https:\/\/www.deepki.com\/it\/chi-siamo\/il-nostro-team\/\" \/>\n<meta property=\"og:site_name\" content=\"Deepki\" \/>\n<meta property=\"article:publisher\" content=\"https:\/\/www.facebook.com\/DeepkiSAS\/\" \/>\n<meta property=\"article:modified_time\" content=\"2026-01-05T13:56:23+00:00\" \/>\n<meta property=\"og:image\" content=\"https:\/\/www.deepki.com\/web\/wp-content\/uploads\/2021\/08\/Home_FI.jpg\" \/>\n\t<meta property=\"og:image:width\" content=\"1200\" \/>\n\t<meta property=\"og:image:height\" content=\"628\" \/>\n\t<meta property=\"og:image:type\" content=\"image\/jpeg\" \/>\n<meta name=\"twitter:card\" content=\"summary_large_image\" \/>\n<meta name=\"twitter:description\" content=\"Una comunit\u00e0 di talenti nel settore immobiliare, esperta di ESG e di data intelligence, che si impegna a generare impatti positivi sul pianeta rendendo gli immobili sostenibili.\" \/>\n<meta name=\"twitter:image\" content=\"https:\/\/www.deepki.com\/web\/wp-content\/uploads\/2021\/08\/Home_FI.jpg\" \/>\n<meta name=\"twitter:site\" content=\"@DeepkiSAS\" \/>\n<meta name=\"twitter:label1\" content=\"Tempo di lettura stimato\" \/>\n\t<meta name=\"twitter:data1\" content=\"1 minuto\" \/>\n<script type=\"application\/ld+json\" class=\"yoast-schema-graph\">{\"@context\":\"https:\\\/\\\/schema.org\",\"@graph\":[{\"@type\":\"WebPage\",\"@id\":\"https:\\\/\\\/www.deepki.com\\\/it\\\/chi-siamo\\\/il-nostro-team\\\/\",\"url\":\"https:\\\/\\\/www.deepki.com\\\/it\\\/chi-siamo\\\/il-nostro-team\\\/\",\"name\":\"Il nostro Team - Deepki\",\"isPartOf\":{\"@id\":\"https:\\\/\\\/www.deepki.com\\\/it\\\/#website\"},\"primaryImageOfPage\":{\"@id\":\"https:\\\/\\\/www.deepki.com\\\/it\\\/chi-siamo\\\/il-nostro-team\\\/#primaryimage\"},\"image\":{\"@id\":\"https:\\\/\\\/www.deepki.com\\\/it\\\/chi-siamo\\\/il-nostro-team\\\/#primaryimage\"},\"thumbnailUrl\":\"https:\\\/\\\/www.deepki.com\\\/web\\\/wp-content\\\/uploads\\\/2021\\\/08\\\/Home_FI.jpg\",\"datePublished\":\"2021-09-27T16:00:34+00:00\",\"dateModified\":\"2026-01-05T13:56:23+00:00\",\"description\":\"Una comunit\u00e0 di talenti nel settore immobiliare, esperta di ESG e di data intelligence, che si impegna a generare impatti positivi sul pianeta rendendo gli immobili sostenibili.\",\"breadcrumb\":{\"@id\":\"https:\\\/\\\/www.deepki.com\\\/it\\\/chi-siamo\\\/il-nostro-team\\\/#breadcrumb\"},\"inLanguage\":\"it-IT\",\"potentialAction\":[{\"@type\":\"ReadAction\",\"target\":[\"https:\\\/\\\/www.deepki.com\\\/it\\\/chi-siamo\\\/il-nostro-team\\\/\"]}]},{\"@type\":\"ImageObject\",\"inLanguage\":\"it-IT\",\"@id\":\"https:\\\/\\\/www.deepki.com\\\/it\\\/chi-siamo\\\/il-nostro-team\\\/#primaryimage\",\"url\":\"https:\\\/\\\/www.deepki.com\\\/web\\\/wp-content\\\/uploads\\\/2021\\\/08\\\/Home_FI.jpg\",\"contentUrl\":\"https:\\\/\\\/www.deepki.com\\\/web\\\/wp-content\\\/uploads\\\/2021\\\/08\\\/Home_FI.jpg\",\"width\":1200,\"height\":628},{\"@type\":\"BreadcrumbList\",\"@id\":\"https:\\\/\\\/www.deepki.com\\\/it\\\/chi-siamo\\\/il-nostro-team\\\/#breadcrumb\",\"itemListElement\":[{\"@type\":\"ListItem\",\"position\":1,\"name\":\"Home\",\"item\":\"https:\\\/\\\/www.deepki.com\\\/it\\\/\"},{\"@type\":\"ListItem\",\"position\":2,\"name\":\"Chi siamo\",\"item\":\"https:\\\/\\\/www.deepki.com\\\/it\\\/chi-siamo\\\/\"},{\"@type\":\"ListItem\",\"position\":3,\"name\":\"Il nostro Team\"}]},{\"@type\":\"WebSite\",\"@id\":\"https:\\\/\\\/www.deepki.com\\\/it\\\/#website\",\"url\":\"https:\\\/\\\/www.deepki.com\\\/it\\\/\",\"name\":\"Deepki\",\"description\":\"Together, let&#039;s make your real estate more sustainable thanks to data!\",\"publisher\":{\"@id\":\"https:\\\/\\\/www.deepki.com\\\/it\\\/#organization\"},\"potentialAction\":[{\"@type\":\"SearchAction\",\"target\":{\"@type\":\"EntryPoint\",\"urlTemplate\":\"https:\\\/\\\/www.deepki.com\\\/it\\\/?s={search_term_string}\"},\"query-input\":{\"@type\":\"PropertyValueSpecification\",\"valueRequired\":true,\"valueName\":\"search_term_string\"}}],\"inLanguage\":\"it-IT\"},{\"@type\":\"Organization\",\"@id\":\"https:\\\/\\\/www.deepki.com\\\/it\\\/#organization\",\"name\":\"Deepki\",\"url\":\"https:\\\/\\\/www.deepki.com\\\/it\\\/\",\"logo\":{\"@type\":\"ImageObject\",\"inLanguage\":\"it-IT\",\"@id\":\"https:\\\/\\\/www.deepki.com\\\/it\\\/#\\\/schema\\\/logo\\\/image\\\/\",\"url\":\"https:\\\/\\\/www.deepki.com\\\/web\\\/wp-content\\\/uploads\\\/2021\\\/08\\\/deepki-logo.jpg\",\"contentUrl\":\"https:\\\/\\\/www.deepki.com\\\/web\\\/wp-content\\\/uploads\\\/2021\\\/08\\\/deepki-logo.jpg\",\"width\":880,\"height\":360,\"caption\":\"Deepki\"},\"image\":{\"@id\":\"https:\\\/\\\/www.deepki.com\\\/it\\\/#\\\/schema\\\/logo\\\/image\\\/\"},\"sameAs\":[\"https:\\\/\\\/www.facebook.com\\\/DeepkiSAS\\\/\",\"https:\\\/\\\/x.com\\\/DeepkiSAS\",\"https:\\\/\\\/www.linkedin.com\\\/company\\\/deepki\"]}]}<\/script>\n<!-- \/ Yoast SEO plugin. -->","yoast_head_json":{"title":"Il nostro Team - Deepki","description":"Una comunit\u00e0 di talenti nel settore immobiliare, esperta di ESG e di data intelligence, che si impegna a generare impatti positivi sul pianeta rendendo gli immobili sostenibili.","robots":{"index":"index","follow":"follow","max-snippet":"max-snippet:-1","max-image-preview":"max-image-preview:large","max-video-preview":"max-video-preview:-1"},"canonical":"https:\/\/www.deepki.com\/it\/chi-siamo\/il-nostro-team\/","og_locale":"it_IT","og_type":"article","og_title":"Il nostro Team - Deepki","og_description":"Una comunit\u00e0 di talenti nel settore immobiliare, esperta di ESG e di data intelligence, che si impegna a generare impatti positivi sul pianeta rendendo gli immobili sostenibili.","og_url":"https:\/\/www.deepki.com\/it\/chi-siamo\/il-nostro-team\/","og_site_name":"Deepki","article_publisher":"https:\/\/www.facebook.com\/DeepkiSAS\/","article_modified_time":"2026-01-05T13:56:23+00:00","og_image":[{"width":1200,"height":628,"url":"https:\/\/www.deepki.com\/web\/wp-content\/uploads\/2021\/08\/Home_FI.jpg","type":"image\/jpeg"}],"twitter_card":"summary_large_image","twitter_description":"Una comunit\u00e0 di talenti nel settore immobiliare, esperta di ESG e di data intelligence, che si impegna a generare impatti positivi sul pianeta rendendo gli immobili sostenibili.","twitter_image":"https:\/\/www.deepki.com\/web\/wp-content\/uploads\/2021\/08\/Home_FI.jpg","twitter_site":"@DeepkiSAS","twitter_misc":{"Tempo di lettura stimato":"1 minuto"},"schema":{"@context":"https:\/\/schema.org","@graph":[{"@type":"WebPage","@id":"https:\/\/www.deepki.com\/it\/chi-siamo\/il-nostro-team\/","url":"https:\/\/www.deepki.com\/it\/chi-siamo\/il-nostro-team\/","name":"Il nostro Team - Deepki","isPartOf":{"@id":"https:\/\/www.deepki.com\/it\/#website"},"primaryImageOfPage":{"@id":"https:\/\/www.deepki.com\/it\/chi-siamo\/il-nostro-team\/#primaryimage"},"image":{"@id":"https:\/\/www.deepki.com\/it\/chi-siamo\/il-nostro-team\/#primaryimage"},"thumbnailUrl":"https:\/\/www.deepki.com\/web\/wp-content\/uploads\/2021\/08\/Home_FI.jpg","datePublished":"2021-09-27T16:00:34+00:00","dateModified":"2026-01-05T13:56:23+00:00","description":"Una comunit\u00e0 di talenti nel settore immobiliare, esperta di ESG e di data intelligence, che si impegna a generare impatti positivi sul pianeta rendendo gli immobili sostenibili.","breadcrumb":{"@id":"https:\/\/www.deepki.com\/it\/chi-siamo\/il-nostro-team\/#breadcrumb"},"inLanguage":"it-IT","potentialAction":[{"@type":"ReadAction","target":["https:\/\/www.deepki.com\/it\/chi-siamo\/il-nostro-team\/"]}]},{"@type":"ImageObject","inLanguage":"it-IT","@id":"https:\/\/www.deepki.com\/it\/chi-siamo\/il-nostro-team\/#primaryimage","url":"https:\/\/www.deepki.com\/web\/wp-content\/uploads\/2021\/08\/Home_FI.jpg","contentUrl":"https:\/\/www.deepki.com\/web\/wp-content\/uploads\/2021\/08\/Home_FI.jpg","width":1200,"height":628},{"@type":"BreadcrumbList","@id":"https:\/\/www.deepki.com\/it\/chi-siamo\/il-nostro-team\/#breadcrumb","itemListElement":[{"@type":"ListItem","position":1,"name":"Home","item":"https:\/\/www.deepki.com\/it\/"},{"@type":"ListItem","position":2,"name":"Chi siamo","item":"https:\/\/www.deepki.com\/it\/chi-siamo\/"},{"@type":"ListItem","position":3,"name":"Il nostro Team"}]},{"@type":"WebSite","@id":"https:\/\/www.deepki.com\/it\/#website","url":"https:\/\/www.deepki.com\/it\/","name":"Deepki","description":"Together, let&#039;s make your real estate more sustainable thanks to data!","publisher":{"@id":"https:\/\/www.deepki.com\/it\/#organization"},"potentialAction":[{"@type":"SearchAction","target":{"@type":"EntryPoint","urlTemplate":"https:\/\/www.deepki.com\/it\/?s={search_term_string}"},"query-input":{"@type":"PropertyValueSpecification","valueRequired":true,"valueName":"search_term_string"}}],"inLanguage":"it-IT"},{"@type":"Organization","@id":"https:\/\/www.deepki.com\/it\/#organization","name":"Deepki","url":"https:\/\/www.deepki.com\/it\/","logo":{"@type":"ImageObject","inLanguage":"it-IT","@id":"https:\/\/www.deepki.com\/it\/#\/schema\/logo\/image\/","url":"https:\/\/www.deepki.com\/web\/wp-content\/uploads\/2021\/08\/deepki-logo.jpg","contentUrl":"https:\/\/www.deepki.com\/web\/wp-content\/uploads\/2021\/08\/deepki-logo.jpg","width":880,"height":360,"caption":"Deepki"},"image":{"@id":"https:\/\/www.deepki.com\/it\/#\/schema\/logo\/image\/"},"sameAs":["https:\/\/www.facebook.com\/DeepkiSAS\/","https:\/\/x.com\/DeepkiSAS","https:\/\/www.linkedin.com\/company\/deepki"]}]}},"_links":{"self":[{"href":"https:\/\/www.deepki.com\/it\/wp-json\/wp\/v2\/pages\/60570","targetHints":{"allow":["GET"]}}],"collection":[{"href":"https:\/\/www.deepki.com\/it\/wp-json\/wp\/v2\/pages"}],"about":[{"href":"https:\/\/www.deepki.com\/it\/wp-json\/wp\/v2\/types\/page"}],"author":[{"embeddable":true,"href":"https:\/\/www.deepki.com\/it\/wp-json\/wp\/v2\/users\/71"}],"replies":[{"embeddable":true,"href":"https:\/\/www.deepki.com\/it\/wp-json\/wp\/v2\/comments?post=60570"}],"version-history":[{"count":11,"href":"https:\/\/www.deepki.com\/it\/wp-json\/wp\/v2\/pages\/60570\/revisions"}],"predecessor-version":[{"id":101059,"href":"https:\/\/www.deepki.com\/it\/wp-json\/wp\/v2\/pages\/60570\/revisions\/101059"}],"up":[{"embeddable":true,"href":"https:\/\/www.deepki.com\/it\/wp-json\/wp\/v2\/pages\/60566"}],"wp:featuredmedia":[{"embeddable":true,"href":"https:\/\/www.deepki.com\/it\/wp-json\/wp\/v2\/media\/56621"}],"wp:attachment":[{"href":"https:\/\/www.deepki.com\/it\/wp-json\/wp\/v2\/media?parent=60570"}],"curies":[{"name":"wp","href":"https:\/\/api.w.org\/{rel}","templated":true}]}}