{"id":61479,"date":"2021-11-16T13:58:33","date_gmt":"2021-11-16T13:58:33","guid":{"rendered":"https:\/\/www.deepki.com\/?page_id=61479"},"modified":"2025-12-03T12:14:12","modified_gmt":"2025-12-03T11:14:12","slug":"riguardo-i-cookies","status":"publish","type":"page","link":"https:\/\/www.deepki.com\/it\/riguardo-i-cookies\/","title":{"rendered":"Informativa sull&#8217;Uso dei Cookie\u00a0\u00a0"},"content":{"rendered":"\n<h2 class=\"wp-block-heading\"><strong>Qual \u00e8 l&#8217;utilit\u00e0 della nostra Informativa sull&#8217;Uso dei Cookie?&nbsp;<\/strong><\/h2>\n\n\n\n<p>Deepki, che gestisce i siti web di Deepki SAS (il sito Deepki.com) , attribuisce grande importanza alla <strong>riservatezza dei vostri dati personali<\/strong>. Questo rappresenta per noi un segno di seriet\u00e0 e fiducia, anche per quanto riguarda i cookie o i &#8220;tracker&#8221;. Per questo motivo, la nostra Informativa sull&#8217;Uso dei Cookie testimonia precisamente la nostra volont\u00e0 di far rispettare, all&#8217;interno di Deepki e delle sue filiali, le norme applicabili in materia di protezione dei dati personali e, in particolare, quelle relative ai cookie utilizzati quando navigate sui siti web di Deepki SAS.<\/p>\n\n\n\n<p>Questa nota sui cookie spiega come funzionano e come l&#8217;utente pu\u00f2 configurarli.<\/p>\n\n\n\n<p>Se desiderate informazioni su altri trattamenti di dati personali che effettuiamo, vi invitiamo a consultare la nostra Informativa sulla Riservatezza dei Dati Personali, accessibile in qualsiasi momento a pi\u00e8 di pagina del sito web.<\/p>\n\n\n\n<h2 class=\"wp-block-heading\"><strong>Che cos&#8217;\u00e8 un <\/strong><strong><em>cookie<\/em><\/strong><strong> e permette di identificarvi direttamente?&nbsp;<\/strong><\/h2>\n\n\n\n<p>Un <em>cookie<\/em> \u00e8 un piccolo file &#8220;di testo&#8221; posizionato e ospitato da un server sul vostro terminale (es: smartphone, tablet o computer) quando consultate un sito web. I cookie vengono scaricati dal browser (ad esempio Chrome, Explorer o Firefox) per poi essere rinviati al server Deepki. I cookie non possono cancellare o leggere informazioni sul computer o sullo smartphone dell&#8217;utente.<\/p>\n\n\n\n<p>Tuttavia, il download e la memorizzazione dei cookie possono indirettamente consentire di identificare l&#8217;utente , poich\u00e9 le pagine visitate da un utente su un sito web possono essere riconosciute e il suo profilo utente pu\u00f2 essere registrato. I cookie non sono, tuttavia, n\u00e9 programmi spia n\u00e9 virus.<\/p>\n\n\n\n<h2 class=\"wp-block-heading\"><strong>Che cos&#8217;\u00e8 un <\/strong><strong><em>cookie<\/em><\/strong><strong> tecnico e perch\u00e9 li utilizziamo?&nbsp;<\/strong><\/h2>\n\n\n\n<p>Il buon funzionamento del nostro sito web Deepki.com implica necessariamente l&#8217;utilizzo di <strong>cookie tecnici<\/strong> che possiamo utilizzare senza il vostro preventivo consenso, basandoci sul nostro legittimo interesse a fornirvi un sito web funzionale.<\/p>\n\n\n\n<p>A titolo di esempio, un cookie tecnico permette di conservare la lingua del vostro sito web nonch\u00e9 il formato del sito per facilitare le successive connessioni e la navigazione. Consentono inoltre l&#8217;accesso a parti del sito o dei nostri servizi che sono limitate, come l&#8217;account utente personale, permettendo di memorizzare il nome utente.<\/p>\n\n\n\n<p>Deepki utilizza i seguenti cookie funzionali e tecnici:<\/p>\n\n\n\n<figure class=\"wp-block-table\"><table class=\"has-fixed-layout\"><tbody><tr><td><strong>Nome del cookie<\/strong><\/td><td><strong>Partner Esterno<\/strong><\/td><td><strong>Durata di Archiviazione<\/strong><\/td><td><strong>Scopo del cookie<\/strong><\/td><\/tr><tr><td>pll_language<\/td><td>Matomo, Youtube<\/td><td>1 anno<\/td><td>Riconoscimento della scelta della lingua&nbsp;<\/td><\/tr><tr><td>ID di sessione<\/td><td>Matomo<\/td><td>2 settimane<\/td><td>Gestione della sessione&nbsp;<\/td><\/tr><tr><td>wp (cookies consent plugin)<\/td><td>Matomo, Youtube<\/td><td>1 anno<\/td><td>Gestione del contenuto (gestione del contenuto visualizzato)&nbsp;<\/td><\/tr><tr><td>xxplan<\/td><td>Matomo, Youtube<\/td><td>1 anno<\/td><td>Sistema di hosting&nbsp;<\/td><\/tr><\/tbody><\/table><\/figure>\n\n\n\n<p>Potete sempre opporvi al deposito di questi cookie sul vostro terminale utilizzando le impostazioni del vostro browser seguendo le istruzioni per: Chrome, Microsoft Edge, Safari, Firefox e Opera. \u00c8 tuttavia possibile che, in questo caso, la vostra esperienza come visitatore sia degradata. Per ripristinare una buona qualit\u00e0 di navigazione, sar\u00e0 necessario in tal caso riattivare i cookie tecnici.<\/p>\n\n\n\n<h2 class=\"wp-block-heading\"><strong>Che cos&#8217;\u00e8 un <\/strong><strong><em>cookie<\/em><\/strong><strong> statistico e perch\u00e9 li utilizziamo?&nbsp;<\/strong><\/h2>\n\n\n\n<p>Un <strong>cookie statistico<\/strong> permette di analizzare l&#8217;uso che fate di un sito web al fine di migliorare la vostra esperienza e fornirvi un servizio adatto alle vostre esigenze. Questi cookie forniscono statistiche come il tempo medio trascorso su una pagina , il numero di pagine consultate , il numero di volte che una pagina \u00e8 stata consultata da un utente , i servizi pi\u00f9 frequentemente consultati.<\/p>\n\n\n\n<p>Deepki utilizza i seguenti cookie di analisi:<\/p>\n\n\n\n<figure class=\"wp-block-table\"><table class=\"has-fixed-layout\"><tbody><tr><td><strong>Nome del cookie<\/strong><\/td><td><strong>Partner Esterno<\/strong><\/td><td><strong>Durata di Archiviazione<\/strong><\/td><td><strong>Scopo del cookie<\/strong><\/td><\/tr><tr><td>_ga<\/td><td>Google<\/td><td>2 anni<\/td><td>Analisi dei visitatori&nbsp;<\/td><\/tr><tr><td>_gat<\/td><td>Google<\/td><td>Sessione<\/td><td>Analisi dei visitatori&nbsp;<\/td><\/tr><tr><td>_gid<\/td><td>Google<\/td><td>2 giorni<\/td><td>Analisi dei visitatori<\/td><\/tr><\/tbody><\/table><\/figure>\n\n\n\n<p>Utilizziamo cookie statistici considerati dalle autorit\u00e0 di controllo come <strong>sufficientemente protettivi della vostra vita privata per essere esonerati dal consenso<\/strong>. Per questo motivo, non potete opporvi ad essi tramite il banner dei cookie. Al contrario, utilizziamo anche cookie statistici <strong>non esonerati dal consenso<\/strong> che possono essere depositati sul vostro terminale solo con il vostro preventivo consenso formulato tramite il nostro banner dei cookie.<\/p>\n\n\n\n<h2 class=\"wp-block-heading\"><strong>Che cos&#8217;\u00e8 un <\/strong><strong><em>cookie<\/em><\/strong><strong> pubblicitario?&nbsp;<\/strong><\/h2>\n\n\n\n<p>I <strong>cookie pubblicitari<\/strong> consentono di analizzare il comportamento degli utenti e la loro navigazione sul sito al fine di conoscere meglio le preferenze degli utenti e di proporre loro pubblicit\u00e0 mirate e adatte alle loro esigenze. I cookie pubblicitari possono consentire sia di fornire pubblicit\u00e0 su un sito web sia di identificare la fonte di arrivo sul sito del visitatore (es: Google, Bing, ecc.).<\/p>\n\n\n\n<p><strong>VI GARANTIAMO CHE NON UTILIZZIAMO ALCUN COOKIE PUBBLICITARIO PER IL FUNZIONAMENTO DEL NOSTRO SITO WEB<\/strong>.<\/p>\n\n\n\n<h2 class=\"wp-block-heading\"><strong>Quali dati personali trattiamo con i nostri <\/strong><strong><em>cookie<\/em><\/strong><strong> e per quanto tempo?&nbsp;<\/strong><\/h2>\n\n\n\n<p>I dati personali trattati dai cookie che utilizziamo sono:<\/p>\n\n\n\n<ul class=\"wp-block-list\">\n<li>Il vostro <strong>indirizzo IP<\/strong> e un <strong>ID utente<\/strong> che creiamo alla vostra prima connessione al fine di riconoscervi per una durata massima di <strong>13 mesi<\/strong>.<\/li>\n\n\n\n<li>Se accettate il deposito di cookie statistici, i vostri dati personali legati alla vostra navigazione sul nostro sito web (es: pagine visitate, durate di navigazione, ecc.) per una durata massima di <strong>13 mesi non rinnovabile<\/strong> prima di qualsiasi nuova connessione prima del 14\u00b0 mese.<\/li>\n\n\n\n<li>Nel quadro dell&#8217;utilizzo di cookie statistici esonerati dal consenso, <strong>unicamente il vostro indirizzo IP<\/strong> che viene poi anonimizzato e quindi inutilizzabile.<\/li>\n<\/ul>\n\n\n\n<p>Alla scadenza dei termini di conservazione specificati di seguito, non conserviamo alcun dato che vi riguardi. Al massimo, possiamo anonimizzare i vostri dati a fini statistici.<\/p>\n\n\n\n<h2 class=\"wp-block-heading\"><strong>Su quali basi giuridiche ci basiamo per utilizzare i vostri <\/strong><strong><em>cookie<\/em><\/strong><strong>?&nbsp;<\/strong><\/h2>\n\n\n\n<p>La base giuridica relativa al trattamento dei dati personali in relazione ai cookie funzionali\/tecnici e al loro utilizzo si basa sui nostri <strong>legittimi interessi<\/strong> ai sensi dell&#8217;articolo 6 par. 1, frase 1, punto f del RGPD.<\/p>\n\n\n\n<p>Il trattamento dei dati personali raccolti con l&#8217;aiuto di cookie non funzionali\/tecnici si basa sui nostri <strong>legittimi interessi<\/strong> o, se necessario, sul vostro <strong>consenso<\/strong>&nbsp; in conformit\u00e0 con l&#8217;articolo 6, par. S.1, lett. a del RGPD.<\/p>\n\n\n\n<h2 class=\"wp-block-heading\"><strong>Come controllate l&#8217;uso dei <\/strong><strong><em>cookie<\/em><\/strong><strong>?&nbsp;<\/strong><\/h2>\n\n\n\n<p>Il diritto di rifiutare i cookie si esercita in qualsiasi momento utilizzando il nostro <strong>banner dei cookie<\/strong>.<\/p>\n\n\n\n<p>Nel caso in cui il banner dei cookie non dovesse pi\u00f9 essere visualizzato, potete anche configurare i cookie tramite la scheda &#8220;<strong>gestire i cookie<\/strong>&#8221; sul nostro sito o direttamente sul vostro browser seguendo le istruzioni per: Chrome, Microsoft Edge, Safari, Firefox e Opera.<\/p>\n\n\n\n<h2 class=\"wp-block-heading\"><strong>Quali diritti avete per controllare l&#8217;uso dei vostri dati personali utilizzati tramite i <\/strong><strong><em>cookie<\/em><\/strong><strong>?<\/strong>&nbsp;<\/h2>\n\n\n\n<p>La normativa applicabile in materia di protezione dei dati vi concede <strong>diritti specifici<\/strong> che potete esercitare, in qualsiasi momento e gratuitamente, al fine di controllare l&#8217;uso che facciamo dei vostri dati:<\/p>\n\n\n\n<ul class=\"wp-block-list\">\n<li><strong>Diritto di accesso e di copia<\/strong> dei vostri dati personali , a condizione che questa richiesta non sia in contraddizione con il segreto commerciale, la riservatezza o il segreto della corrispondenza.<\/li>\n\n\n\n<li><strong>Diritto di rettifica<\/strong> dei dati personali che fossero errati, obsoleti o incompleti.<\/li>\n\n\n\n<li><strong>Diritto di chiedere la cancellazione<\/strong> (&#8220;diritto all&#8217;oblio&#8221;) dei vostri dati personali che non sarebbero essenziali per il buon funzionamento dei nostri servizi.<\/li>\n\n\n\n<li><strong>Diritto alla limitazione<\/strong> dei vostri dati personali , che permette di &#8220;fotografare&#8221; l&#8217;uso dei vostri dati in caso di contestazione sulla legittimit\u00e0 di un trattamento.<\/li>\n\n\n\n<li><strong>Diritto alla portabilit\u00e0<\/strong> dei vostri dati , che vi permette di recuperare una parte dei vostri dati personali al fine di memorizzarli o trasmetterli facilmente da un sistema informativo a un altro.<\/li>\n\n\n\n<li><strong>Diritto di dare direttive<\/strong> sul destino dei vostri dati in caso di decesso , sia tramite voi, sia tramite un terzo di fiducia o un avente diritto.<\/li>\n<\/ul>\n\n\n\n<p>Affinch\u00e9 una richiesta sia presa in considerazione, \u00e8 <strong>imperativo che sia effettuata direttamente da voi<\/strong> all&#8217;indirizzo <strong>privacy@deepki.com<\/strong>. Qualsiasi richiesta che non sia effettuata in questo modo non pu\u00f2 essere trattata. Le richieste non possono provenire da una persona diversa da voi. Potremmo quindi chiedervi la comunicazione di una prova di identit\u00e0 in caso di dubbio sull&#8217;identit\u00e0 del richiedente. Gli elementi comunicati ci permettono unicamente di verificare la vostra identit\u00e0 e non vengono conservati.<\/p>\n\n\n\n<p>Risponderemo alla vostra richiesta nel pi\u00f9 breve tempo possibile, con un limite massimo di <strong>tre mesi<\/strong> a partire dalla sua ricezione nel caso in cui la richiesta sia tecnicamente complessa o se riceviamo numerose richieste nello stesso momento. Vi preghiamo di notare che possiamo sempre rifiutarci di rispondere a qualsiasi richiesta eccessiva o infondata, in particolare in considerazione del suo carattere ripetitivo.<\/p>\n\n\n\n<h2 class=\"wp-block-heading\"><strong>I vostri dati personali utilizzati tramite i nostri <\/strong><strong><em>cookie<\/em><\/strong><strong> possono essere trasferiti al di fuori dell&#8217;Unione Europea?&nbsp;<\/strong><\/h2>\n\n\n\n<p>I cookie statistici che utilizziamo possono inviare il vostro indirizzo IP e il vostro ID utente <strong>al di fuori dell&#8217;Unione Europea<\/strong> per funzionare. In questo caso, garantiamo che questi strumenti rispettino rigorosamente le norme applicabili in materia di trasferimenti al fine di garantire una riservatezza e una protezione adeguata dei vostri dati personali.<\/p>\n\n\n\n<p>I cookie statistici esonerati che utilizziamo sono anonimizzati. Pertanto, <strong>non viene effettuato alcun trasferimento di dati al di fuori dell&#8217;Unione Europea<\/strong>.<\/p>\n\n\n\n<h2 class=\"wp-block-heading\"><strong>Chi potete contattare per ottenere maggiori informazioni sull&#8217;uso dei vostri dati personali?&nbsp;<\/strong><\/h2>\n\n\n\n<p>Per garantire al meglio la protezione e l&#8217;integrit\u00e0 dei vostri dati, abbiamo nominato ufficialmente un <strong>Responsabile della Protezione dei Dati (&#8220;DPO&#8221;) indipendente<\/strong> presso la nostra autorit\u00e0 di controllo.<\/p>\n\n\n\n<p>Potete contattare il nostro DPO in qualsiasi momento e gratuitamente all&#8217;indirizzo <strong>privacy@deepki.com<\/strong> al fine di ottenere maggiori informazioni o dettagli su come trattiamo i vostri dati.<\/p>\n\n\n\n<h2 class=\"wp-block-heading\"><strong>Come potete contattare la CNIL?&nbsp;<\/strong><\/h2>\n\n\n\n<p>Potete contattare in qualsiasi momento la &#8220;<strong>Commission nationale de l&#8217;informatique et des libert\u00e9s<\/strong>&#8221; o &#8220;<strong>CNIL<\/strong>&#8221; ai seguenti recapiti : Service des plaintes de la CNIL, 3 place de Fontenoy &#8211; TSA 80751, 75334 Paris Cedex 07 o per telefono al 01.53.73.22.22.<\/p>\n\n\n\n<h2 class=\"wp-block-heading\"><strong>L&#8217;Informativa sull&#8217;Uso dei Cookie pu\u00f2 essere modificata?<\/strong>&nbsp;<\/h2>\n\n\n\n<p>Siamo suscettibili di modificare la nostra Informativa sull&#8217;Uso dei Cookie in qualsiasi momento per adattarla ai nuovi requisiti legali nonch\u00e9 ai nuovi trattamenti che potremmo implementare in futuro.<\/p>\n","protected":false},"excerpt":{"rendered":"<p>Qual \u00e8 l&#8217;utilit\u00e0 della nostra Informativa sull&#8217;Uso dei Cookie?&nbsp; Deepki, che gestisce i siti web di Deepki SAS (il sito Deepki.com) , attribuisce grande importanza alla riservatezza dei vostri dati personali. Questo rappresenta per noi un segno di seriet\u00e0 e fiducia, anche per quanto riguarda i cookie o i &#8220;tracker&#8221;. Per questo motivo, la nostra [&hellip;]<\/p>\n","protected":false},"author":77,"featured_media":56621,"parent":0,"menu_order":0,"comment_status":"closed","ping_status":"closed","template":"page-templates\/p-and-c-page.php","meta":{"inline_featured_image":false,"footnotes":""},"class_list":["post-61479","page","type-page","status-publish","has-post-thumbnail","hentry"],"yoast_head":"<!-- This site is optimized with the Yoast SEO plugin v27.3 - https:\/\/yoast.com\/product\/yoast-seo-wordpress\/ -->\n<title>Informativa sull&#039;Uso dei Cookie\u00a0\u00a0 - Deepki<\/title>\n<meta name=\"description\" content=\"Politica dei cookie di Deepki: Informazioni sui cookie, raccolta e utilizzo.\" \/>\n<meta name=\"robots\" content=\"index, follow, max-snippet:-1, max-image-preview:large, max-video-preview:-1\" \/>\n<link rel=\"canonical\" href=\"https:\/\/www.deepki.com\/it\/riguardo-i-cookies\/\" \/>\n<meta property=\"og:locale\" content=\"it_IT\" \/>\n<meta property=\"og:type\" content=\"article\" \/>\n<meta property=\"og:title\" content=\"Informativa sull&#039;Uso dei Cookie\u00a0\u00a0 - Deepki\" \/>\n<meta property=\"og:description\" content=\"Politica dei cookie di Deepki: Informazioni sui cookie, raccolta e utilizzo.\" \/>\n<meta property=\"og:url\" content=\"https:\/\/www.deepki.com\/it\/riguardo-i-cookies\/\" \/>\n<meta property=\"og:site_name\" content=\"Deepki\" \/>\n<meta property=\"article:publisher\" content=\"https:\/\/www.facebook.com\/DeepkiSAS\/\" \/>\n<meta property=\"article:modified_time\" content=\"2025-12-03T11:14:12+00:00\" \/>\n<meta property=\"og:image\" content=\"https:\/\/www.deepki.com\/web\/wp-content\/uploads\/2021\/08\/Home_FI.jpg\" \/>\n\t<meta property=\"og:image:width\" content=\"1200\" \/>\n\t<meta property=\"og:image:height\" content=\"628\" \/>\n\t<meta property=\"og:image:type\" content=\"image\/jpeg\" \/>\n<meta name=\"twitter:card\" content=\"summary_large_image\" \/>\n<meta name=\"twitter:description\" content=\"Politica dei cookie di Deepki: Informazioni sui cookie, raccolta e utilizzo.\" \/>\n<meta name=\"twitter:image\" content=\"https:\/\/www.deepki.com\/web\/wp-content\/uploads\/2021\/08\/Home_FI.jpg\" \/>\n<meta name=\"twitter:site\" content=\"@DeepkiSAS\" \/>\n<meta name=\"twitter:label1\" content=\"Tempo di lettura stimato\" \/>\n\t<meta name=\"twitter:data1\" content=\"8 minuti\" \/>\n<script type=\"application\/ld+json\" class=\"yoast-schema-graph\">{\"@context\":\"https:\\\/\\\/schema.org\",\"@graph\":[{\"@type\":\"WebPage\",\"@id\":\"https:\\\/\\\/www.deepki.com\\\/it\\\/riguardo-i-cookies\\\/\",\"url\":\"https:\\\/\\\/www.deepki.com\\\/it\\\/riguardo-i-cookies\\\/\",\"name\":\"Informativa sull'Uso dei Cookie\u00a0\u00a0 - Deepki\",\"isPartOf\":{\"@id\":\"https:\\\/\\\/www.deepki.com\\\/it\\\/#website\"},\"primaryImageOfPage\":{\"@id\":\"https:\\\/\\\/www.deepki.com\\\/it\\\/riguardo-i-cookies\\\/#primaryimage\"},\"image\":{\"@id\":\"https:\\\/\\\/www.deepki.com\\\/it\\\/riguardo-i-cookies\\\/#primaryimage\"},\"thumbnailUrl\":\"https:\\\/\\\/www.deepki.com\\\/web\\\/wp-content\\\/uploads\\\/2021\\\/08\\\/Home_FI.jpg\",\"datePublished\":\"2021-11-16T13:58:33+00:00\",\"dateModified\":\"2025-12-03T11:14:12+00:00\",\"description\":\"Politica dei cookie di Deepki: Informazioni sui cookie, raccolta e utilizzo.\",\"breadcrumb\":{\"@id\":\"https:\\\/\\\/www.deepki.com\\\/it\\\/riguardo-i-cookies\\\/#breadcrumb\"},\"inLanguage\":\"it-IT\",\"potentialAction\":[{\"@type\":\"ReadAction\",\"target\":[\"https:\\\/\\\/www.deepki.com\\\/it\\\/riguardo-i-cookies\\\/\"]}]},{\"@type\":\"ImageObject\",\"inLanguage\":\"it-IT\",\"@id\":\"https:\\\/\\\/www.deepki.com\\\/it\\\/riguardo-i-cookies\\\/#primaryimage\",\"url\":\"https:\\\/\\\/www.deepki.com\\\/web\\\/wp-content\\\/uploads\\\/2021\\\/08\\\/Home_FI.jpg\",\"contentUrl\":\"https:\\\/\\\/www.deepki.com\\\/web\\\/wp-content\\\/uploads\\\/2021\\\/08\\\/Home_FI.jpg\",\"width\":1200,\"height\":628},{\"@type\":\"BreadcrumbList\",\"@id\":\"https:\\\/\\\/www.deepki.com\\\/it\\\/riguardo-i-cookies\\\/#breadcrumb\",\"itemListElement\":[{\"@type\":\"ListItem\",\"position\":1,\"name\":\"Home\",\"item\":\"https:\\\/\\\/www.deepki.com\\\/it\\\/\"},{\"@type\":\"ListItem\",\"position\":2,\"name\":\"Informativa sull&#8217;Uso dei Cookie\u00a0\u00a0\"}]},{\"@type\":\"WebSite\",\"@id\":\"https:\\\/\\\/www.deepki.com\\\/it\\\/#website\",\"url\":\"https:\\\/\\\/www.deepki.com\\\/it\\\/\",\"name\":\"Deepki\",\"description\":\"Together, let&#039;s make your real estate more sustainable thanks to data!\",\"publisher\":{\"@id\":\"https:\\\/\\\/www.deepki.com\\\/it\\\/#organization\"},\"potentialAction\":[{\"@type\":\"SearchAction\",\"target\":{\"@type\":\"EntryPoint\",\"urlTemplate\":\"https:\\\/\\\/www.deepki.com\\\/it\\\/?s={search_term_string}\"},\"query-input\":{\"@type\":\"PropertyValueSpecification\",\"valueRequired\":true,\"valueName\":\"search_term_string\"}}],\"inLanguage\":\"it-IT\"},{\"@type\":\"Organization\",\"@id\":\"https:\\\/\\\/www.deepki.com\\\/it\\\/#organization\",\"name\":\"Deepki\",\"url\":\"https:\\\/\\\/www.deepki.com\\\/it\\\/\",\"logo\":{\"@type\":\"ImageObject\",\"inLanguage\":\"it-IT\",\"@id\":\"https:\\\/\\\/www.deepki.com\\\/it\\\/#\\\/schema\\\/logo\\\/image\\\/\",\"url\":\"https:\\\/\\\/www.deepki.com\\\/web\\\/wp-content\\\/uploads\\\/2021\\\/08\\\/deepki-logo.jpg\",\"contentUrl\":\"https:\\\/\\\/www.deepki.com\\\/web\\\/wp-content\\\/uploads\\\/2021\\\/08\\\/deepki-logo.jpg\",\"width\":880,\"height\":360,\"caption\":\"Deepki\"},\"image\":{\"@id\":\"https:\\\/\\\/www.deepki.com\\\/it\\\/#\\\/schema\\\/logo\\\/image\\\/\"},\"sameAs\":[\"https:\\\/\\\/www.facebook.com\\\/DeepkiSAS\\\/\",\"https:\\\/\\\/x.com\\\/DeepkiSAS\",\"https:\\\/\\\/www.linkedin.com\\\/company\\\/deepki\"]}]}<\/script>\n<!-- \/ Yoast SEO plugin. -->","yoast_head_json":{"title":"Informativa sull'Uso dei Cookie\u00a0\u00a0 - Deepki","description":"Politica dei cookie di Deepki: Informazioni sui cookie, raccolta e utilizzo.","robots":{"index":"index","follow":"follow","max-snippet":"max-snippet:-1","max-image-preview":"max-image-preview:large","max-video-preview":"max-video-preview:-1"},"canonical":"https:\/\/www.deepki.com\/it\/riguardo-i-cookies\/","og_locale":"it_IT","og_type":"article","og_title":"Informativa sull'Uso dei Cookie\u00a0\u00a0 - Deepki","og_description":"Politica dei cookie di Deepki: Informazioni sui cookie, raccolta e utilizzo.","og_url":"https:\/\/www.deepki.com\/it\/riguardo-i-cookies\/","og_site_name":"Deepki","article_publisher":"https:\/\/www.facebook.com\/DeepkiSAS\/","article_modified_time":"2025-12-03T11:14:12+00:00","og_image":[{"width":1200,"height":628,"url":"https:\/\/www.deepki.com\/web\/wp-content\/uploads\/2021\/08\/Home_FI.jpg","type":"image\/jpeg"}],"twitter_card":"summary_large_image","twitter_description":"Politica dei cookie di Deepki: Informazioni sui cookie, raccolta e utilizzo.","twitter_image":"https:\/\/www.deepki.com\/web\/wp-content\/uploads\/2021\/08\/Home_FI.jpg","twitter_site":"@DeepkiSAS","twitter_misc":{"Tempo di lettura stimato":"8 minuti"},"schema":{"@context":"https:\/\/schema.org","@graph":[{"@type":"WebPage","@id":"https:\/\/www.deepki.com\/it\/riguardo-i-cookies\/","url":"https:\/\/www.deepki.com\/it\/riguardo-i-cookies\/","name":"Informativa sull'Uso dei Cookie\u00a0\u00a0 - Deepki","isPartOf":{"@id":"https:\/\/www.deepki.com\/it\/#website"},"primaryImageOfPage":{"@id":"https:\/\/www.deepki.com\/it\/riguardo-i-cookies\/#primaryimage"},"image":{"@id":"https:\/\/www.deepki.com\/it\/riguardo-i-cookies\/#primaryimage"},"thumbnailUrl":"https:\/\/www.deepki.com\/web\/wp-content\/uploads\/2021\/08\/Home_FI.jpg","datePublished":"2021-11-16T13:58:33+00:00","dateModified":"2025-12-03T11:14:12+00:00","description":"Politica dei cookie di Deepki: Informazioni sui cookie, raccolta e utilizzo.","breadcrumb":{"@id":"https:\/\/www.deepki.com\/it\/riguardo-i-cookies\/#breadcrumb"},"inLanguage":"it-IT","potentialAction":[{"@type":"ReadAction","target":["https:\/\/www.deepki.com\/it\/riguardo-i-cookies\/"]}]},{"@type":"ImageObject","inLanguage":"it-IT","@id":"https:\/\/www.deepki.com\/it\/riguardo-i-cookies\/#primaryimage","url":"https:\/\/www.deepki.com\/web\/wp-content\/uploads\/2021\/08\/Home_FI.jpg","contentUrl":"https:\/\/www.deepki.com\/web\/wp-content\/uploads\/2021\/08\/Home_FI.jpg","width":1200,"height":628},{"@type":"BreadcrumbList","@id":"https:\/\/www.deepki.com\/it\/riguardo-i-cookies\/#breadcrumb","itemListElement":[{"@type":"ListItem","position":1,"name":"Home","item":"https:\/\/www.deepki.com\/it\/"},{"@type":"ListItem","position":2,"name":"Informativa sull&#8217;Uso dei Cookie\u00a0\u00a0"}]},{"@type":"WebSite","@id":"https:\/\/www.deepki.com\/it\/#website","url":"https:\/\/www.deepki.com\/it\/","name":"Deepki","description":"Together, let&#039;s make your real estate more sustainable thanks to data!","publisher":{"@id":"https:\/\/www.deepki.com\/it\/#organization"},"potentialAction":[{"@type":"SearchAction","target":{"@type":"EntryPoint","urlTemplate":"https:\/\/www.deepki.com\/it\/?s={search_term_string}"},"query-input":{"@type":"PropertyValueSpecification","valueRequired":true,"valueName":"search_term_string"}}],"inLanguage":"it-IT"},{"@type":"Organization","@id":"https:\/\/www.deepki.com\/it\/#organization","name":"Deepki","url":"https:\/\/www.deepki.com\/it\/","logo":{"@type":"ImageObject","inLanguage":"it-IT","@id":"https:\/\/www.deepki.com\/it\/#\/schema\/logo\/image\/","url":"https:\/\/www.deepki.com\/web\/wp-content\/uploads\/2021\/08\/deepki-logo.jpg","contentUrl":"https:\/\/www.deepki.com\/web\/wp-content\/uploads\/2021\/08\/deepki-logo.jpg","width":880,"height":360,"caption":"Deepki"},"image":{"@id":"https:\/\/www.deepki.com\/it\/#\/schema\/logo\/image\/"},"sameAs":["https:\/\/www.facebook.com\/DeepkiSAS\/","https:\/\/x.com\/DeepkiSAS","https:\/\/www.linkedin.com\/company\/deepki"]}]}},"_links":{"self":[{"href":"https:\/\/www.deepki.com\/it\/wp-json\/wp\/v2\/pages\/61479","targetHints":{"allow":["GET"]}}],"collection":[{"href":"https:\/\/www.deepki.com\/it\/wp-json\/wp\/v2\/pages"}],"about":[{"href":"https:\/\/www.deepki.com\/it\/wp-json\/wp\/v2\/types\/page"}],"author":[{"embeddable":true,"href":"https:\/\/www.deepki.com\/it\/wp-json\/wp\/v2\/users\/77"}],"replies":[{"embeddable":true,"href":"https:\/\/www.deepki.com\/it\/wp-json\/wp\/v2\/comments?post=61479"}],"version-history":[{"count":5,"href":"https:\/\/www.deepki.com\/it\/wp-json\/wp\/v2\/pages\/61479\/revisions"}],"predecessor-version":[{"id":100179,"href":"https:\/\/www.deepki.com\/it\/wp-json\/wp\/v2\/pages\/61479\/revisions\/100179"}],"wp:featuredmedia":[{"embeddable":true,"href":"https:\/\/www.deepki.com\/it\/wp-json\/wp\/v2\/media\/56621"}],"wp:attachment":[{"href":"https:\/\/www.deepki.com\/it\/wp-json\/wp\/v2\/media?parent=61479"}],"curies":[{"name":"wp","href":"https:\/\/api.w.org\/{rel}","templated":true}]}}