{"id":61490,"date":"2021-11-16T14:33:10","date_gmt":"2021-11-16T14:33:10","guid":{"rendered":"https:\/\/www.deepki.com\/?page_id=61490"},"modified":"2022-06-07T09:31:43","modified_gmt":"2022-06-07T07:31:43","slug":"nota-legale","status":"publish","type":"page","link":"https:\/\/www.deepki.com\/it\/nota-legale\/","title":{"rendered":"Nota legale"},"content":{"rendered":"\n<p><strong>Termini e condizioni generali<\/strong><\/p>\n\n\n\n<p>I termini e le condizioni del sito sono stati aggiornati l&#8217;11 febbraio 2020.<\/p>\n\n\n\n<p>L&#8217;utilizzo del sito implica l&#8217;accettazione piena e completa delle condizioni generali di utilizzo descritte di seguito. Queste condizioni d&#8217;uso possono essere modificate o ampliate in qualsiasi momento. Gli utenti del sito sono quindi invitati a consultarle regolarmente.<\/p>\n\n\n\n<p>Questo sito \u00e8 normalmente accessibile agli utenti in qualsiasi momento. Tuttavia, un interruzione per manutenzione tecnica pu\u00f2 essere decisa dal gestore del sito, che si sforzer\u00e0 allora di informare gli Utenti in anticipo delle date e degli orari dell&#8217;intervento.<\/p>\n\n\n\n<p>Il sito \u00e8 regolarmente aggiornato dal responsabile della pubblicazione. Allo stesso modo, le note legali possono essere modificate in qualsiasi momento: esse sono tuttavia vincolanti per l&#8217;Utente, che \u00e8 invitato a consultarle il pi\u00f9 spesso possibile per prenderne conoscenza.<\/p>\n\n\n\n<p><strong>Servizi forniti<\/strong><\/p>\n\n\n\n<p>Lo scopo del sito \u00e8 quello di fornire informazioni riguardanti tutte le attivit\u00e0 della societ\u00e0 &#8220;Deepki SAS&#8221;.<\/p>\n\n\n\n<p>Il responsabile della pubblicazione si sforza di fornire sul sito informazioni il pi\u00f9 possibile accurate. Tuttavia, non pu\u00f2 essere ritenuto responsabile di omissioni, imprecisioni e lacune nell&#8217;aggiornamento, siano esse dovute a sua colpa o ai partner terzi che le forniscono tali informazioni.<\/p>\n\n\n\n<p>Tutte le informazioni del sito sono fornite a titolo indicativo, e sono soggette a modifiche. Inoltre, le informazioni del sito non sono esaustive. Sono fornite con possibilit\u00e0 di modifiche che sono avvenute dalla messa online del sito.<\/p>\n\n\n\n<p><strong>Limitazioni contrattuali sui dati tecnici<\/strong><\/p>\n\n\n\n<p>Il sito usa JavaScript, jQuery, html, css e tecnologie php.<\/p>\n\n\n\n<p>Il sito non pu\u00f2 essere ritenuto responsabile di eventuali danni materiali legati all&#8217;utilizzo del sito. Inoltre, l&#8217;utente si impegna ad accedere al sito utilizzando dispositivi recenti, privi di virus e con un browser di ultima generazione e aggiornato.<\/p>\n\n\n\n<p><strong>Informazioni legali<\/strong><\/p>\n\n\n\n<p>In virt\u00f9 dell&#8217;articolo 6 della legge n. 2004-575 del 21 giugno 2004 sulla fiducia nell&#8217;economia digitale, gli utenti del sito sono informati dell&#8217;identit\u00e0 delle varie parti coinvolte nella sua creazione e nel suo monitoraggio:<\/p>\n\n\n\n<p><strong>Editore del sito<\/strong><\/p>\n\n\n\n<p>Il sito \u00e8 pubblicato da Deepki SAS, iscritta al Registro del Commercio e delle Societ\u00e0 di Parigi con il numero RCS 804 763 670, una societ\u00e0 per azioni semplificata con un capitale sociale di 49 696,58 euro<\/p>\n\n\n\n<p>Sede sociale: 111 avenue Victor Hugo 75116 Paris Francia.<\/p>\n\n\n\n<p>Tel: +33(0)1.46.06.09.19 \/ Email: website@deepki.com<\/p>\n\n\n\n<p>(Codice APE: 6209Z \/ Partita IVA: FR 16 804 763 670)<\/p>\n\n\n\n<p>Responsabile marketing: Caroline Tailleferd<\/p>\n\n\n\n<p>Responsabile della pubblicazione: Caroline Tailleferd<\/p>\n\n\n\n<p>La pubblicazione di informazioni online rientra nella libert\u00e0 di stampa e di comunicazione al pubblico con mezzi elettronici.<\/p>\n\n\n\n<h2 class=\"wp-block-heading\"><strong>Hosting<\/strong><\/h2>\n\n\n\n<p>L&#8217;editore di questo sito web \u00e8 Gandi SAS, registrata secondo la normativa francese.<\/p>\n\n\n\n<p>GANDI SAS, una societ\u00e0 per azioni semplificata con capitale di 2.300.000 euro con sede legale in<\/p>\n\n\n\n<p>63-65 boulevard Massena Parigi (75013) FRANCIA<\/p>\n\n\n\n<p>registrata con il numero 423 093 459 RCS PARIGI<\/p>\n\n\n\n<p>Partita IVA FR81423093459<\/p>\n\n\n\n<p>Telefono: +33 (0) 1 70.37.76.61<\/p>\n\n\n\n<p>Fax +33. (0) 1 43 73 18 51<\/p>\n\n\n\n<p><strong>Dati personali<\/strong><\/p>\n\n\n\n<p>Deepki si impegna a rispettare tutti i requisiti del Data Protection Act francese del 6 gennaio 1978 e del regolamento (UE) 2016\/679 del 27 aprile 2016. I requisiti di Deepki e i diritti degli utenti sono descritti nella <a href=\"https:\/\/www.deepki.com\/it\/politica-sulla-privacy\/\">politica<\/a><a href=\"https:\/\/www.deepki.com\/en\/privacy-policy\/\"> sulla privacy.<\/a>Le informazioni sui cookie sono indicate nella <a href=\"https:\/\/www.deepki.com\/en\/cookies-policy\/\">politica <\/a><a href=\"https:\/\/www.deepki.com\/it\/riguardo-i-cookies\/\">dei<\/a><a href=\"https:\/\/www.deepki.com\/en\/cookies-policy\/\"> cookie.<\/a><\/p>\n","protected":false},"excerpt":{"rendered":"<p>Termini e condizioni generali I termini e le condizioni del sito sono stati aggiornati l&#8217;11 febbraio 2020. L&#8217;utilizzo del sito implica l&#8217;accettazione piena e completa delle condizioni generali di utilizzo descritte di seguito. Queste condizioni d&#8217;uso possono essere modificate o ampliate in qualsiasi momento. Gli utenti del sito sono quindi invitati a consultarle regolarmente. Questo [&hellip;]<\/p>\n","protected":false},"author":77,"featured_media":56621,"parent":0,"menu_order":0,"comment_status":"closed","ping_status":"closed","template":"page-templates\/p-and-c-page.php","meta":{"inline_featured_image":false,"footnotes":""},"class_list":["post-61490","page","type-page","status-publish","has-post-thumbnail","hentry"],"yoast_head":"<!-- This site is optimized with the Yoast SEO plugin v27.3 - https:\/\/yoast.com\/product\/yoast-seo-wordpress\/ -->\n<title>Nota legale - Deepki<\/title>\n<meta name=\"description\" content=\"Note legali di Deepki: Termini e condizioni generali, servizi forniti.\" \/>\n<meta name=\"robots\" content=\"index, follow, max-snippet:-1, max-image-preview:large, max-video-preview:-1\" \/>\n<link rel=\"canonical\" href=\"https:\/\/www.deepki.com\/it\/nota-legale\/\" \/>\n<meta property=\"og:locale\" content=\"it_IT\" \/>\n<meta property=\"og:type\" content=\"article\" \/>\n<meta property=\"og:title\" content=\"Nota legale - Deepki\" \/>\n<meta property=\"og:description\" content=\"Note legali di Deepki: Termini e condizioni generali, servizi forniti.\" \/>\n<meta property=\"og:url\" content=\"https:\/\/www.deepki.com\/it\/nota-legale\/\" \/>\n<meta property=\"og:site_name\" content=\"Deepki\" \/>\n<meta property=\"article:publisher\" content=\"https:\/\/www.facebook.com\/DeepkiSAS\/\" \/>\n<meta property=\"article:modified_time\" content=\"2022-06-07T07:31:43+00:00\" \/>\n<meta property=\"og:image\" content=\"https:\/\/www.deepki.com\/web\/wp-content\/uploads\/2021\/08\/Home_FI.jpg\" \/>\n\t<meta property=\"og:image:width\" content=\"1200\" \/>\n\t<meta property=\"og:image:height\" content=\"628\" \/>\n\t<meta property=\"og:image:type\" content=\"image\/jpeg\" \/>\n<meta name=\"twitter:card\" content=\"summary_large_image\" \/>\n<meta name=\"twitter:description\" content=\"Note legali di Deepki: Termini e condizioni generali, servizi forniti.\" \/>\n<meta name=\"twitter:image\" content=\"https:\/\/www.deepki.com\/web\/wp-content\/uploads\/2021\/08\/Home_FI.jpg\" \/>\n<meta name=\"twitter:site\" content=\"@DeepkiSAS\" \/>\n<meta name=\"twitter:label1\" content=\"Tempo di lettura stimato\" \/>\n\t<meta name=\"twitter:data1\" content=\"3 minuti\" \/>\n<script type=\"application\/ld+json\" class=\"yoast-schema-graph\">{\"@context\":\"https:\\\/\\\/schema.org\",\"@graph\":[{\"@type\":\"WebPage\",\"@id\":\"https:\\\/\\\/www.deepki.com\\\/it\\\/nota-legale\\\/\",\"url\":\"https:\\\/\\\/www.deepki.com\\\/it\\\/nota-legale\\\/\",\"name\":\"Nota legale - Deepki\",\"isPartOf\":{\"@id\":\"https:\\\/\\\/www.deepki.com\\\/it\\\/#website\"},\"primaryImageOfPage\":{\"@id\":\"https:\\\/\\\/www.deepki.com\\\/it\\\/nota-legale\\\/#primaryimage\"},\"image\":{\"@id\":\"https:\\\/\\\/www.deepki.com\\\/it\\\/nota-legale\\\/#primaryimage\"},\"thumbnailUrl\":\"https:\\\/\\\/www.deepki.com\\\/web\\\/wp-content\\\/uploads\\\/2021\\\/08\\\/Home_FI.jpg\",\"datePublished\":\"2021-11-16T14:33:10+00:00\",\"dateModified\":\"2022-06-07T07:31:43+00:00\",\"description\":\"Note legali di Deepki: Termini e condizioni generali, servizi forniti.\",\"breadcrumb\":{\"@id\":\"https:\\\/\\\/www.deepki.com\\\/it\\\/nota-legale\\\/#breadcrumb\"},\"inLanguage\":\"it-IT\",\"potentialAction\":[{\"@type\":\"ReadAction\",\"target\":[\"https:\\\/\\\/www.deepki.com\\\/it\\\/nota-legale\\\/\"]}]},{\"@type\":\"ImageObject\",\"inLanguage\":\"it-IT\",\"@id\":\"https:\\\/\\\/www.deepki.com\\\/it\\\/nota-legale\\\/#primaryimage\",\"url\":\"https:\\\/\\\/www.deepki.com\\\/web\\\/wp-content\\\/uploads\\\/2021\\\/08\\\/Home_FI.jpg\",\"contentUrl\":\"https:\\\/\\\/www.deepki.com\\\/web\\\/wp-content\\\/uploads\\\/2021\\\/08\\\/Home_FI.jpg\",\"width\":1200,\"height\":628},{\"@type\":\"BreadcrumbList\",\"@id\":\"https:\\\/\\\/www.deepki.com\\\/it\\\/nota-legale\\\/#breadcrumb\",\"itemListElement\":[{\"@type\":\"ListItem\",\"position\":1,\"name\":\"Home\",\"item\":\"https:\\\/\\\/www.deepki.com\\\/it\\\/\"},{\"@type\":\"ListItem\",\"position\":2,\"name\":\"Nota legale\"}]},{\"@type\":\"WebSite\",\"@id\":\"https:\\\/\\\/www.deepki.com\\\/it\\\/#website\",\"url\":\"https:\\\/\\\/www.deepki.com\\\/it\\\/\",\"name\":\"Deepki\",\"description\":\"Together, let&#039;s make your real estate more sustainable thanks to data!\",\"publisher\":{\"@id\":\"https:\\\/\\\/www.deepki.com\\\/it\\\/#organization\"},\"potentialAction\":[{\"@type\":\"SearchAction\",\"target\":{\"@type\":\"EntryPoint\",\"urlTemplate\":\"https:\\\/\\\/www.deepki.com\\\/it\\\/?s={search_term_string}\"},\"query-input\":{\"@type\":\"PropertyValueSpecification\",\"valueRequired\":true,\"valueName\":\"search_term_string\"}}],\"inLanguage\":\"it-IT\"},{\"@type\":\"Organization\",\"@id\":\"https:\\\/\\\/www.deepki.com\\\/it\\\/#organization\",\"name\":\"Deepki\",\"url\":\"https:\\\/\\\/www.deepki.com\\\/it\\\/\",\"logo\":{\"@type\":\"ImageObject\",\"inLanguage\":\"it-IT\",\"@id\":\"https:\\\/\\\/www.deepki.com\\\/it\\\/#\\\/schema\\\/logo\\\/image\\\/\",\"url\":\"https:\\\/\\\/www.deepki.com\\\/web\\\/wp-content\\\/uploads\\\/2021\\\/08\\\/deepki-logo.jpg\",\"contentUrl\":\"https:\\\/\\\/www.deepki.com\\\/web\\\/wp-content\\\/uploads\\\/2021\\\/08\\\/deepki-logo.jpg\",\"width\":880,\"height\":360,\"caption\":\"Deepki\"},\"image\":{\"@id\":\"https:\\\/\\\/www.deepki.com\\\/it\\\/#\\\/schema\\\/logo\\\/image\\\/\"},\"sameAs\":[\"https:\\\/\\\/www.facebook.com\\\/DeepkiSAS\\\/\",\"https:\\\/\\\/x.com\\\/DeepkiSAS\",\"https:\\\/\\\/www.linkedin.com\\\/company\\\/deepki\"]}]}<\/script>\n<!-- \/ Yoast SEO plugin. -->","yoast_head_json":{"title":"Nota legale - Deepki","description":"Note legali di Deepki: Termini e condizioni generali, servizi forniti.","robots":{"index":"index","follow":"follow","max-snippet":"max-snippet:-1","max-image-preview":"max-image-preview:large","max-video-preview":"max-video-preview:-1"},"canonical":"https:\/\/www.deepki.com\/it\/nota-legale\/","og_locale":"it_IT","og_type":"article","og_title":"Nota legale - Deepki","og_description":"Note legali di Deepki: Termini e condizioni generali, servizi forniti.","og_url":"https:\/\/www.deepki.com\/it\/nota-legale\/","og_site_name":"Deepki","article_publisher":"https:\/\/www.facebook.com\/DeepkiSAS\/","article_modified_time":"2022-06-07T07:31:43+00:00","og_image":[{"width":1200,"height":628,"url":"https:\/\/www.deepki.com\/web\/wp-content\/uploads\/2021\/08\/Home_FI.jpg","type":"image\/jpeg"}],"twitter_card":"summary_large_image","twitter_description":"Note legali di Deepki: Termini e condizioni generali, servizi forniti.","twitter_image":"https:\/\/www.deepki.com\/web\/wp-content\/uploads\/2021\/08\/Home_FI.jpg","twitter_site":"@DeepkiSAS","twitter_misc":{"Tempo di lettura stimato":"3 minuti"},"schema":{"@context":"https:\/\/schema.org","@graph":[{"@type":"WebPage","@id":"https:\/\/www.deepki.com\/it\/nota-legale\/","url":"https:\/\/www.deepki.com\/it\/nota-legale\/","name":"Nota legale - Deepki","isPartOf":{"@id":"https:\/\/www.deepki.com\/it\/#website"},"primaryImageOfPage":{"@id":"https:\/\/www.deepki.com\/it\/nota-legale\/#primaryimage"},"image":{"@id":"https:\/\/www.deepki.com\/it\/nota-legale\/#primaryimage"},"thumbnailUrl":"https:\/\/www.deepki.com\/web\/wp-content\/uploads\/2021\/08\/Home_FI.jpg","datePublished":"2021-11-16T14:33:10+00:00","dateModified":"2022-06-07T07:31:43+00:00","description":"Note legali di Deepki: Termini e condizioni generali, servizi forniti.","breadcrumb":{"@id":"https:\/\/www.deepki.com\/it\/nota-legale\/#breadcrumb"},"inLanguage":"it-IT","potentialAction":[{"@type":"ReadAction","target":["https:\/\/www.deepki.com\/it\/nota-legale\/"]}]},{"@type":"ImageObject","inLanguage":"it-IT","@id":"https:\/\/www.deepki.com\/it\/nota-legale\/#primaryimage","url":"https:\/\/www.deepki.com\/web\/wp-content\/uploads\/2021\/08\/Home_FI.jpg","contentUrl":"https:\/\/www.deepki.com\/web\/wp-content\/uploads\/2021\/08\/Home_FI.jpg","width":1200,"height":628},{"@type":"BreadcrumbList","@id":"https:\/\/www.deepki.com\/it\/nota-legale\/#breadcrumb","itemListElement":[{"@type":"ListItem","position":1,"name":"Home","item":"https:\/\/www.deepki.com\/it\/"},{"@type":"ListItem","position":2,"name":"Nota legale"}]},{"@type":"WebSite","@id":"https:\/\/www.deepki.com\/it\/#website","url":"https:\/\/www.deepki.com\/it\/","name":"Deepki","description":"Together, let&#039;s make your real estate more sustainable thanks to data!","publisher":{"@id":"https:\/\/www.deepki.com\/it\/#organization"},"potentialAction":[{"@type":"SearchAction","target":{"@type":"EntryPoint","urlTemplate":"https:\/\/www.deepki.com\/it\/?s={search_term_string}"},"query-input":{"@type":"PropertyValueSpecification","valueRequired":true,"valueName":"search_term_string"}}],"inLanguage":"it-IT"},{"@type":"Organization","@id":"https:\/\/www.deepki.com\/it\/#organization","name":"Deepki","url":"https:\/\/www.deepki.com\/it\/","logo":{"@type":"ImageObject","inLanguage":"it-IT","@id":"https:\/\/www.deepki.com\/it\/#\/schema\/logo\/image\/","url":"https:\/\/www.deepki.com\/web\/wp-content\/uploads\/2021\/08\/deepki-logo.jpg","contentUrl":"https:\/\/www.deepki.com\/web\/wp-content\/uploads\/2021\/08\/deepki-logo.jpg","width":880,"height":360,"caption":"Deepki"},"image":{"@id":"https:\/\/www.deepki.com\/it\/#\/schema\/logo\/image\/"},"sameAs":["https:\/\/www.facebook.com\/DeepkiSAS\/","https:\/\/x.com\/DeepkiSAS","https:\/\/www.linkedin.com\/company\/deepki"]}]}},"_links":{"self":[{"href":"https:\/\/www.deepki.com\/it\/wp-json\/wp\/v2\/pages\/61490","targetHints":{"allow":["GET"]}}],"collection":[{"href":"https:\/\/www.deepki.com\/it\/wp-json\/wp\/v2\/pages"}],"about":[{"href":"https:\/\/www.deepki.com\/it\/wp-json\/wp\/v2\/types\/page"}],"author":[{"embeddable":true,"href":"https:\/\/www.deepki.com\/it\/wp-json\/wp\/v2\/users\/77"}],"replies":[{"embeddable":true,"href":"https:\/\/www.deepki.com\/it\/wp-json\/wp\/v2\/comments?post=61490"}],"version-history":[{"count":3,"href":"https:\/\/www.deepki.com\/it\/wp-json\/wp\/v2\/pages\/61490\/revisions"}],"predecessor-version":[{"id":67648,"href":"https:\/\/www.deepki.com\/it\/wp-json\/wp\/v2\/pages\/61490\/revisions\/67648"}],"wp:featuredmedia":[{"embeddable":true,"href":"https:\/\/www.deepki.com\/it\/wp-json\/wp\/v2\/media\/56621"}],"wp:attachment":[{"href":"https:\/\/www.deepki.com\/it\/wp-json\/wp\/v2\/media?parent=61490"}],"curies":[{"name":"wp","href":"https:\/\/api.w.org\/{rel}","templated":true}]}}