{"id":63784,"date":"2022-02-18T17:29:41","date_gmt":"2022-02-18T17:29:41","guid":{"rendered":"https:\/\/www.deepki.com\/?page_id=63784"},"modified":"2025-09-23T12:17:31","modified_gmt":"2025-09-23T10:17:31","slug":"iso-27001","status":"publish","type":"page","link":"https:\/\/www.deepki.com\/it\/chi-siamo\/iso-27001\/","title":{"rendered":"ISO 27001"},"content":{"rendered":"<div class=\"center page-header-small white charcoal-grey-bg relative \">\t\r\n\t<div class=\"homepage-header-row\" style=\"background-image:url('https:\/\/www.deepki.com\/web\/wp-content\/uploads\/2021\/12\/laptop-g2e17c1247_1920-1-1440x550.jpg')\">\r\n\t\t<div class=\"homepage-header-cell page-header contact-page-header page-header\">\r\n\t\t\t<div class=\"center\"> \r\n\t\t\t\t\t\t\t\t\t<h1 class=\"homepage-h1\">La piattaforma Deepki \u00e8 certificata<span>NF EN ISO\/IEC 27001:2022<\/span><\/h1>\r\n\t\t\t\t\t\t\t\t\t\r\n\t\t\t\r\n\t\t\t<\/div>\t\r\n\t\t<\/div>\t\r\n\t<\/div>\t\r\n<\/div>\t\t\t\t\r\n\n\n\n<div class=\"wp-block-group padding6-5-7 padding-on-mobile has-t-white-background-color has-background\"><div class=\"wp-block-group__inner-container is-layout-flow wp-block-group-is-layout-flow\">\n<h1 class=\"wp-block-heading has-impact-green-color has-text-color\" id=\"per-deepki-la-protezione-dei-vostri-dati-e-fondamentale\">Per Deepki, la protezione dei tuoi dati \u00e8 fondamentale.<\/h1>\n\n\n\n<div class=\"wp-block-columns is-layout-flex wp-container-core-columns-is-layout-9d6595d7 wp-block-columns-is-layout-flex\">\n<div class=\"wp-block-column is-layout-flow wp-block-column-is-layout-flow\">\n<p><\/p>\n\n\n\n<p>Questa <strong>certificazione<\/strong> garantisce il massimo livello di <strong>sicurezza<\/strong> a clienti e partner.<\/p>\n\n\n\n<p>Fin dalla sua creazione nel 2014, la missione di Deepki \u00e8 stata <strong>quella di sostenere gli attori immobiliari nella loro transizione verso la decarbonizzazione<\/strong>. Deepki \u00e8 l&#8217;unica azienda che offre soluzioni complete per la sostenibilit\u00e0 basate su due elementi chiave: una <strong>piattaforma SaaS collaborativa<\/strong> di data intelligence e <strong>servizi di consulenza forniti da esperti<\/strong>. Le soluzioni end-to-end dell&#8217;azienda sfruttano i dati per migliorare le <strong>prestazioni ambientali <\/strong>e aumentare il <strong>valore degli asset immobiliari<\/strong>.&nbsp;&nbsp;<\/p>\n\n\n\n<p>Deepki si impegna a garantire la sicurezza delle sue informazioni e di quelle dei suoi clienti. Per questo motivo, Deepki ha deciso di <strong>certificare la sua piattaforma secondo lo standard ISO 27001<\/strong>. Questa certificazione \u00e8 essenziale e rappresenta una <strong>garanzia di fiducia, responsabilit\u00e0 e sicurezza per tutti gli stakeholder<\/strong>.<\/p>\n<\/div>\n\n\n\n<div class=\"wp-block-column is-layout-flow wp-block-column-is-layout-flow\">\n<figure class=\"wp-block-image size-full\"><img decoding=\"async\" width=\"630\" height=\"630\" src=\"https:\/\/www.deepki.com\/web\/wp-content\/uploads\/2022\/01\/Deepki_Logo_Connector_Blue.png\" alt=\"\" class=\"wp-image-63406\" srcset=\"https:\/\/www.deepki.com\/web\/wp-content\/uploads\/2022\/01\/Deepki_Logo_Connector_Blue.png 630w, https:\/\/www.deepki.com\/web\/wp-content\/uploads\/2022\/01\/Deepki_Logo_Connector_Blue-300x300.png 300w, https:\/\/www.deepki.com\/web\/wp-content\/uploads\/2022\/01\/Deepki_Logo_Connector_Blue-150x150.png 150w, https:\/\/www.deepki.com\/web\/wp-content\/uploads\/2022\/01\/Deepki_Logo_Connector_Blue-80x80.png 80w, https:\/\/www.deepki.com\/web\/wp-content\/uploads\/2022\/01\/Deepki_Logo_Connector_Blue-160x160.png 160w, https:\/\/www.deepki.com\/web\/wp-content\/uploads\/2022\/01\/Deepki_Logo_Connector_Blue-310x310.png 310w, https:\/\/www.deepki.com\/web\/wp-content\/uploads\/2022\/01\/Deepki_Logo_Connector_Blue-420x420.png 420w\" sizes=\"(max-width: 630px) 100vw, 630px\" \/><\/figure>\n<\/div>\n<\/div>\n\n\n<div class=\"custom-2x-img-btns\"><\/div><\/div><\/div>\n\n\n\n<div class=\"wp-block-group\"><div class=\"wp-block-group__inner-container is-layout-flow wp-block-group-is-layout-flow\">\n<div class=\"wp-block-columns has-t-black-color has-gauze-grey-background-color has-text-color has-background is-layout-flex wp-container-core-columns-is-layout-9d6595d7 wp-block-columns-is-layout-flex\">\n<div class=\"wp-block-column is-layout-flow wp-block-column-is-layout-flow\"><div class=\"wp-block-image\">\n<figure class=\"aligncenter size-full is-resized\"><img decoding=\"async\" src=\"https:\/\/www.deepki.com\/web\/wp-content\/uploads\/2022\/01\/Handshake.svg\" alt=\"\" class=\"wp-image-63055\" style=\"width:120px;height:120px\"\/><\/figure>\n<\/div>\n\n\n<h2 class=\"wp-block-heading has-text-align-center\" id=\"integrita\">Integrit\u00e0<\/h2>\n<\/div>\n\n\n\n<div class=\"wp-block-column is-layout-flow wp-block-column-is-layout-flow\"><div class=\"wp-block-image\">\n<figure class=\"aligncenter size-medium is-resized\"><img decoding=\"async\" src=\"https:\/\/www.deepki.com\/web\/wp-content\/uploads\/2022\/01\/Fingerprint_Icon.svg\" alt=\"\" class=\"wp-image-63062\" style=\"width:120px;height:120px\"\/><\/figure>\n<\/div>\n\n\n<h2 class=\"wp-block-heading has-text-align-center\" id=\"privacy\">Privacy<\/h2>\n<\/div>\n\n\n\n<div class=\"wp-block-column is-layout-flow wp-block-column-is-layout-flow\"><div class=\"wp-block-image\">\n<figure class=\"aligncenter size-medium is-resized\"><img decoding=\"async\" src=\"https:\/\/www.deepki.com\/web\/wp-content\/uploads\/2022\/01\/Cadenas.svg\" alt=\"\" class=\"wp-image-63067\" style=\"width:120px;height:120px\"\/><\/figure>\n<\/div>\n\n\n<h2 class=\"wp-block-heading has-text-align-center\" id=\"sicurezza\">Sicurezza<\/h2>\n<\/div>\n<\/div>\n<\/div><\/div>\n\n\n\n<div class=\"wp-block-group alignfull has-t-white-background-color has-background\"><div class=\"wp-block-group__inner-container is-layout-flow wp-block-group-is-layout-flow\">\n<div style=\"height:100px\" aria-hidden=\"true\" class=\"wp-block-spacer\"><\/div>\n\n\n\n<div class=\"wp-block-columns is-layout-flex wp-container-core-columns-is-layout-9d6595d7 wp-block-columns-is-layout-flex\">\n<div class=\"wp-block-column is-layout-flow wp-block-column-is-layout-flow\">\n<figure class=\"wp-block-image size-large\"><img decoding=\"async\" width=\"1024\" height=\"663\" src=\"https:\/\/www.deepki.com\/web\/wp-content\/uploads\/2021\/12\/job-image-1024x663.jpg\" alt=\"\" class=\"wp-image-62936\" srcset=\"https:\/\/www.deepki.com\/web\/wp-content\/uploads\/2021\/12\/job-image-1024x663.jpg 1024w, https:\/\/www.deepki.com\/web\/wp-content\/uploads\/2021\/12\/job-image-300x194.jpg 300w, https:\/\/www.deepki.com\/web\/wp-content\/uploads\/2021\/12\/job-image-768x497.jpg 768w, https:\/\/www.deepki.com\/web\/wp-content\/uploads\/2021\/12\/job-image-1536x995.jpg 1536w, https:\/\/www.deepki.com\/web\/wp-content\/uploads\/2021\/12\/job-image-80x52.jpg 80w, https:\/\/www.deepki.com\/web\/wp-content\/uploads\/2021\/12\/job-image-247x160.jpg 247w, https:\/\/www.deepki.com\/web\/wp-content\/uploads\/2021\/12\/job-image.jpg 1728w\" sizes=\"(max-width: 1024px) 100vw, 1024px\" \/><\/figure>\n\n\n\n<h2 class=\"wp-block-heading\" id=\"perche-deepki-ha-scelto-lo-standard-iso-27001\"><strong>Perch\u00e9 Deepki ha scelto lo standard ISO 27001?&nbsp;<\/strong><\/h2>\n\n\n\n<p>Riferimento internazionale nel campo della <strong>sicurezza informatica<\/strong>, la certificazione ISO 27001 \u00e8 stata creata dall&#8217; organizzazione internazionale per la standardizzazione, conosciuta con l&#8217;acronimo &#8220;ISO&#8221;. Lo standard richiede alle aziende certificate di mettere in atto le migliori pratiche, al fine di raggiungere una <strong>sicurezza a 360 gradi<\/strong>. Nel caso di Deepki, ha richiesto l&#8217;implementazione di un meccanismo di difesa per la sua piattaforma Deepki.<\/p>\n<\/div>\n\n\n\n<div class=\"wp-block-column is-layout-flow wp-block-column-is-layout-flow\">\n<figure class=\"wp-block-image size-large\"><img decoding=\"async\" width=\"1024\" height=\"663\" src=\"https:\/\/www.deepki.com\/web\/wp-content\/uploads\/2021\/12\/danial-igdery-image-1024x663.jpg\" alt=\"\" class=\"wp-image-62941\" srcset=\"https:\/\/www.deepki.com\/web\/wp-content\/uploads\/2021\/12\/danial-igdery-image-1024x663.jpg 1024w, https:\/\/www.deepki.com\/web\/wp-content\/uploads\/2021\/12\/danial-igdery-image-300x194.jpg 300w, https:\/\/www.deepki.com\/web\/wp-content\/uploads\/2021\/12\/danial-igdery-image-768x497.jpg 768w, https:\/\/www.deepki.com\/web\/wp-content\/uploads\/2021\/12\/danial-igdery-image-1536x995.jpg 1536w, https:\/\/www.deepki.com\/web\/wp-content\/uploads\/2021\/12\/danial-igdery-image-80x52.jpg 80w, https:\/\/www.deepki.com\/web\/wp-content\/uploads\/2021\/12\/danial-igdery-image-247x160.jpg 247w, https:\/\/www.deepki.com\/web\/wp-content\/uploads\/2021\/12\/danial-igdery-image.jpg 1728w\" sizes=\"(max-width: 1024px) 100vw, 1024px\" \/><\/figure>\n\n\n\n<h2 class=\"wp-block-heading\" id=\"quali-sono-i-benefici-di-un-isms\">Quali sono i benefici di un ISMS?<\/h2>\n\n\n\n<p>Conforme alla norma ISO 27001, il sistema di gestione della sicurezza delle informazioni (ISMS) di Deepki <strong>garantisce la privacy, l&#8217;integrit\u00e0 e la disponibilit\u00e0 delle informazioni e dei dati dei suoi clienti<\/strong>. In particolare, l&#8217;ISMS di Deepki definisce le misure tecniche e organizzative da adottare, permettendo al contempo l&#8217;attuazione di una politica di sicurezza delle informazioni adeguata alle esigenze di Deepki e dei suoi clienti. Il sistema \u00e8 in continua evoluzione per garantire un funzionamento ottimale e aggiornato.<\/p>\n<\/div>\n<\/div>\n\n\n\n<div style=\"height:100px\" aria-hidden=\"true\" class=\"wp-block-spacer\"><\/div>\n\n\n<div class=\"gauze-grey-bg custom-text-left-img-right\"><div class=\"width-wrapper\">\r\n\t<div class=\"wp-block-columns\">\r\n\t\t<div class=\"wp-block-column\">\r\n\t\t\t<h2>Essere certificati significa dimostrare ai nostri clienti e agli stakeholder che siamo consapevoli delle questioni relative alla sicurezza delle informazioni. Ottenere questa certificazione \u00e8 il risultato del lavoro quotidiano di ogni membro del nostro team.<\/h2><p><b>Jean-Philippe Caruana<\/b><\/p><p>CTO di Deepki<\/p>\t\t<\/div>\r\n\t\t<div class=\"wp-block-column align-right\">\r\n\t\t\t<img decoding=\"async\" width=\"420\" height=\"400\" src=\"https:\/\/www.deepki.com\/web\/wp-content\/uploads\/2021\/12\/Jean-Philippe_CARUANA-1-5-420x400.jpg\" class=\"attachment-custom-block-right-img size-custom-block-right-img\" alt=\"\" \/>\t\t<\/div>\r\n\t<\/div>\r\n<\/div>\r\n<\/div>\r\n\t\n\n\n<p><\/p>\n<\/div><\/div>\n\n\n\n<div class=\"wp-block-group alignfull has-heritage-green-background-color has-background\"><div class=\"wp-block-group__inner-container is-layout-flow wp-block-group-is-layout-flow\"><\/div><\/div>\n\n\n\n<div class=\"wp-block-group alignfull has-heritage-green-background-color has-background\"><div class=\"wp-block-group__inner-container is-layout-flow wp-block-group-is-layout-flow\">\n<h2 class=\"wp-block-heading has-text-align-center has-t-white-color has-text-color\" id=\"nostri-impegni\">Nostri impegni<\/h2>\n\n\n\n<div class=\"wp-block-columns is-layout-flex wp-container-core-columns-is-layout-9d6595d7 wp-block-columns-is-layout-flex\">\n<div class=\"wp-block-column has-t-white-color has-text-color is-layout-flow wp-block-column-is-layout-flow\">\n<div class=\"wp-block-columns is-layout-flex wp-container-core-columns-is-layout-9d6595d7 wp-block-columns-is-layout-flex\">\n<div class=\"wp-block-column is-layout-flow wp-block-column-is-layout-flow\">\n<p class=\"has-t-white-color has-text-color\"><strong>Proteggere la piattaforma Deepki dalle minacce esterne<\/strong><\/p>\n<\/div>\n\n\n\n<div class=\"wp-block-column is-layout-flow wp-block-column-is-layout-flow\">\n<p><strong>Supervisionare l&#8217;uso interno dei dati dei clienti<\/strong><\/p>\n<\/div>\n<\/div>\n<\/div>\n\n\n\n<div class=\"wp-block-column has-t-white-color has-text-color is-layout-flow wp-block-column-is-layout-flow\">\n<div class=\"wp-block-columns is-layout-flex wp-container-core-columns-is-layout-9d6595d7 wp-block-columns-is-layout-flex\">\n<div class=\"wp-block-column is-layout-flow wp-block-column-is-layout-flow\">\n<p><strong>Garantire la sicurezza dei dati ospitati<\/strong><\/p>\n<\/div>\n\n\n\n<div class=\"wp-block-column is-layout-flow wp-block-column-is-layout-flow\">\n<p><strong>Adattare continuamente l&#8217;ISMS alla norma ISO 27001<\/strong><\/p>\n<\/div>\n<\/div>\n<\/div>\n<\/div>\n<\/div><\/div>\n\n\n\n<div class=\"wp-block-group alignfull has-heritage-green-background-color has-background\"><div class=\"wp-block-group__inner-container is-layout-flow wp-block-group-is-layout-flow\"><\/div><\/div>\n\n\n\n<div class=\"wp-block-group alignfull padding6-5-7 padding-on-mobile has-t-white-background-color has-background\"><div class=\"wp-block-group__inner-container is-layout-flow wp-block-group-is-layout-flow\">\n<h2 class=\"wp-block-heading\"><\/h2>\n\n\n\n<div class=\"wp-block-columns is-layout-flex wp-container-core-columns-is-layout-9d6595d7 wp-block-columns-is-layout-flex\">\n<div class=\"wp-block-column is-layout-flow wp-block-column-is-layout-flow\" style=\"flex-basis:33.33%\">\n<figure class=\"wp-block-image size-large\"><img decoding=\"async\" width=\"1024\" height=\"683\" src=\"https:\/\/www.deepki.com\/web\/wp-content\/uploads\/2022\/01\/computer_john-schnobrich-1024x683.jpg\" alt=\"\" class=\"wp-image-63419\" srcset=\"https:\/\/www.deepki.com\/web\/wp-content\/uploads\/2022\/01\/computer_john-schnobrich-1024x683.jpg 1024w, https:\/\/www.deepki.com\/web\/wp-content\/uploads\/2022\/01\/computer_john-schnobrich-300x200.jpg 300w, https:\/\/www.deepki.com\/web\/wp-content\/uploads\/2022\/01\/computer_john-schnobrich-768x512.jpg 768w, https:\/\/www.deepki.com\/web\/wp-content\/uploads\/2022\/01\/computer_john-schnobrich-1536x1024.jpg 1536w, https:\/\/www.deepki.com\/web\/wp-content\/uploads\/2022\/01\/computer_john-schnobrich-2048x1365.jpg 2048w, https:\/\/www.deepki.com\/web\/wp-content\/uploads\/2022\/01\/computer_john-schnobrich-80x53.jpg 80w, https:\/\/www.deepki.com\/web\/wp-content\/uploads\/2022\/01\/computer_john-schnobrich-240x160.jpg 240w\" sizes=\"(max-width: 1024px) 100vw, 1024px\" \/><\/figure>\n<\/div>\n\n\n\n<div class=\"wp-block-column is-layout-flow wp-block-column-is-layout-flow\" style=\"flex-basis:66.66%\">\n<p>Man a mano che i prodotti e i servizi di Deepki si evolvono, anche il suo sistema di gestione della sicurezza delle informazioni si evolve. Pertanto, Deepki si assicura di monitorare regolarmente le prestazioni del suo sistema di sicurezza, aggiornandolo ogni volta che \u00e8 necessario, in base ai requisiti della norma ISO 27001 e agli impegni dell&#8217;azienda.<\/p>\n\n\n\n<p><strong>Per saperne di pi\u00f9 sui criteri di certificazione, visitate il <a href=\"https:\/\/www.iso.org\/fr\/home.html\">sito ufficiale<\/a>.<\/strong><\/p>\n<\/div>\n<\/div>\n<\/div><\/div>\n","protected":false},"excerpt":{"rendered":"<p>Per Deepki, la protezione dei tuoi dati \u00e8 fondamentale. Questa certificazione garantisce il massimo livello di sicurezza a clienti e partner. Fin dalla sua creazione nel 2014, la missione di Deepki \u00e8 stata quella di sostenere gli attori immobiliari nella loro transizione verso la decarbonizzazione. Deepki \u00e8 l&#8217;unica azienda che offre soluzioni complete per la [&hellip;]<\/p>\n","protected":false},"author":75,"featured_media":0,"parent":60566,"menu_order":0,"comment_status":"closed","ping_status":"closed","template":"","meta":{"inline_featured_image":false,"footnotes":""},"class_list":["post-63784","page","type-page","status-publish","hentry"],"yoast_head":"<!-- This site is optimized with the Yoast SEO plugin v27.3 - https:\/\/yoast.com\/product\/yoast-seo-wordpress\/ -->\n<title>ISO 27001 - Deepki<\/title>\n<meta name=\"description\" content=\"Per noi, la protezione dei vostri dati \u00e8 fondamentale. Ecco perch\u00e9 Deepki Ready, da luglio 2021, \u00e8 ufficialmente certificata NF EN ISO\/IEC 27001: 2017.\" \/>\n<meta name=\"robots\" content=\"index, follow, max-snippet:-1, max-image-preview:large, max-video-preview:-1\" \/>\n<link rel=\"canonical\" href=\"https:\/\/www.deepki.com\/it\/chi-siamo\/iso-27001\/\" \/>\n<meta property=\"og:locale\" content=\"it_IT\" \/>\n<meta property=\"og:type\" content=\"article\" \/>\n<meta property=\"og:title\" content=\"Deepki Ready \u00e8 certificata NF EN ISO\/IEC 27001:2017\" \/>\n<meta property=\"og:description\" content=\"Per noi, la protezione dei vostri dati \u00e8 fondamentale. Ecco perch\u00e9 Deepki Ready, da luglio 2021, \u00e8 ufficialmente certificata NF EN ISO\/IEC 27001: 2017.\" \/>\n<meta property=\"og:url\" content=\"https:\/\/www.deepki.com\/it\/chi-siamo\/iso-27001\/\" \/>\n<meta property=\"og:site_name\" content=\"Deepki\" \/>\n<meta property=\"article:publisher\" content=\"https:\/\/www.facebook.com\/DeepkiSAS\/\" \/>\n<meta property=\"article:modified_time\" content=\"2025-09-23T10:17:31+00:00\" \/>\n<meta property=\"og:image\" content=\"https:\/\/www.deepki.com\/web\/wp-content\/uploads\/2022\/01\/Deepki_Logo_Connector_Blue.png\" \/>\n\t<meta property=\"og:image:width\" content=\"630\" \/>\n\t<meta property=\"og:image:height\" content=\"630\" \/>\n\t<meta property=\"og:image:type\" content=\"image\/png\" \/>\n<meta name=\"twitter:card\" content=\"summary_large_image\" \/>\n<meta name=\"twitter:title\" content=\"Deepki Ready \u00e8 certificata NF EN ISO\/IEC 27001:2017\" \/>\n<meta name=\"twitter:description\" content=\"Per noi, la protezione dei vostri dati \u00e8 fondamentale. Ecco perch\u00e9 Deepki Ready, da luglio 2021, \u00e8 ufficialmente certificata NF EN ISO\/IEC 27001: 2017.\" \/>\n<meta name=\"twitter:site\" content=\"@DeepkiSAS\" \/>\n<script type=\"application\/ld+json\" class=\"yoast-schema-graph\">{\"@context\":\"https:\\\/\\\/schema.org\",\"@graph\":[{\"@type\":\"WebPage\",\"@id\":\"https:\\\/\\\/www.deepki.com\\\/it\\\/chi-siamo\\\/iso-27001\\\/\",\"url\":\"https:\\\/\\\/www.deepki.com\\\/it\\\/chi-siamo\\\/iso-27001\\\/\",\"name\":\"ISO 27001 - Deepki\",\"isPartOf\":{\"@id\":\"https:\\\/\\\/www.deepki.com\\\/it\\\/#website\"},\"primaryImageOfPage\":{\"@id\":\"https:\\\/\\\/www.deepki.com\\\/it\\\/chi-siamo\\\/iso-27001\\\/#primaryimage\"},\"image\":{\"@id\":\"https:\\\/\\\/www.deepki.com\\\/it\\\/chi-siamo\\\/iso-27001\\\/#primaryimage\"},\"thumbnailUrl\":\"https:\\\/\\\/www.deepki.com\\\/web\\\/wp-content\\\/uploads\\\/2022\\\/01\\\/Deepki_Logo_Connector_Blue.png\",\"datePublished\":\"2022-02-18T17:29:41+00:00\",\"dateModified\":\"2025-09-23T10:17:31+00:00\",\"description\":\"Per noi, la protezione dei vostri dati \u00e8 fondamentale. Ecco perch\u00e9 Deepki Ready, da luglio 2021, \u00e8 ufficialmente certificata NF EN ISO\\\/IEC 27001: 2017.\",\"breadcrumb\":{\"@id\":\"https:\\\/\\\/www.deepki.com\\\/it\\\/chi-siamo\\\/iso-27001\\\/#breadcrumb\"},\"inLanguage\":\"it-IT\",\"potentialAction\":[{\"@type\":\"ReadAction\",\"target\":[\"https:\\\/\\\/www.deepki.com\\\/it\\\/chi-siamo\\\/iso-27001\\\/\"]}]},{\"@type\":\"ImageObject\",\"inLanguage\":\"it-IT\",\"@id\":\"https:\\\/\\\/www.deepki.com\\\/it\\\/chi-siamo\\\/iso-27001\\\/#primaryimage\",\"url\":\"https:\\\/\\\/www.deepki.com\\\/web\\\/wp-content\\\/uploads\\\/2022\\\/01\\\/Deepki_Logo_Connector_Blue.png\",\"contentUrl\":\"https:\\\/\\\/www.deepki.com\\\/web\\\/wp-content\\\/uploads\\\/2022\\\/01\\\/Deepki_Logo_Connector_Blue.png\"},{\"@type\":\"BreadcrumbList\",\"@id\":\"https:\\\/\\\/www.deepki.com\\\/it\\\/chi-siamo\\\/iso-27001\\\/#breadcrumb\",\"itemListElement\":[{\"@type\":\"ListItem\",\"position\":1,\"name\":\"Home\",\"item\":\"https:\\\/\\\/www.deepki.com\\\/it\\\/\"},{\"@type\":\"ListItem\",\"position\":2,\"name\":\"Chi siamo\",\"item\":\"https:\\\/\\\/www.deepki.com\\\/it\\\/chi-siamo\\\/\"},{\"@type\":\"ListItem\",\"position\":3,\"name\":\"ISO 27001\"}]},{\"@type\":\"WebSite\",\"@id\":\"https:\\\/\\\/www.deepki.com\\\/it\\\/#website\",\"url\":\"https:\\\/\\\/www.deepki.com\\\/it\\\/\",\"name\":\"Deepki\",\"description\":\"Together, let&#039;s make your real estate more sustainable thanks to data!\",\"publisher\":{\"@id\":\"https:\\\/\\\/www.deepki.com\\\/it\\\/#organization\"},\"potentialAction\":[{\"@type\":\"SearchAction\",\"target\":{\"@type\":\"EntryPoint\",\"urlTemplate\":\"https:\\\/\\\/www.deepki.com\\\/it\\\/?s={search_term_string}\"},\"query-input\":{\"@type\":\"PropertyValueSpecification\",\"valueRequired\":true,\"valueName\":\"search_term_string\"}}],\"inLanguage\":\"it-IT\"},{\"@type\":\"Organization\",\"@id\":\"https:\\\/\\\/www.deepki.com\\\/it\\\/#organization\",\"name\":\"Deepki\",\"url\":\"https:\\\/\\\/www.deepki.com\\\/it\\\/\",\"logo\":{\"@type\":\"ImageObject\",\"inLanguage\":\"it-IT\",\"@id\":\"https:\\\/\\\/www.deepki.com\\\/it\\\/#\\\/schema\\\/logo\\\/image\\\/\",\"url\":\"https:\\\/\\\/www.deepki.com\\\/web\\\/wp-content\\\/uploads\\\/2021\\\/08\\\/deepki-logo.jpg\",\"contentUrl\":\"https:\\\/\\\/www.deepki.com\\\/web\\\/wp-content\\\/uploads\\\/2021\\\/08\\\/deepki-logo.jpg\",\"width\":880,\"height\":360,\"caption\":\"Deepki\"},\"image\":{\"@id\":\"https:\\\/\\\/www.deepki.com\\\/it\\\/#\\\/schema\\\/logo\\\/image\\\/\"},\"sameAs\":[\"https:\\\/\\\/www.facebook.com\\\/DeepkiSAS\\\/\",\"https:\\\/\\\/x.com\\\/DeepkiSAS\",\"https:\\\/\\\/www.linkedin.com\\\/company\\\/deepki\"]}]}<\/script>\n<!-- \/ Yoast SEO plugin. -->","yoast_head_json":{"title":"ISO 27001 - Deepki","description":"Per noi, la protezione dei vostri dati \u00e8 fondamentale. Ecco perch\u00e9 Deepki Ready, da luglio 2021, \u00e8 ufficialmente certificata NF EN ISO\/IEC 27001: 2017.","robots":{"index":"index","follow":"follow","max-snippet":"max-snippet:-1","max-image-preview":"max-image-preview:large","max-video-preview":"max-video-preview:-1"},"canonical":"https:\/\/www.deepki.com\/it\/chi-siamo\/iso-27001\/","og_locale":"it_IT","og_type":"article","og_title":"Deepki Ready \u00e8 certificata NF EN ISO\/IEC 27001:2017","og_description":"Per noi, la protezione dei vostri dati \u00e8 fondamentale. Ecco perch\u00e9 Deepki Ready, da luglio 2021, \u00e8 ufficialmente certificata NF EN ISO\/IEC 27001: 2017.","og_url":"https:\/\/www.deepki.com\/it\/chi-siamo\/iso-27001\/","og_site_name":"Deepki","article_publisher":"https:\/\/www.facebook.com\/DeepkiSAS\/","article_modified_time":"2025-09-23T10:17:31+00:00","og_image":[{"width":630,"height":630,"url":"https:\/\/www.deepki.com\/web\/wp-content\/uploads\/2022\/01\/Deepki_Logo_Connector_Blue.png","type":"image\/png"}],"twitter_card":"summary_large_image","twitter_title":"Deepki Ready \u00e8 certificata NF EN ISO\/IEC 27001:2017","twitter_description":"Per noi, la protezione dei vostri dati \u00e8 fondamentale. Ecco perch\u00e9 Deepki Ready, da luglio 2021, \u00e8 ufficialmente certificata NF EN ISO\/IEC 27001: 2017.","twitter_site":"@DeepkiSAS","schema":{"@context":"https:\/\/schema.org","@graph":[{"@type":"WebPage","@id":"https:\/\/www.deepki.com\/it\/chi-siamo\/iso-27001\/","url":"https:\/\/www.deepki.com\/it\/chi-siamo\/iso-27001\/","name":"ISO 27001 - Deepki","isPartOf":{"@id":"https:\/\/www.deepki.com\/it\/#website"},"primaryImageOfPage":{"@id":"https:\/\/www.deepki.com\/it\/chi-siamo\/iso-27001\/#primaryimage"},"image":{"@id":"https:\/\/www.deepki.com\/it\/chi-siamo\/iso-27001\/#primaryimage"},"thumbnailUrl":"https:\/\/www.deepki.com\/web\/wp-content\/uploads\/2022\/01\/Deepki_Logo_Connector_Blue.png","datePublished":"2022-02-18T17:29:41+00:00","dateModified":"2025-09-23T10:17:31+00:00","description":"Per noi, la protezione dei vostri dati \u00e8 fondamentale. Ecco perch\u00e9 Deepki Ready, da luglio 2021, \u00e8 ufficialmente certificata NF EN ISO\/IEC 27001: 2017.","breadcrumb":{"@id":"https:\/\/www.deepki.com\/it\/chi-siamo\/iso-27001\/#breadcrumb"},"inLanguage":"it-IT","potentialAction":[{"@type":"ReadAction","target":["https:\/\/www.deepki.com\/it\/chi-siamo\/iso-27001\/"]}]},{"@type":"ImageObject","inLanguage":"it-IT","@id":"https:\/\/www.deepki.com\/it\/chi-siamo\/iso-27001\/#primaryimage","url":"https:\/\/www.deepki.com\/web\/wp-content\/uploads\/2022\/01\/Deepki_Logo_Connector_Blue.png","contentUrl":"https:\/\/www.deepki.com\/web\/wp-content\/uploads\/2022\/01\/Deepki_Logo_Connector_Blue.png"},{"@type":"BreadcrumbList","@id":"https:\/\/www.deepki.com\/it\/chi-siamo\/iso-27001\/#breadcrumb","itemListElement":[{"@type":"ListItem","position":1,"name":"Home","item":"https:\/\/www.deepki.com\/it\/"},{"@type":"ListItem","position":2,"name":"Chi siamo","item":"https:\/\/www.deepki.com\/it\/chi-siamo\/"},{"@type":"ListItem","position":3,"name":"ISO 27001"}]},{"@type":"WebSite","@id":"https:\/\/www.deepki.com\/it\/#website","url":"https:\/\/www.deepki.com\/it\/","name":"Deepki","description":"Together, let&#039;s make your real estate more sustainable thanks to data!","publisher":{"@id":"https:\/\/www.deepki.com\/it\/#organization"},"potentialAction":[{"@type":"SearchAction","target":{"@type":"EntryPoint","urlTemplate":"https:\/\/www.deepki.com\/it\/?s={search_term_string}"},"query-input":{"@type":"PropertyValueSpecification","valueRequired":true,"valueName":"search_term_string"}}],"inLanguage":"it-IT"},{"@type":"Organization","@id":"https:\/\/www.deepki.com\/it\/#organization","name":"Deepki","url":"https:\/\/www.deepki.com\/it\/","logo":{"@type":"ImageObject","inLanguage":"it-IT","@id":"https:\/\/www.deepki.com\/it\/#\/schema\/logo\/image\/","url":"https:\/\/www.deepki.com\/web\/wp-content\/uploads\/2021\/08\/deepki-logo.jpg","contentUrl":"https:\/\/www.deepki.com\/web\/wp-content\/uploads\/2021\/08\/deepki-logo.jpg","width":880,"height":360,"caption":"Deepki"},"image":{"@id":"https:\/\/www.deepki.com\/it\/#\/schema\/logo\/image\/"},"sameAs":["https:\/\/www.facebook.com\/DeepkiSAS\/","https:\/\/x.com\/DeepkiSAS","https:\/\/www.linkedin.com\/company\/deepki"]}]}},"_links":{"self":[{"href":"https:\/\/www.deepki.com\/it\/wp-json\/wp\/v2\/pages\/63784","targetHints":{"allow":["GET"]}}],"collection":[{"href":"https:\/\/www.deepki.com\/it\/wp-json\/wp\/v2\/pages"}],"about":[{"href":"https:\/\/www.deepki.com\/it\/wp-json\/wp\/v2\/types\/page"}],"author":[{"embeddable":true,"href":"https:\/\/www.deepki.com\/it\/wp-json\/wp\/v2\/users\/75"}],"replies":[{"embeddable":true,"href":"https:\/\/www.deepki.com\/it\/wp-json\/wp\/v2\/comments?post=63784"}],"version-history":[{"count":14,"href":"https:\/\/www.deepki.com\/it\/wp-json\/wp\/v2\/pages\/63784\/revisions"}],"predecessor-version":[{"id":98978,"href":"https:\/\/www.deepki.com\/it\/wp-json\/wp\/v2\/pages\/63784\/revisions\/98978"}],"up":[{"embeddable":true,"href":"https:\/\/www.deepki.com\/it\/wp-json\/wp\/v2\/pages\/60566"}],"wp:attachment":[{"href":"https:\/\/www.deepki.com\/it\/wp-json\/wp\/v2\/media?parent=63784"}],"curies":[{"name":"wp","href":"https:\/\/api.w.org\/{rel}","templated":true}]}}