{"id":74137,"date":"2023-05-29T16:24:26","date_gmt":"2023-05-29T14:24:26","guid":{"rendered":"https:\/\/www.deepki.com\/?page_id=74137"},"modified":"2026-01-05T14:15:08","modified_gmt":"2026-01-05T13:15:08","slug":"partner","status":"publish","type":"page","link":"https:\/\/www.deepki.com\/it\/partner\/","title":{"rendered":"Partner"},"content":{"rendered":"<div class=\"custom-block-top-header homepage-header relative black-bg white vertical-middle\">\t\r\n\t<div class=\"homepage-header-row\">\r\n\t\t<div class=\"homepage-header-cell page-header\">\r\n\t\t\t<div class=\"homepage-title-wrapper center\"> \r\n\t\t\t\t\t\t\t\t\t\t\t\t\t\t\t\t\t\t\t<h1 class=\"homepage-h1\">\r\n\t\t\t\t\t\t\t\t\t\tUna partnership che <span><br> porta al successo<\/span><\/h1>\r\n\t\t\t\t\t\t\t\t\t\t\t\t\r\n\t\t\t\t<div class=\"homepage-intro-p\">\r\n\t\t\t\t\tEntra a far parte del nostro ecosistema di partner per stabilire uno standard globale per la sostenibilit\u00e0 del settore immobiliare.\t\t\t\t<\/div>\r\n\t\t\t\t\t\r\n\t\t\t\t\t\t\t\t\r\n\t\t\t\t<div class=\"homepage-intro-cta\">\r\n\t\t\t\t\t<a href=\"https:\/\/content.deepki.com\/it\/diventa-partner\" target=\"_blank\" class=\"btn\">Candidati ora<\/a>\r\n\t\t\t\t<\/div>\r\n\t\t\t\t\t\t\t\t\r\n\t\t\t<\/div>\t\r\n\t\t\t<div class=\"homepage-header-svg-wrapper\" style=\"background-image:url('https:\/\/www.deepki.com\/web\/wp-content\/uploads\/2024\/01\/GettyImages-587704375_1600x900px-1440x900.png')\"><\/div>\t\r\n\t\t\t<div class=\"homepage-botarrow-wrapper\"><div class=\"homepage-botarrow\"><div class=\"homepage-botarrow-ico\"><\/div><\/div><\/div>\r\n\t\t<\/div>\t\r\n\t<\/div>\t\r\n<\/div>\t\t\t\r\n<div id=\"homepage-content\"><\/div>\t\r\n\n\n\n<div class=\"wp-block-group has-heritage-green-background-color has-background\"><div class=\"wp-block-group__inner-container is-layout-constrained wp-block-group-is-layout-constrained\">\n<div style=\"height:100px\" aria-hidden=\"true\" class=\"wp-block-spacer\"><\/div>\n\n\n\n<h1 class=\"wp-block-heading has-text-align-center has-t-white-color has-text-color has-link-color wp-elements-9269d0f6268ab4e2463b9ddd1e4ec0ac\" style=\"font-size:50px\">Perch\u00e9 diventare partner di Deepki?<\/h1>\n\n\n\n<div style=\"height:25px\" aria-hidden=\"true\" class=\"wp-block-spacer\"><\/div>\n\n\n\n<div class=\"wp-block-columns is-layout-flex wp-container-core-columns-is-layout-9d6595d7 wp-block-columns-is-layout-flex\">\n<div class=\"wp-block-column is-layout-flow wp-block-column-is-layout-flow\" style=\"flex-basis:28%\"><\/div>\n\n\n\n<div class=\"wp-block-column is-layout-flow wp-block-column-is-layout-flow\" style=\"flex-basis:44%\">\n<p class=\"has-text-align-center has-t-white-color has-text-color has-link-color wp-elements-3361c39f4add957bdac39931f668cccf\">La nostra missione \u00e8 aiutare i clienti nella transizione verso la sostenibilit\u00e0 e cerchiamo partner per realizzarla.<\/p>\n\n\n\n<p class=\"has-text-align-center has-t-white-color has-text-color has-link-color wp-elements-cb9cc9f517a744c54ed2c3d3d746d476\">Diventa partner di Deepki per portare la tua esperienza ai portafogli leader mondiali e accelerare la crescita del tuo business.<\/p>\n<\/div>\n\n\n\n<div class=\"wp-block-column is-layout-flow wp-block-column-is-layout-flow\" style=\"flex-basis:28%\"><\/div>\n<\/div>\n\n\n\n<div style=\"height:100px\" aria-hidden=\"true\" class=\"wp-block-spacer\"><\/div>\n<\/div><\/div>\n\n\n\n<div class=\"wp-block-cover is-light\"><span aria-hidden=\"true\" class=\"wp-block-cover__background has-background-dim-100 has-background-dim\" style=\"background-color:#dbf5f1\"><\/span><div class=\"wp-block-cover__inner-container is-layout-constrained wp-block-cover-is-layout-constrained\">\n<div style=\"height:50px\" aria-hidden=\"true\" class=\"wp-block-spacer\"><\/div>\n\n\n\n<h2 class=\"wp-block-heading alignwide has-text-align-center width-wrapper no-padding-text img-not-upscaled-on-mobile has-t-black-color has-text-color has-background\" style=\"background-color:#dbf5f1\">Modalit\u00e0 di partnership<\/h2>\n\n\n\n<div style=\"height:50px\" aria-hidden=\"true\" class=\"wp-block-spacer\"><\/div>\n\n\n\n<div class=\"wp-block-columns has-background is-layout-flex wp-container-core-columns-is-layout-9d6595d7 wp-block-columns-is-layout-flex\" style=\"background-color:#dbf5f1\">\n<div class=\"wp-block-column width-wrapper no-padding-text img-not-upscaled-on-mobile is-layout-flow wp-block-column-is-layout-flow\" style=\"flex-basis:1100px\">\n<h4 class=\"wp-block-heading has-text-align-left has-text-color\" style=\"color:#00a19a\">Partner di piattaforma<\/h4>\n\n\n\n<p class=\"has-text-align-left\">Espandi la tua portata attraverso il nostro network. In qualit\u00e0 di partner di piattaforma, integriamo la tua tecnologia o servizio nel nostro catalogo e rivendiamo la tua soluzione direttamente alla nostra base clienti globale, aiutandoti a sbloccare nuovi mercati.<\/p>\n<\/div>\n\n\n\n<div class=\"wp-block-column width-wrapper no-padding-text img-not-upscaled-on-mobile is-layout-flow wp-block-column-is-layout-flow\" style=\"flex-basis:1100px\">\n<h4 class=\"wp-block-heading has-text-align-left has-text-color\" style=\"color:#00a19a\">Rivenditore a valore aggiunto<\/h4>\n\n\n\n<p class=\"has-text-align-left\">Incrementa i ricavi rivendendo la piattaforma di sostenibilit\u00e0 pi\u00f9 affidabile per il settore immobiliare. Lavoriamo con te per pacchettizzare e personalizzare la nostra tecnologia enterprise, potenziando i tuoi servizi a valore aggiunto.<\/p>\n<\/div>\n\n\n\n<div class=\"wp-block-column width-wrapper no-padding-text img-not-upscaled-on-mobile is-layout-flow wp-block-column-is-layout-flow\" style=\"flex-basis:1100px\">\n<h4 class=\"wp-block-heading has-text-align-left has-text-color\" style=\"color:#00a19a\">Partner di servizi<\/h4>\n\n\n\n<p class=\"has-text-align-left\">Differenzia i tuoi servizi di consulenza e gestione con Deepki. Ti formiamo per sfruttare la nostra piattaforma, consentendoti di fornire strategie di sostenibilit\u00e0 basate sui dati e massimizzare il valore per i tuoi clienti.<\/p>\n<\/div>\n\n\n\n<div class=\"wp-block-column width-wrapper no-padding-text img-not-upscaled-on-mobile is-layout-flow wp-block-column-is-layout-flow\" style=\"flex-basis:1100px\">\n<h4 class=\"wp-block-heading has-text-align-left has-text-color\" style=\"color:#00a19a\">Partner tecnologico<\/h4>\n\n\n\n<p class=\"has-text-align-left\">Connetti la tua soluzione all&#8217;ecosistema Deepki. Forniamo le risorse e le integrazioni API necessarie per incorporare la tua tecnologia nella nostra, facilitando uno scambio dati fluido e un&#8217;esperienza unificata per i clienti comuni.<\/p>\n<\/div>\n\n\n\n<div class=\"wp-block-column width-wrapper no-padding-text img-not-upscaled-on-mobile is-layout-flow wp-block-column-is-layout-flow\" style=\"flex-basis:1100px\">\n<h4 class=\"wp-block-heading has-text-align-left has-text-color\" style=\"color:#00a19a\"><strong>Partner istituzionale<\/strong><\/h4>\n\n\n\n<p class=\"has-text-align-left\">Collaboriamo con diverse organizzazioni e associazioni per creare lo standard globale per l&#8217;immobiliare sostenibile.<\/p>\n<\/div>\n<\/div>\n\n\n\n<div style=\"height:50px\" aria-hidden=\"true\" class=\"wp-block-spacer\"><\/div>\n<\/div><\/div>\n\n\n<div class=\"leadership-custom-block white\" style=\"background:#FFFFFF;\">\r\n\t<div class=\"width-wrapper\">\r\n\t\t<div class=\"inline50-leadership building-bg1\" style=\"background-image:url('https:\/\/www.deepki.com\/web\/wp-content\/uploads\/2025\/10\/partner_page_product_visual_V.1.svg');\">\r\n\t\t<\/div><div class=\"inline50-leadership\">\r\n\t\t\t<div class=\"inline50-leadership-txt\"  style=\"color:#000000;\">\r\n\t\t\t\t<h2>Un&#8217;unica piattaforma, connessa al nostro ecosistema di partner<\/h2>\t\t\t\r\n\t\t\t\t<p>Unisci la tua esperienza alla nostra infrastruttura comprovata. Forniamo la piattaforma, le persone e i processi per offrire un valore differenziato ed espandere la tua presenza nell&#8217;immobiliare sostenibile.<\/p>\t\t\t<\/div>\r\n\t\t<\/div><div class=\"inline50-leadership building-bg2\" style=\"background-image:url('https:\/\/www.deepki.com\/web\/wp-content\/uploads\/2025\/10\/partner_page_product_visual_V.1.svg');\">\r\n\t\t<\/div><\/div>\r\n<\/div>\r\n\t\r\n\t\n\n<div class=\"has-no-img custom-citation white custom-text-left-img-right\"><div class=\"width-wrapper\">\r\n\t<div class=\"wp-block-columns\">\r\n\t\t<div class=\"wp-block-column\">\r\n\t\t\t<h2>&#8220;Deepki fornisce insight dettagliati che  consentono ai nostri team di effettuare azioni  informate a livello di edificio. Questo ci aiuter\u00e0  a integrare le migliori pratiche di  sostenibilit\u00e0 &#8211; e ad offrire un valore aggiunto &#8211;  negli asset che gestiamo in tutto il mondo&#8221;.<\/h2><p><b>Emma Buckland &#8211; 2023<\/b><\/p><p>Executive Group President, Enterprise and Chief Operating Officer, Building Operations &#038; Experience di CBRE<\/p>\t\t<\/div>\r\n\t\t<div class=\"wp-block-column align-right\">\r\n\t\t\t\t\t<\/div>\r\n\t<\/div>\r\n<\/div>\r\n<\/div>\r\n\t\n\n<div class=\"white-bg custom-block-title-cta\"><div class=\"width-wrapper center\"><div class=\"home-section3cta2-title\">Ridurre i rischi e valorizzare gli investimenti immobiliari <span class=\"impact-green\">insieme<\/span><\/div><a href=\"https:\/\/content.deepki.com\/it\/diventa-partner\" target=\"_blank\" class=\"btn\">Diventa partner<\/a><\/div><\/div>","protected":false},"excerpt":{"rendered":"<p>Perch\u00e9 diventare partner di Deepki? La nostra missione \u00e8 aiutare i clienti nella transizione verso la sostenibilit\u00e0 e cerchiamo partner per realizzarla. Diventa partner di Deepki per portare la tua esperienza ai portafogli leader mondiali e accelerare la crescita del tuo business.<\/p>\n","protected":false},"author":71,"featured_media":85063,"parent":0,"menu_order":0,"comment_status":"closed","ping_status":"closed","template":"","meta":{"inline_featured_image":false,"footnotes":""},"class_list":["post-74137","page","type-page","status-publish","has-post-thumbnail","hentry"],"yoast_head":"<!-- This site is optimized with the Yoast SEO plugin v27.3 - https:\/\/yoast.com\/product\/yoast-seo-wordpress\/ -->\n<title>Partner - Deepki<\/title>\n<meta name=\"description\" content=\"In Deepki offriamo ai nostri partner strumenti, risorse e agevolazioni per crescere e avere successo. Il nostro Partner Program mette al centro l&#039;esperienza dei partner.\" \/>\n<meta name=\"robots\" content=\"index, follow, max-snippet:-1, max-image-preview:large, max-video-preview:-1\" \/>\n<link rel=\"canonical\" href=\"https:\/\/www.deepki.com\/it\/partner\/\" \/>\n<meta property=\"og:locale\" content=\"it_IT\" \/>\n<meta property=\"og:type\" content=\"article\" \/>\n<meta property=\"og:title\" content=\"Deepki partner\" \/>\n<meta property=\"og:description\" content=\"In Deepki offriamo ai nostri partner strumenti, risorse e agevolazioni per crescere e avere successo. Il nostro Partner Program mette al centro l&#039;esperienza dei partner.\" \/>\n<meta property=\"og:url\" content=\"https:\/\/www.deepki.com\/it\/partner\/\" \/>\n<meta property=\"og:site_name\" content=\"Deepki\" \/>\n<meta property=\"article:publisher\" content=\"https:\/\/www.facebook.com\/DeepkiSAS\/\" \/>\n<meta property=\"article:modified_time\" content=\"2026-01-05T13:15:08+00:00\" \/>\n<meta property=\"og:image\" content=\"https:\/\/www.deepki.com\/web\/wp-content\/uploads\/2023\/03\/GettyImages-451822279_72ppi-7.jpg\" \/>\n\t<meta property=\"og:image:width\" content=\"1248\" \/>\n\t<meta property=\"og:image:height\" content=\"832\" \/>\n\t<meta property=\"og:image:type\" content=\"image\/jpeg\" \/>\n<meta name=\"twitter:card\" content=\"summary_large_image\" \/>\n<meta name=\"twitter:title\" content=\"Deepki partner\" \/>\n<meta name=\"twitter:description\" content=\"In Deepki offriamo ai nostri partner strumenti, risorse e agevolazioni per crescere e avere successo. Il nostro Partner Program mette al centro l&#039;esperienza dei partner.\" \/>\n<meta name=\"twitter:image\" content=\"https:\/\/www.deepki.com\/web\/wp-content\/uploads\/2023\/03\/GettyImages-451822279_72ppi-7.jpg\" \/>\n<meta name=\"twitter:site\" content=\"@DeepkiSAS\" \/>\n<meta name=\"twitter:label1\" content=\"Tempo di lettura stimato\" \/>\n\t<meta name=\"twitter:data1\" content=\"2 minuti\" \/>\n<script type=\"application\/ld+json\" class=\"yoast-schema-graph\">{\"@context\":\"https:\\\/\\\/schema.org\",\"@graph\":[{\"@type\":\"WebPage\",\"@id\":\"https:\\\/\\\/www.deepki.com\\\/it\\\/partner\\\/\",\"url\":\"https:\\\/\\\/www.deepki.com\\\/it\\\/partner\\\/\",\"name\":\"Partner - Deepki\",\"isPartOf\":{\"@id\":\"https:\\\/\\\/www.deepki.com\\\/it\\\/#website\"},\"primaryImageOfPage\":{\"@id\":\"https:\\\/\\\/www.deepki.com\\\/it\\\/partner\\\/#primaryimage\"},\"image\":{\"@id\":\"https:\\\/\\\/www.deepki.com\\\/it\\\/partner\\\/#primaryimage\"},\"thumbnailUrl\":\"https:\\\/\\\/www.deepki.com\\\/web\\\/wp-content\\\/uploads\\\/2024\\\/01\\\/GettyImages-587704375_1600x900px.png\",\"datePublished\":\"2023-05-29T14:24:26+00:00\",\"dateModified\":\"2026-01-05T13:15:08+00:00\",\"description\":\"In Deepki offriamo ai nostri partner strumenti, risorse e agevolazioni per crescere e avere successo. Il nostro Partner Program mette al centro l'esperienza dei partner.\",\"breadcrumb\":{\"@id\":\"https:\\\/\\\/www.deepki.com\\\/it\\\/partner\\\/#breadcrumb\"},\"inLanguage\":\"it-IT\",\"potentialAction\":[{\"@type\":\"ReadAction\",\"target\":[\"https:\\\/\\\/www.deepki.com\\\/it\\\/partner\\\/\"]}]},{\"@type\":\"ImageObject\",\"inLanguage\":\"it-IT\",\"@id\":\"https:\\\/\\\/www.deepki.com\\\/it\\\/partner\\\/#primaryimage\",\"url\":\"https:\\\/\\\/www.deepki.com\\\/web\\\/wp-content\\\/uploads\\\/2024\\\/01\\\/GettyImages-587704375_1600x900px.png\",\"contentUrl\":\"https:\\\/\\\/www.deepki.com\\\/web\\\/wp-content\\\/uploads\\\/2024\\\/01\\\/GettyImages-587704375_1600x900px.png\",\"width\":1600,\"height\":900},{\"@type\":\"BreadcrumbList\",\"@id\":\"https:\\\/\\\/www.deepki.com\\\/it\\\/partner\\\/#breadcrumb\",\"itemListElement\":[{\"@type\":\"ListItem\",\"position\":1,\"name\":\"Home\",\"item\":\"https:\\\/\\\/www.deepki.com\\\/it\\\/\"},{\"@type\":\"ListItem\",\"position\":2,\"name\":\"Partner\"}]},{\"@type\":\"WebSite\",\"@id\":\"https:\\\/\\\/www.deepki.com\\\/it\\\/#website\",\"url\":\"https:\\\/\\\/www.deepki.com\\\/it\\\/\",\"name\":\"Deepki\",\"description\":\"Together, let&#039;s make your real estate more sustainable thanks to data!\",\"publisher\":{\"@id\":\"https:\\\/\\\/www.deepki.com\\\/it\\\/#organization\"},\"potentialAction\":[{\"@type\":\"SearchAction\",\"target\":{\"@type\":\"EntryPoint\",\"urlTemplate\":\"https:\\\/\\\/www.deepki.com\\\/it\\\/?s={search_term_string}\"},\"query-input\":{\"@type\":\"PropertyValueSpecification\",\"valueRequired\":true,\"valueName\":\"search_term_string\"}}],\"inLanguage\":\"it-IT\"},{\"@type\":\"Organization\",\"@id\":\"https:\\\/\\\/www.deepki.com\\\/it\\\/#organization\",\"name\":\"Deepki\",\"url\":\"https:\\\/\\\/www.deepki.com\\\/it\\\/\",\"logo\":{\"@type\":\"ImageObject\",\"inLanguage\":\"it-IT\",\"@id\":\"https:\\\/\\\/www.deepki.com\\\/it\\\/#\\\/schema\\\/logo\\\/image\\\/\",\"url\":\"https:\\\/\\\/www.deepki.com\\\/web\\\/wp-content\\\/uploads\\\/2021\\\/08\\\/deepki-logo.jpg\",\"contentUrl\":\"https:\\\/\\\/www.deepki.com\\\/web\\\/wp-content\\\/uploads\\\/2021\\\/08\\\/deepki-logo.jpg\",\"width\":880,\"height\":360,\"caption\":\"Deepki\"},\"image\":{\"@id\":\"https:\\\/\\\/www.deepki.com\\\/it\\\/#\\\/schema\\\/logo\\\/image\\\/\"},\"sameAs\":[\"https:\\\/\\\/www.facebook.com\\\/DeepkiSAS\\\/\",\"https:\\\/\\\/x.com\\\/DeepkiSAS\",\"https:\\\/\\\/www.linkedin.com\\\/company\\\/deepki\"]}]}<\/script>\n<!-- \/ Yoast SEO plugin. -->","yoast_head_json":{"title":"Partner - Deepki","description":"In Deepki offriamo ai nostri partner strumenti, risorse e agevolazioni per crescere e avere successo. Il nostro Partner Program mette al centro l'esperienza dei partner.","robots":{"index":"index","follow":"follow","max-snippet":"max-snippet:-1","max-image-preview":"max-image-preview:large","max-video-preview":"max-video-preview:-1"},"canonical":"https:\/\/www.deepki.com\/it\/partner\/","og_locale":"it_IT","og_type":"article","og_title":"Deepki partner","og_description":"In Deepki offriamo ai nostri partner strumenti, risorse e agevolazioni per crescere e avere successo. Il nostro Partner Program mette al centro l'esperienza dei partner.","og_url":"https:\/\/www.deepki.com\/it\/partner\/","og_site_name":"Deepki","article_publisher":"https:\/\/www.facebook.com\/DeepkiSAS\/","article_modified_time":"2026-01-05T13:15:08+00:00","og_image":[{"width":1248,"height":832,"url":"https:\/\/www.deepki.com\/web\/wp-content\/uploads\/2023\/03\/GettyImages-451822279_72ppi-7.jpg","type":"image\/jpeg"}],"twitter_card":"summary_large_image","twitter_title":"Deepki partner","twitter_description":"In Deepki offriamo ai nostri partner strumenti, risorse e agevolazioni per crescere e avere successo. Il nostro Partner Program mette al centro l'esperienza dei partner.","twitter_image":"https:\/\/www.deepki.com\/web\/wp-content\/uploads\/2023\/03\/GettyImages-451822279_72ppi-7.jpg","twitter_site":"@DeepkiSAS","twitter_misc":{"Tempo di lettura stimato":"2 minuti"},"schema":{"@context":"https:\/\/schema.org","@graph":[{"@type":"WebPage","@id":"https:\/\/www.deepki.com\/it\/partner\/","url":"https:\/\/www.deepki.com\/it\/partner\/","name":"Partner - Deepki","isPartOf":{"@id":"https:\/\/www.deepki.com\/it\/#website"},"primaryImageOfPage":{"@id":"https:\/\/www.deepki.com\/it\/partner\/#primaryimage"},"image":{"@id":"https:\/\/www.deepki.com\/it\/partner\/#primaryimage"},"thumbnailUrl":"https:\/\/www.deepki.com\/web\/wp-content\/uploads\/2024\/01\/GettyImages-587704375_1600x900px.png","datePublished":"2023-05-29T14:24:26+00:00","dateModified":"2026-01-05T13:15:08+00:00","description":"In Deepki offriamo ai nostri partner strumenti, risorse e agevolazioni per crescere e avere successo. Il nostro Partner Program mette al centro l'esperienza dei partner.","breadcrumb":{"@id":"https:\/\/www.deepki.com\/it\/partner\/#breadcrumb"},"inLanguage":"it-IT","potentialAction":[{"@type":"ReadAction","target":["https:\/\/www.deepki.com\/it\/partner\/"]}]},{"@type":"ImageObject","inLanguage":"it-IT","@id":"https:\/\/www.deepki.com\/it\/partner\/#primaryimage","url":"https:\/\/www.deepki.com\/web\/wp-content\/uploads\/2024\/01\/GettyImages-587704375_1600x900px.png","contentUrl":"https:\/\/www.deepki.com\/web\/wp-content\/uploads\/2024\/01\/GettyImages-587704375_1600x900px.png","width":1600,"height":900},{"@type":"BreadcrumbList","@id":"https:\/\/www.deepki.com\/it\/partner\/#breadcrumb","itemListElement":[{"@type":"ListItem","position":1,"name":"Home","item":"https:\/\/www.deepki.com\/it\/"},{"@type":"ListItem","position":2,"name":"Partner"}]},{"@type":"WebSite","@id":"https:\/\/www.deepki.com\/it\/#website","url":"https:\/\/www.deepki.com\/it\/","name":"Deepki","description":"Together, let&#039;s make your real estate more sustainable thanks to data!","publisher":{"@id":"https:\/\/www.deepki.com\/it\/#organization"},"potentialAction":[{"@type":"SearchAction","target":{"@type":"EntryPoint","urlTemplate":"https:\/\/www.deepki.com\/it\/?s={search_term_string}"},"query-input":{"@type":"PropertyValueSpecification","valueRequired":true,"valueName":"search_term_string"}}],"inLanguage":"it-IT"},{"@type":"Organization","@id":"https:\/\/www.deepki.com\/it\/#organization","name":"Deepki","url":"https:\/\/www.deepki.com\/it\/","logo":{"@type":"ImageObject","inLanguage":"it-IT","@id":"https:\/\/www.deepki.com\/it\/#\/schema\/logo\/image\/","url":"https:\/\/www.deepki.com\/web\/wp-content\/uploads\/2021\/08\/deepki-logo.jpg","contentUrl":"https:\/\/www.deepki.com\/web\/wp-content\/uploads\/2021\/08\/deepki-logo.jpg","width":880,"height":360,"caption":"Deepki"},"image":{"@id":"https:\/\/www.deepki.com\/it\/#\/schema\/logo\/image\/"},"sameAs":["https:\/\/www.facebook.com\/DeepkiSAS\/","https:\/\/x.com\/DeepkiSAS","https:\/\/www.linkedin.com\/company\/deepki"]}]}},"_links":{"self":[{"href":"https:\/\/www.deepki.com\/it\/wp-json\/wp\/v2\/pages\/74137","targetHints":{"allow":["GET"]}}],"collection":[{"href":"https:\/\/www.deepki.com\/it\/wp-json\/wp\/v2\/pages"}],"about":[{"href":"https:\/\/www.deepki.com\/it\/wp-json\/wp\/v2\/types\/page"}],"author":[{"embeddable":true,"href":"https:\/\/www.deepki.com\/it\/wp-json\/wp\/v2\/users\/71"}],"replies":[{"embeddable":true,"href":"https:\/\/www.deepki.com\/it\/wp-json\/wp\/v2\/comments?post=74137"}],"version-history":[{"count":45,"href":"https:\/\/www.deepki.com\/it\/wp-json\/wp\/v2\/pages\/74137\/revisions"}],"predecessor-version":[{"id":101025,"href":"https:\/\/www.deepki.com\/it\/wp-json\/wp\/v2\/pages\/74137\/revisions\/101025"}],"wp:featuredmedia":[{"embeddable":true,"href":"https:\/\/www.deepki.com\/it\/wp-json\/wp\/v2\/media\/85063"}],"wp:attachment":[{"href":"https:\/\/www.deepki.com\/it\/wp-json\/wp\/v2\/media?parent=74137"}],"curies":[{"name":"wp","href":"https:\/\/api.w.org\/{rel}","templated":true}]}}